{"id":1528,"date":"2025-07-01T23:32:29","date_gmt":"2025-07-02T02:32:29","guid":{"rendered":"https:\/\/pos.uel.br\/ppgel\/?page_id=1528"},"modified":"2025-07-01T23:32:30","modified_gmt":"2025-07-02T02:32:30","slug":"comision-de-autoevaluacion","status":"publish","type":"page","link":"https:\/\/pos.uel.br\/ppgel\/es\/comision-de-autoevaluacion\/","title":{"rendered":"Comisi\u00f3n de Autoevaluaci\u00f3n"},"content":{"rendered":"\n<div style=\"height:37px\" aria-hidden=\"true\" class=\"wp-block-spacer\"><\/div>\n\n\n\n<p class=\"has-medium-font-size\"><strong>2024 &#8211; 2025<\/strong><\/p>\n\n\n\n<div class=\"wp-block-group is-vertical is-layout-flex wp-container-core-group-is-layout-8cf370e7 wp-block-group-is-layout-flex\">\n<div class=\"wp-block-group is-vertical is-layout-flex wp-container-core-group-is-layout-8cf370e7 wp-block-group-is-layout-flex\">\n<div class=\"wp-block-group is-vertical is-layout-flex wp-container-core-group-is-layout-8cf370e7 wp-block-group-is-layout-flex\">\n<div class=\"wp-block-group is-vertical is-layout-flex wp-container-core-group-is-layout-8cf370e7 wp-block-group-is-layout-flex\">\n<p>Coordinaci\u00f3n: Telma Nunes Gimenez<\/p>\n\n\n\n<p>Cl\u00e1udia Cristina Ferreira<\/p>\n\n\n\n<p>Fabiane Cristina Altino<\/p>\n\n\n\n<p>Maria Isabel Borges<\/p>\n\n\n\n<p>Giovanna Lazaretti (estudiante de PPGEL)<\/p>\n\n\n\n<p>Juliano Neri (estudiante de PPGEL)<\/p>\n\n\n\n<p>Isadora Moraes (egresada de PPGEL, actualmente en la UFMG)<\/p>\n\n\n\n<p>Rosely Fernandes (administraci\u00f3n de PPGEL)<\/p>\n\n\n\n<p>Francisco Carlos Foga\u00e7a (UFPR)<\/p>\n<\/div>\n<\/div>\n<\/div>\n<\/div>\n\n\n\n<div style=\"height:38px\" aria-hidden=\"true\" class=\"wp-block-spacer\"><\/div>\n\n\n\n<p class=\"has-medium-font-size\"><strong>2023 &#8211; hasta septiembre de 2024<\/strong><\/p>\n\n\n\n<div class=\"wp-block-group is-vertical is-layout-flex wp-container-core-group-is-layout-8cf370e7 wp-block-group-is-layout-flex\">\n<p>Coordinaci\u00f3n: Cl\u00e1udia Cristina Ferreira<\/p>\n\n\n\n<p>Fabiane Cristina Altino<\/p>\n\n\n\n<p>Maria Isabel Borges<\/p>\n\n\n\n<p>Giovanna Lazaretti (estudiante de PPGEL)<\/p>\n\n\n\n<p>Vivian Saviolli (estudiante de PPGEL)<\/p>\n\n\n\n<p>Isadora Moraes (egresada de PPGEL, actualmente en la UFMG)<\/p>\n\n\n\n<p>Rosely Fernandes (administraci\u00f3n de PPGEL)<\/p>\n\n\n\n<p>Francisco Carlos Foga\u00e7a (UFPR)<\/p>\n<\/div>\n\n\n\n<div style=\"height:35px\" aria-hidden=\"true\" class=\"wp-block-spacer\"><\/div>\n\n\n\n<p class=\"has-medium-font-size\"><strong>2022- hasta agosto de<\/strong> <strong>2023<\/strong><\/p>\n\n\n\n<div class=\"wp-block-group is-vertical is-layout-flex wp-container-core-group-is-layout-8cf370e7 wp-block-group-is-layout-flex\">\n<p>Coordinaci\u00f3n: Andr\u00e9ia da Cunha Malheiros Santana<\/p>\n\n\n\n<p>Dircel Aparecida Kailer<\/p>\n\n\n\n<p>Fabiane Cristina Altino<\/p>\n\n\n\n<p>Isabel Cristina Cordeiro<\/p>\n\n\n\n<p>Juliana Reichert Assun\u00e7\u00e3o Tonelli<\/p>\n\n\n\n<p>Michele Salles El Kadri<\/p>\n\n\n\n<p>Rosemeri Passos Baltazar Machado<\/p>\n\n\n\n<p>Viviane Aparecida Bagio Furtoso<\/p>\n\n\n\n<p>Ana Paula Silva (estudiante de PPGEL)<\/p>\n\n\n\n<p>Isadora Moraes (estudiante de PPGEL)<\/p>\n\n\n\n<p>Givan Santos (UTFPR)<\/p>\n<\/div>\n\n\n\n<div style=\"height:35px\" aria-hidden=\"true\" class=\"wp-block-spacer\"><\/div>\n\n\n\n<p class=\"has-medium-font-size\"><strong>2021 &#8211; hasta febrero de 2022<\/strong><\/p>\n\n\n\n<div class=\"wp-block-group is-vertical is-layout-flex wp-container-core-group-is-layout-8cf370e7 wp-block-group-is-layout-flex\">\n<p>Coordinaci\u00f3n: Viviane Aparecida Bagio Furtoso<\/p>\n\n\n\n<p>Dircel Aparecida Kailer<\/p>\n\n\n\n<p>Fabiane Cristina Altino<\/p>\n\n\n\n<p>Isabel Cristina Cordeiro<\/p>\n\n\n\n<p>Juliana Reichert Assun\u00e7\u00e3o Tonelli<\/p>\n\n\n\n<p>Michele Salles El Kadri<\/p>\n\n\n\n<p>Rosemeri Passos Baltazar Machado<\/p>\n\n\n\n<p>Andr\u00e9ia da Cunha Malheiros Santana<\/p>\n\n\n\n<p>Ana Paula Silva (estudiante de PPGEL)<\/p>\n\n\n\n<p>Isadora Moraes (estudiante de PPGEL)<\/p>\n\n\n\n<p>Givan Santos (UTFPR)<\/p>\n<\/div>\n\n\n\n<p><\/p>\n","protected":false},"excerpt":{"rendered":"<p>2024 &#8211; 2025 Coordinaci\u00f3n: Telma Nunes Gimenez Cl\u00e1udia Cristina Ferreira Fabiane Cristina Altino Maria Isabel Borges Giovanna Lazaretti (estudiante de PPGEL) Juliano Neri (estudiante de PPGEL) Isadora Moraes (egresada de PPGEL, actualmente en la UFMG) Rosely Fernandes (administraci\u00f3n de PPGEL) Francisco Carlos Foga\u00e7a (UFPR) 2023 &#8211; hasta septiembre de 2024 Coordinaci\u00f3n: Cl\u00e1udia Cristina Ferreira Fabiane [&hellip;]<\/p>\n","protected":false},"author":10,"featured_media":0,"parent":0,"menu_order":0,"comment_status":"closed","ping_status":"closed","template":"","meta":{"footnotes":""},"class_list":["post-1528","page","type-page","status-publish","hentry"],"_links":{"self":[{"href":"https:\/\/pos.uel.br\/ppgel\/wp-json\/wp\/v2\/pages\/1528","targetHints":{"allow":["GET"]}}],"collection":[{"href":"https:\/\/pos.uel.br\/ppgel\/wp-json\/wp\/v2\/pages"}],"about":[{"href":"https:\/\/pos.uel.br\/ppgel\/wp-json\/wp\/v2\/types\/page"}],"author":[{"embeddable":true,"href":"https:\/\/pos.uel.br\/ppgel\/wp-json\/wp\/v2\/users\/10"}],"replies":[{"embeddable":true,"href":"https:\/\/pos.uel.br\/ppgel\/wp-json\/wp\/v2\/comments?post=1528"}],"version-history":[{"count":1,"href":"https:\/\/pos.uel.br\/ppgel\/wp-json\/wp\/v2\/pages\/1528\/revisions"}],"predecessor-version":[{"id":1529,"href":"https:\/\/pos.uel.br\/ppgel\/wp-json\/wp\/v2\/pages\/1528\/revisions\/1529"}],"wp:attachment":[{"href":"https:\/\/pos.uel.br\/ppgel\/wp-json\/wp\/v2\/media?parent=1528"}],"curies":[{"name":"wp","href":"https:\/\/api.w.org\/{rel}","templated":true}]}}