{"id":1522,"date":"2025-07-01T23:25:46","date_gmt":"2025-07-02T02:25:46","guid":{"rendered":"https:\/\/pos.uel.br\/ppgel\/?page_id=1522"},"modified":"2025-07-01T23:25:46","modified_gmt":"2025-07-02T02:25:46","slug":"autoevaluation","status":"publish","type":"page","link":"https:\/\/pos.uel.br\/ppgel\/fr\/autoevaluation\/","title":{"rendered":"Auto\u00e9valuation"},"content":{"rendered":"\n<div style=\"height:43px\" aria-hidden=\"true\" class=\"wp-block-spacer\"><\/div>\n\n\n\n<p>L\u2019auto\u00e9valuation est l\u2019un des indicateurs pris en compte dans l\u2019\u00c9valuation des Programmes de Postgraduate (<a href=\"https:\/\/pos.uel.br\/ppgel\/wp-content\/uploads\/2025\/01\/FICHA-AVALIACAO-20212024LL.pdf\">voir la Fiche d\u2019\u00c9valuation de notre domaine<\/a>) et elle est encourag\u00e9e comme un moyen d\u2019assurer l\u2019atteinte de leurs objectifs en mati\u00e8re de formation des ressources humaines, de d\u00e9veloppement de la recherche et d\u2019innovation. En compl\u00e9ment des instances d\u2019\u00e9valuation externes, l\u2019auto\u00e9valuation vise \u00e0 promouvoir des espaces de r\u00e9flexion critique sur les pratiques institutionnelles en vue de leur am\u00e9lioration.<\/p>\n\n\n\n<p>Le travail du Comit\u00e9 d\u2019Auto\u00e9valuation (CAA) s\u2019oriente selon les directives fournies par la CAPES, par le biais du Rapport du <a href=\"https:\/\/www.gov.br\/capes\/pt-br\/centrais-de-conteudo\/10062019-autoavaliacao-de-programas-de-pos-graduacao-pdf\">Groupe de Travail sur l\u2019Auto\u00e9valuation des Programmes de Postgraduat<\/a>e, ainsi que par la <a href=\"https:\/\/sites.uel.br\/ciapg\/\">Commission Institutionnelle d\u2019\u00c9valuation de la Postgraduate de l\u2019UEL<\/a>.<\/p>\n\n\n\n<p>Le CAA travaille en \u00e9troite collaboration avec le comit\u00e9 de coordination du PPGEL pour remplir les \u00e9tapes de pr\u00e9paration, de mise en \u0153uvre, de diffusion des r\u00e9sultats, d\u2019utilisation des r\u00e9sultats et de m\u00e9ta-\u00e9valuation, contribuant ainsi \u00e0 la planification strat\u00e9gique du Programme \u00e0 court, moyen et long terme, \u00e0 travers son Plan d\u2019Objectifs et d\u2019Actions.<\/p>\n\n\n\n<p><\/p>\n\n\n\n<p><\/p>\n","protected":false},"excerpt":{"rendered":"<p>L\u2019auto\u00e9valuation est l\u2019un des indicateurs pris en compte dans l\u2019\u00c9valuation des Programmes de Postgraduate (voir la Fiche d\u2019\u00c9valuation de notre domaine) et elle est encourag\u00e9e comme un moyen d\u2019assurer l\u2019atteinte de leurs objectifs en mati\u00e8re de formation des ressources humaines, de d\u00e9veloppement de la recherche et d\u2019innovation. En compl\u00e9ment des instances d\u2019\u00e9valuation externes, l\u2019auto\u00e9valuation vise [&hellip;]<\/p>\n","protected":false},"author":10,"featured_media":0,"parent":0,"menu_order":0,"comment_status":"closed","ping_status":"closed","template":"","meta":{"footnotes":""},"class_list":["post-1522","page","type-page","status-publish","hentry"],"_links":{"self":[{"href":"https:\/\/pos.uel.br\/ppgel\/wp-json\/wp\/v2\/pages\/1522","targetHints":{"allow":["GET"]}}],"collection":[{"href":"https:\/\/pos.uel.br\/ppgel\/wp-json\/wp\/v2\/pages"}],"about":[{"href":"https:\/\/pos.uel.br\/ppgel\/wp-json\/wp\/v2\/types\/page"}],"author":[{"embeddable":true,"href":"https:\/\/pos.uel.br\/ppgel\/wp-json\/wp\/v2\/users\/10"}],"replies":[{"embeddable":true,"href":"https:\/\/pos.uel.br\/ppgel\/wp-json\/wp\/v2\/comments?post=1522"}],"version-history":[{"count":1,"href":"https:\/\/pos.uel.br\/ppgel\/wp-json\/wp\/v2\/pages\/1522\/revisions"}],"predecessor-version":[{"id":1523,"href":"https:\/\/pos.uel.br\/ppgel\/wp-json\/wp\/v2\/pages\/1522\/revisions\/1523"}],"wp:attachment":[{"href":"https:\/\/pos.uel.br\/ppgel\/wp-json\/wp\/v2\/media?parent=1522"}],"curies":[{"name":"wp","href":"https:\/\/api.w.org\/{rel}","templated":true}]}}