{"id":1520,"date":"2025-07-01T23:24:08","date_gmt":"2025-07-02T02:24:08","guid":{"rendered":"https:\/\/pos.uel.br\/ppgel\/?page_id=1520"},"modified":"2025-07-01T23:24:09","modified_gmt":"2025-07-02T02:24:09","slug":"autoevaluacion","status":"publish","type":"page","link":"https:\/\/pos.uel.br\/ppgel\/es\/autoevaluacion\/","title":{"rendered":"Autoevaluaci\u00f3n"},"content":{"rendered":"\n<div style=\"height:48px\" aria-hidden=\"true\" class=\"wp-block-spacer\"><\/div>\n\n\n\n<p>La autoevaluaci\u00f3n es uno de los indicadores presentes en la Evaluaci\u00f3n de los Programas de Posgrado (<a href=\"https:\/\/pos.uel.br\/ppgel\/wp-content\/uploads\/2025\/01\/FICHA-AVALIACAO-20212024LL.pdf\">ver la Ficha de Evaluaci\u00f3n de nuestra \u00e1rea<\/a>) y ha sido fomentada como una forma de garantizar el cumplimiento de sus objetivos en cuanto a la formaci\u00f3n de recursos humanos, el desarrollo de la investigaci\u00f3n y la innovaci\u00f3n. Junto con instancias evaluadoras externas, la autoevaluaci\u00f3n busca promover espacios de reflexi\u00f3n cr\u00edtica sobre las pr\u00e1cticas institucionales con miras a su perfeccionamiento.<\/p>\n\n\n\n<p>El trabajo de la Comisi\u00f3n de Autoevaluaci\u00f3n (CAA) se orienta por las directrices proporcionadas por CAPES, a trav\u00e9s del Informe del <a href=\"https:\/\/www.gov.br\/capes\/pt-br\/centrais-de-conteudo\/10062019-autoavaliacao-de-programas-de-pos-graduacao-pdf\">Grupo de Trabajo de Autoevaluaci\u00f3n de los Programas de Posgrado<\/a>, y por la <a href=\"https:\/\/sites.uel.br\/ciapg\/\">Comisi\u00f3n Institucional de Evaluaci\u00f3n de Posgrado de la UEL<\/a>.<\/p>\n\n\n\n<p>La CAA viene actuando en estrecha colaboraci\u00f3n con la comisi\u00f3n coordinadora del PPGEL para cumplir las etapas de preparaci\u00f3n, implementaci\u00f3n, divulgaci\u00f3n de los resultados, uso de los resultados y metaevaluaci\u00f3n, contribuyendo as\u00ed a la planificaci\u00f3n estrat\u00e9gica del Programa a corto, mediano y largo plazo, mediante su Plan de Metas y Acciones.<\/p>\n\n\n\n<p><\/p>\n\n\n\n<p><\/p>\n","protected":false},"excerpt":{"rendered":"<p>La autoevaluaci\u00f3n es uno de los indicadores presentes en la Evaluaci\u00f3n de los Programas de Posgrado (ver la Ficha de Evaluaci\u00f3n de nuestra \u00e1rea) y ha sido fomentada como una forma de garantizar el cumplimiento de sus objetivos en cuanto a la formaci\u00f3n de recursos humanos, el desarrollo de la investigaci\u00f3n y la innovaci\u00f3n. Junto [&hellip;]<\/p>\n","protected":false},"author":10,"featured_media":0,"parent":0,"menu_order":0,"comment_status":"closed","ping_status":"closed","template":"","meta":{"footnotes":""},"class_list":["post-1520","page","type-page","status-publish","hentry"],"_links":{"self":[{"href":"https:\/\/pos.uel.br\/ppgel\/wp-json\/wp\/v2\/pages\/1520","targetHints":{"allow":["GET"]}}],"collection":[{"href":"https:\/\/pos.uel.br\/ppgel\/wp-json\/wp\/v2\/pages"}],"about":[{"href":"https:\/\/pos.uel.br\/ppgel\/wp-json\/wp\/v2\/types\/page"}],"author":[{"embeddable":true,"href":"https:\/\/pos.uel.br\/ppgel\/wp-json\/wp\/v2\/users\/10"}],"replies":[{"embeddable":true,"href":"https:\/\/pos.uel.br\/ppgel\/wp-json\/wp\/v2\/comments?post=1520"}],"version-history":[{"count":1,"href":"https:\/\/pos.uel.br\/ppgel\/wp-json\/wp\/v2\/pages\/1520\/revisions"}],"predecessor-version":[{"id":1521,"href":"https:\/\/pos.uel.br\/ppgel\/wp-json\/wp\/v2\/pages\/1520\/revisions\/1521"}],"wp:attachment":[{"href":"https:\/\/pos.uel.br\/ppgel\/wp-json\/wp\/v2\/media?parent=1520"}],"curies":[{"name":"wp","href":"https:\/\/api.w.org\/{rel}","templated":true}]}}