{"id":15,"date":"2021-04-26T20:53:24","date_gmt":"2021-04-26T23:53:24","guid":{"rendered":"https:\/\/pos.uel.br\/ppgel\/?page_id=15"},"modified":"2025-12-08T13:41:56","modified_gmt":"2025-12-08T16:41:56","slug":"regimentos-resolucoes-e-normas","status":"publish","type":"page","link":"https:\/\/pos.uel.br\/ppgel\/regimentos-resolucoes-e-normas\/","title":{"rendered":"Regimentos, resolu\u00e7\u00f5es e normas"},"content":{"rendered":"\n<p><\/p>\n\n\n\n<p><a href=\"https:\/\/pos.uel.br\/ppgel\/wp-content\/uploads\/2025\/09\/RegulamentoStrictosensu-2016-2-CEPE-37-2016.pdf\">Regulamento dos Programa de P\u00f3s-Gradua\u00e7\u00e3o&nbsp;Stricto Sensu&nbsp;da UEL- CEPE 37\/2016<\/a><\/p>\n\n\n\n<p><a href=\"https:\/\/pos.uel.br\/ppgel\/wp-content\/uploads\/2025\/09\/Resolucao-CEPE-110-2018-Regimento_PPGEL.pdf\">Regimento do PPGEL CEPE 110\/2018<\/a><\/p>\n\n\n\n<p><a href=\"https:\/\/pos.uel.br\/ppgel\/wp-content\/uploads\/2024\/12\/Reest-PPG-Estudos-Ling-2020-Delib-26-2019.pdf\">Delibera\u00e7\u00e3o Colegiado PPG Stricto Sensu 026\/2019<\/a><\/p>\n\n\n\n<p><a href=\"http:\/\/www.uel.br\/nac\/pages\/arquivos\/DOCS\/cotas%20p%C3%B3s.pdf\" target=\"_blank\" rel=\"noreferrer noopener\">Resolu\u00e7\u00e3o CEPE N. 034\/2021<\/a><\/p>\n\n\n\n<p><a href=\"https:\/\/pos.uel.br\/ppgel\/wp-content\/uploads\/2024\/12\/Delib-23-2024-Inclui-discp-opt-PPG-Est-Linguagem.pdf\">Delibera\u00e7\u00e3o Colegiado PPG Stricto Sensu  023\/2024<\/a><\/p>\n\n\n\n<p><a href=\"https:\/\/pos.uel.br\/ppgel\/wp-content\/uploads\/2025\/09\/Delib-019-2025-Normas-para-mudanc\u0327a-de-nivel-Stricto-sensu.pdf\">Delibera\u00e7\u00e3o \u2013 Colegiado PPG Stricto Sensu  019\/2025<\/a><\/p>\n\n\n\n<p><a href=\"https:\/\/pos.uel.br\/ppgel\/wp-content\/uploads\/2025\/09\/LINGUIST_LITERATURA_DOCAREA_2025_2028-SITE.pdf\">Documento de \u00c1rea\/CAPES- 41 Lingu\u00edstica e Literatura<\/a>&#8211; <a href=\"https:\/\/pos.uel.br\/ppgel\/wp-content\/uploads\/2025\/09\/LINGUIST_LITERATURA_FICHA_2025_2028-SITE.pdf\">2025-2028<\/a><\/p>\n\n\n\n<p><a href=\"https:\/\/pos.uel.br\/ppgel\/wp-content\/uploads\/2025\/09\/LINGUIST_LITERATURA_FICHA_2025_2028-SITE.pdf\">Ficha de Avalia\u00e7\u00e3o Quadrienal &#8211; 2025-2028<\/a><\/p>\n\n\n\n<p><a href=\"https:\/\/pos.uel.br\/ppgel\/wp-content\/uploads\/2025\/12\/Resolucao-CEPE-56-2025-Regimento-PPG-Estudos-Linguagem-com-links.pdf\">Regimento do PPGEL CEPE N. 56\/2025<\/a><\/p>\n\n\n\n<p><\/p>\n","protected":false},"excerpt":{"rendered":"<p>Regulamento dos Programa de P\u00f3s-Gradua\u00e7\u00e3o&nbsp;Stricto Sensu&nbsp;da UEL- CEPE 37\/2016 Regimento do PPGEL CEPE 110\/2018 Delibera\u00e7\u00e3o Colegiado PPG Stricto Sensu 026\/2019 Resolu\u00e7\u00e3o CEPE N. 034\/2021 Delibera\u00e7\u00e3o Colegiado PPG Stricto Sensu 023\/2024 Delibera\u00e7\u00e3o \u2013 Colegiado PPG Stricto Sensu 019\/2025 Documento de \u00c1rea\/CAPES- 41 Lingu\u00edstica e Literatura&#8211; 2025-2028 Ficha de Avalia\u00e7\u00e3o Quadrienal &#8211; 2025-2028 Regimento do PPGEL CEPE [&hellip;]<\/p>\n","protected":false},"author":1,"featured_media":0,"parent":0,"menu_order":0,"comment_status":"closed","ping_status":"closed","template":"","meta":{"footnotes":""},"class_list":["post-15","page","type-page","status-publish","hentry"],"_links":{"self":[{"href":"https:\/\/pos.uel.br\/ppgel\/wp-json\/wp\/v2\/pages\/15","targetHints":{"allow":["GET"]}}],"collection":[{"href":"https:\/\/pos.uel.br\/ppgel\/wp-json\/wp\/v2\/pages"}],"about":[{"href":"https:\/\/pos.uel.br\/ppgel\/wp-json\/wp\/v2\/types\/page"}],"author":[{"embeddable":true,"href":"https:\/\/pos.uel.br\/ppgel\/wp-json\/wp\/v2\/users\/1"}],"replies":[{"embeddable":true,"href":"https:\/\/pos.uel.br\/ppgel\/wp-json\/wp\/v2\/comments?post=15"}],"version-history":[{"count":18,"href":"https:\/\/pos.uel.br\/ppgel\/wp-json\/wp\/v2\/pages\/15\/revisions"}],"predecessor-version":[{"id":1987,"href":"https:\/\/pos.uel.br\/ppgel\/wp-json\/wp\/v2\/pages\/15\/revisions\/1987"}],"wp:attachment":[{"href":"https:\/\/pos.uel.br\/ppgel\/wp-json\/wp\/v2\/media?parent=15"}],"curies":[{"name":"wp","href":"https:\/\/api.w.org\/{rel}","templated":true}]}}