{"id":1497,"date":"2025-07-01T22:31:41","date_gmt":"2025-07-02T01:31:41","guid":{"rendered":"https:\/\/pos.uel.br\/ppgel\/?page_id=1497"},"modified":"2025-07-01T22:31:41","modified_gmt":"2025-07-02T01:31:41","slug":"etudiant-regulier","status":"publish","type":"page","link":"https:\/\/pos.uel.br\/ppgel\/fr\/etudiant-regulier\/","title":{"rendered":"\u00c9tudiant R\u00e9gulier"},"content":{"rendered":"\n<div style=\"height:43px\" aria-hidden=\"true\" class=\"wp-block-spacer\"><\/div>\n\n\n\n<p>Le processus de s\u00e9lection pour l\u2019admission en tant qu\u2019\u00e9tudiant r\u00e9gulier dans le Programme de Master et Doctorat en \u00c9tudes du Langage se fait par le biais d\u2019un appel \u00e0 candidatures sp\u00e9cifique, publi\u00e9 chaque ann\u00e9e.<\/p>\n\n\n\n<p>Le programme propose 45 places par an : 25 pour le master et 20 pour le doctorat. Les places sont r\u00e9parties \u00e9quitablement entre les domaines de concentration et leurs lignes de recherche respectives.<\/p>\n\n\n\n<p>Pour plus d\u2019informations, veuillez consulter les appels \u00e0 candidatures disponibles sur la <a href=\"https:\/\/pos.uel.br\/ppgel\/editais-2\/\"><strong>page Editais<\/strong><\/a>.<\/p>\n\n\n\n<p><\/p>\n\n\n\n<p><\/p>\n","protected":false},"excerpt":{"rendered":"<p>Le processus de s\u00e9lection pour l\u2019admission en tant qu\u2019\u00e9tudiant r\u00e9gulier dans le Programme de Master et Doctorat en \u00c9tudes du Langage se fait par le biais d\u2019un appel \u00e0 candidatures sp\u00e9cifique, publi\u00e9 chaque ann\u00e9e. Le programme propose 45 places par an : 25 pour le master et 20 pour le doctorat. Les places sont r\u00e9parties [&hellip;]<\/p>\n","protected":false},"author":10,"featured_media":0,"parent":0,"menu_order":0,"comment_status":"closed","ping_status":"closed","template":"","meta":{"footnotes":""},"class_list":["post-1497","page","type-page","status-publish","hentry"],"_links":{"self":[{"href":"https:\/\/pos.uel.br\/ppgel\/wp-json\/wp\/v2\/pages\/1497","targetHints":{"allow":["GET"]}}],"collection":[{"href":"https:\/\/pos.uel.br\/ppgel\/wp-json\/wp\/v2\/pages"}],"about":[{"href":"https:\/\/pos.uel.br\/ppgel\/wp-json\/wp\/v2\/types\/page"}],"author":[{"embeddable":true,"href":"https:\/\/pos.uel.br\/ppgel\/wp-json\/wp\/v2\/users\/10"}],"replies":[{"embeddable":true,"href":"https:\/\/pos.uel.br\/ppgel\/wp-json\/wp\/v2\/comments?post=1497"}],"version-history":[{"count":1,"href":"https:\/\/pos.uel.br\/ppgel\/wp-json\/wp\/v2\/pages\/1497\/revisions"}],"predecessor-version":[{"id":1498,"href":"https:\/\/pos.uel.br\/ppgel\/wp-json\/wp\/v2\/pages\/1497\/revisions\/1498"}],"wp:attachment":[{"href":"https:\/\/pos.uel.br\/ppgel\/wp-json\/wp\/v2\/media?parent=1497"}],"curies":[{"name":"wp","href":"https:\/\/api.w.org\/{rel}","templated":true}]}}