{"id":1495,"date":"2025-07-01T22:31:04","date_gmt":"2025-07-02T01:31:04","guid":{"rendered":"https:\/\/pos.uel.br\/ppgel\/?page_id=1495"},"modified":"2025-07-01T22:31:05","modified_gmt":"2025-07-02T01:31:05","slug":"estudiante-regular","status":"publish","type":"page","link":"https:\/\/pos.uel.br\/ppgel\/es\/estudiante-regular\/","title":{"rendered":"Estudiante Regular"},"content":{"rendered":"\n<div style=\"height:43px\" aria-hidden=\"true\" class=\"wp-block-spacer\"><\/div>\n\n\n\n<p>El proceso de selecci\u00f3n para el ingreso como estudiante regular en el Programa de Posgrado en Estudios del Lenguaje se realiza mediante una convocatoria espec\u00edfica, publicada anualmente.<\/p>\n\n\n\n<p>El programa ofrece 45 plazas anuales: 25 para maestr\u00eda y 20 para doctorado. Las plazas se distribuyen equitativamente entre las \u00e1reas de concentraci\u00f3n y sus respectivas l\u00edneas de investigaci\u00f3n.<\/p>\n\n\n\n<p>Para m\u00e1s informaci\u00f3n, consulte las convocatorias disponibles en la <a href=\"https:\/\/pos.uel.br\/ppgel\/editais-2\/\"><strong>p\u00e1gina Editais<\/strong><\/a>.<\/p>\n\n\n\n<p><\/p>\n\n\n\n<p><\/p>\n\n\n\n<p><\/p>\n","protected":false},"excerpt":{"rendered":"<p>El proceso de selecci\u00f3n para el ingreso como estudiante regular en el Programa de Posgrado en Estudios del Lenguaje se realiza mediante una convocatoria espec\u00edfica, publicada anualmente. El programa ofrece 45 plazas anuales: 25 para maestr\u00eda y 20 para doctorado. Las plazas se distribuyen equitativamente entre las \u00e1reas de concentraci\u00f3n y sus respectivas l\u00edneas de [&hellip;]<\/p>\n","protected":false},"author":10,"featured_media":0,"parent":0,"menu_order":0,"comment_status":"closed","ping_status":"closed","template":"","meta":{"footnotes":""},"class_list":["post-1495","page","type-page","status-publish","hentry"],"_links":{"self":[{"href":"https:\/\/pos.uel.br\/ppgel\/wp-json\/wp\/v2\/pages\/1495","targetHints":{"allow":["GET"]}}],"collection":[{"href":"https:\/\/pos.uel.br\/ppgel\/wp-json\/wp\/v2\/pages"}],"about":[{"href":"https:\/\/pos.uel.br\/ppgel\/wp-json\/wp\/v2\/types\/page"}],"author":[{"embeddable":true,"href":"https:\/\/pos.uel.br\/ppgel\/wp-json\/wp\/v2\/users\/10"}],"replies":[{"embeddable":true,"href":"https:\/\/pos.uel.br\/ppgel\/wp-json\/wp\/v2\/comments?post=1495"}],"version-history":[{"count":1,"href":"https:\/\/pos.uel.br\/ppgel\/wp-json\/wp\/v2\/pages\/1495\/revisions"}],"predecessor-version":[{"id":1496,"href":"https:\/\/pos.uel.br\/ppgel\/wp-json\/wp\/v2\/pages\/1495\/revisions\/1496"}],"wp:attachment":[{"href":"https:\/\/pos.uel.br\/ppgel\/wp-json\/wp\/v2\/media?parent=1495"}],"curies":[{"name":"wp","href":"https:\/\/api.w.org\/{rel}","templated":true}]}}