{"id":1488,"date":"2025-07-01T22:26:20","date_gmt":"2025-07-02T01:26:20","guid":{"rendered":"https:\/\/pos.uel.br\/ppgel\/?page_id=1488"},"modified":"2025-07-01T22:26:21","modified_gmt":"2025-07-02T01:26:21","slug":"proceso-de-seleccion-estudiantes-regulares","status":"publish","type":"page","link":"https:\/\/pos.uel.br\/ppgel\/es\/proceso-de-seleccion-estudiantes-regulares\/","title":{"rendered":"Proceso de Selecci\u00f3n \u2013 Estudiantes Regulares"},"content":{"rendered":"\n<div style=\"height:68px\" aria-hidden=\"true\" class=\"wp-block-spacer\"><\/div>\n\n\n\n<p>El proceso de selecci\u00f3n de estudiantes regulares se realiza a trav\u00e9s de convocatorias. A continuaci\u00f3n, las convocatorias publicadas en este cuatrienio:<\/p>\n\n\n\n<p>2024 \u2013 Convocatoria N.\u00ba 11\/2024 \u2013 SELECCI\u00d3N DE ESTUDIANTES \u2013 PPGEL <a href=\"https:\/\/pos.uel.br\/ppgel\/wp-content\/uploads\/2025\/05\/RevisadoEdital_11_2024-normas-e-procedimentos-da-selecao_M_D.pdf\" data-type=\"link\" data-id=\"https:\/\/pos.uel.br\/ppgel\/wp-content\/uploads\/2025\/05\/RevisadoEdital_11_2024-normas-e-procedimentos-da-selecao_M_D.pdf\" target=\"_blank\" rel=\"noreferrer noopener\"><img loading=\"lazy\" decoding=\"async\" width=\"210\" height=\"74\" class=\"wp-image-1080\" style=\"width: 80px\" src=\"https:\/\/pos.uel.br\/ppgel\/wp-content\/uploads\/2025\/05\/BOTAO-SITE.png\" alt=\"\"><\/a><\/p>\n\n\n\n<p>2023 \u2013 Convocatoria N.\u00ba 19\/2023 \u2013 SELECCI\u00d3N DE ESTUDIANTES \u2013 PPGEL <a href=\"https:\/\/pos.uel.br\/ppgel\/wp-content\/uploads\/2025\/05\/Edital_19_2023-normas-e-procedimentos-da-selecao_M_D.pdf\" data-type=\"link\" data-id=\"https:\/\/pos.uel.br\/ppgel\/wp-content\/uploads\/2025\/05\/Edital_19_2023-normas-e-procedimentos-da-selecao_M_D.pdf\" target=\"_blank\" rel=\"noreferrer noopener\"><img loading=\"lazy\" decoding=\"async\" width=\"210\" height=\"74\" class=\"wp-image-1080\" style=\"width: 80px\" src=\"https:\/\/pos.uel.br\/ppgel\/wp-content\/uploads\/2025\/05\/BOTAO-SITE.png\" alt=\"\"><\/a><\/p>\n\n\n\n<p>2022 \u2013 Convocatoria N.\u00ba 18\/2022 \u2013 SELECCI\u00d3N DE ESTUDIANTES \u2013 PPGEL <a href=\"https:\/\/pos.uel.br\/ppgel\/wp-content\/uploads\/2025\/05\/Edital_18_2022-normas-e-procedimentos-da-selecao_M_D.docx.pdf\" data-type=\"link\" data-id=\"https:\/\/pos.uel.br\/ppgel\/wp-content\/uploads\/2025\/05\/Edital_18_2022-normas-e-procedimentos-da-selecao_M_D.docx.pdf\" target=\"_blank\" rel=\"noreferrer noopener\"><img loading=\"lazy\" decoding=\"async\" width=\"210\" height=\"74\" class=\"wp-image-1080\" style=\"width: 80px\" src=\"https:\/\/pos.uel.br\/ppgel\/wp-content\/uploads\/2025\/05\/BOTAO-SITE.png\" alt=\"\"><\/a><\/p>\n\n\n\n<p>2021 \u2013 Convocatoria N.\u00ba 12\/2021 \u2013 SELECCI\u00d3N DE ESTUDIANTES \u2013 PPGEL <a href=\"https:\/\/pos.uel.br\/ppgel\/wp-content\/uploads\/2025\/05\/Edital_12_2021-normas-e-procedimentos-da-selecao_M_D.pdf\" data-type=\"link\" data-id=\"https:\/\/pos.uel.br\/ppgel\/wp-content\/uploads\/2025\/05\/Edital_12_2021-normas-e-procedimentos-da-selecao_M_D.pdf\" target=\"_blank\" rel=\"noreferrer noopener\"><img loading=\"lazy\" decoding=\"async\" width=\"210\" height=\"74\" class=\"wp-image-1080\" style=\"width: 80px\" src=\"https:\/\/pos.uel.br\/ppgel\/wp-content\/uploads\/2025\/05\/BOTAO-SITE.png\" alt=\"\"><\/a><\/p>\n\n\n\n<p><\/p>\n","protected":false},"excerpt":{"rendered":"<p>El proceso de selecci\u00f3n de estudiantes regulares se realiza a trav\u00e9s de convocatorias. A continuaci\u00f3n, las convocatorias publicadas en este cuatrienio: 2024 \u2013 Convocatoria N.\u00ba 11\/2024 \u2013 SELECCI\u00d3N DE ESTUDIANTES \u2013 PPGEL 2023 \u2013 Convocatoria N.\u00ba 19\/2023 \u2013 SELECCI\u00d3N DE ESTUDIANTES \u2013 PPGEL 2022 \u2013 Convocatoria N.\u00ba 18\/2022 \u2013 SELECCI\u00d3N DE ESTUDIANTES \u2013 PPGEL 2021 [&hellip;]<\/p>\n","protected":false},"author":10,"featured_media":0,"parent":0,"menu_order":0,"comment_status":"closed","ping_status":"closed","template":"","meta":{"footnotes":""},"class_list":["post-1488","page","type-page","status-publish","hentry"],"_links":{"self":[{"href":"https:\/\/pos.uel.br\/ppgel\/wp-json\/wp\/v2\/pages\/1488","targetHints":{"allow":["GET"]}}],"collection":[{"href":"https:\/\/pos.uel.br\/ppgel\/wp-json\/wp\/v2\/pages"}],"about":[{"href":"https:\/\/pos.uel.br\/ppgel\/wp-json\/wp\/v2\/types\/page"}],"author":[{"embeddable":true,"href":"https:\/\/pos.uel.br\/ppgel\/wp-json\/wp\/v2\/users\/10"}],"replies":[{"embeddable":true,"href":"https:\/\/pos.uel.br\/ppgel\/wp-json\/wp\/v2\/comments?post=1488"}],"version-history":[{"count":1,"href":"https:\/\/pos.uel.br\/ppgel\/wp-json\/wp\/v2\/pages\/1488\/revisions"}],"predecessor-version":[{"id":1489,"href":"https:\/\/pos.uel.br\/ppgel\/wp-json\/wp\/v2\/pages\/1488\/revisions\/1489"}],"wp:attachment":[{"href":"https:\/\/pos.uel.br\/ppgel\/wp-json\/wp\/v2\/media?parent=1488"}],"curies":[{"name":"wp","href":"https:\/\/api.w.org\/{rel}","templated":true}]}}