{"id":1482,"date":"2025-07-01T22:20:54","date_gmt":"2025-07-02T01:20:54","guid":{"rendered":"https:\/\/pos.uel.br\/ppgel\/?page_id=1482"},"modified":"2025-07-02T17:23:20","modified_gmt":"2025-07-02T20:23:20","slug":"egresados","status":"publish","type":"page","link":"https:\/\/pos.uel.br\/ppgel\/es\/egresados\/","title":{"rendered":"Egresados"},"content":{"rendered":"\n<div style=\"height:53px\" aria-hidden=\"true\" class=\"wp-block-spacer\"><\/div>\n\n\n\n<p class=\"has-text-align-center\"><strong>Egresados 2024<\/strong>&#8211; <a href=\"https:\/\/pos.uel.br\/ppgel\/mestrado-2024\/\" data-type=\"link\" data-id=\"https:\/\/pos.uel.br\/ppgel\/mestrado-2024\/\">Maestr\u00eda<\/a> &#8211; <a href=\"https:\/\/pos.uel.br\/ppgel\/doutorado-2024\/\" data-type=\"link\" data-id=\"https:\/\/pos.uel.br\/ppgel\/doutorado-2024\/\">Doctorado<\/a><\/p>\n\n\n\n<p class=\"has-text-align-center\"><strong>Egresados 2023<\/strong> &#8211; <a href=\"https:\/\/pos.uel.br\/ppgel\/mestrado-2023\/\" data-type=\"link\" data-id=\"https:\/\/pos.uel.br\/ppgel\/mestrado-2020\/\">Maestr\u00eda<\/a> &#8211; <a href=\"https:\/\/pos.uel.br\/ppgel\/doutorado-2023\/\" data-type=\"link\" data-id=\"https:\/\/pos.uel.br\/ppgel\/doutorado-2020\/\">Doctorado<\/a><\/p>\n\n\n\n<p class=\"has-text-align-center\"><strong>Egresados 2022<\/strong> &#8211; <a href=\"https:\/\/pos.uel.br\/ppgel\/mestrado-2022\/\" data-type=\"link\" data-id=\"https:\/\/pos.uel.br\/ppgel\/mestrado-2022\/\">Maestr\u00eda<\/a> &#8211; <a href=\"https:\/\/pos.uel.br\/ppgel\/doutorado-2022\/\" data-type=\"link\" data-id=\"https:\/\/pos.uel.br\/ppgel\/doutorado-2022\/\">Doctorado<\/a><\/p>\n\n\n\n<p class=\"has-text-align-center\"><strong>Egresados 2021<\/strong> &#8211; <a href=\"https:\/\/pos.uel.br\/ppgel\/mestrado-2021\/\" data-type=\"link\" data-id=\"https:\/\/pos.uel.br\/ppgel\/mestrado-2020\/\">Maestr\u00eda<\/a> &#8211; <a href=\"https:\/\/pos.uel.br\/ppgel\/doutorado-2021\/\" data-type=\"link\" data-id=\"https:\/\/pos.uel.br\/ppgel\/doutorado-2020\/\">Doctorado<\/a><\/p>\n\n\n\n<p class=\"has-text-align-center\"><strong>Egresados 2020<\/strong> &#8211; <a href=\"https:\/\/pos.uel.br\/ppgel\/mestrado-2020\/\" data-type=\"link\" data-id=\"https:\/\/pos.uel.br\/ppgel\/mestrado-2020\/\">Maestr\u00eda<\/a> &#8211; <a href=\"https:\/\/pos.uel.br\/ppgel\/doutorado-2020\/\" data-type=\"link\" data-id=\"https:\/\/pos.uel.br\/ppgel\/doutorado-2020\/\">Doctorado<\/a><\/p>\n\n\n\n<p class=\"has-text-align-center\"><strong>Egresados 2019<\/strong> &#8211; <a href=\"https:\/\/pos.uel.br\/ppgel\/mestrado-2019\/\" data-type=\"link\" data-id=\"https:\/\/pos.uel.br\/ppgel\/mestrado-2020\/\">Maestr\u00eda<\/a> &#8211; <a href=\"https:\/\/pos.uel.br\/ppgel\/doutorado-2019\/\" data-type=\"link\" data-id=\"https:\/\/pos.uel.br\/ppgel\/doutorado-2020\/\">Doctorado<\/a><\/p>\n\n\n\n<p class=\"has-text-align-center\"><strong>Egresados 2018<\/strong> &#8211;&nbsp;<a href=\"https:\/\/pos.uel.br\/ppgel\/mestrado-2018\/\">Maestr\u00eda<\/a>&nbsp;&#8211;&nbsp;<a href=\"https:\/\/pos.uel.br\/ppgel\/doutorado-2018\/\">Doctorado<\/a><\/p>\n\n\n\n<p class=\"has-text-align-center\"><strong>Egresados 2017<\/strong> &#8211;\u00a0<a href=\"https:\/\/pos.uel.br\/ppgel\/mestrado-2017\/\">Maestr\u00eda<\/a>\u00a0&#8211;\u00a0<a href=\"https:\/\/pos.uel.br\/ppgel\/en\/doutorado-2017\/\" data-type=\"link\" data-id=\"https:\/\/pos.uel.br\/ppgel\/en\/doutorado-2017\/\">Doctorado<\/a><\/p>\n\n\n\n<p class=\"has-text-align-center\"><strong>Egresados 2016<\/strong> &#8211;&nbsp;<a href=\"https:\/\/pos.uel.br\/ppgel\/mestrado-2016\/\">Maestr\u00eda<\/a>&nbsp;&#8211;&nbsp;<a href=\"https:\/\/pos.uel.br\/ppgel\/doutorado-2016\/\">Doctorado<\/a><\/p>\n\n\n\n<div style=\"height:43px\" aria-hidden=\"true\" class=\"wp-block-spacer\"><\/div>\n\n\n\n<div class=\"wp-block-group is-vertical is-layout-flex wp-container-core-group-is-layout-8cf370e7 wp-block-group-is-layout-flex\">\n<div class=\"wp-block-buttons is-layout-flex wp-block-buttons-is-layout-flex\">\n<div class=\"wp-block-button\"><a class=\"wp-block-button__link has-primary-accent-background-color has-background wp-element-button\" href=\"https:\/\/alumniuel.org.br\/\"><strong>Alumni UEL<\/strong><\/a><\/div>\n<\/div>\n\n\n\n<div style=\"height:18px\" aria-hidden=\"true\" class=\"wp-block-spacer wp-container-content-7a8a7e73\"><\/div>\n\n\n\n<p>Conoces la Asociaci\u00f3n de Exalumnos de la UEL \u2013 ALUMNI?<\/p>\n\n\n\n<p>Conoce un poco sobre la asociaci\u00f3n de egresados de la universidad: <a href=\"https:\/\/alumniuel.org.br\/\"><strong>ALUMNI UEL<\/strong><\/a><\/p>\n<\/div>\n\n\n\n<p><\/p>\n","protected":false},"excerpt":{"rendered":"<p>Egresados 2024&#8211; Maestr\u00eda &#8211; Doctorado Egresados 2023 &#8211; Maestr\u00eda &#8211; Doctorado Egresados 2022 &#8211; Maestr\u00eda &#8211; Doctorado Egresados 2021 &#8211; Maestr\u00eda &#8211; Doctorado Egresados 2020 &#8211; Maestr\u00eda &#8211; Doctorado Egresados 2019 &#8211; Maestr\u00eda &#8211; Doctorado Egresados 2018 &#8211;&nbsp;Maestr\u00eda&nbsp;&#8211;&nbsp;Doctorado Egresados 2017 &#8211;\u00a0Maestr\u00eda\u00a0&#8211;\u00a0Doctorado Egresados 2016 &#8211;&nbsp;Maestr\u00eda&nbsp;&#8211;&nbsp;Doctorado Conoces la Asociaci\u00f3n de Exalumnos de la UEL \u2013 ALUMNI? Conoce [&hellip;]<\/p>\n","protected":false},"author":10,"featured_media":0,"parent":0,"menu_order":0,"comment_status":"closed","ping_status":"closed","template":"","meta":{"footnotes":""},"class_list":["post-1482","page","type-page","status-publish","hentry"],"_links":{"self":[{"href":"https:\/\/pos.uel.br\/ppgel\/wp-json\/wp\/v2\/pages\/1482","targetHints":{"allow":["GET"]}}],"collection":[{"href":"https:\/\/pos.uel.br\/ppgel\/wp-json\/wp\/v2\/pages"}],"about":[{"href":"https:\/\/pos.uel.br\/ppgel\/wp-json\/wp\/v2\/types\/page"}],"author":[{"embeddable":true,"href":"https:\/\/pos.uel.br\/ppgel\/wp-json\/wp\/v2\/users\/10"}],"replies":[{"embeddable":true,"href":"https:\/\/pos.uel.br\/ppgel\/wp-json\/wp\/v2\/comments?post=1482"}],"version-history":[{"count":2,"href":"https:\/\/pos.uel.br\/ppgel\/wp-json\/wp\/v2\/pages\/1482\/revisions"}],"predecessor-version":[{"id":1669,"href":"https:\/\/pos.uel.br\/ppgel\/wp-json\/wp\/v2\/pages\/1482\/revisions\/1669"}],"wp:attachment":[{"href":"https:\/\/pos.uel.br\/ppgel\/wp-json\/wp\/v2\/media?parent=1482"}],"curies":[{"name":"wp","href":"https:\/\/api.w.org\/{rel}","templated":true}]}}