{"id":1478,"date":"2025-07-01T22:14:00","date_gmt":"2025-07-02T01:14:00","guid":{"rendered":"https:\/\/pos.uel.br\/ppgel\/?page_id=1478"},"modified":"2025-07-01T22:14:00","modified_gmt":"2025-07-02T01:14:00","slug":"formulaires","status":"publish","type":"page","link":"https:\/\/pos.uel.br\/ppgel\/fr\/formulaires\/","title":{"rendered":"Formulaires"},"content":{"rendered":"\n<div style=\"height:42px\" aria-hidden=\"true\" class=\"wp-block-spacer\"><\/div>\n\n\n\n<p>Cette section met \u00e0 disposition certains formulaires \u00e0 usage g\u00e9n\u00e9ral. Des formulaires sp\u00e9cifiques accompagnent chaque appel \u00e0 candidatures.<br><\/p>\n\n\n\n<p><a href=\"http:\/\/www.uel.br\/pos\/ppgel\/pages\/arquivos\/Protocolo_atividades_especiais_FINAL.pdf\">Activit\u00e9s Sp\u00e9ciales<\/a><\/p>\n\n\n\n<p><a href=\"http:\/\/www.uel.br\/pos\/ppgel\/pages\/arquivos\/relatorioBOLSISTAPPGEL.pdf\">Rapport du Boursier<\/a><\/p>\n\n\n\n<p><a href=\"http:\/\/www.uel.br\/pos\/ppgel\/pages\/arquivos\/Termo_de_Autorizacao_Biblioteca_Digital.pdf\">Formulaire d\u2019Autorisation \u2013 Biblioth\u00e8que Num\u00e9rique<\/a><\/p>\n\n\n\n<p><a href=\"http:\/\/www.uel.br\/pos\/ppgel\/pages\/arquivos\/Termo_da_Entrega_DT_Biblioteca_1.pdf\">Formulaire de Remise d\u2019Exemplaire de la Th\u00e8se\/M\u00e9moire \u2013 Biblioth\u00e8que Num\u00e9rique<\/a><\/p>\n\n\n\n<p><a href=\"https:\/\/sites.uel.br\/proppg\/wp-content\/uploads\/2023\/11\/053-2019-ANEXO-I.docx\">Annexe I \u2013 Formulaire d\u2019Inscription au Stage Postdoctoral<\/a><\/p>\n\n\n\n<p><a href=\"https:\/\/sites.uel.br\/proppg\/wp-content\/uploads\/2023\/11\/053-2019-ANEXO-II.docx\">Annexe II \u2013 Demande de Prolongation du Stage Postdoctoral<\/a><\/p>\n\n\n\n<p><a href=\"https:\/\/sites.uel.br\/proppg\/wp-content\/uploads\/2023\/11\/053-2019-ANEXO-III.docx\">Annexe III \u2013 Formulaire d\u2019\u00c9valuation du Stage Postdoctora<\/a><\/p>\n","protected":false},"excerpt":{"rendered":"<p>Cette section met \u00e0 disposition certains formulaires \u00e0 usage g\u00e9n\u00e9ral. Des formulaires sp\u00e9cifiques accompagnent chaque appel \u00e0 candidatures. Activit\u00e9s Sp\u00e9ciales Rapport du Boursier Formulaire d\u2019Autorisation \u2013 Biblioth\u00e8que Num\u00e9rique Formulaire de Remise d\u2019Exemplaire de la Th\u00e8se\/M\u00e9moire \u2013 Biblioth\u00e8que Num\u00e9rique Annexe I \u2013 Formulaire d\u2019Inscription au Stage Postdoctoral Annexe II \u2013 Demande de Prolongation du Stage Postdoctoral [&hellip;]<\/p>\n","protected":false},"author":10,"featured_media":0,"parent":0,"menu_order":0,"comment_status":"closed","ping_status":"closed","template":"","meta":{"footnotes":""},"class_list":["post-1478","page","type-page","status-publish","hentry"],"_links":{"self":[{"href":"https:\/\/pos.uel.br\/ppgel\/wp-json\/wp\/v2\/pages\/1478","targetHints":{"allow":["GET"]}}],"collection":[{"href":"https:\/\/pos.uel.br\/ppgel\/wp-json\/wp\/v2\/pages"}],"about":[{"href":"https:\/\/pos.uel.br\/ppgel\/wp-json\/wp\/v2\/types\/page"}],"author":[{"embeddable":true,"href":"https:\/\/pos.uel.br\/ppgel\/wp-json\/wp\/v2\/users\/10"}],"replies":[{"embeddable":true,"href":"https:\/\/pos.uel.br\/ppgel\/wp-json\/wp\/v2\/comments?post=1478"}],"version-history":[{"count":1,"href":"https:\/\/pos.uel.br\/ppgel\/wp-json\/wp\/v2\/pages\/1478\/revisions"}],"predecessor-version":[{"id":1479,"href":"https:\/\/pos.uel.br\/ppgel\/wp-json\/wp\/v2\/pages\/1478\/revisions\/1479"}],"wp:attachment":[{"href":"https:\/\/pos.uel.br\/ppgel\/wp-json\/wp\/v2\/media?parent=1478"}],"curies":[{"name":"wp","href":"https:\/\/api.w.org\/{rel}","templated":true}]}}