{"id":1476,"date":"2025-07-01T22:12:48","date_gmt":"2025-07-02T01:12:48","guid":{"rendered":"https:\/\/pos.uel.br\/ppgel\/?page_id=1476"},"modified":"2025-07-01T22:12:49","modified_gmt":"2025-07-02T01:12:49","slug":"formularios-3","status":"publish","type":"page","link":"https:\/\/pos.uel.br\/ppgel\/es\/formularios-3\/","title":{"rendered":"Formularios"},"content":{"rendered":"\n<div style=\"height:42px\" aria-hidden=\"true\" class=\"wp-block-spacer\"><\/div>\n\n\n\n<p>En esta secci\u00f3n se encuentran disponibles algunos formularios de uso general. Formularios espec\u00edficos acompa\u00f1an cada convocatoria correspondiente.<br><\/p>\n\n\n\n<p><a href=\"http:\/\/www.uel.br\/pos\/ppgel\/pages\/arquivos\/Protocolo_atividades_especiais_FINAL.pdf\">Actividades Especiales<\/a><\/p>\n\n\n\n<p><a href=\"http:\/\/www.uel.br\/pos\/ppgel\/pages\/arquivos\/relatorioBOLSISTAPPGEL.pdf\">Informe del Becario<\/a><\/p>\n\n\n\n<p><a href=\"http:\/\/www.uel.br\/pos\/ppgel\/pages\/arquivos\/Termo_de_Autorizacao_Biblioteca_Digital.pdf\">T\u00e9rmino de Autorizaci\u00f3n \u2013 Biblioteca Digital<\/a><\/p>\n\n\n\n<p><a href=\"http:\/\/www.uel.br\/pos\/ppgel\/pages\/arquivos\/Termo_da_Entrega_DT_Biblioteca_1.pdf\">T\u00e9rmino de Entrega del Ejemplar de la Disertaci\u00f3n\/Tesis \u2013 Biblioteca Digital<\/a><\/p>\n\n\n\n<p><a href=\"https:\/\/sites.uel.br\/proppg\/wp-content\/uploads\/2023\/11\/053-2019-ANEXO-I.docx\">Anexo I \u2013 Formulario de Inscripci\u00f3n para Pasant\u00eda Posdoctoral<\/a><\/p>\n\n\n\n<p><a href=\"https:\/\/sites.uel.br\/proppg\/wp-content\/uploads\/2023\/11\/053-2019-ANEXO-II.docx\">Anexo II \u2013 Solicitud de Pr\u00f3rroga de Pasant\u00eda Posdoctoral<\/a><\/p>\n\n\n\n<p><a href=\"https:\/\/sites.uel.br\/proppg\/wp-content\/uploads\/2023\/11\/053-2019-ANEXO-III.docx\">Anexo III \u2013 Formulario de Evaluaci\u00f3n de Pasant\u00eda Posdoctoral<\/a><\/p>\n","protected":false},"excerpt":{"rendered":"<p>En esta secci\u00f3n se encuentran disponibles algunos formularios de uso general. Formularios espec\u00edficos acompa\u00f1an cada convocatoria correspondiente. Actividades Especiales Informe del Becario T\u00e9rmino de Autorizaci\u00f3n \u2013 Biblioteca Digital T\u00e9rmino de Entrega del Ejemplar de la Disertaci\u00f3n\/Tesis \u2013 Biblioteca Digital Anexo I \u2013 Formulario de Inscripci\u00f3n para Pasant\u00eda Posdoctoral Anexo II \u2013 Solicitud de Pr\u00f3rroga de [&hellip;]<\/p>\n","protected":false},"author":10,"featured_media":0,"parent":0,"menu_order":0,"comment_status":"closed","ping_status":"closed","template":"","meta":{"footnotes":""},"class_list":["post-1476","page","type-page","status-publish","hentry"],"_links":{"self":[{"href":"https:\/\/pos.uel.br\/ppgel\/wp-json\/wp\/v2\/pages\/1476","targetHints":{"allow":["GET"]}}],"collection":[{"href":"https:\/\/pos.uel.br\/ppgel\/wp-json\/wp\/v2\/pages"}],"about":[{"href":"https:\/\/pos.uel.br\/ppgel\/wp-json\/wp\/v2\/types\/page"}],"author":[{"embeddable":true,"href":"https:\/\/pos.uel.br\/ppgel\/wp-json\/wp\/v2\/users\/10"}],"replies":[{"embeddable":true,"href":"https:\/\/pos.uel.br\/ppgel\/wp-json\/wp\/v2\/comments?post=1476"}],"version-history":[{"count":1,"href":"https:\/\/pos.uel.br\/ppgel\/wp-json\/wp\/v2\/pages\/1476\/revisions"}],"predecessor-version":[{"id":1477,"href":"https:\/\/pos.uel.br\/ppgel\/wp-json\/wp\/v2\/pages\/1476\/revisions\/1477"}],"wp:attachment":[{"href":"https:\/\/pos.uel.br\/ppgel\/wp-json\/wp\/v2\/media?parent=1476"}],"curies":[{"name":"wp","href":"https:\/\/api.w.org\/{rel}","templated":true}]}}