{"id":1471,"date":"2025-07-01T22:09:02","date_gmt":"2025-07-02T01:09:02","guid":{"rendered":"https:\/\/pos.uel.br\/ppgel\/?page_id=1471"},"modified":"2025-07-01T22:09:02","modified_gmt":"2025-07-02T01:09:02","slug":"reglements-resolutions-et-normes","status":"publish","type":"page","link":"https:\/\/pos.uel.br\/ppgel\/fr\/reglements-resolutions-et-normes\/","title":{"rendered":"R\u00e8glements, r\u00e9solutions et normes"},"content":{"rendered":"\n<div style=\"height:38px\" aria-hidden=\"true\" class=\"wp-block-spacer\"><\/div>\n\n\n\n<p><strong>L\u00c9GISLATION<\/strong><\/p>\n\n\n\n<p><a href=\"http:\/\/www.uel.br\/pos\/ppgel\/pages\/arquivos\/Regulamento%20Stricto%20sensu_Resolucao%20CEPE%20nordm%20037-2016.pdf\">R\u00e8glement des Programmes de Master et Doctorat (Stricto Sensu) de l\u2019UEL<\/a>\u00a0<\/p>\n\n\n\n<p><a href=\"http:\/\/www.uel.br\/pos\/ppgel\/pages\/arquivos\/Regimento%20PPGEL.doc\">R\u00e8glement int\u00e9rieur du PPGEL<\/a><\/p>\n\n\n\n<p><a href=\"https:\/\/pos.uel.br\/ppgel\/wp-content\/uploads\/2024\/12\/Reest-PPG-Estudos-Ling-2020-Delib-26-2019.pdf\">D\u00e9lib\u00e9ration du Conseil du Programme Stricto Sensu n\u00b0 026\/2019 \u2013 Restructure l\u2019organisation du curriculum du PPGEL<\/a><\/p>\n\n\n\n<p><a href=\"http:\/\/www.uel.br\/nac\/pages\/arquivos\/DOCS\/cotas%20p%C3%B3s.pdf\" target=\"_blank\" rel=\"noreferrer noopener\">R\u00e9solution CEPE n\u00b0 034\/2021<\/a><\/p>\n\n\n\n<p><a href=\"https:\/\/www.gov.br\/capes\/pt-br\/centrais-de-conteudo\/linguistica-e-literatura-pdf\">Document de Domaine \/ CAPES \u2013 41 Linguistique et Litt\u00e9rature<\/a><\/p>\n\n\n\n<p><a href=\"https:\/\/pos.uel.br\/ppgel\/wp-content\/uploads\/2024\/12\/Delib-23-2024-Inclui-discp-opt-PPG-Est-Linguagem.pdf\">D\u00e9lib\u00e9ration du Conseil du Programme Stricto Sensu n\u00b0 023\/2024 \u2013 Ajoute des disciplines optionnelles dans l\u2019organisation du curriculum du PPGEL<\/a><\/p>\n\n\n\n<p><\/p>\n","protected":false},"excerpt":{"rendered":"<p>L\u00c9GISLATION R\u00e8glement des Programmes de Master et Doctorat (Stricto Sensu) de l\u2019UEL\u00a0 R\u00e8glement int\u00e9rieur du PPGEL D\u00e9lib\u00e9ration du Conseil du Programme Stricto Sensu n\u00b0 026\/2019 \u2013 Restructure l\u2019organisation du curriculum du PPGEL R\u00e9solution CEPE n\u00b0 034\/2021 Document de Domaine \/ CAPES \u2013 41 Linguistique et Litt\u00e9rature D\u00e9lib\u00e9ration du Conseil du Programme Stricto Sensu n\u00b0 023\/2024 [&hellip;]<\/p>\n","protected":false},"author":10,"featured_media":0,"parent":0,"menu_order":0,"comment_status":"closed","ping_status":"closed","template":"","meta":{"footnotes":""},"class_list":["post-1471","page","type-page","status-publish","hentry"],"_links":{"self":[{"href":"https:\/\/pos.uel.br\/ppgel\/wp-json\/wp\/v2\/pages\/1471","targetHints":{"allow":["GET"]}}],"collection":[{"href":"https:\/\/pos.uel.br\/ppgel\/wp-json\/wp\/v2\/pages"}],"about":[{"href":"https:\/\/pos.uel.br\/ppgel\/wp-json\/wp\/v2\/types\/page"}],"author":[{"embeddable":true,"href":"https:\/\/pos.uel.br\/ppgel\/wp-json\/wp\/v2\/users\/10"}],"replies":[{"embeddable":true,"href":"https:\/\/pos.uel.br\/ppgel\/wp-json\/wp\/v2\/comments?post=1471"}],"version-history":[{"count":1,"href":"https:\/\/pos.uel.br\/ppgel\/wp-json\/wp\/v2\/pages\/1471\/revisions"}],"predecessor-version":[{"id":1472,"href":"https:\/\/pos.uel.br\/ppgel\/wp-json\/wp\/v2\/pages\/1471\/revisions\/1472"}],"wp:attachment":[{"href":"https:\/\/pos.uel.br\/ppgel\/wp-json\/wp\/v2\/media?parent=1471"}],"curies":[{"name":"wp","href":"https:\/\/api.w.org\/{rel}","templated":true}]}}