{"id":1469,"date":"2025-07-01T22:07:39","date_gmt":"2025-07-02T01:07:39","guid":{"rendered":"https:\/\/pos.uel.br\/ppgel\/?page_id=1469"},"modified":"2025-07-01T22:07:40","modified_gmt":"2025-07-02T01:07:40","slug":"reglamentos-resoluciones-y-normas","status":"publish","type":"page","link":"https:\/\/pos.uel.br\/ppgel\/es\/reglamentos-resoluciones-y-normas\/","title":{"rendered":"Reglamentos, resoluciones y normas"},"content":{"rendered":"\n<div style=\"height:38px\" aria-hidden=\"true\" class=\"wp-block-spacer\"><\/div>\n\n\n\n<p><strong>LEGISLACI\u00d3N<\/strong><\/p>\n\n\n\n<p><a href=\"http:\/\/www.uel.br\/pos\/ppgel\/pages\/arquivos\/Regulamento%20Stricto%20sensu_Resolucao%20CEPE%20nordm%20037-2016.pdf\">Reglamento de los Programas de Posgrado Stricto Sensu de la UEL<\/a>\u00a0<\/p>\n\n\n\n<p><a href=\"http:\/\/www.uel.br\/pos\/ppgel\/pages\/arquivos\/Regimento%20PPGEL.doc\">Reglamento Interno del PPGEL<\/a><\/p>\n\n\n\n<p><a href=\"https:\/\/pos.uel.br\/ppgel\/wp-content\/uploads\/2024\/12\/Reest-PPG-Estudos-Ling-2020-Delib-26-2019.pdf\">Deliberaci\u00f3n del Consejo del Programa de Posgrado Stricto Sensu N\u00ba 026\/2019 \u2013 Reestructura la organizaci\u00f3n curricular del PPGEL<\/a><\/p>\n\n\n\n<p><a href=\"http:\/\/www.uel.br\/nac\/pages\/arquivos\/DOCS\/cotas%20p%C3%B3s.pdf\" target=\"_blank\" rel=\"noreferrer noopener\">Resoluci\u00f3n CEPE N\u00ba 034\/2021<\/a><\/p>\n\n\n\n<p><a href=\"https:\/\/www.gov.br\/capes\/pt-br\/centrais-de-conteudo\/linguistica-e-literatura-pdf\">Documento de \u00c1rea de CAPES \u2013 41 Ling\u00fc\u00edstica y Literatura<\/a><\/p>\n\n\n\n<p><a href=\"https:\/\/pos.uel.br\/ppgel\/wp-content\/uploads\/2024\/12\/Delib-23-2024-Inclui-discp-opt-PPG-Est-Linguagem.pdf\">Deliberaci\u00f3n del Consejo del Programa de Posgrado Stricto Sensu N\u00ba 023\/2024 \u2013 Incluye asignaturas optativas en la organizaci\u00f3n curricular del PPGEL<\/a><\/p>\n\n\n\n<p><\/p>\n","protected":false},"excerpt":{"rendered":"<p>LEGISLACI\u00d3N Reglamento de los Programas de Posgrado Stricto Sensu de la UEL\u00a0 Reglamento Interno del PPGEL Deliberaci\u00f3n del Consejo del Programa de Posgrado Stricto Sensu N\u00ba 026\/2019 \u2013 Reestructura la organizaci\u00f3n curricular del PPGEL Resoluci\u00f3n CEPE N\u00ba 034\/2021 Documento de \u00c1rea de CAPES \u2013 41 Ling\u00fc\u00edstica y Literatura Deliberaci\u00f3n del Consejo del Programa de Posgrado [&hellip;]<\/p>\n","protected":false},"author":10,"featured_media":0,"parent":0,"menu_order":0,"comment_status":"closed","ping_status":"closed","template":"","meta":{"footnotes":""},"class_list":["post-1469","page","type-page","status-publish","hentry"],"_links":{"self":[{"href":"https:\/\/pos.uel.br\/ppgel\/wp-json\/wp\/v2\/pages\/1469","targetHints":{"allow":["GET"]}}],"collection":[{"href":"https:\/\/pos.uel.br\/ppgel\/wp-json\/wp\/v2\/pages"}],"about":[{"href":"https:\/\/pos.uel.br\/ppgel\/wp-json\/wp\/v2\/types\/page"}],"author":[{"embeddable":true,"href":"https:\/\/pos.uel.br\/ppgel\/wp-json\/wp\/v2\/users\/10"}],"replies":[{"embeddable":true,"href":"https:\/\/pos.uel.br\/ppgel\/wp-json\/wp\/v2\/comments?post=1469"}],"version-history":[{"count":1,"href":"https:\/\/pos.uel.br\/ppgel\/wp-json\/wp\/v2\/pages\/1469\/revisions"}],"predecessor-version":[{"id":1470,"href":"https:\/\/pos.uel.br\/ppgel\/wp-json\/wp\/v2\/pages\/1469\/revisions\/1470"}],"wp:attachment":[{"href":"https:\/\/pos.uel.br\/ppgel\/wp-json\/wp\/v2\/media?parent=1469"}],"curies":[{"name":"wp","href":"https:\/\/api.w.org\/{rel}","templated":true}]}}