{"id":1457,"date":"2025-07-01T22:01:04","date_gmt":"2025-07-02T01:01:04","guid":{"rendered":"https:\/\/pos.uel.br\/ppgel\/?page_id=1457"},"modified":"2025-07-01T22:01:04","modified_gmt":"2025-07-02T01:01:04","slug":"alianzas-nacionales","status":"publish","type":"page","link":"https:\/\/pos.uel.br\/ppgel\/es\/alianzas-nacionales\/","title":{"rendered":"Alianzas Nacionales"},"content":{"rendered":"\n<p>Desde su creaci\u00f3n, el Programa ha invertido en actividades de investigaci\u00f3n y formaci\u00f3n de investigadores en el \u00e1rea de los Estudios del Lenguaje, a trav\u00e9s de importantes intercambios y alianzas institucionales tanto a nivel nacional como internacional.<\/p>\n\n\n\n<p><\/p>\n\n\n\n<ul class=\"wp-block-list\">\n<li>ALIB \u2013 Atlas Ling\u00fc\u00edstico de Brasil: Coordinado por Vanderci de Andrade Aguilera, en la UEL<\/li>\n\n\n\n<li>LILA \u2013 Laboratorio Integrado de Letramentos Acad\u00e9mico-Cient\u00edficos: Coordinado por las profesoras Vera L\u00facia Lopes Cristov\u00e3o y Paula Baracat<\/li>\n\n\n\n<li>Lenguaje y Educaci\u00f3n: Bajo la coordinaci\u00f3n de Vera L\u00facia Lopes Cristov\u00e3o y Jacqueline Costa Sanches Vignoli (egresada de posdoctorado del programa \/ UNESPAR)<\/li>\n\n\n\n<li>Tesouro do L\u00e9xico Patrimonial Galego e Portugu\u00eas: Brasil: Coordinado por las profesoras Vanderci de Andrade Aguilera y Silvia Figueiredo Brand\u00e3o, de la UFRJ<\/li>\n\n\n\n<li>GPAD \u2013 Grupo de Investigaci\u00f3n en An\u00e1lisis del Discurso: Coordinado por la profesora Rosemere Baltazar Passos<\/li>\n\n\n\n<li>GESTELD \u2013 Grupo de Estudios en Educaci\u00f3n, Sexualidad, Tecnolog\u00edas, Lenguajes y Discursos (UNESP), con la participaci\u00f3n de la profesora Rosemere Baltazar Passos y docentes de otras instituciones<\/li>\n<\/ul>\n","protected":false},"excerpt":{"rendered":"<p>Desde su creaci\u00f3n, el Programa ha invertido en actividades de investigaci\u00f3n y formaci\u00f3n de investigadores en el \u00e1rea de los Estudios del Lenguaje, a trav\u00e9s de importantes intercambios y alianzas institucionales tanto a nivel nacional como internacional.<\/p>\n","protected":false},"author":10,"featured_media":0,"parent":0,"menu_order":0,"comment_status":"closed","ping_status":"closed","template":"","meta":{"footnotes":""},"class_list":["post-1457","page","type-page","status-publish","hentry"],"_links":{"self":[{"href":"https:\/\/pos.uel.br\/ppgel\/wp-json\/wp\/v2\/pages\/1457","targetHints":{"allow":["GET"]}}],"collection":[{"href":"https:\/\/pos.uel.br\/ppgel\/wp-json\/wp\/v2\/pages"}],"about":[{"href":"https:\/\/pos.uel.br\/ppgel\/wp-json\/wp\/v2\/types\/page"}],"author":[{"embeddable":true,"href":"https:\/\/pos.uel.br\/ppgel\/wp-json\/wp\/v2\/users\/10"}],"replies":[{"embeddable":true,"href":"https:\/\/pos.uel.br\/ppgel\/wp-json\/wp\/v2\/comments?post=1457"}],"version-history":[{"count":1,"href":"https:\/\/pos.uel.br\/ppgel\/wp-json\/wp\/v2\/pages\/1457\/revisions"}],"predecessor-version":[{"id":1458,"href":"https:\/\/pos.uel.br\/ppgel\/wp-json\/wp\/v2\/pages\/1457\/revisions\/1458"}],"wp:attachment":[{"href":"https:\/\/pos.uel.br\/ppgel\/wp-json\/wp\/v2\/media?parent=1457"}],"curies":[{"name":"wp","href":"https:\/\/api.w.org\/{rel}","templated":true}]}}