{"id":1433,"date":"2025-07-01T16:51:10","date_gmt":"2025-07-01T19:51:10","guid":{"rendered":"https:\/\/pos.uel.br\/ppgel\/?page_id=1433"},"modified":"2025-07-01T17:14:24","modified_gmt":"2025-07-01T20:14:24","slug":"groupes-de-recherche","status":"publish","type":"page","link":"https:\/\/pos.uel.br\/ppgel\/fr\/groupes-de-recherche\/","title":{"rendered":"GROUPES DE RECHERCHE"},"content":{"rendered":"\n<div style=\"height:27px\" aria-hidden=\"true\" class=\"wp-block-spacer\"><\/div>\n\n\n\n<p class=\"has-text-align-center has-medium-font-size\"><strong>GROUPES DE RECHERCHE EN LETTRES\/LINGUISTIQUE, ACTUALIS\u00c9S, CERTIFI\u00c9S PAR LE CNPq ET DIRIG\u00c9S PAR DES ENSEIGNANT\u00b7E\u00b7S-CHERCHEUR\u00b7E\u00b7S<\/strong><\/p>\n\n\n\n<div style=\"height:27px\" aria-hidden=\"true\" class=\"wp-block-spacer\"><\/div>\n\n\n\n<p><strong><a href=\"http:\/\/dgp.cnpq.br\/dgp\/espelhogrupo\/7106943312930158\">FELICE &#8211; Formation des enseignants et enseignement des langues aux enfants<\/a><\/strong><\/p>\n\n\n\n<div class=\"wp-block-group is-vertical is-layout-flex wp-container-core-group-is-layout-8cf370e7 wp-block-group-is-layout-flex\">\n<p>Responsables: Juliana Reichert Assun\u00e7\u00e3o Tonelli et Gla\u00eds Sales Cordeiro<\/p>\n\n\n\n<div style=\"height:0px\" aria-hidden=\"true\" class=\"wp-block-spacer wp-container-content-cf2db169\"><\/div>\n<\/div>\n\n\n\n<div class=\"wp-block-group is-vertical is-layout-flex wp-container-core-group-is-layout-8cf370e7 wp-block-group-is-layout-flex\">\n<p><a href=\"http:\/\/dgp.cnpq.br\/dgp\/espelhogrupo\/0322576119665502\"><strong>Langage et \u00c9ducation<\/strong><\/a><\/p>\n\n\n\n<div class=\"wp-block-group is-vertical is-layout-flex wp-container-core-group-is-layout-8cf370e7 wp-block-group-is-layout-flex\">\n<p>L\u00edder: Vera L\u00facia Lopes Cristov\u00e3o<\/p>\n\n\n\n<div style=\"height:0px\" aria-hidden=\"true\" class=\"wp-block-spacer wp-container-content-cf2db169\"><\/div>\n<\/div>\n<\/div>\n\n\n\n<div class=\"wp-block-group is-vertical is-layout-flex wp-container-core-group-is-layout-8cf370e7 wp-block-group-is-layout-flex\">\n<p><a href=\"http:\/\/dgp.cnpq.br\/dgp\/espelhogrupo\/9281642613946373\"><strong>Tr\u00e9sor du lexique patrimonial galicien et portugais : Br\u00e9sil<\/strong><\/a><\/p>\n\n\n\n<p>Responsables: Silvia Figueiredo Brand\u00e3o et Vanderci de Andrade Aguilera<\/p>\n\n\n\n<div style=\"height:0px\" aria-hidden=\"true\" class=\"wp-block-spacer wp-container-content-cf2db169\"><\/div>\n<\/div>\n\n\n\n<div class=\"wp-block-group is-vertical is-layout-flex wp-container-core-group-is-layout-8cf370e7 wp-block-group-is-layout-flex\">\n<p><strong><a href=\"http:\/\/dgp.cnpq.br\/dgp\/espelhogrupo\/2718070508994381\">VALE \u2013 Variation linguistique \u00e0 l\u2019\u00e9cole<\/a><\/strong><\/p>\n\n\n\n<p>Responsable: Joyce Elaine de Almeida Baronas<\/p>\n\n\n\n<div style=\"height:0px\" aria-hidden=\"true\" class=\"wp-block-spacer wp-container-content-cf2db169\"><\/div>\n<\/div>\n\n\n\n<p><a href=\"http:\/\/dgp.cnpq.br\/dgp\/espelhogrupo\/9281642613946373\"><strong>FELIP \u2013 Formation et enseignement en langue portugaise<\/strong><\/a><\/p>\n\n\n\n<p>Responsable: Sheila Oliveira Lima<\/p>\n\n\n\n<div style=\"height:30px\" aria-hidden=\"true\" class=\"wp-block-spacer\"><\/div>\n\n\n\n<p><a href=\"http:\/\/dgp.cnpq.br\/dgp\/espelhogrupo\/797140\"><strong>GPAD \u2013 Groupe de Recherche en Analyse du Discours<\/strong><\/a><\/p>\n\n\n\n<p>Responsable: Rosemeire Baltazar Passos<\/p>\n\n\n\n<div style=\"height:30px\" aria-hidden=\"true\" class=\"wp-block-spacer\"><\/div>\n\n\n\n<p><strong><a href=\"http:\/\/dgp.cnpq.br\/dgp\/faces\/consulta\/consulta_parametrizada.jsf\">Lexique Historique du Portugais Br\u00e9silien \u2013 LHisPB<\/a><\/strong><\/p>\n\n\n\n<p>Responsables: Vanderci de Andrade Aguilera et Fabiane Cristina Altino<\/p>\n\n\n\n<div style=\"height:30px\" aria-hidden=\"true\" class=\"wp-block-spacer\"><\/div>\n\n\n\n<p><\/p>\n\n\n\n<p>Nos enseignant\u00b7e\u00b7s participent \u00e9galement \u00e0 des groupes dirig\u00e9s par des coll\u00e8gues d\u2019autres institutions ou en partenariat avec eux:<\/p>\n\n\n\n<p>GESTELD \u2013 Groupe d&#8217;\u00c9tudes en \u00c9ducation, Sexualit\u00e9, Technologies, Langages et Discours (UNESP), avec la participation de Rosemeire Baltazar Passos et d\u2019autres enseignant\u00b7e\u00b7s.<\/p>\n\n\n\n<p>ILFBRA \u2013 R\u00e9seau Br\u00e9silien d&#8217;\u00c9tudes sur l\u2019Anglais comme Langue de Communication Internationale, dirig\u00e9 par Domingos S\u00e1vio Siqueira (UFBA) et Telma Nunes Gimenez (UEL). Ce groupe r\u00e9unit des chercheur\u00b7e\u00b7s de plusieurs universit\u00e9s br\u00e9siliennes int\u00e9ress\u00e9s par l\u2019anglais comme langue v\u00e9hiculaire (ELF), avec pour objectif de d\u00e9velopper des projets de recherche communs, organiser des \u00e9v\u00e9nements, publier des articles scientifiques et partager les r\u00e9sultats d\u2019actions ax\u00e9es sur la formation des enseignant\u00b7e\u00b7s, les politiques d\u2019enseignement de l\u2019anglais et la production de mat\u00e9riel p\u00e9dagogique.<\/p>\n\n\n\n<hr class=\"wp-block-separator has-alpha-channel-opacity is-style-dots\" \/>\n\n\n\n<p class=\"has-text-align-center\"><strong>Connaissez-vous la diff\u00e9rence entre Ligne de recherche, Projet de recherche et Groupe de recherche ?<\/strong><\/p>\n\n\n\n<div class=\"wp-block-group is-vertical is-layout-flex wp-container-core-group-is-layout-8cf370e7 wp-block-group-is-layout-flex\">\n<p>Une <strong>ligne de recherche<\/strong> d\u00e9signe des th\u00e9matiques f\u00e9d\u00e9ratrices d\u2019\u00e9tudes scientifiques, fond\u00e9es sur une tradition d\u2019investigation, \u00e0 partir desquelles \u00e9mergent des projets dont les r\u00e9sultats sont li\u00e9s entre eux.<\/p>\n\n\n\n<p>Un<strong> projet de recherche<\/strong> est une enqu\u00eate avec un d\u00e9but et une fin d\u00e9finis, fond\u00e9e sur des objectifs sp\u00e9cifiques, visant \u00e0 obtenir des r\u00e9sultats (relations de cause \u00e0 effet ou mise en \u00e9vidence de faits nouveaux).<\/p>\n\n\n\n<p>Un <strong>groupe de recherche<\/strong> est un ensemble de chercheur\u00b7e\u00b7s, d\u2019\u00e9tudiant\u00b7e\u00b7s et de personnel technique, organis\u00e9 autour de l\u2019ex\u00e9cution de lignes de recherche, selon une hi\u00e9rarchie fond\u00e9e sur l\u2019exp\u00e9rience et la comp\u00e9tence scientifique. Ce groupe partage des ressources et des installations physiques. Ainsi, les lignes de recherche sont subordonn\u00e9es au groupe, et non l\u2019inverse.<\/p>\n<\/div>\n\n\n\n<p class=\"has-small-font-size\">(Adapt\u00e9 du <a href=\"https:\/\/lattes.cnpq.br\/web\/dgp\/faq?p_p_id=54_INSTANCE_39Zlb9kA3d0e&amp;p_p_lifecycle=0&amp;p_p_state=normal&amp;p_p_mode=view&amp;p_p_col_id=column-3&amp;p_p_col_count=1&amp;_54_INSTANCE_39Zlb9kA3d0e_struts_action=%2Fwiki_display%2Fview&amp;_54_INSTANCE_39Zlb9kA3d0e_nodeName=Main&amp;_54_INSTANCE_39Zlb9kA3d0e_title=LP1.+O+que+%C3%A9%20linha+de+pesquisa%3F+Qual+a+diferen%C3%A7a+entre+linha+e+projeto+de+pesquisa%3F\">R\u00e9pertoire des Groupes de Recherche au Br\u00e9sil \u2013 CNPq<\/a>. Consult\u00e9 le 26 mars 2025)<br><\/p>\n\n\n\n<p><\/p>\n","protected":false},"excerpt":{"rendered":"<p>GROUPES DE RECHERCHE EN LETTRES\/LINGUISTIQUE, ACTUALIS\u00c9S, CERTIFI\u00c9S PAR LE CNPq ET DIRIG\u00c9S PAR DES ENSEIGNANT\u00b7E\u00b7S-CHERCHEUR\u00b7E\u00b7S FELICE &#8211; Formation des enseignants et enseignement des langues aux enfants Responsables: Juliana Reichert Assun\u00e7\u00e3o Tonelli et Gla\u00eds Sales Cordeiro Langage et \u00c9ducation L\u00edder: Vera L\u00facia Lopes Cristov\u00e3o Tr\u00e9sor du lexique patrimonial galicien et portugais : Br\u00e9sil Responsables: Silvia Figueiredo [&hellip;]<\/p>\n","protected":false},"author":10,"featured_media":0,"parent":0,"menu_order":0,"comment_status":"closed","ping_status":"closed","template":"","meta":{"footnotes":""},"class_list":["post-1433","page","type-page","status-publish","hentry"],"_links":{"self":[{"href":"https:\/\/pos.uel.br\/ppgel\/wp-json\/wp\/v2\/pages\/1433","targetHints":{"allow":["GET"]}}],"collection":[{"href":"https:\/\/pos.uel.br\/ppgel\/wp-json\/wp\/v2\/pages"}],"about":[{"href":"https:\/\/pos.uel.br\/ppgel\/wp-json\/wp\/v2\/types\/page"}],"author":[{"embeddable":true,"href":"https:\/\/pos.uel.br\/ppgel\/wp-json\/wp\/v2\/users\/10"}],"replies":[{"embeddable":true,"href":"https:\/\/pos.uel.br\/ppgel\/wp-json\/wp\/v2\/comments?post=1433"}],"version-history":[{"count":2,"href":"https:\/\/pos.uel.br\/ppgel\/wp-json\/wp\/v2\/pages\/1433\/revisions"}],"predecessor-version":[{"id":1440,"href":"https:\/\/pos.uel.br\/ppgel\/wp-json\/wp\/v2\/pages\/1433\/revisions\/1440"}],"wp:attachment":[{"href":"https:\/\/pos.uel.br\/ppgel\/wp-json\/wp\/v2\/media?parent=1433"}],"curies":[{"name":"wp","href":"https:\/\/api.w.org\/{rel}","templated":true}]}}