{"id":1431,"date":"2025-07-01T16:47:26","date_gmt":"2025-07-01T19:47:26","guid":{"rendered":"https:\/\/pos.uel.br\/ppgel\/?page_id=1431"},"modified":"2025-07-01T17:13:26","modified_gmt":"2025-07-01T20:13:26","slug":"grupos-de-investigacion","status":"publish","type":"page","link":"https:\/\/pos.uel.br\/ppgel\/es\/grupos-de-investigacion\/","title":{"rendered":"GRUPOS DE INVESTIGACI\u00d3N"},"content":{"rendered":"\n<div style=\"height:27px\" aria-hidden=\"true\" class=\"wp-block-spacer\"><\/div>\n\n\n\n<p class=\"has-text-align-center has-medium-font-size\"><strong>GRUPOS DE INVESTIGACI\u00d3N EN LETRAS\/LING\u00dc\u00cdSTICA, ACTUALIZADOS, CERTIFICADOS POR EL CNPq Y LIDERADOS POR DOCENTES<\/strong><\/p>\n\n\n\n<div style=\"height:27px\" aria-hidden=\"true\" class=\"wp-block-spacer\"><\/div>\n\n\n\n<p><strong><a href=\"http:\/\/dgp.cnpq.br\/dgp\/espelhogrupo\/7106943312930158\">FELICE &#8211; Formaci\u00f3n de profesores y ense\u00f1anza de lenguas para ni\u00f1os<\/a><\/strong><\/p>\n\n\n\n<div class=\"wp-block-group is-vertical is-layout-flex wp-container-core-group-is-layout-8cf370e7 wp-block-group-is-layout-flex\">\n<p>L\u00edderes: Juliana Reichert Assun\u00e7\u00e3o Tonelli y Gla\u00eds Sales Cordeiro<\/p>\n<\/div>\n\n\n\n<div style=\"height:27px\" aria-hidden=\"true\" class=\"wp-block-spacer\"><\/div>\n\n\n\n<div class=\"wp-block-group is-vertical is-layout-flex wp-container-core-group-is-layout-8cf370e7 wp-block-group-is-layout-flex\">\n<p><a href=\"http:\/\/dgp.cnpq.br\/dgp\/espelhogrupo\/0322576119665502\"><strong>Lenguaje y Educaci\u00f3n<\/strong><\/a><\/p>\n\n\n\n<div class=\"wp-block-group is-vertical is-layout-flex wp-container-core-group-is-layout-8cf370e7 wp-block-group-is-layout-flex\">\n<p>L\u00edder: Vera L\u00facia Lopes Cristov\u00e3o<\/p>\n<\/div>\n<\/div>\n\n\n\n<div style=\"height:27px\" aria-hidden=\"true\" class=\"wp-block-spacer\"><\/div>\n\n\n\n<div class=\"wp-block-group is-vertical is-layout-flex wp-container-core-group-is-layout-8cf370e7 wp-block-group-is-layout-flex\">\n<p><a href=\"http:\/\/dgp.cnpq.br\/dgp\/espelhogrupo\/9281642613946373\"><strong>Tesoro del l\u00e9xico patrimonial gallego y portugu\u00e9s: Brasil<\/strong><\/a><\/p>\n\n\n\n<p>L\u00edderes: Silvia Figueiredo Brand\u00e3o y Vanderci de Andrade Aguilera<\/p>\n<\/div>\n\n\n\n<div style=\"height:24px\" aria-hidden=\"true\" class=\"wp-block-spacer\"><\/div>\n\n\n\n<div class=\"wp-block-group is-vertical is-layout-flex wp-container-core-group-is-layout-8cf370e7 wp-block-group-is-layout-flex\">\n<p><strong><a href=\"http:\/\/dgp.cnpq.br\/dgp\/espelhogrupo\/2718070508994381\">VALE: &nbsp;Variaci\u00f3n ling\u00fc\u00edstica en la escuela<\/a><\/strong><\/p>\n\n\n\n<p>L\u00edder: Joyce Elaine de Almeida Baronas<\/p>\n<\/div>\n\n\n\n<div style=\"height:30px\" aria-hidden=\"true\" class=\"wp-block-spacer\"><\/div>\n\n\n\n<p><a href=\"http:\/\/dgp.cnpq.br\/dgp\/espelhogrupo\/9281642613946373\"><strong>FELIP &#8211; Formaci\u00f3n y Ense\u00f1anza en Lengua Portuguesa<\/strong><\/a><\/p>\n\n\n\n<p>L\u00edder: Sheila Oliveira Lima<\/p>\n\n\n\n<div style=\"height:30px\" aria-hidden=\"true\" class=\"wp-block-spacer\"><\/div>\n\n\n\n<p><a href=\"http:\/\/dgp.cnpq.br\/dgp\/espelhogrupo\/797140\"><strong>GPAD &#8211; Grupo de Investigaci\u00f3n en An\u00e1lisis del Discurso<\/strong><\/a><\/p>\n\n\n\n<p>L\u00edder: Rosemeire Baltazar Passos<\/p>\n\n\n\n<div style=\"height:30px\" aria-hidden=\"true\" class=\"wp-block-spacer\"><\/div>\n\n\n\n<p><strong><a href=\"http:\/\/dgp.cnpq.br\/dgp\/faces\/consulta\/consulta_parametrizada.jsf\">L\u00e9xico Hist\u00f3rico del Portugu\u00e9s Brasile\u00f1o \u2013 LHisPB<\/a><\/strong><\/p>\n\n\n\n<p>L\u00edderes: Vanderci de Andrade Aguilera y Fabiane Cristina Altino<\/p>\n\n\n\n<div style=\"height:30px\" aria-hidden=\"true\" class=\"wp-block-spacer\"><\/div>\n\n\n\n<p><\/p>\n\n\n\n<p>Nuestros docentes tambi\u00e9n participan en grupos liderados por profesores de otras instituciones o en colaboraci\u00f3n con ellos:<\/p>\n\n\n\n<p>GESTELD \u2013 Grupo de Estudios en Educaci\u00f3n, Sexualidad, Tecnolog\u00edas, Lenguajes y Discursos (UNESP), con la participaci\u00f3n de la profesora Rosemeire Baltazar Passos y docentes de otras instituciones.<\/p>\n\n\n\n<p>ILFBRA \u2013 Red Brasile\u00f1a de Estudios del Ingl\u00e9s como Lengua Franca, bajo la direcci\u00f3n de los profesores Domingos S\u00e1vio Siqueira (UFBA) y Telma Nunes Gimenez (UEL). El grupo re\u00fane a investigadores de varias universidades brasile\u00f1as interesados en el ingl\u00e9s como lengua franca (ELF), con el objetivo de desarrollar proyectos de investigaci\u00f3n conjuntos, organizar eventos, publicar art\u00edculos cient\u00edficos y compartir los resultados de acciones orientadas a la formaci\u00f3n docente, pol\u00edticas de ense\u00f1anza del ingl\u00e9s y producci\u00f3n de materiales did\u00e1cticos.<\/p>\n\n\n\n<hr class=\"wp-block-separator has-alpha-channel-opacity is-style-dots\" \/>\n\n\n\n<p class=\"has-text-align-center\"><strong>\u00bfSabes cu\u00e1l es la diferencia entre L\u00ednea de Investigaci\u00f3n, Proyecto de Investigaci\u00f3n y Grupo de Investigaci\u00f3n?<\/strong><\/p>\n\n\n\n<div class=\"wp-block-group is-vertical is-layout-flex wp-container-core-group-is-layout-8cf370e7 wp-block-group-is-layout-flex\">\n<p>Una <strong>l\u00ednea de investigaci\u00f3n<\/strong> representa temas integradores de estudios cient\u00edficos basados en una tradici\u00f3n investigativa, de los cuales se originan proyectos cuyos resultados son tem\u00e1ticamente afines.<\/p>\n\n\n\n<p>Un <strong>proyecto de investigaci\u00f3n<\/strong> es una investigaci\u00f3n con inicio y final definidos, basada en objetivos espec\u00edficos, que busca obtener resultados, ya sea de causa y efecto o para evidenciar nuevos hechos.<\/p>\n\n\n\n<p>Un <strong>grupo de investigaci\u00f3n<\/strong> es un conjunto de investigadores, estudiantes y personal t\u00e9cnico organizado en torno a la ejecuci\u00f3n de l\u00edneas de investigaci\u00f3n, siguiendo una jerarqu\u00eda basada en la experiencia y la competencia t\u00e9cnico-cient\u00edfica. Este conjunto comparte instalaciones y recursos f\u00edsicos. Como se puede observar, las l\u00edneas de investigaci\u00f3n est\u00e1n subordinadas al grupo, y no al rev\u00e9s.<\/p>\n<\/div>\n\n\n\n<p><\/p>\n\n\n\n<div class=\"wp-block-group is-vertical is-layout-flex wp-container-core-group-is-layout-8cf370e7 wp-block-group-is-layout-flex\">\n<p class=\"has-small-font-size\">(Adaptado del <a href=\"https:\/\/lattes.cnpq.br\/web\/dgp\/faq?p_p_id=54_INSTANCE_39Zlb9kA3d0e&amp;p_p_lifecycle=0&amp;p_p_state=normal&amp;p_p_mode=view&amp;p_p_col_id=column-3&amp;p_p_col_count=1&amp;_54_INSTANCE_39Zlb9kA3d0e_struts_action=%2Fwiki_display%2Fview&amp;_54_INSTANCE_39Zlb9kA3d0e_nodeName=Main&amp;_54_INSTANCE_39Zlb9kA3d0e_title=LP1.+O+que+%C3%A9%20linha+de+pesquisa%3F+Qual+a+diferen%C3%A7a+entre+linha+e+projeto+de+pesquisa%3F\">Directorio de Grupos de Investigaci\u00f3n en Brasil (CNPq)<\/a>. Consultado el 26 de marzo de 2025)<\/p>\n<\/div>\n","protected":false},"excerpt":{"rendered":"<p>GRUPOS DE INVESTIGACI\u00d3N EN LETRAS\/LING\u00dc\u00cdSTICA, ACTUALIZADOS, CERTIFICADOS POR EL CNPq Y LIDERADOS POR DOCENTES FELICE &#8211; Formaci\u00f3n de profesores y ense\u00f1anza de lenguas para ni\u00f1os L\u00edderes: Juliana Reichert Assun\u00e7\u00e3o Tonelli y Gla\u00eds Sales Cordeiro Lenguaje y Educaci\u00f3n L\u00edder: Vera L\u00facia Lopes Cristov\u00e3o Tesoro del l\u00e9xico patrimonial gallego y portugu\u00e9s: Brasil L\u00edderes: Silvia Figueiredo Brand\u00e3o y [&hellip;]<\/p>\n","protected":false},"author":10,"featured_media":0,"parent":0,"menu_order":0,"comment_status":"closed","ping_status":"closed","template":"","meta":{"footnotes":""},"class_list":["post-1431","page","type-page","status-publish","hentry"],"_links":{"self":[{"href":"https:\/\/pos.uel.br\/ppgel\/wp-json\/wp\/v2\/pages\/1431","targetHints":{"allow":["GET"]}}],"collection":[{"href":"https:\/\/pos.uel.br\/ppgel\/wp-json\/wp\/v2\/pages"}],"about":[{"href":"https:\/\/pos.uel.br\/ppgel\/wp-json\/wp\/v2\/types\/page"}],"author":[{"embeddable":true,"href":"https:\/\/pos.uel.br\/ppgel\/wp-json\/wp\/v2\/users\/10"}],"replies":[{"embeddable":true,"href":"https:\/\/pos.uel.br\/ppgel\/wp-json\/wp\/v2\/comments?post=1431"}],"version-history":[{"count":2,"href":"https:\/\/pos.uel.br\/ppgel\/wp-json\/wp\/v2\/pages\/1431\/revisions"}],"predecessor-version":[{"id":1438,"href":"https:\/\/pos.uel.br\/ppgel\/wp-json\/wp\/v2\/pages\/1431\/revisions\/1438"}],"wp:attachment":[{"href":"https:\/\/pos.uel.br\/ppgel\/wp-json\/wp\/v2\/media?parent=1431"}],"curies":[{"name":"wp","href":"https:\/\/api.w.org\/{rel}","templated":true}]}}