{"id":1418,"date":"2025-07-01T15:18:42","date_gmt":"2025-07-01T18:18:42","guid":{"rendered":"https:\/\/pos.uel.br\/ppgel\/?page_id=1418"},"modified":"2025-07-01T15:18:43","modified_gmt":"2025-07-01T18:18:43","slug":"postdoctorat","status":"publish","type":"page","link":"https:\/\/pos.uel.br\/ppgel\/fr\/postdoctorat\/","title":{"rendered":"Postdoctorat"},"content":{"rendered":"\n<div style=\"height:18px\" aria-hidden=\"true\" class=\"wp-block-spacer\"><\/div>\n\n\n\n<p>Les principaux objectifs du stage postdoctoral sont de promouvoir la recherche de haut niveau, de renforcer les groupes de recherche de l\u2019institution et de contribuer au renouvellement des effectifs des programmes de troisi\u00e8me cycle par la formation de ressources humaines qualifi\u00e9es. En parall\u00e8le, il s\u2019agit de consolider, actualiser, approfondir et \u00e9largir les connaissances scientifiques et technologiques du chercheur postdoctoral.<\/p>\n\n\n\n<p>Il existe deux modalit\u00e9s pour s\u2019inscrire au stage postdoctoral du PPGEL:<\/p>\n\n\n\n<ul class=\"wp-block-list\">\n<li>La premi\u00e8re consiste \u00e0 postuler \u00e0 une bourse <strong>PNPD\/CAPES<\/strong>.<br>Dans ce cas, il faut suivre les appels \u00e0 candidatures pour les bourses, g\u00e9n\u00e9ralement publi\u00e9s \u00e0 la mi-ann\u00e9e, pour une bourse de 12 mois, avec un d\u00e9but de stage pr\u00e9vu au d\u00e9but de l\u2019ann\u00e9e suivante.<\/li>\n\n\n\n<li>L\u2019autre modalit\u00e9 consiste \u00e0 <strong>s\u2019inscrire sans demander de bourse.<\/strong><br>Dans ce cas, les candidatures sont accept\u00e9es en flux continu, conform\u00e9ment aux r\u00e8gles de la <a href=\"https:\/\/sites.uel.br\/proppg\/wp-content\/uploads\/2023\/11\/Resolucao-CEPE-no-053-2019-Pos-doutoral.pdf\">R\u00e9solution CEPE 53\/2019<\/a>.<\/li>\n<\/ul>\n\n\n\n<p>Il est important de souligner que, dans les deux cas, seuls les enseignants du programme PPGEL <strong>ayant d\u00e9j\u00e0 dirig\u00e9 au moins une th\u00e8se de doctorat soutenue peuvent superviser un postdoctorat<\/strong>.<\/p>\n\n\n\n<p>\u2666\u00a0<a href=\"https:\/\/sites.uel.br\/proppg\/wp-content\/uploads\/2023\/11\/053-2019-ANEXO-I.docx\">Annexe I \u2013 Formulaire d\u2019Inscription au Postdoctorat<\/a><\/p>\n\n\n\n<p>\u2666\u00a0<a href=\"https:\/\/sites.uel.br\/proppg\/wp-content\/uploads\/2023\/11\/053-2019-ANEXO-II.docx\">Annexe II \u2013 Demande de Prolongation du Stage Postdoctoral<\/a><\/p>\n\n\n\n<p>\u2666\u00a0<a href=\"https:\/\/sites.uel.br\/proppg\/wp-content\/uploads\/2023\/11\/053-2019-ANEXO-III.docx\">Annexe III \u2013 Formulaire d\u2019\u00c9valuation du Postdoctorat<\/a><\/p>\n\n\n\n<div style=\"height:80px\" aria-hidden=\"true\" class=\"wp-block-spacer\"><\/div>\n\n\n\n<p><\/p>\n","protected":false},"excerpt":{"rendered":"<p>Les principaux objectifs du stage postdoctoral sont de promouvoir la recherche de haut niveau, de renforcer les groupes de recherche de l\u2019institution et de contribuer au renouvellement des effectifs des programmes de troisi\u00e8me cycle par la formation de ressources humaines qualifi\u00e9es. En parall\u00e8le, il s\u2019agit de consolider, actualiser, approfondir et \u00e9largir les connaissances scientifiques et [&hellip;]<\/p>\n","protected":false},"author":10,"featured_media":0,"parent":0,"menu_order":0,"comment_status":"closed","ping_status":"closed","template":"","meta":{"footnotes":""},"class_list":["post-1418","page","type-page","status-publish","hentry"],"_links":{"self":[{"href":"https:\/\/pos.uel.br\/ppgel\/wp-json\/wp\/v2\/pages\/1418","targetHints":{"allow":["GET"]}}],"collection":[{"href":"https:\/\/pos.uel.br\/ppgel\/wp-json\/wp\/v2\/pages"}],"about":[{"href":"https:\/\/pos.uel.br\/ppgel\/wp-json\/wp\/v2\/types\/page"}],"author":[{"embeddable":true,"href":"https:\/\/pos.uel.br\/ppgel\/wp-json\/wp\/v2\/users\/10"}],"replies":[{"embeddable":true,"href":"https:\/\/pos.uel.br\/ppgel\/wp-json\/wp\/v2\/comments?post=1418"}],"version-history":[{"count":1,"href":"https:\/\/pos.uel.br\/ppgel\/wp-json\/wp\/v2\/pages\/1418\/revisions"}],"predecessor-version":[{"id":1419,"href":"https:\/\/pos.uel.br\/ppgel\/wp-json\/wp\/v2\/pages\/1418\/revisions\/1419"}],"wp:attachment":[{"href":"https:\/\/pos.uel.br\/ppgel\/wp-json\/wp\/v2\/media?parent=1418"}],"curies":[{"name":"wp","href":"https:\/\/api.w.org\/{rel}","templated":true}]}}