{"id":1412,"date":"2025-07-01T15:07:24","date_gmt":"2025-07-01T18:07:24","guid":{"rendered":"https:\/\/pos.uel.br\/ppgel\/?page_id=1412"},"modified":"2025-07-01T15:07:33","modified_gmt":"2025-07-01T18:07:33","slug":"modalite-master-doctorat","status":"publish","type":"page","link":"https:\/\/pos.uel.br\/ppgel\/fr\/modalite-master-doctorat\/","title":{"rendered":"Modalit\u00e9 Master \/ Doctorat"},"content":{"rendered":"\n<div style=\"height:100px\" aria-hidden=\"true\" class=\"wp-block-spacer\"><\/div>\n\n\n\n<div class=\"wp-block-group is-vertical is-layout-flex wp-container-core-group-is-layout-8cf370e7 wp-block-group-is-layout-flex\">\n<h2 class=\"wp-block-heading\"><strong><strong><strong>Master<\/strong><\/strong><\/strong><\/h2>\n\n\n\n<p>Le Master dure 24 mois \u2014 <strong>une prolongation de 6 mois peut \u00eatre demand\u00e9e<\/strong>.<\/p>\n\n\n\n<p>Pour le niveau Master, l&#8217;\u00e9tudiant doit compl\u00e9ter 58 (cinquante-huit) cr\u00e9dits, correspondant \u00e0 870 (huit cent soixante-dix) heures, r\u00e9partis comme suit :<\/p>\n\n\n\n<p>a) 3 (trois) cr\u00e9dits dans le cours <em>M\u00e9thodologie de la recherche en \u00e9tudes du langage<\/em> (Obligatoire) ;<\/p>\n\n\n\n<p>b) 2 (deux) cr\u00e9dits en <em>\u00c9tudes Avanc\u00e9es<\/em> ;<\/p>\n\n\n\n<p>c) 5 (cinq) cr\u00e9dits en <em>Activit\u00e9s Sp\u00e9ciales<\/em> ;<\/p>\n\n\n\n<p>d) 12 (douze) cr\u00e9dits en disciplines optionnelles dans le domaine de concentration de l\u2019\u00e9tudiant ;<\/p>\n\n\n\n<p>e) 6 (six) cr\u00e9dits dans d&#8217;autres disciplines du Programme, \u00e0 l&#8217;exception du cours <em>Stage d\u2019enseignement dans le premier cycle universitaire<\/em> ;f) 30 (trente) cr\u00e9dits pour le <em>M\u00e9moire de Master<\/em>.<\/p>\n\n\n\n<div style=\"height:0px\" aria-hidden=\"true\" class=\"wp-block-spacer wp-container-content-b30579f5\"><\/div>\n<\/div>\n\n\n\n<h2 class=\"wp-block-heading\"><strong><strong><strong>Doctorat<\/strong><\/strong><\/strong><\/h2>\n\n\n\n<div class=\"wp-block-group is-vertical is-layout-flex wp-container-core-group-is-layout-8cf370e7 wp-block-group-is-layout-flex\">\n<p>\u00a0Le Doctorat dure 48 mois \u2014 <strong>une prolongation de 6 mois peut \u00eatre demand\u00e9e<\/strong>.<\/p>\n\n\n\n<p>Pour le niveau Doctorat, l&#8217;\u00e9tudiant doit compl\u00e9ter au minimum 159 (cent cinquante-neuf) cr\u00e9dits, correspondant \u00e0 2 385 (deux mille trois cent quatre-vingt-cinq) heures, r\u00e9partis comme suit :<\/p>\n\n\n\n<p>a) 2 (deux) cr\u00e9dits en <em>\u00c9tudes Avanc\u00e9es<\/em> ;<\/p>\n\n\n\n<p>b) 7 (sept) cr\u00e9dits en <em>Activit\u00e9s Sp\u00e9ciales<\/em> ;<\/p>\n\n\n\n<p>c) 21 (vingt et un) cr\u00e9dits en disciplines optionnelles dans le domaine de concentration de l\u2019\u00e9tudiant ;<\/p>\n\n\n\n<p>d) 9 (neuf) cr\u00e9dits dans d&#8217;autres disciplines du Programme, \u00e0 l&#8217;exception des cours <em>Stage d\u2019enseignement dans le premier cycle universitaire<\/em> ;e) 120 (cent vingt) cr\u00e9dits pour la <em>Th\u00e8se de Doctorat<\/em>.<\/p>\n<\/div>\n\n\n\n<p><\/p>\n","protected":false},"excerpt":{"rendered":"<p>Master Le Master dure 24 mois \u2014 une prolongation de 6 mois peut \u00eatre demand\u00e9e. Pour le niveau Master, l&#8217;\u00e9tudiant doit compl\u00e9ter 58 (cinquante-huit) cr\u00e9dits, correspondant \u00e0 870 (huit cent soixante-dix) heures, r\u00e9partis comme suit : a) 3 (trois) cr\u00e9dits dans le cours M\u00e9thodologie de la recherche en \u00e9tudes du langage (Obligatoire) ; b) 2 [&hellip;]<\/p>\n","protected":false},"author":10,"featured_media":0,"parent":0,"menu_order":0,"comment_status":"closed","ping_status":"closed","template":"","meta":{"footnotes":""},"class_list":["post-1412","page","type-page","status-publish","hentry"],"_links":{"self":[{"href":"https:\/\/pos.uel.br\/ppgel\/wp-json\/wp\/v2\/pages\/1412","targetHints":{"allow":["GET"]}}],"collection":[{"href":"https:\/\/pos.uel.br\/ppgel\/wp-json\/wp\/v2\/pages"}],"about":[{"href":"https:\/\/pos.uel.br\/ppgel\/wp-json\/wp\/v2\/types\/page"}],"author":[{"embeddable":true,"href":"https:\/\/pos.uel.br\/ppgel\/wp-json\/wp\/v2\/users\/10"}],"replies":[{"embeddable":true,"href":"https:\/\/pos.uel.br\/ppgel\/wp-json\/wp\/v2\/comments?post=1412"}],"version-history":[{"count":1,"href":"https:\/\/pos.uel.br\/ppgel\/wp-json\/wp\/v2\/pages\/1412\/revisions"}],"predecessor-version":[{"id":1413,"href":"https:\/\/pos.uel.br\/ppgel\/wp-json\/wp\/v2\/pages\/1412\/revisions\/1413"}],"wp:attachment":[{"href":"https:\/\/pos.uel.br\/ppgel\/wp-json\/wp\/v2\/media?parent=1412"}],"curies":[{"name":"wp","href":"https:\/\/api.w.org\/{rel}","templated":true}]}}