{"id":1410,"date":"2025-07-01T15:06:01","date_gmt":"2025-07-01T18:06:01","guid":{"rendered":"https:\/\/pos.uel.br\/ppgel\/?page_id=1410"},"modified":"2025-07-01T15:06:01","modified_gmt":"2025-07-01T18:06:01","slug":"modalidad-maestria-doctorado","status":"publish","type":"page","link":"https:\/\/pos.uel.br\/ppgel\/es\/modalidad-maestria-doctorado\/","title":{"rendered":"Modalidad Maestr\u00eda \/ Doctorado"},"content":{"rendered":"\n<div style=\"height:100px\" aria-hidden=\"true\" class=\"wp-block-spacer\"><\/div>\n\n\n\n<div class=\"wp-block-group is-vertical is-layout-flex wp-container-core-group-is-layout-8cf370e7 wp-block-group-is-layout-flex\">\n<h2 class=\"wp-block-heading\"><strong><strong>Maestr\u00eda<\/strong><\/strong><\/h2>\n\n\n\n<p>La Maestr\u00eda tiene una duraci\u00f3n de 24 meses \u2014 <strong>es posible solicitar una pr\u00f3rroga de 6 meses<\/strong>.<\/p>\n\n\n\n<p>Para el nivel de Maestr\u00eda, el estudiante debe completar 58 (cincuenta y ocho) cr\u00e9ditos, equivalentes a 870 (ochocientas setenta) horas, distribuidos de la siguiente manera:<\/p>\n\n\n\n<p>a) 3 (tres) cr\u00e9ditos en la asignatura <em>Metodolog\u00eda de la Investigaci\u00f3n en Estudios del Lenguaje<\/em> (Obligatoria);<\/p>\n\n\n\n<p>b) 2 (dos) cr\u00e9ditos en <em>Estudios Avanzados<\/em>;<\/p>\n\n\n\n<p>c) 5 (cinco) cr\u00e9ditos en <em>Actividades Especiales<\/em>;<\/p>\n\n\n\n<p>d) 12 (doce) cr\u00e9ditos en asignaturas optativas del \u00e1rea de concentraci\u00f3n del estudiante;<\/p>\n\n\n\n<p>e) 6 (seis) cr\u00e9ditos en otras asignaturas del Programa, excepto en la asignatura <em>Pasant\u00eda Docente en la Licenciatura<\/em>;f) 30 (treinta) cr\u00e9ditos en la <em>Disertaci\u00f3n de Maestr\u00eda<\/em>.<\/p>\n\n\n\n<div style=\"height:0px\" aria-hidden=\"true\" class=\"wp-block-spacer wp-container-content-b30579f5\"><\/div>\n<\/div>\n\n\n\n<h2 class=\"wp-block-heading\"><strong><strong>Doctorado<\/strong><\/strong><\/h2>\n\n\n\n<div class=\"wp-block-group is-vertical is-layout-flex wp-container-core-group-is-layout-8cf370e7 wp-block-group-is-layout-flex\">\n<p>El Doctorado tiene una duraci\u00f3n de 48 meses \u2014 <strong>es posible solicitar una pr\u00f3rroga de 6 meses<\/strong>.<\/p>\n\n\n\n<p>Para el nivel de Doctorado, el estudiante debe completar un m\u00ednimo de 159 (ciento cincuenta y nueve) cr\u00e9ditos, equivalentes a 2.385 (dos mil trescientas ochenta y cinco) horas, distribuidos de la siguiente manera:<\/p>\n\n\n\n<p>a) 2 (dos) cr\u00e9ditos en <em>Estudios Avanzados<\/em>;<\/p>\n\n\n\n<p>b) 7 (siete) cr\u00e9ditos en <em>Actividades Especiales<\/em>;<\/p>\n\n\n\n<p>c) 21 (veinti\u00fan) cr\u00e9ditos en asignaturas optativas del \u00e1rea de concentraci\u00f3n del estudiante;<\/p>\n\n\n\n<p>d) 9 (nueve) cr\u00e9ditos en otras asignaturas del Programa, excepto en <em>Pasant\u00edas Docentes en la Licenciatura<\/em>;e) 120 (ciento veinte) cr\u00e9ditos en la <em>Tesis Doctoral<\/em>.<\/p>\n<\/div>\n\n\n\n<p><\/p>\n","protected":false},"excerpt":{"rendered":"<p>Maestr\u00eda La Maestr\u00eda tiene una duraci\u00f3n de 24 meses \u2014 es posible solicitar una pr\u00f3rroga de 6 meses. Para el nivel de Maestr\u00eda, el estudiante debe completar 58 (cincuenta y ocho) cr\u00e9ditos, equivalentes a 870 (ochocientas setenta) horas, distribuidos de la siguiente manera: a) 3 (tres) cr\u00e9ditos en la asignatura Metodolog\u00eda de la Investigaci\u00f3n en [&hellip;]<\/p>\n","protected":false},"author":10,"featured_media":0,"parent":0,"menu_order":0,"comment_status":"closed","ping_status":"closed","template":"","meta":{"footnotes":""},"class_list":["post-1410","page","type-page","status-publish","hentry"],"_links":{"self":[{"href":"https:\/\/pos.uel.br\/ppgel\/wp-json\/wp\/v2\/pages\/1410","targetHints":{"allow":["GET"]}}],"collection":[{"href":"https:\/\/pos.uel.br\/ppgel\/wp-json\/wp\/v2\/pages"}],"about":[{"href":"https:\/\/pos.uel.br\/ppgel\/wp-json\/wp\/v2\/types\/page"}],"author":[{"embeddable":true,"href":"https:\/\/pos.uel.br\/ppgel\/wp-json\/wp\/v2\/users\/10"}],"replies":[{"embeddable":true,"href":"https:\/\/pos.uel.br\/ppgel\/wp-json\/wp\/v2\/comments?post=1410"}],"version-history":[{"count":1,"href":"https:\/\/pos.uel.br\/ppgel\/wp-json\/wp\/v2\/pages\/1410\/revisions"}],"predecessor-version":[{"id":1411,"href":"https:\/\/pos.uel.br\/ppgel\/wp-json\/wp\/v2\/pages\/1410\/revisions\/1411"}],"wp:attachment":[{"href":"https:\/\/pos.uel.br\/ppgel\/wp-json\/wp\/v2\/media?parent=1410"}],"curies":[{"name":"wp","href":"https:\/\/api.w.org\/{rel}","templated":true}]}}