{"id":1406,"date":"2025-07-01T15:00:40","date_gmt":"2025-07-01T18:00:40","guid":{"rendered":"https:\/\/pos.uel.br\/ppgel\/?page_id=1406"},"modified":"2025-07-01T15:01:32","modified_gmt":"2025-07-01T18:01:32","slug":"structure-du-cursus","status":"publish","type":"page","link":"https:\/\/pos.uel.br\/ppgel\/fr\/structure-du-cursus\/","title":{"rendered":"Structure du cursus"},"content":{"rendered":"\n<div style=\"height:75px\" aria-hidden=\"true\" class=\"wp-block-spacer\"><\/div>\n\n\n\n<p>Le programme du PPGEL est organis\u00e9 en cr\u00e9dits. Chaque discipline a une charge horaire exprim\u00e9e en cr\u00e9dits, et chaque cr\u00e9dit correspond \u00e0 15 (quinze) heures de cours.<\/p>\n\n\n\n<p>Selon la D\u00e9lib\u00e9ration du Conseil des Programmes de Postgraduate Stricto Sensu n\u00b0 026\/2019, les \u00e9tudiants en <strong>master<\/strong> doivent valider 58 cr\u00e9dits, soit 870 heures, r\u00e9parties comme suit :<\/p>\n\n\n\n<p>a) 3 cr\u00e9dits en M\u00e9thodologie de la recherche ;<\/p>\n\n\n\n<p>b) 2 cr\u00e9dits en \u00c9tudes avanc\u00e9es ;<\/p>\n\n\n\n<p>c) 5 cr\u00e9dits en Activit\u00e9s sp\u00e9ciales ;<\/p>\n\n\n\n<p>d) 12 cr\u00e9dits en disciplines optionnelles dans le domaine de concentration de l&#8217;\u00e9tudiant ;<\/p>\n\n\n\n<p>e) 6 cr\u00e9dits dans d&#8217;autres disciplines du programme, \u00e0 l&#8217;exception du stage d&#8217;enseignement de premier cycle ;<\/p>\n\n\n\n<p>f) 30 cr\u00e9dits pour le m\u00e9moire de master.<\/p>\n\n\n\n<p>Les <strong>doctorants <\/strong>doivent compl\u00e9ter au minimum 159 cr\u00e9dits, soit 2 385 heures, r\u00e9parties comme suit :<\/p>\n\n\n\n<p>a) 2 cr\u00e9dits en \u00c9tudes avanc\u00e9es ;<\/p>\n\n\n\n<p>b) 7 cr\u00e9dits en Activit\u00e9s sp\u00e9ciales ;<\/p>\n\n\n\n<p>c) 21 cr\u00e9dits en disciplines optionnelles dans le domaine de concentration de l&#8217;\u00e9tudiant ;<\/p>\n\n\n\n<p>d) 9 cr\u00e9dits dans d&#8217;autres disciplines du programme, \u00e0 l&#8217;exception des stages d\u2019enseignement de premier cycle ;<\/p>\n\n\n\n<p>e) 120 cr\u00e9dits pour la th\u00e8se de doctorat.<\/p>\n\n\n\n<div style=\"height:24px\" aria-hidden=\"true\" class=\"wp-block-spacer\"><\/div>\n\n\n\n<p class=\"has-text-align-left has-medium-font-size\"><strong>Cours obligatoires pour le master<br><\/strong><\/p>\n\n\n\n<figure class=\"wp-block-table\"><table class=\"has-fixed-layout\"><tbody><tr><td>\u00c9tudiants du master \u2013 Axe A<br>3LET017 \u2013 M\u00e9thodologie de la recherche en \u00c9tudes du langage et de la signification <br>\u00c9tudiants du master \u2013 Axe B<br>3LET018 \u2013 M\u00e9thodologie de la recherche en \u00c9tudes du langage et de l\u2019\u00e9ducation<\/td><\/tr><tr><td>Contenu:<br>La relation entre le chercheur et l\u2019objet de recherche. \u00c9laboration du projet de recherche. Le lien entre la conception de la science et le choix des m\u00e9thodes de recherche. Recherche quantitative, caract\u00e9ristiques et applications. Recherche qualitative et ses diverses modalit\u00e9s. \u00c9tapes de planification, mise en \u0153uvre et diffusion d\u2019un projet de recherche.<\/td><\/tr><\/tbody><\/table><\/figure>\n\n\n\n<p><\/p>\n\n\n\n<p class=\"has-text-align-left has-medium-font-size\"><strong>Discipline Activit\u00e9s Sp\u00e9ciales<\/strong><\/p>\n\n\n\n<div style=\"height:24px\" aria-hidden=\"true\" class=\"wp-block-spacer\"><\/div>\n\n\n\n<figure class=\"wp-block-table\"><table class=\"has-fixed-layout\"><tbody><tr><td><strong>\u00c9tudiants de Master<\/strong><\/td><td><strong>Doctorat<\/strong><\/td><\/tr><tr><td>2LET953<br>Description : Diffusion d\u2019au moins deux travaux dans des \u00e9v\u00e9nements scientifiques du domaine et une participation avec pr\u00e9sentation \u00e0 SEDATA.<\/td><td>2LET565<br>Description : Publication de deux travaux dans des actes de colloques scientifiques ou d\u2019un article dans une revue du domaine.<\/td><\/tr><tr><td>2LET523<br>Description : Publication d\u2019un article dans une revue du domaine ou d\u2019un article complet dans les actes d\u2019un \u00e9v\u00e9nement scientifique.<\/td><td>2LET566<br>Description : Publication de deux articles dans des revues du domaine.<\/td><\/tr><tr><td><\/td><td>2LET954<br>Description : Participation avec communication \u00e0 deux \u00e9ditions de SEDATA.<\/td><\/tr><\/tbody><\/table><\/figure>\n\n\n\n<div style=\"height:50px\" aria-hidden=\"true\" class=\"wp-block-spacer\"><\/div>\n\n\n\n<p class=\"has-medium-font-size\"><strong>Disciplines optionnelles \u2013 Master\/Doctorat \u2013 Quadriennat 2021\u20132024<\/strong><\/p>\n\n\n\n<p>Axe de concentration : <strong>Langage et Signification<\/strong><\/p>\n\n\n\n<p class=\"has-medium-font-size\"><strong>Ligne 01<\/strong><\/p>\n\n\n\n<div class=\"wp-block-group is-vertical is-layout-flex wp-container-core-group-is-layout-8cf370e7 wp-block-group-is-layout-flex\">\n<p>3 LET 015 <a href=\"https:\/\/pos.uel.br\/ppgel\/wp-content\/uploads\/2025\/06\/Disciplina_-Topicos-Especiais_Tipologia-Linguistica.pdf\" target=\"_blank\" rel=\"noreferrer noopener\">Th\u00e8mes Sp\u00e9ciaux : Typologie linguistique<\/a><\/p>\n\n\n\n<p>2 LET 401 <a href=\"https:\/\/pos.uel.br\/ppgel\/wp-content\/uploads\/2025\/06\/Disciplina_-Pesquisa-Sociolinguistica.pdf\" target=\"_blank\" rel=\"noreferrer noopener\">Recherche sociolinguistique<\/a><\/p>\n\n\n\n<p>2 LET 399 <a href=\"https:\/\/pos.uel.br\/ppgel\/wp-content\/uploads\/2025\/06\/Disciplina_-Fonetica-e-Fonologia_-Tecnicas-de-Descricao.pdf\" target=\"_blank\" rel=\"noreferrer noopener\">Phon\u00e9tique et phonologie : techniques de description<\/a><\/p>\n\n\n\n<p>3 LET 016 <a href=\"https:\/\/pos.uel.br\/ppgel\/wp-content\/uploads\/2025\/06\/Disciplina_-Descricao-de-Linguas-Agrafas.pdf\" target=\"_blank\" rel=\"noreferrer noopener\">Description des langues non \u00e9crites<\/a><\/p>\n\n\n\n<p>2 LET 921 <a href=\"https:\/\/pos.uel.br\/ppgel\/wp-content\/uploads\/2025\/06\/Disciplina_-Linguas-em-Contato.pdf\" target=\"_blank\" rel=\"noreferrer noopener\">Langues en contact<\/a><\/p>\n\n\n\n<p>2 LET 782 <a href=\"https:\/\/pos.uel.br\/ppgel\/wp-content\/uploads\/2025\/06\/Disciplina_-Lexicologia-e-Lexicografia.pdf\" data-type=\"link\" data-id=\"https:\/\/pos.uel.br\/ppgel\/wp-content\/uploads\/2025\/06\/Disciplina_-Lexicologia-e-Lexicografia.pdf\" target=\"_blank\" rel=\"noreferrer noopener\">Lexicologie et lexicographie<\/a><\/p>\n\n\n\n<p>2 LET 568 <a href=\"https:\/\/pos.uel.br\/ppgel\/wp-content\/uploads\/2025\/06\/Disciplina_-Historia-do-Portugues-do-Brasil.pdf\" target=\"_blank\" rel=\"noreferrer noopener\">Histoire du portugais du Br\u00e9sil<\/a><\/p>\n\n\n\n<p>3 LET 021 <a href=\"https:\/\/pos.uel.br\/ppgel\/wp-content\/uploads\/2025\/06\/Disciplina_-Dialetologia-e-Geolinguistica-do-Brasil_.pdf\" target=\"_blank\" rel=\"noreferrer noopener\">Dialectologie et g\u00e9olinguistique du Br\u00e9sil<\/a>\u00a0\u00a0\u00a0\u00a0\u00a0<\/p>\n<\/div>\n\n\n\n<p><\/p>\n\n\n\n<div class=\"wp-block-group\"><div class=\"wp-block-group__inner-container is-layout-constrained wp-block-group-is-layout-constrained\">\n<p class=\"has-medium-font-size\"><strong>Ligne<\/strong> <strong>02<\/strong><\/p>\n\n\n\n<div class=\"wp-block-group is-vertical is-layout-flex wp-container-core-group-is-layout-8cf370e7 wp-block-group-is-layout-flex\">\n<p>2 LET 857 <a href=\"https:\/\/pos.uel.br\/ppgel\/wp-content\/uploads\/2025\/06\/Disciplina_-Analise-de-Discurso.pdf\" target=\"_blank\" rel=\"noreferrer noopener\">Analyse du discours : subjectivit\u00e9 discursive dans divers genres m\u00e9diatiques<\/a><\/p>\n\n\n\n<p>2 LET 571 <a href=\"https:\/\/pos.uel.br\/ppgel\/wp-content\/uploads\/2025\/06\/Disciplina_-Linguistica-Textual.pdf\" target=\"_blank\" rel=\"noreferrer noopener\">Linguistique textuelle<\/a><\/p>\n\n\n\n<p>2 LET 569 <a href=\"https:\/\/pos.uel.br\/ppgel\/wp-content\/uploads\/2025\/06\/Disciplina_-Construcao-Textual_-a-estetica-do-movimento-criador.pdf\" target=\"_blank\" rel=\"noreferrer noopener\">Construction textuelle : l\u2019esth\u00e9tique du mouvement cr\u00e9atif<\/a><\/p>\n\n\n\n<p>2 LET 802 <a href=\"https:\/\/pos.uel.br\/ppgel\/wp-content\/uploads\/2025\/06\/Disciplina_-Estilistica-do-Portugues.pdf\" target=\"_blank\" rel=\"noreferrer noopener\">Stylistique du portugais<\/a><\/p>\n\n\n\n<p>2 LET 924 <a href=\"https:\/\/pos.uel.br\/ppgel\/wp-content\/uploads\/2025\/06\/Disciplina_-Gramatica-e-Argumentacao.pdf\" target=\"_blank\" rel=\"noreferrer noopener\">Grammaire et argumentation<\/a><\/p>\n\n\n\n<p>2 LET 926 <a href=\"https:\/\/pos.uel.br\/ppgel\/wp-content\/uploads\/2025\/06\/Disciplina_-Estudos-Discursivos-Foucaultianos_-poder-saber-e-subjetividade.pdf\" target=\"_blank\" rel=\"noreferrer noopener\">Principes de l\u2019analyse du discours<\/a><\/p>\n\n\n\n<p>2 LET 969 <a href=\"https:\/\/pos.uel.br\/ppgel\/wp-content\/uploads\/2025\/06\/Disciplina_-Linguagem-e-Cognicao.pdf\" target=\"_blank\" rel=\"noreferrer noopener\">Langage et cognition<\/a><\/p>\n\n\n\n<p>3 LET 019 <a href=\"https:\/\/pos.uel.br\/ppgel\/wp-content\/uploads\/2025\/06\/Disciplina_-Generos-Quadrinisticos.pdf\" target=\"_blank\" rel=\"noreferrer noopener\">Genres comiques<\/a><\/p>\n\n\n\n<p>2 LET 398 <a href=\"https:\/\/pos.uel.br\/ppgel\/wp-content\/uploads\/2025\/06\/Disciplina_-Semantica-Argumentativa.pdf\" target=\"_blank\" rel=\"noreferrer noopener\">S\u00e9mantique argumentative<\/a><\/p>\n\n\n\n<p>3 LET 020\u00a0<a href=\"https:\/\/pos.uel.br\/ppgel\/wp-content\/uploads\/2025\/06\/Disciplina_-Pragmatica.pdf\" target=\"_blank\" rel=\"noreferrer noopener\">Pragmatique<\/a><\/p>\n<\/div>\n\n\n\n<p><\/p>\n\n\n\n<p>Axe de concentration : <strong>Langage et \u00c9ducation<\/strong><\/p>\n\n\n\n<p class=\"has-medium-font-size\"><strong>Ligne<\/strong><strong> 03<\/strong><\/p>\n<\/div><\/div>\n\n\n\n<div class=\"wp-block-group is-vertical is-layout-flex wp-container-core-group-is-layout-8cf370e7 wp-block-group-is-layout-flex\">\n<p>3 LET 023 <a href=\"https:\/\/pos.uel.br\/ppgel\/wp-content\/uploads\/2025\/06\/Linguagem_subjetividade-e-ensino_Sheila-Oliveira-Lima.pdf\" target=\"_blank\" rel=\"noreferrer noopener\">Langage, subjectivit\u00e9 et enseignement<\/a><\/p>\n\n\n\n<p>2 LET 955 <a href=\"https:\/\/pos.uel.br\/ppgel\/wp-content\/uploads\/2025\/06\/Ensino-de-leitura-na-escola_Sheila-Oliveira-Lima.pdf\" target=\"_blank\" rel=\"noreferrer noopener\">Enseignement de la lecture \u00e0 l\u2019\u00e9cole<\/a><\/p>\n\n\n\n<p>2 LET 572 <a href=\"https:\/\/pos.uel.br\/ppgel\/wp-content\/uploads\/2025\/06\/Variacao-Linguistica-e-Ensino_Joyce-Elaine-Almeida.pdf\" target=\"_blank\" rel=\"noreferrer noopener\">Variation linguistique et enseignement<\/a><\/p>\n\n\n\n<p>2 LET 927 <a href=\"https:\/\/pos.uel.br\/ppgel\/wp-content\/uploads\/2025\/06\/Principios-da-Sociolinguistica-educacional_Joyce-Elaine-Almeida.pdf\" target=\"_blank\" rel=\"noreferrer noopener\">Principes de sociolinguistique \u00e9ducative<\/a><\/p>\n\n\n\n<p>2 LET 862 <a href=\"https:\/\/pos.uel.br\/ppgel\/wp-content\/uploads\/2025\/06\/Novas-tecnologias-linguagens-e-escola_Eliana-Donaio-Ruiz.pdf\" target=\"_blank\" rel=\"noreferrer noopener\">Nouvelles technologies, langages et \u00e9cole<\/a><\/p>\n\n\n\n<p>2 LET 863 <a href=\"https:\/\/pos.uel.br\/ppgel\/wp-content\/uploads\/2025\/06\/Ensino-de-producao-escrita-em-lingua-materna_Eliana-Donaio-Ruiz.pdf\" target=\"_blank\" rel=\"noreferrer noopener\">Enseignement de la production \u00e9crite en langue maternelle<\/a><\/p>\n\n\n\n<p>X LET XXX <a href=\"https:\/\/pos.uel.br\/ppgel\/wp-content\/uploads\/2025\/06\/Metodologia-de-pesquisa-em-Estudos-da-Linguagem_Andreia-Santana.pdf\" data-type=\"link\" data-id=\"https:\/\/pos.uel.br\/ppgel\/wp-content\/uploads\/2025\/06\/Metodologia-de-pesquisa-em-Estudos-da-Linguagem_Andreia-Santana.pdf\" target=\"_blank\" rel=\"noreferrer noopener\">METODOLOGIA DE PESQUISA EM ESTUDOS DA LINGUAGEM<\/a><\/p>\n<\/div>\n\n\n\n<div style=\"height:21px\" aria-hidden=\"true\" class=\"wp-block-spacer\"><\/div>\n\n\n\n<p class=\"has-medium-font-size\"><strong>Ligne<\/strong> <strong>04<\/strong><\/p>\n\n\n\n<div class=\"wp-block-group is-vertical is-layout-flex wp-container-core-group-is-layout-8cf370e7 wp-block-group-is-layout-flex\">\n<p>2 LEM 279 <a href=\"https:\/\/pos.uel.br\/ppgel\/wp-content\/uploads\/2025\/06\/Disciplina_Politicas-educacionais-e-linguisticas-em-contextos-de-ensino-e-formacao-de-professores-de-linguas.pdf\" target=\"_blank\" rel=\"noreferrer noopener\">Politiques linguistiques et \u00e9ducatives dans les contextes d\u2019enseignement et de formation des enseignants de langues<\/a><\/p>\n\n\n\n<p>2 LEM 288 <a href=\"https:\/\/pos.uel.br\/ppgel\/wp-content\/uploads\/2025\/06\/Disciplina_Cultura-Linguagens-e-Educacao.pdf\" target=\"_blank\" rel=\"noreferrer noopener\">Culture, langue(s) et \u00e9ducation<\/a><\/p>\n\n\n\n<p>2 LEM 278 <a href=\"https:\/\/pos.uel.br\/ppgel\/wp-content\/uploads\/2025\/06\/Disciplina_Comunicacao-Transnacional-E-Ensino-Aprendizagem-De-Linguas-Estrangeiras.pdf\" target=\"_blank\" rel=\"noreferrer noopener\">Communication transnationale et enseignement\/apprentissage des langues \u00e9trang\u00e8res<\/a><\/p>\n\n\n\n<p>2 LEM 277 <a href=\"https:\/\/pos.uel.br\/ppgel\/wp-content\/uploads\/2025\/06\/Disciplina_Ensino-aprendizagem-e-avaliacao-de-linguas-estrangeiras-nas-series-iniciais-do-ensino-fundamental.pdf\" target=\"_blank\" rel=\"noreferrer noopener\">Enseignement, apprentissage et \u00e9valuation des langues \u00e9trang\u00e8res \u00e0 l\u2019\u00e9cole primaire<\/a><\/p>\n\n\n\n<p>2 LEM 128 <a href=\"https:\/\/pos.uel.br\/ppgel\/wp-content\/uploads\/2025\/06\/Disciplina_Identidade-do-professor-de-lingua-estrangeira.pdf\" target=\"_blank\" rel=\"noreferrer noopener\">Identit\u00e9 de l\u2019enseignant de langue \u00e9trang\u00e8re<\/a><\/p>\n\n\n\n<p>2 LEM 209 <a href=\"https:\/\/pos.uel.br\/ppgel\/wp-content\/uploads\/2025\/06\/Disciplina_Genero-ensino-e-educacao-inicial-e-continuada-de-professores-de-linguas.pdf\" target=\"_blank\" rel=\"noreferrer noopener\">Genres, enseignement et formation (initiale et continue) des enseignants de langues<\/a><\/p>\n\n\n\n<p>2 LEM 208 <a href=\"https:\/\/pos.uel.br\/ppgel\/wp-content\/uploads\/2025\/06\/Disciplina_Praticas-sociais-de-transformacao-de-professoresas-de-linguas.pdf\" target=\"_blank\" rel=\"noreferrer noopener\">Pratiques sociales de (trans)formation des enseignants de langues<\/a><\/p>\n\n\n\n<p>2 LEM 287 <a href=\"https:\/\/pos.uel.br\/ppgel\/wp-content\/uploads\/2025\/06\/Disciplina_Intermidialidades-Multiletramentos-e-Educacao.pdf\" target=\"_blank\" rel=\"noreferrer noopener\">Interm\u00e9dialit\u00e9s, multiletrismes et \u00e9ducation<\/a><\/p>\n\n\n\n<p>2 LEM 204 <a href=\"https:\/\/pos.uel.br\/ppgel\/wp-content\/uploads\/2025\/06\/Disciplina_Desafios-contemporaneos-no-ensino-e-formacao-de-professores-de-linguas-estrangeiras.pdf\" target=\"_blank\" rel=\"noreferrer noopener\">D\u00e9fis contemporains de l\u2019enseignement des langues \u00e9trang\u00e8res et de la formation des enseignants<\/a><\/p>\n\n\n\n<p>2 LEM 227 Th\u00e8mes Sp\u00e9ciaux : formation des enseignants pour les contextes bilingues<\/p>\n\n\n\n<p>2 LEM 206 <a href=\"https:\/\/pos.uel.br\/ppgel\/wp-content\/uploads\/2025\/06\/Disciplina_Portugues-para-falantes-de-outras-linguas-e-a-formacao-de-professores.pdf\" target=\"_blank\" rel=\"noreferrer noopener\">Portugais langue \u00e9trang\u00e8re et formation des enseignants<\/a><\/p>\n\n\n\n<p><\/p>\n<\/div>\n\n\n\n<p><\/p>\n","protected":false},"excerpt":{"rendered":"<p>Le programme du PPGEL est organis\u00e9 en cr\u00e9dits. Chaque discipline a une charge horaire exprim\u00e9e en cr\u00e9dits, et chaque cr\u00e9dit correspond \u00e0 15 (quinze) heures de cours. Selon la D\u00e9lib\u00e9ration du Conseil des Programmes de Postgraduate Stricto Sensu n\u00b0 026\/2019, les \u00e9tudiants en master doivent valider 58 cr\u00e9dits, soit 870 heures, r\u00e9parties comme suit : [&hellip;]<\/p>\n","protected":false},"author":10,"featured_media":0,"parent":0,"menu_order":0,"comment_status":"closed","ping_status":"closed","template":"","meta":{"footnotes":""},"class_list":["post-1406","page","type-page","status-publish","hentry"],"_links":{"self":[{"href":"https:\/\/pos.uel.br\/ppgel\/wp-json\/wp\/v2\/pages\/1406","targetHints":{"allow":["GET"]}}],"collection":[{"href":"https:\/\/pos.uel.br\/ppgel\/wp-json\/wp\/v2\/pages"}],"about":[{"href":"https:\/\/pos.uel.br\/ppgel\/wp-json\/wp\/v2\/types\/page"}],"author":[{"embeddable":true,"href":"https:\/\/pos.uel.br\/ppgel\/wp-json\/wp\/v2\/users\/10"}],"replies":[{"embeddable":true,"href":"https:\/\/pos.uel.br\/ppgel\/wp-json\/wp\/v2\/comments?post=1406"}],"version-history":[{"count":1,"href":"https:\/\/pos.uel.br\/ppgel\/wp-json\/wp\/v2\/pages\/1406\/revisions"}],"predecessor-version":[{"id":1407,"href":"https:\/\/pos.uel.br\/ppgel\/wp-json\/wp\/v2\/pages\/1406\/revisions\/1407"}],"wp:attachment":[{"href":"https:\/\/pos.uel.br\/ppgel\/wp-json\/wp\/v2\/media?parent=1406"}],"curies":[{"name":"wp","href":"https:\/\/api.w.org\/{rel}","templated":true}]}}