{"id":1387,"date":"2025-06-25T14:46:47","date_gmt":"2025-06-25T17:46:47","guid":{"rendered":"https:\/\/pos.uel.br\/ppgel\/?page_id=1387"},"modified":"2025-06-25T15:01:29","modified_gmt":"2025-06-25T18:01:29","slug":"presentation-2","status":"publish","type":"page","link":"https:\/\/pos.uel.br\/ppgel\/fr\/presentation-2\/","title":{"rendered":"Pr\u00e9sentation"},"content":{"rendered":"\n<p>Avec un corps enseignant hautement qualifi\u00e9, compos\u00e9 de membres de deux d\u00e9partements de l\u2019Universit\u00e9 d&#8217;\u00c9tat de Londrina (UEL) \u2013 le D\u00e9partement de Lettres Vernaculaires et Classiques (LVC, porteur du programme) et le D\u00e9partement de Langues \u00c9trang\u00e8res Modernes (LEM, partenaire) \u2013, ainsi que de chercheurs d&#8217;autres programmes de post-graduation invit\u00e9s, le Programme de Post-Graduation en \u00c9tudes du Langage (PPGEL) vise \u00e0 offrir des opportunit\u00e9s de d\u00e9veloppement de la recherche de haut niveau, dans le cadre du master, du doctorat et du stage postdoctoral.<\/p>\n\n\n\n<p>Le programme a pour mission de contribuer \u00e0 la formation \u00e9thique et responsable de professionnels et de chercheurs qualifi\u00e9s dans le domaine des \u00e9tudes du langage, ma\u00eetrisant les savoirs n\u00e9cessaires \u00e0 la r\u00e9solution des probl\u00e9matiques \u00e9ducatives et aux avanc\u00e9es dans ce domaine acad\u00e9mique. Il vise \u00e9galement \u00e0 promouvoir un engagement fort envers le d\u00e9veloppement social, culturel et scientifique de la soci\u00e9t\u00e9 br\u00e9silienne.<\/p>\n\n\n\n<p>Sa vision est celle d\u2019un programme d\u2019excellence dans le champ des \u00e9tudes du langage, capable de r\u00e9pondre aux besoins de divers secteurs de la soci\u00e9t\u00e9, en articulant des savoirs locaux et globaux, gr\u00e2ce \u00e0 la production et \u00e0 la diffusion de recherches innovantes et \u00e0 fort impact dans les contextes o\u00f9 ses dipl\u00f4m\u00e9s agissent.<\/p>\n\n\n\n<p>Les objectifs principaux du PPGEL sont :<\/p>\n\n\n\n<p>Stimuler la production scientifique au sein des axes de recherche du programme, en favorisant une r\u00e9flexion critique sur le langage ;<\/p>\n\n\n\n<p>Favoriser l\u2019int\u00e9gration avec des centres de recherche nationaux et internationaux, afin d\u2019approfondir les discussions autour des probl\u00e9matiques li\u00e9es aux \u00e9tudes du langage ;<\/p>\n\n\n\n<p>Diffuser les connaissances produites par les enseignants-chercheurs et les \u00e9tudiants du programme, afin de rendre accessibles les r\u00e9sultats des recherches d\u00e9velopp\u00e9es ;<\/p>\n\n\n\n<p>Contribuer \u00e0 la production de savoirs in\u00e9dits dans le domaine des recherches linguistiques et \u00e0 la valorisation de la diversit\u00e9 linguistique et culturelle du pays, en encourageant des \u00e9tudes sur le portugais parl\u00e9 au Paran\u00e1 (et dans d\u2019autres \u00c9tats), ainsi que sur les langues autochtones, migrantes et frontali\u00e8res, en mettant l\u2019accent sur le portugais comme langue d\u2019accueil ;<\/p>\n\n\n\n<p>Former des professionnels qualifi\u00e9s pour l\u2019enseignement, la recherche et l\u2019extension universitaire, en contribuant au d\u00e9veloppement \u00e9ducatif et culturel de la soci\u00e9t\u00e9, et en proposant des am\u00e9liorations m\u00e9thodologiques et didactiques ayant un impact positif sur l\u2019enseignement fondamental et secondaire.<\/p>\n\n\n\n<p>Cr\u00e9\u00e9 en juin 2001, suite \u00e0 la r\u00e9organisation du Programme de Post-Graduation en Lettres (PPGL, cr\u00e9\u00e9 en 1993, avec une concentration en \u00c9tudes Litt\u00e9raires), le PPGEL s\u2019est structur\u00e9 autour de deux domaines de concentration \u2013 Langage et Signification et Langage et \u00c9ducation \u2013, chacun comportant deux axes de recherche. Le doctorat a \u00e9t\u00e9 implant\u00e9 d\u00e8s 2003.<\/p>\n\n\n\n<p>En plus de deux d\u00e9cennies d\u2019existence, le programme a form\u00e9 de nombreux ma\u00eetres et docteurs qui travaillent aujourd\u2019hui dans divers secteurs : enseignement public et priv\u00e9, entreprises, ONG, services sp\u00e9cialis\u00e9s, etc.<\/p>\n\n\n\n<p>Avec une forte insertion r\u00e9gionale et nationale, le PPGEL \u00e9dite deux revues scientifiques reconnues :<\/p>\n\n\n\n<p>Signum : Estudos da Linguagem<\/p>\n\n\n\n<p>Entretextos<\/p>\n\n\n\n<p>Ces deux publications jouent un r\u00f4le important dans la diffusion des savoirs produits dans le domaine des \u00e9tudes du langage, en accueillant des contributions de chercheurs br\u00e9siliens et internationaux.<\/p>\n\n\n\n<p>UM POUCO DAQUELES QUE FIZERAM A HIST\u00d3RIA DO NOSSO PROGRAMA:<\/p>\n\n\n\n<p>ANTIGOS DOCENTES<\/p>\n\n\n\n<p>(2001-2003)\u00a0<a href=\"http:\/\/lattes.cnpq.br\/1734302217180665\">Ismael Pontes<\/a><\/p>\n\n\n\n<p>(2001-2007)\u00a0<a href=\"http:\/\/lattes.cnpq.br\/9112304621970481\">Sonia Maria Lazzarini Cyrino<\/a><\/p>\n\n\n\n<p>(2001-2019)\u00a0<a href=\"http:\/\/lattes.cnpq.br\/0469655172816004\">Loredana Limoli<\/a><\/p>\n\n\n\n<p>(2004-2008)<a href=\"http:\/\/lattes.cnpq.br\/6521903408539021\">\u00a0Luiz Carlos Migliozzi Ferreira de Mello<\/a><\/p>\n\n\n\n<p>(2001-2010)\u00a0<a href=\"http:\/\/lattes.cnpq.br\/7676268794147226\">Luiz Carlos Fernandes<\/a>\u00a0<\/p>\n\n\n\n<p>(2001-2010)\u00a0<a href=\"http:\/\/lattes.cnpq.br\/1034201947813041\">Regina Maria Greg\u00f3rio<\/a><\/p>\n\n\n\n<p>(2001-2012)\u00a0<a href=\"http:\/\/lattes.cnpq.br\/9230136802984841\">Adja Balbino de Amorim Barbieri Dur\u00e3o<\/a><\/p>\n\n\n\n<p>(2001-2015)\u00a0<a href=\"http:\/\/lattes.cnpq.br\/6757863866100108\">Alba Maria Perfeito<\/a><\/p>\n\n\n\n<p>(2001-2015)\u00a0<a href=\"http:\/\/lattes.cnpq.br\/3202163560671596\">Ludoviko Carnasciali dos Santos<\/a><\/p>\n\n\n\n<p>(2001-2016)\u00a0<a href=\"http:\/\/lattes.cnpq.br\/4056824042479771\">Paulo de Tarso Galembeck<\/a><\/p>\n\n\n\n<p>(2009-2018)\u00a0<a href=\"http:\/\/buscatextual.cnpq.br\/buscatextual\/visualizacv.do?id=K4798034T0\">N\u00fabio Dellane Ferraz Mafra<\/a>\u00a0<\/p>\n\n\n\n<p>(2015-2023)\u00a0<a href=\"http:\/\/lattes.cnpq.br\/2579379962697917\">Ana L\u00facia de Campos Almeida<\/a><\/p>\n\n\n\n<p>(2001-2022) <a href=\"http:\/\/lattes.cnpq.br\/4116478895203062\">Elvira Lopes Nascimento<\/a><\/p>\n\n\n\n<p>(2013-2024) <a href=\"http:\/\/lattes.cnpq.br\/3445043936246326\">Viviane Aparecida Bagio Furtoso<\/a><\/p>\n\n\n\n<p>ANTIGAS COMISS\u00d5ES COORDENADORAS&nbsp; &nbsp;<\/p>\n\n\n\n<p>COMISS\u00c3O COORDENADORA&nbsp;DE 01\/06\/2023 A 31\/05\/2024<br>Coordenadora: Joyce Elaine de Almeida<br>Vice-Coordenadora: Andr\u00e9ia da Cunha Malheiros Santana<br>3\u00ba Representante:&nbsp;Isabel Cristina Cordeiro<br>Representante do LEM: Juliana Reichert Assun\u00e7\u00e3o Tonelli<br>Representante discente:&nbsp;Gabriela Pepis &nbsp; &nbsp; &nbsp; &nbsp;<\/p>\n\n\n\n<p>COMISS\u00c3O COORDENADORA&nbsp;DE 01\/06\/2016 A 31\/05\/2023<br>Coordenadora: Fabiane Cristina Altino<br>Vice-Coordenadora: &nbsp;Joyce Elaine de Almeida Baronas<br>3\u00ba Representante: &nbsp;Esther Gomes de Oliveira&nbsp;<br>Representante do LEM: Vera L\u00facia Lopes Crist\u00f3v\u00e3o<br>Representante discente:&nbsp;Kauana Scabori&nbsp;\/ Evelyn Mayer &nbsp; &nbsp; &nbsp; &nbsp; &nbsp; &nbsp; &nbsp; &nbsp; &nbsp; &nbsp; &nbsp; &nbsp; &nbsp; &nbsp; &nbsp; &nbsp; &nbsp; &nbsp; &nbsp;<\/p>\n\n\n\n<p>COMISS\u00c3O COORDENADORA DE 01\/06\/2013 A 31\/05\/2016<br>Coordenador: N\u00fabio Delanne Ferraz Mafra<br>Vice-Coordenador: Paulo de Tarso Galembeck&nbsp;(at\u00e9 03\/03\/2015)<br>Esther Gomes de Oliveira&nbsp;(a partir de 24\/04\/2015)<br>3\u00ba Representante: Elvira Lopes Nascimento&nbsp;(at\u00e9&nbsp;11\/03\/2014 \u2013 a partir de 05\/02\/2015)&nbsp;<br>Elaine Fernandes Mateus&nbsp;(de 12\/03\/2014&nbsp;at\u00e9 08\/10\/2014)<br>Fabiane Cristina Altino&nbsp;(de 09\/10\/2014 at\u00e9 04\/02\/2015)<br>Representante do LEM: Vera L\u00facia Lopes Crist\u00f3v\u00e3o&nbsp;(at\u00e9 31\/07\/2015)<br>Simone Reis&nbsp;(a partir de 01\/08\/2015)<br>Representante discente: Let\u00edcia Jovelina Storto e Paula Kracker Francescon&nbsp;(de 01\/06\/2013 a 31\/12\/2013)<br>Ana Claudia Cury Calia de Souza&nbsp;(de 01\/01\/2014 a 31\/12\/2014)<br>Taciane Marcelle Marques&nbsp;(a partir de 01\/01\/2015)<\/p>\n\n\n\n<p>COMISS\u00c3O COORDENADORA DE 01\/06\/2010 A 31\/05\/2013<br>Coordenador: Vanderci de Andrade Aguilera<br>Vice-Coordenador: Telma Nunes Gimenez&nbsp;(at\u00e9 05\/05\/2011)<br>Paulo de Tarso Galembeck&nbsp;(a partir de 31\/05\/2011)<br>2\u00ba Representante: Loredana Limoli<br>3\u00ba Representante: Paulo de Tarso Galembeck&nbsp;(at\u00e9 30\/05\/2011)<br>Representante do LEM: Simone Reis&nbsp;(a partir de 06\/05\/2011)<br>Representante discente: Eliane Vitorino de Moura Oliveira&nbsp;(de 01\/09\/2010 a 31\/08\/2011)<br>Alcione Campos&nbsp;(de 01\/09\/2011 a 31\/12\/2012)<br>Let\u00edcia Jovelina Storto e Paula Kracker Francescon&nbsp;(a partir de 01\/01\/2013)<\/p>\n\n\n\n<p>COMISS\u00c3O COORDENADORA DE 01\/06\/2007 A 31\/05\/2010<br>Coordenador: Luiz Carlos Migliozzi Ferreira de Mello&nbsp;(at\u00e9 05\/09\/2008)<br>Esther Gomes de Oliveira&nbsp;(a partir de 15\/09\/2008)<br>Vice-Coordenador: Loredana Limoli<br>3\u00ba Representante:&nbsp; Vanderci de Andrade Aguilera&nbsp;(at\u00e9 31\/07\/2008)<br>Paulo de Tarso Galembeck&nbsp;(a partir de 25\/09\/2008)<br>Representante do LEM: Adja Balbino de Amorim Barbieri Dur\u00e3o<br>Representante discente: Melissa Carolina Herrero de Azevedo&nbsp;(at\u00e9 31\/12\/2009)<\/p>\n\n\n\n<p>COMISS\u00c3O COORDENADORA DE 01\/03\/2005 A 31\/05\/2007<br>Coordenador:&nbsp; Luiz Carlos Fernandes&nbsp;(at\u00e9 02\/04\/2006)<br>Telma Nunez Gimenez&nbsp;(a partir de 03\/04\/2006)<br>Vice-Coordenador: Alba Maria Perfeito&nbsp;(at\u00e9 24\/11\/2005)<br>Luiz Carlos Migliozzi Ferreira de Mello&nbsp;(a partir de 25\/11\/2005)<br>3\u00ba Representante:&nbsp; Vanderci de Andrade Aguilera<br>Representante do LEM: Telma Nunes Gimenez&nbsp;(at\u00e9 02\/04\/2006)<\/p>\n\n\n\n<p>COMISS\u00c3O COORDENADORA DE 01\/03\/2003 A 28\/02\/2005<br>Coordenador: Sonia Maria Lazzarini Cyrino<br>Vice-Coordenador:&nbsp; Luiz Carlos Fernandes<br>3\u00ba Representante: Vanderci de Andrade Aguilera<br>Representante do LEM: Adja Balbino de Amorim Barbieri Dur\u00e3o<\/p>\n\n\n\n<p>COMISS\u00c3O COORDENADORA DE 12\/06\/2001 A 28\/02\/2003<br>Coordenadora:&nbsp; Sonia Maria Lazzarini Cyrino<br>Vice-Coordenador:&nbsp; Vanderci de Andrade Aguilera<br>3\u00ba Representante: Ismael Pontes<br>Representante do LEM: Telma Nunes Gimenez<\/p>\n","protected":false},"excerpt":{"rendered":"<p>Avec un corps enseignant hautement qualifi\u00e9, compos\u00e9 de membres de deux d\u00e9partements de l\u2019Universit\u00e9 d&#8217;\u00c9tat de Londrina (UEL) \u2013 le D\u00e9partement de Lettres Vernaculaires et Classiques (LVC, porteur du programme) et le D\u00e9partement de Langues \u00c9trang\u00e8res Modernes (LEM, partenaire) \u2013, ainsi que de chercheurs d&#8217;autres programmes de post-graduation invit\u00e9s, le Programme de Post-Graduation en \u00c9tudes [&hellip;]<\/p>\n","protected":false},"author":10,"featured_media":0,"parent":0,"menu_order":0,"comment_status":"closed","ping_status":"closed","template":"","meta":{"footnotes":""},"class_list":["post-1387","page","type-page","status-publish","hentry"],"_links":{"self":[{"href":"https:\/\/pos.uel.br\/ppgel\/wp-json\/wp\/v2\/pages\/1387","targetHints":{"allow":["GET"]}}],"collection":[{"href":"https:\/\/pos.uel.br\/ppgel\/wp-json\/wp\/v2\/pages"}],"about":[{"href":"https:\/\/pos.uel.br\/ppgel\/wp-json\/wp\/v2\/types\/page"}],"author":[{"embeddable":true,"href":"https:\/\/pos.uel.br\/ppgel\/wp-json\/wp\/v2\/users\/10"}],"replies":[{"embeddable":true,"href":"https:\/\/pos.uel.br\/ppgel\/wp-json\/wp\/v2\/comments?post=1387"}],"version-history":[{"count":1,"href":"https:\/\/pos.uel.br\/ppgel\/wp-json\/wp\/v2\/pages\/1387\/revisions"}],"predecessor-version":[{"id":1388,"href":"https:\/\/pos.uel.br\/ppgel\/wp-json\/wp\/v2\/pages\/1387\/revisions\/1388"}],"wp:attachment":[{"href":"https:\/\/pos.uel.br\/ppgel\/wp-json\/wp\/v2\/media?parent=1387"}],"curies":[{"name":"wp","href":"https:\/\/api.w.org\/{rel}","templated":true}]}}