{"id":1385,"date":"2025-06-25T14:42:33","date_gmt":"2025-06-25T17:42:33","guid":{"rendered":"https:\/\/pos.uel.br\/ppgel\/?page_id=1385"},"modified":"2025-06-25T14:42:33","modified_gmt":"2025-06-25T17:42:33","slug":"presentacion","status":"publish","type":"page","link":"https:\/\/pos.uel.br\/ppgel\/es\/presentacion\/","title":{"rendered":"Presentaci\u00f3n"},"content":{"rendered":"\n<p><\/p>\n\n\n\n<p>Con un cuerpo docente altamente calificado de dos departamentos de la UEL (proponente: Departamento de Letras Vern\u00e1culas y Cl\u00e1sicas (LVC); participante: Departamento de Letras Extranjeras Modernas (LEM) y de otros programas de posgrado, en calidad de invitados), el Programa de Posgrado en Estudios del Lenguaje (PPGEL) busca ofrecer oportunidades de desarrollo de investigaci\u00f3n de alto nivel en el \u00e1mbito de la maestr\u00eda, doctorado y estancia posdoctoral (postdoctorado).<\/p>\n\n\n\n<p>La misi\u00f3n del programa es contribuir a la formaci\u00f3n \u00e9tica y responsable de profesionales e investigadores calificados en el \u00e1rea de estudios del lenguaje, con pleno dominio de los conocimientos necesarios para la resoluci\u00f3n de cuestiones educativas y avances en esta \u00e1rea acad\u00e9mica, adem\u00e1s de estar comprometidos con el desarrollo social, cultural y cient\u00edfico de la sociedad brasile\u00f1a. Su visi\u00f3n es: Ser un programa de excelencia en el \u00e1rea de estudios del lenguaje, atendiendo las demandas de diferentes sectores de la sociedad, promoviendo articulaciones entre conocimientos locales y globales, mediante el desarrollo y la difusi\u00f3n de investigaciones innovadoras y de alto impacto en los lugares donde sus egresados act\u00faen.<\/p>\n\n\n\n<p>Sus principales objetivos son:<\/p>\n\n\n\n<p>i) fomentar la producci\u00f3n de trabajos cient\u00edficos en las l\u00edneas de investigaci\u00f3n del programa, promoviendo la reflexi\u00f3n cr\u00edtica sobre el lenguaje;<\/p>\n\n\n\n<p>ii) actuar de forma integrada con centros de investigaci\u00f3n nacionales e internacionales, con el fin de profundizar las discusiones en torno a las cuestiones relacionadas con los estudios del lenguaje;<\/p>\n\n\n\n<p>iii) difundir el conocimiento producido por docentes y estudiantes del programa, de modo que los resultados de las investigaciones desarrolladas sean accesibles;<\/p>\n\n\n\n<p>iv) contribuir a la producci\u00f3n de nuevos conocimientos en el \u00e1mbito de las investigaciones ling\u00fc\u00edsticas y a la valorizaci\u00f3n de la diversidad ling\u00fc\u00edstica y cultural del estado\/pa\u00eds, incentivando estudios sobre el portugu\u00e9s hablado en Paran\u00e1 (y en otros estados) y las lenguas ind\u00edgenas, migrantes y fronterizas, con especial \u00e9nfasis en el portugu\u00e9s como lengua de acogida;<\/p>\n\n\n\n<p>v) cualificar profesionales para actuar en la ense\u00f1anza, investigaci\u00f3n y extensi\u00f3n, contribuyendo al desarrollo educativo y cultural de la sociedad, proponiendo mejoras metodol\u00f3gicas y did\u00e1cticas con impactos positivos en la educaci\u00f3n b\u00e1sica.<\/p>\n\n\n\n<p>El PPGEL \u2013 Programa de Posgrado en Estudios del Lenguaje inici\u00f3 sus actividades en junio de 2001, a partir de la separaci\u00f3n del PPGL \u2013 Programa de Posgrado en Letras (\u00e1rea de concentraci\u00f3n Estudios Literarios, en nivel de Maestr\u00eda), que hab\u00eda sido creado en 1993. Con un cuerpo docente calificado en las \u00e1reas de Lengua Portuguesa y Lenguas Extranjeras, el PPGEL se organiz\u00f3 en dos \u00e1reas de concentraci\u00f3n: Lenguaje y Significaci\u00f3n y Lenguaje y Educaci\u00f3n, con dos l\u00edneas de investigaci\u00f3n cada una. Poco despu\u00e9s, en 2003, fue creado el doctorado. A lo largo de m\u00e1s de dos d\u00e9cadas, se han formado muchos maestros y doctores que act\u00faan en diversos sectores como la ense\u00f1anza p\u00fablica y privada, empresas, organizaciones no gubernamentales y prestaci\u00f3n de servicios. Con fuerte inserci\u00f3n regional y nacional, el PPGEL mantiene dos revistas bien calificadas: Signum: Estudios del Lenguaje y Entretextos. Ambos medios contribuyen a la difusi\u00f3n de los conocimientos producidos en el \u00e1rea de Estudios del Lenguaje por investigadores nacionales y extranjeros.<\/p>\n\n\n\n<p><\/p>\n\n\n\n<p><strong>UM POUCO DAQUELES QUE FIZERAM A HIST\u00d3RIA DO NOSSO PROGRAMA:<\/strong><\/p>\n\n\n\n<p><strong>ANTIGOS DOCENTES<\/strong><\/p>\n\n\n\n<p>(2001-2003)&nbsp;<a href=\"http:\/\/lattes.cnpq.br\/1734302217180665\">Ismael Pontes<\/a><\/p>\n\n\n\n<p>(2001-2007)&nbsp;<a href=\"http:\/\/lattes.cnpq.br\/9112304621970481\">Sonia Maria Lazzarini Cyrino<\/a><\/p>\n\n\n\n<p>(2001-2019)&nbsp;<a href=\"http:\/\/lattes.cnpq.br\/0469655172816004\">Loredana Limoli<\/a><\/p>\n\n\n\n<p>(2004-2008)&nbsp;<a href=\"http:\/\/lattes.cnpq.br\/6521903408539021\">Luiz Carlos Migliozzi Ferreira de Mello<\/a><\/p>\n\n\n\n<p>(2001-2010)&nbsp;<a href=\"http:\/\/lattes.cnpq.br\/7676268794147226\">Luiz Carlos Fernandes<\/a>&nbsp;<\/p>\n\n\n\n<p>(2001-2010)&nbsp;<a href=\"http:\/\/lattes.cnpq.br\/1034201947813041\">Regina Maria Greg\u00f3rio<\/a><\/p>\n\n\n\n<p>(2001-2012)&nbsp;<a href=\"http:\/\/lattes.cnpq.br\/9230136802984841\">Adja Balbino de Amorim Barbieri Dur\u00e3o<\/a><\/p>\n\n\n\n<p>(2001-2015)&nbsp;<a href=\"http:\/\/lattes.cnpq.br\/6757863866100108\">Alba Maria Perfeito<\/a><\/p>\n\n\n\n<p>(2001-2015)&nbsp;<a href=\"http:\/\/lattes.cnpq.br\/3202163560671596\">Ludoviko Carnasciali dos Santos<\/a><\/p>\n\n\n\n<p>(2001-2016)&nbsp;<a href=\"http:\/\/lattes.cnpq.br\/4056824042479771\">Paulo de Tarso Galembeck<\/a><\/p>\n\n\n\n<p>(2009-2018)&nbsp;<a href=\"http:\/\/buscatextual.cnpq.br\/buscatextual\/visualizacv.do?id=K4798034T0\">N\u00fabio Dellane Ferraz Mafra<\/a>&nbsp;<\/p>\n\n\n\n<p>(2015-2023)&nbsp;<a href=\"http:\/\/lattes.cnpq.br\/2579379962697917\">Ana L\u00facia de Campos Almeida<\/a><\/p>\n\n\n\n<p>(2001-2022) <a href=\"http:\/\/lattes.cnpq.br\/4116478895203062\">Elvira Lopes Nascimento<\/a><\/p>\n\n\n\n<p>(2013-2024) <a href=\"http:\/\/lattes.cnpq.br\/3445043936246326\">Viviane Aparecida Bagio Furtoso<\/a><\/p>\n\n\n\n<p> <strong>ANTIGAS COMISS\u00d5ES COORDENADORAS<\/strong>&nbsp; &nbsp;<\/p>\n\n\n\n<p><strong>COMISS\u00c3O COORDENADORA&nbsp;<strong>DE 01\/06\/2023 A 31\/05\/202<\/strong>4<br><\/strong>Coordenadora: Joyce Elaine de Almeida<br>Vice-Coordenadora: Andr\u00e9ia da Cunha Malheiros Santana  <br>3\u00ba Representante:&nbsp;Isabel Cristina Cordeiro<br>Representante do LEM: Juliana Reichert Assun\u00e7\u00e3o Tonelli<br>Representante discente:&nbsp;Gabriela Pepis &nbsp; &nbsp; &nbsp; &nbsp;<\/p>\n\n\n\n<p><strong>COMISS\u00c3O COORDENADORA&nbsp;DE 01\/06\/2016 A 31\/05\/2023<br><\/strong>Coordenadora: Fabiane Cristina Altino<br>Vice-Coordenadora: &nbsp;Joyce Elaine de Almeida Baronas<br>3\u00ba Representante: &nbsp;Esther Gomes de Oliveira&nbsp;<br>Representante do LEM: Vera L\u00facia Lopes Crist\u00f3v\u00e3o<br>Representante discente:&nbsp;Kauana Scabori&nbsp;\/ Evelyn Mayer &nbsp; &nbsp; &nbsp; &nbsp; &nbsp; &nbsp; &nbsp; &nbsp; &nbsp; &nbsp; &nbsp; &nbsp; &nbsp; &nbsp; &nbsp; &nbsp; &nbsp; &nbsp; &nbsp;<\/p>\n\n\n\n<p><strong>COMISS\u00c3O COORDENADORA DE 01\/06\/2013 A 31\/05\/2016<br><\/strong>Coordenador: N\u00fabio Delanne Ferraz Mafra<br>Vice-Coordenador: Paulo de Tarso Galembeck&nbsp;(at\u00e9 03\/03\/2015)<br>Esther Gomes de Oliveira&nbsp;(a partir de 24\/04\/2015)<br>3\u00ba Representante: Elvira Lopes Nascimento&nbsp;(at\u00e9&nbsp;11\/03\/2014 \u2013 a partir de 05\/02\/2015)&nbsp;<br>Elaine Fernandes Mateus&nbsp;(de 12\/03\/2014&nbsp;at\u00e9 08\/10\/2014)<br>Fabiane Cristina Altino&nbsp;(de 09\/10\/2014 at\u00e9 04\/02\/2015)<br>Representante do LEM: Vera L\u00facia Lopes Crist\u00f3v\u00e3o&nbsp;(at\u00e9 31\/07\/2015)<br>Simone Reis&nbsp;(a partir de 01\/08\/2015)<br>Representante discente: Let\u00edcia Jovelina Storto e Paula Kracker Francescon&nbsp;(de 01\/06\/2013 a 31\/12\/2013)<br>Ana Claudia Cury Calia de Souza&nbsp;(de 01\/01\/2014 a 31\/12\/2014)<br>Taciane Marcelle Marques&nbsp;(a partir de 01\/01\/2015)<\/p>\n\n\n\n<p><strong>COMISS\u00c3O COORDENADORA DE 01\/06\/2010 A 31\/05\/2013<br><\/strong>Coordenador: Vanderci de Andrade Aguilera<br>Vice-Coordenador: Telma Nunes Gimenez&nbsp;(at\u00e9 05\/05\/2011)<br>Paulo de Tarso Galembeck&nbsp;(a partir de 31\/05\/2011)<br>2\u00ba Representante: Loredana Limoli<br>3\u00ba Representante: Paulo de Tarso Galembeck&nbsp;(at\u00e9 30\/05\/2011)<br>Representante do LEM: Simone Reis&nbsp;(a partir de 06\/05\/2011)<br>Representante discente: Eliane Vitorino de Moura Oliveira&nbsp;(de 01\/09\/2010 a 31\/08\/2011)<br>Alcione Campos&nbsp;(de 01\/09\/2011 a 31\/12\/2012)<br>Let\u00edcia Jovelina Storto e Paula Kracker Francescon&nbsp;(a partir de 01\/01\/2013)<\/p>\n\n\n\n<p><strong>COMISS\u00c3O COORDENADORA DE 01\/06\/2007 A 31\/05\/2010<br><\/strong>Coordenador: Luiz Carlos Migliozzi Ferreira de Mello&nbsp;(at\u00e9 05\/09\/2008)<br>Esther Gomes de Oliveira&nbsp;(a partir de 15\/09\/2008)<br>Vice-Coordenador: Loredana Limoli<br>3\u00ba Representante:&nbsp; Vanderci de Andrade Aguilera&nbsp;(at\u00e9 31\/07\/2008)<br>Paulo de Tarso Galembeck&nbsp;(a partir de 25\/09\/2008)<br>Representante do LEM: Adja Balbino de Amorim Barbieri Dur\u00e3o<br>Representante discente: Melissa Carolina Herrero de Azevedo&nbsp;(at\u00e9 31\/12\/2009)<\/p>\n\n\n\n<p><strong>COMISS\u00c3O COORDENADORA DE 01\/03\/2005 A 31\/05\/2007<br><\/strong>Coordenador:&nbsp; Luiz Carlos Fernandes&nbsp;(at\u00e9 02\/04\/2006)<br>Telma Nunez Gimenez&nbsp;(a partir de 03\/04\/2006)<br>Vice-Coordenador: Alba Maria Perfeito&nbsp;(at\u00e9 24\/11\/2005)<br>Luiz Carlos Migliozzi Ferreira de Mello&nbsp;(a partir de 25\/11\/2005)<br>3\u00ba Representante:&nbsp; Vanderci de Andrade Aguilera<br>Representante do LEM: Telma Nunes Gimenez&nbsp;(at\u00e9 02\/04\/2006)<\/p>\n\n\n\n<p><strong>COMISS\u00c3O COORDENADORA DE 01\/03\/2003 A 28\/02\/2005<br><\/strong>Coordenador: Sonia Maria Lazzarini Cyrino<br>Vice-Coordenador:&nbsp; Luiz Carlos Fernandes<br>3\u00ba Representante: Vanderci de Andrade Aguilera<br>Representante do LEM: Adja Balbino de Amorim Barbieri Dur\u00e3o<\/p>\n\n\n\n<p><strong>COMISS\u00c3O COORDENADORA DE 12\/06\/2001 A 28\/02\/2003<\/strong><br>Coordenadora:&nbsp; Sonia Maria Lazzarini Cyrino<br>Vice-Coordenador:&nbsp; Vanderci de Andrade Aguilera<br>3\u00ba Representante: Ismael Pontes<br>Representante do LEM: Telma Nunes Gimenez<\/p>\n","protected":false},"excerpt":{"rendered":"<p>Con un cuerpo docente altamente calificado de dos departamentos de la UEL (proponente: Departamento de Letras Vern\u00e1culas y Cl\u00e1sicas (LVC); participante: Departamento de Letras Extranjeras Modernas (LEM) y de otros programas de posgrado, en calidad de invitados), el Programa de Posgrado en Estudios del Lenguaje (PPGEL) busca ofrecer oportunidades de desarrollo de investigaci\u00f3n de alto [&hellip;]<\/p>\n","protected":false},"author":10,"featured_media":0,"parent":0,"menu_order":0,"comment_status":"closed","ping_status":"closed","template":"","meta":{"footnotes":""},"class_list":["post-1385","page","type-page","status-publish","hentry"],"_links":{"self":[{"href":"https:\/\/pos.uel.br\/ppgel\/wp-json\/wp\/v2\/pages\/1385","targetHints":{"allow":["GET"]}}],"collection":[{"href":"https:\/\/pos.uel.br\/ppgel\/wp-json\/wp\/v2\/pages"}],"about":[{"href":"https:\/\/pos.uel.br\/ppgel\/wp-json\/wp\/v2\/types\/page"}],"author":[{"embeddable":true,"href":"https:\/\/pos.uel.br\/ppgel\/wp-json\/wp\/v2\/users\/10"}],"replies":[{"embeddable":true,"href":"https:\/\/pos.uel.br\/ppgel\/wp-json\/wp\/v2\/comments?post=1385"}],"version-history":[{"count":1,"href":"https:\/\/pos.uel.br\/ppgel\/wp-json\/wp\/v2\/pages\/1385\/revisions"}],"predecessor-version":[{"id":1386,"href":"https:\/\/pos.uel.br\/ppgel\/wp-json\/wp\/v2\/pages\/1385\/revisions\/1386"}],"wp:attachment":[{"href":"https:\/\/pos.uel.br\/ppgel\/wp-json\/wp\/v2\/media?parent=1385"}],"curies":[{"name":"wp","href":"https:\/\/api.w.org\/{rel}","templated":true}]}}