{"id":1383,"date":"2025-06-25T14:41:13","date_gmt":"2025-06-25T17:41:13","guid":{"rendered":"https:\/\/pos.uel.br\/ppgel\/?page_id=1383"},"modified":"2025-06-25T14:41:14","modified_gmt":"2025-06-25T17:41:14","slug":"presentation","status":"publish","type":"page","link":"https:\/\/pos.uel.br\/ppgel\/en\/presentation\/","title":{"rendered":"Presentation"},"content":{"rendered":"\n<p>The <strong>Graduate Program in Language Studies (PPGEL) counts on <\/strong>highly qualified staff from two UEL Departments and other visiting professors. It\u00a0 offers opportunities for high level research\u00a0 development at the Masters, Doctoral and Post-doctoral levels.<\/p>\n\n\n\n<p><strong>Mission<\/strong>:<\/p>\n\n\n\n<p>Contribute to the ethical and responsible development of qualified professionals and researchers in the area of \u200b\u200blanguage studies, with full command of the knowledge necessary to address educational issues and advances in this academic area, in addition to being committed to the social, cultural and scientific development of the Brazilian society.<\/p>\n\n\n\n<p><strong>Vision<\/strong>:<\/p>\n\n\n\n<p>To achieve excellence in the area of \u200b\u200blanguage studies, meeting the demands of different sectors of society, promoting connections between local and global knowledge, through the development and dissemination of innovative and high-impact research in contexts where its graduates work.<\/p>\n\n\n\n<p>Concentration Areas and Research Lines:<\/p>\n\n\n\n<ul class=\"wp-block-list\">\n<li>Concentration Area A: Language and Meaning\n<ul class=\"wp-block-list\">\n<li>Research Line 1: Linguistic Analysis and Description<\/li>\n\n\n\n<li>Research Line 2: Text and Discourse Studies<\/li>\n<\/ul>\n<\/li>\n\n\n\n<li>Concentration Area B: Language and Education\n<ul class=\"wp-block-list\">\n<li>Research Line 3: Teaching and Learning and the Development of Teachers of Portuguese and other languages;<\/li>\n\n\n\n<li>Research Line 4: Teaching and Learning and the Development of Foreign Language Teachers.<\/li>\n<\/ul>\n<\/li>\n<\/ul>\n\n\n\n<p>The Graduate Program in Language Studies (PPGEL) offers scholarships from <strong>CAPES <\/strong>and <strong>Funda\u00e7\u00e3o Arauc\u00e1ria<\/strong> to Brazilian students.<\/p>\n\n\n\n<p><\/p>\n\n\n\n<p><strong>UM POUCO DAQUELES QUE FIZERAM A HIST\u00d3RIA DO NOSSO PROGRAMA:<\/strong><\/p>\n\n\n\n<p><strong>ANTIGOS DOCENTES<\/strong><\/p>\n\n\n\n<p>(2001-2003)&nbsp;<a href=\"http:\/\/lattes.cnpq.br\/1734302217180665\">Ismael Pontes<\/a><\/p>\n\n\n\n<p>(2001-2007)&nbsp;<a href=\"http:\/\/lattes.cnpq.br\/9112304621970481\">Sonia Maria Lazzarini Cyrino<\/a><\/p>\n\n\n\n<p>(2001-2019)&nbsp;<a href=\"http:\/\/lattes.cnpq.br\/0469655172816004\">Loredana Limoli<\/a><\/p>\n\n\n\n<p>(2004-2008)&nbsp;<a href=\"http:\/\/lattes.cnpq.br\/6521903408539021\">Luiz Carlos Migliozzi Ferreira de Mello<\/a><\/p>\n\n\n\n<p>(2001-2010)&nbsp;<a href=\"http:\/\/lattes.cnpq.br\/7676268794147226\">Luiz Carlos Fernandes<\/a>&nbsp;<\/p>\n\n\n\n<p>(2001-2010)&nbsp;<a href=\"http:\/\/lattes.cnpq.br\/1034201947813041\">Regina Maria Greg\u00f3rio<\/a><\/p>\n\n\n\n<p>(2001-2012)&nbsp;<a href=\"http:\/\/lattes.cnpq.br\/9230136802984841\">Adja Balbino de Amorim Barbieri Dur\u00e3o<\/a><\/p>\n\n\n\n<p>(2001-2015)&nbsp;<a href=\"http:\/\/lattes.cnpq.br\/6757863866100108\">Alba Maria Perfeito<\/a><\/p>\n\n\n\n<p>(2001-2015)&nbsp;<a href=\"http:\/\/lattes.cnpq.br\/3202163560671596\">Ludoviko Carnasciali dos Santos<\/a><\/p>\n\n\n\n<p>(2001-2016)&nbsp;<a href=\"http:\/\/lattes.cnpq.br\/4056824042479771\">Paulo de Tarso Galembeck<\/a><\/p>\n\n\n\n<p>(2009-2018)&nbsp;<a href=\"http:\/\/buscatextual.cnpq.br\/buscatextual\/visualizacv.do?id=K4798034T0\">N\u00fabio Dellane Ferraz Mafra<\/a>&nbsp;<\/p>\n\n\n\n<p>(2015-2023)&nbsp;<a href=\"http:\/\/lattes.cnpq.br\/2579379962697917\">Ana L\u00facia de Campos Almeida<\/a><\/p>\n\n\n\n<p>(2001-2022) <a href=\"http:\/\/lattes.cnpq.br\/4116478895203062\">Elvira Lopes Nascimento<\/a><\/p>\n\n\n\n<p>(2013-2024) <a href=\"http:\/\/lattes.cnpq.br\/3445043936246326\">Viviane Aparecida Bagio Furtoso<\/a><\/p>\n\n\n\n<p> <strong>ANTIGAS COMISS\u00d5ES COORDENADORAS<\/strong>&nbsp; &nbsp;<\/p>\n\n\n\n<p><strong>COMISS\u00c3O COORDENADORA&nbsp;<strong>DE 01\/06\/2023 A 31\/05\/202<\/strong>4<br><\/strong>Coordenadora: Joyce Elaine de Almeida<br>Vice-Coordenadora: Andr\u00e9ia da Cunha Malheiros Santana  <br>3\u00ba Representante:&nbsp;Isabel Cristina Cordeiro<br>Representante do LEM: Juliana Reichert Assun\u00e7\u00e3o Tonelli<br>Representante discente:&nbsp;Gabriela Pepis &nbsp; &nbsp; &nbsp; &nbsp;<\/p>\n\n\n\n<p><strong>COMISS\u00c3O COORDENADORA&nbsp;DE 01\/06\/2016 A 31\/05\/2023<br><\/strong>Coordenadora: Fabiane Cristina Altino<br>Vice-Coordenadora: &nbsp;Joyce Elaine de Almeida Baronas<br>3\u00ba Representante: &nbsp;Esther Gomes de Oliveira&nbsp;<br>Representante do LEM: Vera L\u00facia Lopes Crist\u00f3v\u00e3o<br>Representante discente:&nbsp;Kauana Scabori&nbsp;\/ Evelyn Mayer &nbsp; &nbsp; &nbsp; &nbsp; &nbsp; &nbsp; &nbsp; &nbsp; &nbsp; &nbsp; &nbsp; &nbsp; &nbsp; &nbsp; &nbsp; &nbsp; &nbsp; &nbsp; &nbsp;<\/p>\n\n\n\n<p><strong>COMISS\u00c3O COORDENADORA DE 01\/06\/2013 A 31\/05\/2016<br><\/strong>Coordenador: N\u00fabio Delanne Ferraz Mafra<br>Vice-Coordenador: Paulo de Tarso Galembeck&nbsp;(at\u00e9 03\/03\/2015)<br>Esther Gomes de Oliveira&nbsp;(a partir de 24\/04\/2015)<br>3\u00ba Representante: Elvira Lopes Nascimento&nbsp;(at\u00e9&nbsp;11\/03\/2014 \u2013 a partir de 05\/02\/2015)&nbsp;<br>Elaine Fernandes Mateus&nbsp;(de 12\/03\/2014&nbsp;at\u00e9 08\/10\/2014)<br>Fabiane Cristina Altino&nbsp;(de 09\/10\/2014 at\u00e9 04\/02\/2015)<br>Representante do LEM: Vera L\u00facia Lopes Crist\u00f3v\u00e3o&nbsp;(at\u00e9 31\/07\/2015)<br>Simone Reis&nbsp;(a partir de 01\/08\/2015)<br>Representante discente: Let\u00edcia Jovelina Storto e Paula Kracker Francescon&nbsp;(de 01\/06\/2013 a 31\/12\/2013)<br>Ana Claudia Cury Calia de Souza&nbsp;(de 01\/01\/2014 a 31\/12\/2014)<br>Taciane Marcelle Marques&nbsp;(a partir de 01\/01\/2015)<\/p>\n\n\n\n<p><strong>COMISS\u00c3O COORDENADORA DE 01\/06\/2010 A 31\/05\/2013<br><\/strong>Coordenador: Vanderci de Andrade Aguilera<br>Vice-Coordenador: Telma Nunes Gimenez&nbsp;(at\u00e9 05\/05\/2011)<br>Paulo de Tarso Galembeck&nbsp;(a partir de 31\/05\/2011)<br>2\u00ba Representante: Loredana Limoli<br>3\u00ba Representante: Paulo de Tarso Galembeck&nbsp;(at\u00e9 30\/05\/2011)<br>Representante do LEM: Simone Reis&nbsp;(a partir de 06\/05\/2011)<br>Representante discente: Eliane Vitorino de Moura Oliveira&nbsp;(de 01\/09\/2010 a 31\/08\/2011)<br>Alcione Campos&nbsp;(de 01\/09\/2011 a 31\/12\/2012)<br>Let\u00edcia Jovelina Storto e Paula Kracker Francescon&nbsp;(a partir de 01\/01\/2013)<\/p>\n\n\n\n<p><strong>COMISS\u00c3O COORDENADORA DE 01\/06\/2007 A 31\/05\/2010<br><\/strong>Coordenador: Luiz Carlos Migliozzi Ferreira de Mello&nbsp;(at\u00e9 05\/09\/2008)<br>Esther Gomes de Oliveira&nbsp;(a partir de 15\/09\/2008)<br>Vice-Coordenador: Loredana Limoli<br>3\u00ba Representante:&nbsp; Vanderci de Andrade Aguilera&nbsp;(at\u00e9 31\/07\/2008)<br>Paulo de Tarso Galembeck&nbsp;(a partir de 25\/09\/2008)<br>Representante do LEM: Adja Balbino de Amorim Barbieri Dur\u00e3o<br>Representante discente: Melissa Carolina Herrero de Azevedo&nbsp;(at\u00e9 31\/12\/2009)<\/p>\n\n\n\n<p><strong>COMISS\u00c3O COORDENADORA DE 01\/03\/2005 A 31\/05\/2007<br><\/strong>Coordenador:&nbsp; Luiz Carlos Fernandes&nbsp;(at\u00e9 02\/04\/2006)<br>Telma Nunez Gimenez&nbsp;(a partir de 03\/04\/2006)<br>Vice-Coordenador: Alba Maria Perfeito&nbsp;(at\u00e9 24\/11\/2005)<br>Luiz Carlos Migliozzi Ferreira de Mello&nbsp;(a partir de 25\/11\/2005)<br>3\u00ba Representante:&nbsp; Vanderci de Andrade Aguilera<br>Representante do LEM: Telma Nunes Gimenez&nbsp;(at\u00e9 02\/04\/2006)<\/p>\n\n\n\n<p><strong>COMISS\u00c3O COORDENADORA DE 01\/03\/2003 A 28\/02\/2005<br><\/strong>Coordenador: Sonia Maria Lazzarini Cyrino<br>Vice-Coordenador:&nbsp; Luiz Carlos Fernandes<br>3\u00ba Representante: Vanderci de Andrade Aguilera<br>Representante do LEM: Adja Balbino de Amorim Barbieri Dur\u00e3o<\/p>\n\n\n\n<p><strong>COMISS\u00c3O COORDENADORA DE 12\/06\/2001 A 28\/02\/2003<\/strong><br>Coordenadora:&nbsp; Sonia Maria Lazzarini Cyrino<br>Vice-Coordenador:&nbsp; Vanderci de Andrade Aguilera<br>3\u00ba Representante: Ismael Pontes<br>Representante do LEM: Telma Nunes Gimenez<\/p>\n","protected":false},"excerpt":{"rendered":"<p>The Graduate Program in Language Studies (PPGEL) counts on highly qualified staff from two UEL Departments and other visiting professors. It\u00a0 offers opportunities for high level research\u00a0 development at the Masters, Doctoral and Post-doctoral levels. Mission: Contribute to the ethical and responsible development of qualified professionals and researchers in the area of \u200b\u200blanguage studies, with [&hellip;]<\/p>\n","protected":false},"author":10,"featured_media":0,"parent":0,"menu_order":0,"comment_status":"closed","ping_status":"closed","template":"","meta":{"footnotes":""},"class_list":["post-1383","page","type-page","status-publish","hentry"],"_links":{"self":[{"href":"https:\/\/pos.uel.br\/ppgel\/wp-json\/wp\/v2\/pages\/1383","targetHints":{"allow":["GET"]}}],"collection":[{"href":"https:\/\/pos.uel.br\/ppgel\/wp-json\/wp\/v2\/pages"}],"about":[{"href":"https:\/\/pos.uel.br\/ppgel\/wp-json\/wp\/v2\/types\/page"}],"author":[{"embeddable":true,"href":"https:\/\/pos.uel.br\/ppgel\/wp-json\/wp\/v2\/users\/10"}],"replies":[{"embeddable":true,"href":"https:\/\/pos.uel.br\/ppgel\/wp-json\/wp\/v2\/comments?post=1383"}],"version-history":[{"count":1,"href":"https:\/\/pos.uel.br\/ppgel\/wp-json\/wp\/v2\/pages\/1383\/revisions"}],"predecessor-version":[{"id":1384,"href":"https:\/\/pos.uel.br\/ppgel\/wp-json\/wp\/v2\/pages\/1383\/revisions\/1384"}],"wp:attachment":[{"href":"https:\/\/pos.uel.br\/ppgel\/wp-json\/wp\/v2\/media?parent=1383"}],"curies":[{"name":"wp","href":"https:\/\/api.w.org\/{rel}","templated":true}]}}