{"id":1221,"date":"2025-05-28T23:35:25","date_gmt":"2025-05-29T02:35:25","guid":{"rendered":"https:\/\/pos.uel.br\/ppgel\/?page_id=1221"},"modified":"2025-06-10T15:48:51","modified_gmt":"2025-06-10T18:48:51","slug":"doutorado-2021","status":"publish","type":"page","link":"https:\/\/pos.uel.br\/ppgel\/en\/doutorado-2021\/","title":{"rendered":"DOUTORADO 2021"},"content":{"rendered":"\n<div style=\"height:100px\" aria-hidden=\"true\" class=\"wp-block-spacer\"><\/div>\n\n\n\n<figure class=\"wp-block-table is-style-stripes\"><table class=\"has-fixed-layout\"><tbody><tr><td>Egresso<\/td><td>Lattes<\/td><td>Disserta\u00e7\u00e3o<\/td><td>Orientador<\/td><\/tr><\/tbody><\/table><\/figure>\n\n\n\n<figure class=\"wp-block-table is-style-stripes\"><table class=\"has-fixed-layout\"><tbody><tr><td><strong>Thiago Leonardo Ribeiro<\/strong><\/td><td><a href=\"http:\/\/lattes.cnpq.br\/3367075615624012\"><strong>3367075615624012<\/strong><\/a><\/td><td><a href=\"https:\/\/repositorio.uel.br\/items\/440ce4c4-13e5-4e9e-adab-13cba8eda5b2\" target=\"_blank\" rel=\"noreferrer noopener\">ATLAS Lingu\u00edstico do Norte Pioneiro do Paran\u00e1: ALINPIPR<\/a><\/td><td><strong>Vanderci de Andrade Aguilera<\/strong><\/td><\/tr><tr><td><strong>Cl\u00e1udia Lopes Pontara<\/strong><\/td><td><a href=\"http:\/\/lattes.cnpq.br\/7991031715713192\"><strong>7991031715713192<\/strong><\/a><strong>&nbsp;<\/strong><\/td><td><a href=\"https:\/\/repositorio.uel.br\/items\/28bfaafc-4309-4579-af21-263182e960cd\" target=\"_blank\" rel=\"noreferrer noopener\">Forma\u00e7\u00e3o continuada cr\u00edtico-transformadora: inter-rela\u00e7\u00f5es com saberes e capacidades docentes<\/a><\/td><td><strong>Vera L\u00facia Lopes Crist\u00f3v\u00e3o<\/strong><\/td><\/tr><tr><td><strong>Rosangela Maria de Almeida Netzel<\/strong><\/td><td><a href=\"http:\/\/lattes.cnpq.br\/0572642059978675\"><strong>0572642059978675<\/strong><\/a><\/td><td><a href=\"https:\/\/repositorio.uel.br\/items\/17542c49-742f-4b6c-a8b5-061936c63077\" target=\"_blank\" rel=\"noreferrer noopener\">Subjetividade leitora na fase inicial da EJA: compartilhar e pertencer<\/a><\/td><td><strong>Sheila Oliveira Lima<\/strong><\/td><\/tr><tr><td><strong>Bruna Carolini Barbosa<\/strong><\/td><td><a href=\"http:\/\/lattes.cnpq.br\/7712449419499963\"><strong>7712449419499963<\/strong><\/a><\/td><td><a href=\"https:\/\/repositorio.uel.br\/items\/40754d20-ea15-4bab-b739-d02c53c66d1f\" target=\"_blank\" rel=\"noreferrer noopener\">Projeto de Letramento Antirracista na (Trans)Forma\u00e7\u00e3o Inicial de Professores de L\u00ednguas: Pr\u00e1xis Decolonial e Subjetividade<\/a><\/td><td><strong>Ana L\u00facia Campos de Almeida<\/strong><\/td><\/tr><tr><td><strong>Livia Spriz\u00e3o De Oliveira<\/strong><\/td><td><a href=\"http:\/\/lattes.cnpq.br\/2559434464613448\"><strong>2559434464613448<\/strong><\/a><\/td><td><a href=\"https:\/\/repositorio.uel.br\/items\/6851b0ea-b046-4d1e-9e50-24e7d35f47c7\" target=\"_blank\" rel=\"noreferrer noopener\">Mem\u00f3ria sens\u00edvel e movimento criador na escrita dramat\u00fargica de Doc Comparato<\/a><\/td><td><strong>Edina Regina Pugas Panichi<\/strong><\/td><\/tr><\/tbody><\/table><\/figure>\n\n\n\n<div class=\"wp-block-buttons is-content-justification-right is-layout-flex wp-container-core-buttons-is-layout-765c4724 wp-block-buttons-is-layout-flex\">\n<div class=\"wp-block-button\"><a class=\"wp-block-button__link has-primary-accent-background-color has-background wp-element-button\" href=\"https:\/\/pos.uel.br\/ppgel\/egressos\/\">Voltar<\/a><\/div>\n<\/div>\n\n\n\n<p><\/p>\n","protected":false},"excerpt":{"rendered":"<p>Egresso Lattes Disserta\u00e7\u00e3o Orientador Thiago Leonardo Ribeiro 3367075615624012 ATLAS Lingu\u00edstico do Norte Pioneiro do Paran\u00e1: ALINPIPR Vanderci de Andrade Aguilera Cl\u00e1udia Lopes Pontara 7991031715713192&nbsp; Forma\u00e7\u00e3o continuada cr\u00edtico-transformadora: inter-rela\u00e7\u00f5es com saberes e capacidades docentes Vera L\u00facia Lopes Crist\u00f3v\u00e3o Rosangela Maria de Almeida Netzel 0572642059978675 Subjetividade leitora na fase inicial da EJA: compartilhar e pertencer Sheila Oliveira [&hellip;]<\/p>\n","protected":false},"author":10,"featured_media":0,"parent":0,"menu_order":0,"comment_status":"closed","ping_status":"closed","template":"","meta":{"footnotes":""},"class_list":["post-1221","page","type-page","status-publish","hentry"],"_links":{"self":[{"href":"https:\/\/pos.uel.br\/ppgel\/wp-json\/wp\/v2\/pages\/1221","targetHints":{"allow":["GET"]}}],"collection":[{"href":"https:\/\/pos.uel.br\/ppgel\/wp-json\/wp\/v2\/pages"}],"about":[{"href":"https:\/\/pos.uel.br\/ppgel\/wp-json\/wp\/v2\/types\/page"}],"author":[{"embeddable":true,"href":"https:\/\/pos.uel.br\/ppgel\/wp-json\/wp\/v2\/users\/10"}],"replies":[{"embeddable":true,"href":"https:\/\/pos.uel.br\/ppgel\/wp-json\/wp\/v2\/comments?post=1221"}],"version-history":[{"count":3,"href":"https:\/\/pos.uel.br\/ppgel\/wp-json\/wp\/v2\/pages\/1221\/revisions"}],"predecessor-version":[{"id":1296,"href":"https:\/\/pos.uel.br\/ppgel\/wp-json\/wp\/v2\/pages\/1221\/revisions\/1296"}],"wp:attachment":[{"href":"https:\/\/pos.uel.br\/ppgel\/wp-json\/wp\/v2\/media?parent=1221"}],"curies":[{"name":"wp","href":"https:\/\/api.w.org\/{rel}","templated":true}]}}