{"id":1207,"date":"2025-05-28T22:12:26","date_gmt":"2025-05-29T01:12:26","guid":{"rendered":"https:\/\/pos.uel.br\/ppgel\/?page_id=1207"},"modified":"2025-07-02T17:36:28","modified_gmt":"2025-07-02T20:36:28","slug":"mestrado-2023","status":"publish","type":"page","link":"https:\/\/pos.uel.br\/ppgel\/mestrado-2023\/","title":{"rendered":"MESTRADO 2023"},"content":{"rendered":"\n<div style=\"height:100px\" aria-hidden=\"true\" class=\"wp-block-spacer\"><\/div>\n\n\n\n<figure class=\"wp-block-table is-style-stripes\"><table class=\"has-fixed-layout\"><tbody><tr><td>Egresso<\/td><td>Lattes<\/td><td>Disserta\u00e7\u00e3o<\/td><td>Orientador<\/td><\/tr><\/tbody><\/table><\/figure>\n\n\n\n<figure class=\"wp-block-table is-style-stripes\"><table class=\"has-fixed-layout\"><tbody><tr><td><strong>LUCAS DIEGUEZ<\/strong><\/td><td><a href=\"http:\/\/lattes.cnpq.br\/2059194251283104\"><strong>2059194251283104<\/strong><\/a><\/td><td><a href=\"https:\/\/repositorio.uel.br\/items\/19054306-707e-4801-930d-38cbb34f8b92\" target=\"_blank\" rel=\"noreferrer noopener\">A forma\u00e7\u00e3o do leitor e a motiva\u00e7\u00e3o para a leitura no curso de licenciatura em Letras<\/a><\/td><td>Sheila Oliveira Lima<\/td><\/tr><tr><td><strong>CAROLINA MACIEL DE SOUZA<\/strong><\/td><td><a href=\"http:\/\/lattes.cnpq.br\/2199429565923123\"><strong>2199429565923123<\/strong><\/a><\/td><td><a href=\"https:\/\/repositorio.uel.br\/items\/33b13a95-be98-4dcc-842c-5b2ca5ea5f97\" target=\"_blank\" rel=\"noreferrer noopener\">A gram\u00e1tica de val\u00eancias e a l\u00edngua Kaingang: um contraste com a l\u00edngua portuguesa<\/a><\/td><td>Marcelo Silveira<\/td><\/tr><tr><td><strong>ALINY PERROTA<\/strong><\/td><td><a href=\"http:\/\/lattes.cnpq.br\/3813392024917080\"><strong>3813392024917080<\/strong><\/a><\/td><td><a href=\"https:\/\/repositorio.uel.br\/items\/84ce748c-f4de-4f54-8ba6-1e6a6ddf7dba\" target=\"_blank\" rel=\"noreferrer noopener\">Projeto Palavras Andantes: Forma\u00e7\u00e3o Leitora nas Escolas Munipais de Londrina Durante a Pandemia de COVID-19<\/a><\/td><td>Sheila Oliveira Lima<\/td><\/tr><tr><td><strong>ALANA DE ANDRADE DA CONCEI\u00c7\u00c3O<\/strong><\/td><td><a href=\"http:\/\/lattes.cnpq.br\/2830584111143414\"><strong>2830584111143414<\/strong><\/a><\/td><td><a href=\"https:\/\/repositorio.uel.br\/items\/dddd2970-0a47-40bd-bd1f-6b634094ee3a\" target=\"_blank\" rel=\"noreferrer noopener\">Constitui\u00e7\u00f5es Brasileiras: Uma An\u00e1lise Sem\u00e2ntico-Lexical<\/a><\/td><td>Fabiane Cristina Altino<\/td><\/tr><tr><td><strong>ROS\u00c2NGELA DE ARA\u00daJO LIMA<\/strong><\/td><td><a href=\"http:\/\/lattes.cnpq.br\/6899067816112769\"><strong>6899067816112769<\/strong><\/a><\/td><td><a href=\"https:\/\/repositorio.uel.br\/items\/9a25ab97-4da1-470b-a5cb-7c1bdd716903\" target=\"_blank\" rel=\"noreferrer noopener\">Imperativo na l\u00edngua Kaingang: constru\u00e7\u00e3o e an\u00e1lise<\/a><\/td><td>Marcelo Silveira<\/td><\/tr><tr><td><strong>MAYARA CRISTINA APARECIDO SANTOS<\/strong><\/td><td><a href=\"http:\/\/lattes.cnpq.br\/0502501250186122\"><strong>0502501250186122<\/strong><\/a><\/td><td>&#8220;<a href=\"https:\/\/repositorio.uel.br\/items\/5c3a3cee-56d5-4c50-85af-0ba3bf10780a\" target=\"_blank\" rel=\"noreferrer noopener\">Negros, a vida n\u00e3o tem cotas&#8221;: Uma an\u00e1lise discursiva sobre grafitos em banheiros de universidades p\u00fablicas \u00e0 luz do pensamento foucautiano<\/a><\/td><td>Rosemeri Passos Baltazar Machado<\/td><\/tr><tr><td><strong>MANUELA DA SILVA SERPELONI<\/strong><\/td><td><strong><a href=\"http:\/\/lattes.cnpq.br\/9175206683841626\">9175206683841626<\/a>&nbsp;<\/strong><\/td><td><a href=\"https:\/\/repositorio.uel.br\/items\/0ed12bb9-581c-4956-9e68-5ab47e2bfaa0\" target=\"_blank\" rel=\"noreferrer noopener\">&#8220;Mulher \u00e9 bicho esquisito, todo m\u00eas sangra\u201d: discurso e controle dos corpos<\/a><\/td><td>Rosemeri Passos Baltazar Machado<\/td><\/tr><tr><td><strong>ISABELA ANDRELO RAO<\/strong><\/td><td><strong><a href=\"http:\/\/lattes.cnpq.br\/0295725485444823\">0295725485444823<\/a>&nbsp;<\/strong><\/td><td><a href=\"https:\/\/repositorio.uel.br\/items\/738c88d2-c89d-40fc-a94a-57c2f2097ec2\" target=\"_blank\" rel=\"noreferrer noopener\">Sequ\u00eancia did\u00e1tica do g\u00eanero textual poema: di\u00e1logos com multimodalidade e educa\u00e7\u00e3o lingu\u00edstica em l\u00edngua inglesa com crian\u00e7as<\/a><\/td><td>Juliana Reichert Assun\u00e7\u00e3o Tonelli<\/td><\/tr><tr><td><strong>GABRIELI ROMBALDI<\/strong><\/td><td><strong><a href=\"http:\/\/lattes.cnpq.br\/3182088388893173\">3182088388893173<\/a>&nbsp;<\/strong><\/td><td><a href=\"https:\/\/repositorio.uel.br\/items\/c2e94dce-e63a-4290-980a-7e4139095025\" target=\"_blank\" rel=\"noreferrer noopener\">Apropria\u00e7\u00f5es do sistema conceitual de ingl\u00eas como l\u00edngua franca na forma\u00e7\u00e3o de professores: um experimento did\u00e1tico na resid\u00eancia pedag\u00f3gica do curso de letras ingl\u00eas<\/a><\/td><td>Michele Salles El Kadri<\/td><\/tr><tr><td><strong>CAROLINE NUNES CANDIDO DA SILVA QUESSADA<\/strong><\/td><td><a href=\"http:\/\/lattes.cnpq.br\/7572287780526161\"><strong>7572287780526161<\/strong><\/a><strong>&nbsp;<\/strong><\/td><td><a href=\"https:\/\/repositorio.uel.br\/items\/0fad15cb-74d4-44bc-be1d-16d1e66ca199\" target=\"_blank\" rel=\"noreferrer noopener\">Levantamento de teses e disserta\u00e7\u00f5es com foco na an\u00e1lise e na descri\u00e7\u00e3o do espanhol como l\u00edngua estrangeira estrangeira\/adicional (2013-2022)<\/a><\/td><td>Ot\u00e1vio Goes de Andrade<\/td><\/tr><tr><td><strong>BRUNO SILVA SANCHES<\/strong><\/td><td><a href=\"http:\/\/lattes.cnpq.br\/3526345100245512\"><strong>3526345100245512<\/strong><\/a><strong>&nbsp;<\/strong><\/td><td><a href=\"https:\/\/repositorio.uel.br\/items\/f172e862-411f-4b7e-ab74-a5242dd93a26\" target=\"_blank\" rel=\"noreferrer noopener\">English learning in support of environmental action: promoting environmental and scientific literacies through the application of a didactic sequence<\/a><\/td><td>Vera L\u00facia Lopes Crist\u00f3v\u00e3o<\/td><\/tr><tr><td><strong>AMANDA CAROLINA PEREIRA DE JESUS<\/strong><\/td><td><a href=\"http:\/\/lattes.cnpq.br\/8585884292899717\"><strong>8585884292899717<\/strong><\/a><strong>&nbsp;<\/strong><\/td><td><a href=\"https:\/\/repositorio.uel.br\/items\/c2002197-6912-40b8-ae29-4a3dc89f9305\" target=\"_blank\" rel=\"noreferrer noopener\">Humor a Qualquer Pre\u00e7o: Uma An\u00e1lise do C\u00f4mico \u00c1cido nas Tiras os Fradinhos de HENFIL<\/a><\/td><td>Maria Isabel Borges<\/td><\/tr><\/tbody><\/table><\/figure>\n\n\n\n<div class=\"wp-block-buttons is-content-justification-right is-layout-flex wp-container-core-buttons-is-layout-765c4724 wp-block-buttons-is-layout-flex\">\n<div class=\"wp-block-button\"><a class=\"wp-block-button__link has-primary-accent-background-color has-background wp-element-button\" href=\"https:\/\/pos.uel.br\/ppgel\/egressos\/\">Voltar<\/a><\/div>\n<\/div>\n\n\n\n<p><\/p>\n","protected":false},"excerpt":{"rendered":"<p>Egresso Lattes Disserta\u00e7\u00e3o Orientador LUCAS DIEGUEZ 2059194251283104 A forma\u00e7\u00e3o do leitor e a motiva\u00e7\u00e3o para a leitura no curso de licenciatura em Letras Sheila Oliveira Lima CAROLINA MACIEL DE SOUZA 2199429565923123 A gram\u00e1tica de val\u00eancias e a l\u00edngua Kaingang: um contraste com a l\u00edngua portuguesa Marcelo Silveira ALINY PERROTA 3813392024917080 Projeto Palavras Andantes: Forma\u00e7\u00e3o Leitora [&hellip;]<\/p>\n","protected":false},"author":10,"featured_media":0,"parent":0,"menu_order":0,"comment_status":"closed","ping_status":"closed","template":"","meta":{"footnotes":""},"class_list":["post-1207","page","type-page","status-publish","hentry"],"_links":{"self":[{"href":"https:\/\/pos.uel.br\/ppgel\/wp-json\/wp\/v2\/pages\/1207","targetHints":{"allow":["GET"]}}],"collection":[{"href":"https:\/\/pos.uel.br\/ppgel\/wp-json\/wp\/v2\/pages"}],"about":[{"href":"https:\/\/pos.uel.br\/ppgel\/wp-json\/wp\/v2\/types\/page"}],"author":[{"embeddable":true,"href":"https:\/\/pos.uel.br\/ppgel\/wp-json\/wp\/v2\/users\/10"}],"replies":[{"embeddable":true,"href":"https:\/\/pos.uel.br\/ppgel\/wp-json\/wp\/v2\/comments?post=1207"}],"version-history":[{"count":2,"href":"https:\/\/pos.uel.br\/ppgel\/wp-json\/wp\/v2\/pages\/1207\/revisions"}],"predecessor-version":[{"id":1284,"href":"https:\/\/pos.uel.br\/ppgel\/wp-json\/wp\/v2\/pages\/1207\/revisions\/1284"}],"wp:attachment":[{"href":"https:\/\/pos.uel.br\/ppgel\/wp-json\/wp\/v2\/media?parent=1207"}],"curies":[{"name":"wp","href":"https:\/\/api.w.org\/{rel}","templated":true}]}}