{"id":1196,"date":"2025-05-28T21:42:45","date_gmt":"2025-05-29T00:42:45","guid":{"rendered":"https:\/\/pos.uel.br\/ppgel\/?page_id=1196"},"modified":"2025-06-10T14:47:04","modified_gmt":"2025-06-10T17:47:04","slug":"mestrado-2017","status":"publish","type":"page","link":"https:\/\/pos.uel.br\/ppgel\/en\/mestrado-2017\/","title":{"rendered":"MESTRADO 2017"},"content":{"rendered":"\n<div style=\"height:100px\" aria-hidden=\"true\" class=\"wp-block-spacer\"><\/div>\n\n\n\n<figure class=\"wp-block-table is-style-stripes\"><table class=\"has-fixed-layout\"><tbody><tr><td>Egresso<\/td><td>Lattes<\/td><td>Disserta\u00e7\u00e3o<\/td><td>Orientador<\/td><\/tr><tr><td><strong>\u00c9der Wilton Gustavo Felix Calado<\/strong><\/td><td><a href=\"http:\/\/lattes.cnpq.br\/0463324885057047\"><strong>0463324885057047<\/strong><\/a><\/td><td><a href=\"https:\/\/repositorio.uel.br\/items\/029d1830-599a-48e3-8c32-362c45deb5de\" target=\"_blank\" rel=\"noreferrer noopener\">O Serm\u00e3o do Monte sob o olhar da An\u00e1lise do Discurso: o (inter)discurso em foco<\/a><\/td><td>Rosemeri Passos Baltazar Machado<\/td><\/tr><tr><td><strong>Djiovana Priscila Gon\u00e7alves<\/strong><\/td><td><a href=\"http:\/\/lattes.cnpq.br\/0818973451713205\"><strong>0818973451713205<\/strong><\/a><strong>&nbsp;<\/strong><\/td><td><a href=\"https:\/\/repositorio.uel.br\/items\/700a5021-2839-4c07-bfce-b8b507f6ff4f\" target=\"_blank\" rel=\"noreferrer noopener\">Aspectos argumentativos e o t\u00f3pico discursivo na cr\u00f4nica esportiva<\/a><\/td><td>Rosemeri Passos Baltazar Machado<\/td><\/tr><tr><td><strong>Danielly de Almeida<\/strong><\/td><td><a href=\"http:\/\/lattes.cnpq.br\/7513915926604011\"><strong>7513915926604011<\/strong><\/a><\/td><td><a href=\"https:\/\/repositorio.uel.br\/items\/8beac216-6091-43cb-9365-e1708b492ea3\" target=\"_blank\" rel=\"noreferrer noopener\">Representa\u00e7\u00f5es de professores de l\u00edngua inglesa sobre o uso de tecnologias para o ensino: (Re) Significa\u00e7\u00f5es e movimentos de mudan\u00e7a<\/a><\/td><td>Kleber Aparecido da Silva<\/td><\/tr><tr><td><strong>Cl\u00e1udia Gomes de Albuquerque Haul<\/strong><\/td><td><a href=\"http:\/\/lattes.cnpq.br\/4017488170267146\"><strong>4017488170267146<\/strong><\/a><strong>&nbsp;<\/strong><\/td><td><a href=\"https:\/\/repositorio.uel.br\/items\/64f8a088-d99d-4eb9-aded-9995bc4c1ec5\" target=\"_blank\" rel=\"noreferrer noopener\">A Po\u00e9tica de Ferreira Gullar Sob a Perspectiva da Cr\u00edtica Gen\u00e9tica e Estil\u00edstica<\/a><\/td><td>Edina Regina Pugas Panichi<\/td><\/tr><tr><td><strong>Bruna Carolini Barbosa<\/strong><\/td><td><a href=\"http:\/\/lattes.cnpq.br\/7712449419499963\"><strong>7712449419499963<\/strong><\/a><\/td><td><a href=\"https:\/\/repositorio.uel.br\/items\/d69a7a98-37a8-4ad1-826e-73286bb6dd9e\" data-type=\"link\" data-id=\"https:\/\/repositorio.uel.br\/items\/d69a7a98-37a8-4ad1-826e-73286bb6dd9e\" target=\"_blank\" rel=\"noreferrer noopener\">Escola em Movimento: Pr\u00e1ticas de Letramento em uma perspectiva ideol\u00f3gica, sociocultural e transformadora<\/a><\/td><td>Ana L\u00facia de Campos Almeida<\/td><\/tr><tr><td><strong>B\u00e1rbara Luise Hiltel Venturin<\/strong><\/td><td><a href=\"http:\/\/lattes.cnpq.br\/7480407870584219\"><strong>7480407870584219<\/strong><\/a><strong>&nbsp;<\/strong><\/td><td><a href=\"https:\/\/repositorio.uel.br\/items\/37b64f73-826f-44cd-9f20-52919c219261\" target=\"_blank\" rel=\"noreferrer noopener\">Os G\u00eaneros do Jornal Universit\u00e1rio: Recursos Argumentativos e Ideol\u00f3gicos<\/a><\/td><td>Esther Gomes de Oliveira<\/td><\/tr><tr><td><strong>La\u00eds Marina de Souza<\/strong><\/td><td><a href=\"http:\/\/lattes.cnpq.br\/3360123507948023\"><strong>3360123507948023<\/strong><\/a><strong>&nbsp;<\/strong><\/td><td><a href=\"https:\/\/repositorio.uel.br\/items\/837c48e8-6357-4280-b252-e9ec082b438e\" target=\"_blank\" rel=\"noreferrer noopener\">As Rela\u00e7\u00f5es Afetivas no S\u00e9culo XXI (Re)-Constru\u00e7\u00e3o de Sentidos e as Repecurss\u00f5es na Sociedade<\/a><\/td><td>Rosemeri PassosBaltazar Machado<\/td><\/tr><tr><td><strong>Eloisa Graziela Franco de Oliveira Hamasaki<\/strong><\/td><td><a href=\"http:\/\/lattes.cnpq.br\/8681955154003849\"><strong>8681955154003849<\/strong><\/a><\/td><td><a href=\"https:\/\/repositorio.uel.br\/items\/e2b99af8-96da-4d29-89e8-acca218091ee\" target=\"_blank\" rel=\"noreferrer noopener\">A forma\u00e7\u00e3o de leitores na vis\u00e3o de licenciandos e professores do PIBID: uma an\u00e1lise discursiva<\/a><\/td><td>Eliana Maria Severino Ruiz<\/td><\/tr><tr><td><strong>Tuanny Gomes Siqueira Amaral<\/strong><\/td><td><a href=\"http:\/\/lattes.cnpq.br\/2448185900195329\"><strong>2448185900195329<\/strong><\/a><\/td><td><a href=\"https:\/\/repositorio.uel.br\/items\/f1f491b9-0a19-4700-bb25-7893e96b0428\" target=\"_blank\" rel=\"noreferrer noopener\">Os efeitos do Pibid nos anos iniciais da carreira do professor de ingl\u00eas<\/a><\/td><td>Elaine Fernades Mateus<\/td><\/tr><tr><td><strong>Karen Mariette Piovezan Gini<\/strong><\/td><td><a href=\"http:\/\/lattes.cnpq.br\/3089635229054800\"><strong>3089635229054800<\/strong><\/a><strong>&nbsp;<\/strong><\/td><td><a href=\"https:\/\/repositorio.uel.br\/items\/2f133037-be72-4077-94fd-c2854ccc0daa\" target=\"_blank\" rel=\"noreferrer noopener\">Elementos Constitutivos na Implementa\u00e7\u00e3o de L\u00edngua Inglesa nos Anos Iniciais do Ensino Fundamental em Tr\u00eas Munic\u00edpios do Norte do Paran\u00e1<\/a><\/td><td>Juliana Reichert Assun\u00e7\u00e3o Tonelli<\/td><\/tr><tr><td><strong>Thassiana Reis F\u00e9lix<\/strong><\/td><td><a href=\"http:\/\/lattes.cnpq.br\/7518503238545341\"><strong>7518503238545341<\/strong><\/a><strong>&nbsp;<\/strong><\/td><td><a href=\"https:\/\/repositorio.uel.br\/items\/95aa31eb-af5e-4b98-9a53-141e793be70e\" target=\"_blank\" rel=\"noreferrer noopener\">Instrumentos organizadores da progress\u00e3o dos conte\u00fados de ensino em L\u00edngua Portuguesa<\/a><\/td><td>Elvira Lopes Nascimento<\/td><\/tr><tr><td><strong>Tha\u00eds Aparecida Zorzela<\/strong><\/td><td><a href=\"http:\/\/lattes.cnpq.br\/3592169211388585\"><strong>3592169211388585<\/strong><\/a><\/td><td><a href=\"https:\/\/repositorio.uel.br\/items\/896540e0-3093-4cfe-a681-0e7e8bdd03d3\" target=\"_blank\" rel=\"noreferrer noopener\">Corpo, hist\u00f3ria e discurso: um olhar sobre efeitos de liberdade e censura em Tatuagem<\/a><\/td><td>Mari\u00e2ngela Peccioli Galli Joanilho<\/td><\/tr><tr><td><strong>Tatiana Aparecida Baptilani Zirondi<\/strong><\/td><td><a href=\"http:\/\/lattes.cnpq.br\/2955436297113393\"><strong>2955436297113393<\/strong><\/a><strong>&nbsp;<\/strong><\/td><td><a href=\"https:\/\/repositorio.uel.br\/items\/0e25e877-9c4e-41c1-bad3-1cb2e75facfe\" target=\"_blank\" rel=\"noreferrer noopener\">Media\u00e7\u00f5es Formativas em Rede Municipal de Ensino: Espa\u00e7o de Desenvolvimento Profissional da Assessora Pedag\u00f3gica e Docentes<\/a><\/td><td>Elvira Lopes Nascimento<\/td><\/tr><tr><td><strong>Thiago Leonardo Ribeiro<\/strong><\/td><td><a href=\"http:\/\/lattes.cnpq.br\/3367075615624012\"><strong>3367075615624012<\/strong><\/a><\/td><td><a href=\"https:\/\/repositorio.uel.br\/items\/440ce4c4-13e5-4e9e-adab-13cba8eda5b2\" target=\"_blank\" rel=\"noreferrer noopener\">Atlas Lingu\u00edstico do Norte Pioneiro do Paran\u00e1: ALINPIPR<\/a><\/td><td>Vanderci de Andrade Aguilera<\/td><\/tr><tr><td><strong>Patr\u00edcia da Silveira<\/strong><\/td><td><a href=\"http:\/\/lattes.cnpq.br\/4037470571548058\"><strong>4037470571548058<\/strong><\/a><\/td><td><a href=\"https:\/\/repositorio.uel.br\/items\/b4fa4480-8d19-4869-8d57-817cd9b01eda\" target=\"_blank\" rel=\"noreferrer noopener\">A Autoavalia\u00e7\u00e3o e o Desenvolvimento da Autorregula\u00e7\u00e3o e da Autonomia na Aprendiazgem de L\u00edngua Inglesa em Contexto de Telecolabora\u00e7\u00e3o<\/a><\/td><td>Viviane Aparecida Bagio Furtoso<\/td><\/tr><tr><td><strong>Monique Susan Morara Lavisio<\/strong><\/td><td><a href=\"http:\/\/lattes.cnpq.br\/4390424381685232\"><strong>4390424381685232<\/strong><\/a><\/td><td><a href=\"https:\/\/repositorio.uel.br\/items\/2cf3327b-4bcf-40ef-97e1-8cdf19ac4fd5\" target=\"_blank\" rel=\"noreferrer noopener\">Letramento e Religi\u00e3o: investigando as rela\u00e7\u00f5es entre as esferas religiosa &amp; escolar<\/a><\/td><td>Ana L\u00facia de Campos Almeida<\/td><\/tr><tr><td><strong>Marilice Zavagli Marson<\/strong><\/td><td><a href=\"http:\/\/lattes.cnpq.br\/3561926352275309\"><strong>3561926352275309<\/strong><\/a><\/td><td><a href=\"https:\/\/repositorio.uel.br\/items\/29ab63b3-c8ba-41fa-a85f-f573a54fbafc\" target=\"_blank\" rel=\"noreferrer noopener\">Ensino de ingl\u00eas e a internacionaliza\u00e7\u00e3o do ensino superior: percep\u00e7\u00f5es sobre o programa Paran\u00e1 Fala Ingl\u00eas na UEL<\/a><\/td><td>Viviane Aparecida Bagio Furtoso<\/td><\/tr><tr><td><strong>Maria Regina de Jesus Nascimento<\/strong><\/td><td><a href=\"http:\/\/lattes.cnpq.br\/1679571090155099\"><strong>1679571090155099<\/strong><\/a><\/td><td><a href=\"https:\/\/repositorio.uel.br\/items\/fdebcf43-0460-408e-8c71-bd0c7e2804f8\" data-type=\"link\" data-id=\"http:\/\/www.bibliotecadigital.uel.br\/document\/?code=vtls000218076\" target=\"_blank\" rel=\"noreferrer noopener\">O imagin\u00e1rio discursivo sobre o aluno leitor no universo escolar<\/a><\/td><td>Eliana Maria Severino Ruiz<\/td><\/tr><tr><td><strong>Livia Spriz\u00e3o de Oliveira<\/strong><\/td><td><a href=\"http:\/\/lattes.cnpq.br\/2559434464613448\"><strong>2559434464613448<\/strong><\/a><strong>&nbsp;<\/strong><\/td><td><a href=\"https:\/\/repositorio.uel.br\/items\/f469a2de-8cf3-4e51-9f30-11e92c9281e9\" target=\"_blank\" rel=\"noreferrer noopener\">A g\u00eanese da reportagem: estilo e movimento criador no telejornal<\/a><\/td><td>Edina Regina Pugas Panichi<\/td><\/tr><tr><td><strong>Paulo Henrique Espuri<\/strong><\/td><td><a href=\"http:\/\/lattes.cnpq.br\/1751598431556547\"><strong>1751598431556547<\/strong><\/a><strong>&nbsp;<\/strong><\/td><td><a href=\"https:\/\/repositorio.uel.br\/items\/fd3ed028-75e2-4ccb-915b-ff802225ebcb\" target=\"_blank\" rel=\"noreferrer noopener\">A pol\u00edtica do tablete educacional no ensino de ingl\u00eas nas escolas p\u00fablicas do Paran\u00e1<\/a><\/td><td>Telma Nunes Gimenez<\/td><\/tr><tr><td><strong>\u00c9dina de Fatima de Almeida<\/strong><\/td><td><a href=\"http:\/\/lattes.cnpq.br\/7232078565773659\"><strong>7232078565773659<\/strong><\/a><strong>&nbsp;<\/strong><\/td><td><a href=\"https:\/\/repositorio.uel.br\/items\/13cfe304-0069-4a2c-91be-16b4cb4a544c\" target=\"_blank\" rel=\"noreferrer noopener\">Os r\u00f3ticos em coda sil\u00e1bica na regi\u00e3o centro-oeste do Brasil<\/a><\/td><td>Dircel Aparecida Kailer<\/td><\/tr><\/tbody><\/table><\/figure>\n\n\n\n<div class=\"wp-block-buttons is-content-justification-right is-layout-flex wp-container-core-buttons-is-layout-765c4724 wp-block-buttons-is-layout-flex\">\n<div class=\"wp-block-button\"><a class=\"wp-block-button__link has-primary-accent-background-color has-background wp-element-button\" href=\"https:\/\/pos.uel.br\/ppgel\/egressos\/\">Voltar<\/a><\/div>\n<\/div>\n\n\n\n<p><\/p>\n","protected":false},"excerpt":{"rendered":"<p>Egresso Lattes Disserta\u00e7\u00e3o Orientador \u00c9der Wilton Gustavo Felix Calado 0463324885057047 O Serm\u00e3o do Monte sob o olhar da An\u00e1lise do Discurso: o (inter)discurso em foco Rosemeri Passos Baltazar Machado Djiovana Priscila Gon\u00e7alves 0818973451713205&nbsp; Aspectos argumentativos e o t\u00f3pico discursivo na cr\u00f4nica esportiva Rosemeri Passos Baltazar Machado Danielly de Almeida 7513915926604011 Representa\u00e7\u00f5es de professores de l\u00edngua [&hellip;]<\/p>\n","protected":false},"author":10,"featured_media":0,"parent":0,"menu_order":0,"comment_status":"closed","ping_status":"closed","template":"","meta":{"footnotes":""},"class_list":["post-1196","page","type-page","status-publish","hentry"],"_links":{"self":[{"href":"https:\/\/pos.uel.br\/ppgel\/wp-json\/wp\/v2\/pages\/1196","targetHints":{"allow":["GET"]}}],"collection":[{"href":"https:\/\/pos.uel.br\/ppgel\/wp-json\/wp\/v2\/pages"}],"about":[{"href":"https:\/\/pos.uel.br\/ppgel\/wp-json\/wp\/v2\/types\/page"}],"author":[{"embeddable":true,"href":"https:\/\/pos.uel.br\/ppgel\/wp-json\/wp\/v2\/users\/10"}],"replies":[{"embeddable":true,"href":"https:\/\/pos.uel.br\/ppgel\/wp-json\/wp\/v2\/comments?post=1196"}],"version-history":[{"count":7,"href":"https:\/\/pos.uel.br\/ppgel\/wp-json\/wp\/v2\/pages\/1196\/revisions"}],"predecessor-version":[{"id":1272,"href":"https:\/\/pos.uel.br\/ppgel\/wp-json\/wp\/v2\/pages\/1196\/revisions\/1272"}],"wp:attachment":[{"href":"https:\/\/pos.uel.br\/ppgel\/wp-json\/wp\/v2\/media?parent=1196"}],"curies":[{"name":"wp","href":"https:\/\/api.w.org\/{rel}","templated":true}]}}