{"id":1147,"date":"2025-05-07T15:30:49","date_gmt":"2025-05-07T18:30:49","guid":{"rendered":"https:\/\/pos.uel.br\/ppgel\/?page_id=1147"},"modified":"2025-06-10T15:51:03","modified_gmt":"2025-06-10T18:51:03","slug":"doutorado-2022","status":"publish","type":"page","link":"https:\/\/pos.uel.br\/ppgel\/en\/doutorado-2022\/","title":{"rendered":"DOUTORADO 2022"},"content":{"rendered":"\n<div style=\"height:100px\" aria-hidden=\"true\" class=\"wp-block-spacer\"><\/div>\n\n\n\n<figure class=\"wp-block-table is-style-stripes\"><table class=\"has-fixed-layout\"><tbody><tr><td><strong>Edh Carlos Soares Pagani<\/strong><\/td><td><a href=\"http:\/\/lattes.cnpq.br\/0203492442400626\"><strong>0203492442400626<\/strong><\/a><\/td><td><a href=\"https:\/\/repositorio.uel.br\/items\/727ddda7-f7cb-4f5c-bd54-191ac05bf2e0\" target=\"_blank\" rel=\"noreferrer noopener\">Atitudes lingu\u00edstica no sudeste do Brasil<\/a><\/td><td>Vanderci Aguilera<\/td><\/tr><tr><td><strong>Giuliana Castro Brossi<\/strong><\/td><td><a href=\"http:\/\/lattes.cnpq.br\/9116379052295447\"><strong>9116379052295447<\/strong><\/a><\/td><td><a href=\"https:\/\/repositorio.uel.br\/items\/2ddd41e4-f920-42a0-a1f5-e2a383b79f24\" target=\"_blank\" rel=\"noreferrer noopener\">Movimentos dial\u00f3gicos de realiza\u00e7\u00e3o de pol\u00edticas locais em a\u00e7\u00e3o no ensino de ingl\u00eas com crian\u00e7as na escola p\u00fablica.<\/a><\/td><td>Juliana Reichert Assun\u00e7\u00e3o Tonelli<\/td><\/tr><tr><td><strong>Estogildo Gledson Batista<\/strong><\/td><td><a href=\"http:\/\/lattes.cnpq.br\/7058541454777149\"><strong>7058541454777149<\/strong><\/a><\/td><td><a href=\"https:\/\/repositorio.uel.br\/items\/880883d3-b990-4927-83cb-917b39945c7a\" target=\"_blank\" rel=\"noreferrer noopener\">Avalia\u00e7\u00e3o Orientada Para a Aprendizagem de L\u00ednguas: Pesquisa-A\u00e7\u00e3o para a Constru\u00e7\u00e3o de uma Matriz de Avalia\u00e7\u00e3o para a Produ\u00e7\u00e3o Oral<\/a><\/td><td>Viviane Aparecida Bagio Furtoso<\/td><\/tr><tr><td><strong>Luciene Paula Machado Pereira<\/strong><\/td><td><a href=\"http:\/\/lattes.cnpq.br\/1636426480368083\"><strong>1636426480368083<\/strong><\/a><\/td><td><a href=\"https:\/\/repositorio.uel.br\/items\/b72bc0bc-9415-4853-a26b-3941cc9d370a\" target=\"_blank\" rel=\"noreferrer noopener\">Entre movimentos te\u00f3ricos e pr\u00e1ticos: o percurso de uma forma\u00e7\u00e3o docente inicial pr\u00e1xica<\/a><\/td><td>Elvira Lopes Nascimento<\/td><\/tr><tr><td><strong>Rog\u00e9rio Nascimento Bortolin<\/strong><\/td><td><a href=\"http:\/\/lattes.cnpq.br\/1879645172477909\"><strong>1879645172477909<\/strong><\/a><\/td><td><a href=\"https:\/\/repositorio.uel.br\/items\/950a97e1-738d-49aa-8b6d-e4638ac2c7db\">Da Cr\u00edtica Gen\u00e9tica \u00e0 Estil\u00edstica: desvelando os textos<\/a><a href=\"https:\/\/repositorio.uel.br\/items\/950a97e1-738d-49aa-8b6d-e4638ac2c7db\" target=\"_blank\" rel=\"noreferrer noopener\"> <\/a><a href=\"https:\/\/repositorio.uel.br\/items\/950a97e1-738d-49aa-8b6d-e4638ac2c7db\">produzidos em sala de aula<\/a><\/td><td>Edina Regina Pugas Panichi<\/td><\/tr><tr><td><strong>Alex Alves Egido<\/strong><\/td><td><a href=\"http:\/\/lattes.cnpq.br\/3048054098873061\"><strong>3048054098873061<\/strong><\/a><\/td><td><a href=\"https:\/\/repositorio.uel.br\/items\/27888551-eefa-402e-91ff-7c55888b856b\" target=\"_blank\" rel=\"noreferrer noopener\">\u00c9tica docente: encarando possibilidades de viol\u00eancia e de humanidade com vistas a uma educa\u00e7\u00e3o lingu\u00edstica<\/a><\/td><td>Viviane Aparecida Bagio Furtoso<\/td><\/tr><tr><td><strong>Susanah Yoshimi Watanabe Romero<\/strong><\/td><td><a href=\"http:\/\/lattes.cnpq.br\/6663250527178125\"><strong>6663250527178125<\/strong><\/a><\/td><td><a href=\"https:\/\/repositorio.uel.br\/items\/2bae7ae7-129b-4e37-8e15-09a9571cd58e\" target=\"_blank\" rel=\"noreferrer noopener\">Entre a risada e a aletria: estil\u00edstica lexical e processos de transforma\u00e7\u00e3o em Guimar\u00e3es Rosa<\/a><\/td><td>Edina Regina Pugas Panichi<\/td><\/tr><\/tbody><\/table><\/figure>\n\n\n\n<div class=\"wp-block-buttons is-content-justification-right is-layout-flex wp-container-core-buttons-is-layout-765c4724 wp-block-buttons-is-layout-flex\">\n<div class=\"wp-block-button\"><a class=\"wp-block-button__link has-primary-accent-background-color has-background wp-element-button\" href=\"https:\/\/pos.uel.br\/ppgel\/egressos\/\">Voltar<\/a><\/div>\n<\/div>\n","protected":false},"excerpt":{"rendered":"<p>Edh Carlos Soares Pagani 0203492442400626 Atitudes lingu\u00edstica no sudeste do Brasil Vanderci Aguilera Giuliana Castro Brossi 9116379052295447 Movimentos dial\u00f3gicos de realiza\u00e7\u00e3o de pol\u00edticas locais em a\u00e7\u00e3o no ensino de ingl\u00eas com crian\u00e7as na escola p\u00fablica. Juliana Reichert Assun\u00e7\u00e3o Tonelli Estogildo Gledson Batista 7058541454777149 Avalia\u00e7\u00e3o Orientada Para a Aprendizagem de L\u00ednguas: Pesquisa-A\u00e7\u00e3o para a Constru\u00e7\u00e3o de [&hellip;]<\/p>\n","protected":false},"author":10,"featured_media":0,"parent":0,"menu_order":0,"comment_status":"closed","ping_status":"closed","template":"","meta":{"footnotes":""},"class_list":["post-1147","page","type-page","status-publish","hentry"],"_links":{"self":[{"href":"https:\/\/pos.uel.br\/ppgel\/wp-json\/wp\/v2\/pages\/1147","targetHints":{"allow":["GET"]}}],"collection":[{"href":"https:\/\/pos.uel.br\/ppgel\/wp-json\/wp\/v2\/pages"}],"about":[{"href":"https:\/\/pos.uel.br\/ppgel\/wp-json\/wp\/v2\/types\/page"}],"author":[{"embeddable":true,"href":"https:\/\/pos.uel.br\/ppgel\/wp-json\/wp\/v2\/users\/10"}],"replies":[{"embeddable":true,"href":"https:\/\/pos.uel.br\/ppgel\/wp-json\/wp\/v2\/comments?post=1147"}],"version-history":[{"count":4,"href":"https:\/\/pos.uel.br\/ppgel\/wp-json\/wp\/v2\/pages\/1147\/revisions"}],"predecessor-version":[{"id":1298,"href":"https:\/\/pos.uel.br\/ppgel\/wp-json\/wp\/v2\/pages\/1147\/revisions\/1298"}],"wp:attachment":[{"href":"https:\/\/pos.uel.br\/ppgel\/wp-json\/wp\/v2\/media?parent=1147"}],"curies":[{"name":"wp","href":"https:\/\/api.w.org\/{rel}","templated":true}]}}