{"id":1145,"date":"2025-05-07T15:29:42","date_gmt":"2025-05-07T18:29:42","guid":{"rendered":"https:\/\/pos.uel.br\/ppgel\/?page_id=1145"},"modified":"2025-06-10T15:47:29","modified_gmt":"2025-06-10T18:47:29","slug":"doutorado-2020","status":"publish","type":"page","link":"https:\/\/pos.uel.br\/ppgel\/en\/doutorado-2020\/","title":{"rendered":"DOUTORADO 2020"},"content":{"rendered":"\n<div style=\"height:100px\" aria-hidden=\"true\" class=\"wp-block-spacer\"><\/div>\n\n\n\n<figure class=\"wp-block-table is-style-stripes\"><table class=\"has-fixed-layout\"><tbody><tr><td><strong>Ana Paula Trevisani Barreto<\/strong><\/td><td><a href=\"http:\/\/lattes.cnpq.br\/0739323954675533\"><strong>0739323954675533<\/strong><\/a><\/td><td><a href=\"https:\/\/repositorio.uel.br\/items\/9edfd446-bbfd-4d2e-aca8-e55505b337a0\" target=\"_blank\" rel=\"noreferrer noopener\">Formadores de Professores de Ingl\u00eas: Pr\u00e1xis de Planejamento como Locus de Constru\u00e7\u00f5es Conceituais Curr\u00edculares<\/a><\/td><td>Vera L\u00facia Lopes Crist\u00f3v\u00e3o<\/td><\/tr><tr><td><strong>Rita de C\u00e1ssia Sim\u00f5es Martelini<\/strong><\/td><td><a href=\"http:\/\/lattes.cnpq.br\/8741484317997219\"><strong>8741484317997219<\/strong><\/a><\/td><td><a href=\"https:\/\/repositorio.uel.br\/items\/ad3054fa-f5f4-418b-9528-d881c2e10079\" target=\"_blank\" rel=\"noreferrer noopener\">Estrat\u00e9gias lingu\u00edstico-discursivas na cr\u00f4nica machadiana: a s\u00e9rie Bons dias!<\/a><\/td><td>Esther Gomes de Oliveira<\/td><\/tr><tr><td><strong>Jos\u00e9 Francisco Quaresma Soares da Silva<\/strong><\/td><td><a href=\"http:\/\/lattes.cnpq.br\/2675849235695184\"><strong>2675849235695184<\/strong><\/a><\/td><td><a href=\"https:\/\/repositorio.uel.br\/items\/856cdf37-6f92-444f-9154-b23383da3179\" target=\"_blank\" rel=\"noreferrer noopener\">Atos de transforma\u00e7\u00e3o: elementos conectores entre narrativa e dramaturgia em Nelson Rodrigues<\/a><\/td><td>Edina Regina Pugas Panichi<\/td><\/tr><tr><td><strong>Edna Pagliari Brun<\/strong><\/td><td><a href=\"http:\/\/lattes.cnpq.br\/5138117102822168\"><strong>5138117102822168<\/strong><\/a><\/td><td><a href=\"https:\/\/repositorio.uel.br\/items\/380f170a-fad5-47f4-9681-df3dbb434db8\" target=\"_blank\" rel=\"noreferrer noopener\">Sequ\u00eancia did\u00e1tica e aulas invertidas: uma proposta sustentada por metodologias ativas para promover pr\u00e1ticas sociais de linguagem<\/a><\/td><td>Elvira Lopes Nascimento<\/td><\/tr><tr><td><strong>Rebeca Louzada Macedo<\/strong><\/td><td><a href=\"http:\/\/lattes.cnpq.br\/7580440315151880\"><strong>7580440315151880<\/strong><\/a><\/td><td><a href=\"https:\/\/repositorio.uel.br\/items\/29defc32-75e6-4bd6-a406-c8b6ea033dfe\" target=\"_blank\" rel=\"noreferrer noopener\">Forma\u00e7\u00e3o de docentes e ensino de gram\u00e1tica: concord\u00e2ncia verbal para futuros professores<\/a><\/td><td>Joyce Elaine de Almeida Baronas<\/td><\/tr><tr><td><strong>Liliane Pereira<\/strong><\/td><td><a href=\"http:\/\/lattes.cnpq.br\/0310564146023025\"><strong>0310564146023025<\/strong><\/a><\/td><td><a href=\"https:\/\/repositorio.uel.br\/items\/33baeb32-9461-4a6e-9d76-bd1e9bcf6c2a\" target=\"_blank\" rel=\"noreferrer noopener\">Forma\u00e7\u00e3o colaborativa de professores e projeto de letramento: um olhar reflexivo sobre a realidade dos alunos<\/a><\/td><td>Ana L\u00facia de Campos Almeida<\/td><\/tr><tr><td><strong>Josiane Junia Facundo de Almeida<\/strong><\/td><td><a href=\"http:\/\/lattes.cnpq.br\/5680573662875583\"><strong>5680573662875583<\/strong><\/a><\/td><td><a href=\"https:\/\/repositorio.uel.br\/items\/c72285c7-ae2d-4294-99fd-758655c330f1\" target=\"_blank\" rel=\"noreferrer noopener\">Letramento acad\u00eamico-profissional de professores surdos<\/a><\/td><td>Ana Lucia de Campos Almeida<\/td><\/tr><tr><td><strong>Irando Alves Martins Neto<\/strong><\/td><td><a href=\"http:\/\/lattes.cnpq.br\/7123768100809570\"><strong>7123768100809570<\/strong><\/a><\/td><td><a href=\"https:\/\/repositorio.uel.br\/items\/32b5aca9-a638-4bff-af73-4dc7116462e2\" target=\"_blank\" rel=\"noreferrer noopener\">Adapta\u00e7\u00e3o, cria\u00e7\u00e3o e juventude: di\u00e1logos entre pr\u00e1ticas de letramento escolar e n\u00e3o escolar<\/a><\/td><td>Ana L\u00facia de Campos Almeida<\/td><\/tr><tr><td><strong>Alexandre Stein<\/strong><\/td><td><a href=\"http:\/\/lattes.cnpq.br\/2853678584265726\"><strong>2853678584265726<\/strong><\/a><\/td><td><a href=\"https:\/\/repositorio.uel.br\/items\/a01f3d54-fd1c-4c29-b30d-0e08a7e5b761\" target=\"_blank\" rel=\"noreferrer noopener\">Aspectos fon\u00e9tico-fonol\u00f3gicos dos ditongos ortogr\u00e1ficos da L\u00edngua Inglesa e suas realiza\u00e7\u00f5es orais por aprendizes brasileiros<\/a><\/td><td>Dircel Aparecida Kailer<\/td><\/tr><\/tbody><\/table><\/figure>\n\n\n\n<div class=\"wp-block-buttons is-content-justification-right is-layout-flex wp-container-core-buttons-is-layout-765c4724 wp-block-buttons-is-layout-flex\">\n<div class=\"wp-block-button\"><a class=\"wp-block-button__link has-primary-accent-background-color has-background wp-element-button\" href=\"https:\/\/pos.uel.br\/ppgel\/egressos\/\">Voltar<\/a><\/div>\n<\/div>\n\n\n\n<p><\/p>\n","protected":false},"excerpt":{"rendered":"<p>Ana Paula Trevisani Barreto 0739323954675533 Formadores de Professores de Ingl\u00eas: Pr\u00e1xis de Planejamento como Locus de Constru\u00e7\u00f5es Conceituais Curr\u00edculares Vera L\u00facia Lopes Crist\u00f3v\u00e3o Rita de C\u00e1ssia Sim\u00f5es Martelini 8741484317997219 Estrat\u00e9gias lingu\u00edstico-discursivas na cr\u00f4nica machadiana: a s\u00e9rie Bons dias! Esther Gomes de Oliveira Jos\u00e9 Francisco Quaresma Soares da Silva 2675849235695184 Atos de transforma\u00e7\u00e3o: elementos conectores entre [&hellip;]<\/p>\n","protected":false},"author":10,"featured_media":0,"parent":0,"menu_order":0,"comment_status":"closed","ping_status":"closed","template":"","meta":{"footnotes":""},"class_list":["post-1145","page","type-page","status-publish","hentry"],"_links":{"self":[{"href":"https:\/\/pos.uel.br\/ppgel\/wp-json\/wp\/v2\/pages\/1145","targetHints":{"allow":["GET"]}}],"collection":[{"href":"https:\/\/pos.uel.br\/ppgel\/wp-json\/wp\/v2\/pages"}],"about":[{"href":"https:\/\/pos.uel.br\/ppgel\/wp-json\/wp\/v2\/types\/page"}],"author":[{"embeddable":true,"href":"https:\/\/pos.uel.br\/ppgel\/wp-json\/wp\/v2\/users\/10"}],"replies":[{"embeddable":true,"href":"https:\/\/pos.uel.br\/ppgel\/wp-json\/wp\/v2\/comments?post=1145"}],"version-history":[{"count":4,"href":"https:\/\/pos.uel.br\/ppgel\/wp-json\/wp\/v2\/pages\/1145\/revisions"}],"predecessor-version":[{"id":1294,"href":"https:\/\/pos.uel.br\/ppgel\/wp-json\/wp\/v2\/pages\/1145\/revisions\/1294"}],"wp:attachment":[{"href":"https:\/\/pos.uel.br\/ppgel\/wp-json\/wp\/v2\/media?parent=1145"}],"curies":[{"name":"wp","href":"https:\/\/api.w.org\/{rel}","templated":true}]}}