{"id":1143,"date":"2025-05-07T15:28:33","date_gmt":"2025-05-07T18:28:33","guid":{"rendered":"https:\/\/pos.uel.br\/ppgel\/?page_id=1143"},"modified":"2025-06-10T15:38:54","modified_gmt":"2025-06-10T18:38:54","slug":"doutorado-2018","status":"publish","type":"page","link":"https:\/\/pos.uel.br\/ppgel\/en\/doutorado-2018\/","title":{"rendered":"DOUTORADO 2018"},"content":{"rendered":"\n<div style=\"height:100px\" aria-hidden=\"true\" class=\"wp-block-spacer\"><\/div>\n\n\n\n<figure class=\"wp-block-table is-style-stripes\"><table class=\"has-fixed-layout\"><tbody><tr><td><strong>Vera Maria Ramos Pinto<\/strong><\/td><td><a href=\"http:\/\/lattes.cnpq.br\/6534215359492275\"><strong>6534215359492275<\/strong><\/a><\/td><td><a href=\"http:\/\/www.bibliotecadigital.uel.br\/document\/?code=vtls000220965\">Por Uma Educa\u00e7\u00e3o Sociolingu\u00edstica Consciente nos Cursos de Letras<\/a><\/td><td>Joyce Elaine de Almeida Baronas<\/td><\/tr><tr><td><strong>Taisa Pinetti Passoni<\/strong><\/td><td><a href=\"http:\/\/lattes.cnpq.br\/1682918727882586\"><strong>1682918727882586<\/strong><\/a><\/td><td><a href=\"http:\/\/www.bibliotecadigital.uel.br\/document\/?code=vtls000218338\">O Programa Ingl\u00eas sem Fronteiras como pol\u00edtica lingu\u00edstica: um estudo sobre as ideologias da l\u00edngua inglesa no \u00e2mbito da internacionaliza\u00e7\u00e3o do ensino superior brasileiro<\/a><\/td><td>Telma Nunes Gimenez<\/td><\/tr><tr><td><strong>Taciane Marcelle Marques<\/strong><\/td><td><a href=\"http:\/\/lattes.cnpq.br\/3394975521025115\"><strong>3394975521025115<\/strong><\/a><\/td><td><a href=\"https:\/\/repositorio.uel.br\/items\/54f63cc4-b9bc-4b6d-86e5-f0cd0319d26d\" target=\"_blank\" rel=\"noreferrer noopener\">Pedagogia da Varia\u00e7\u00e3o Lingu\u00edstica: Por um Ensino Livre de Preconceitos Lingu\u00edsticos<\/a><\/td><td>Joyce Elaine de Almeida Baronas<\/td><\/tr><tr><td><strong>Greize Alves da Silva<\/strong><\/td><td><a href=\"http:\/\/lattes.cnpq.br\/4978318468793519\"><strong>4978318468793519<\/strong><\/a><\/td><td><a href=\"https:\/\/repositorio.uel.br\/items\/c9e0a42b-a51a-4806-940f-f36ced31804e\" target=\"_blank\" rel=\"noreferrer noopener\">Atlas Lingu\u00edstico Topodin\u00e2mico e Topoest\u00e1tico do Estado do Tocantins &#8211; ALiTTETO<\/a><\/td><td>Vanderci de Andrade Aguilera<\/td><\/tr><tr><td><strong>Edson Galv\u00e3o Maia<\/strong><\/td><td><a href=\"http:\/\/lattes.cnpq.br\/9236293049944497\"><strong>9236293049944497<\/strong><\/a><\/td><td><a href=\"https:\/\/repositorio.uel.br\/items\/a23bd480-c0a7-429a-b739-b888c271fe5a\" target=\"_blank\" rel=\"noreferrer noopener\">Atlas Lingu\u00edstico do Sul Amazonense &#8211; ALSAM<\/a><\/td><td>Vanderci de Andrade Aguilera<\/td><\/tr><tr><td><strong>Edn\u00e9ia de C\u00e1ssia Santos Pinho<\/strong><\/td><td><a href=\"http:\/\/lattes.cnpq.br\/1096020770290085\"><strong>1096020770290085<\/strong><\/a><\/td><td><a href=\"https:\/\/repositorio.uel.br\/items\/db86d843-2417-4d1e-8aa7-3443f4aa8aca\" target=\"_blank\" rel=\"noreferrer noopener\">Argumenta\u00e7\u00e3o e multimodalidade no ensino de leitura do g\u00eanero an\u00fancio publicit\u00e1rio<\/a><\/td><td>Esther Gomes de Oliveira<\/td><\/tr><tr><td><strong>Daniela de Souza Silva Costa<\/strong><\/td><td><a href=\"http:\/\/lattes.cnpq.br\/3768413629098811\"><strong>3768413629098811<\/strong><\/a><\/td><td><a href=\"https:\/\/repositorio.uel.br\/items\/8b666ec8-c949-400f-946c-a13c83027d58\" target=\"_blank\" rel=\"noreferrer noopener\">Vocabul\u00e1rio Dialetal do Centro-Oeste: interfaces entre a Lexicografia e a Dialetologia<\/a><\/td><td>Aparecida Negri Isquerdo<\/td><\/tr><tr><td><strong>Daniel de Oliveira Figueiredo<\/strong><\/td><td><a href=\"http:\/\/lattes.cnpq.br\/8227346754810993\"><strong>8227346754810993<\/strong><\/a><\/td><td><a href=\"https:\/\/repositorio.uel.br\/items\/c0d7165a-2aa6-453c-9567-566ec77f3625\" target=\"_blank\" rel=\"noreferrer noopener\">Roteiros para leitura de Argumenta\u00e7\u00e3o na charge<\/a><\/td><td>Esther Gomes de Oliveira<\/td><\/tr><tr><td><strong>C\u00e1ssia Vanessa Batalha<\/strong><\/td><td><a href=\"http:\/\/lattes.cnpq.br\/4978626889508293\"><strong>4978626889508293<\/strong><\/a><\/td><td><a href=\"https:\/\/repositorio.uel.br\/items\/326a7bda-4ac4-48a3-b19e-5c97b24ea28b\" target=\"_blank\" rel=\"noreferrer noopener\">Intera\u00e7\u00f5es escolares em curtas animados produzidos por alunos do Cursinho Popular de Itu: um estudo semi\u00f3tico<\/a><\/td><td>Loredana Limoli<\/td><\/tr><tr><td><strong>Anna Carolina Chierotti dos Santos Ananias<\/strong><\/td><td><a href=\"http:\/\/lattes.cnpq.br\/7978542612300259\"><strong>7978542612300259<\/strong><\/a><\/td><td><a href=\"https:\/\/repositorio.uel.br\/items\/c426dcda-aa8c-435b-bde6-1d22faa4aa05\" target=\"_blank\" rel=\"noreferrer noopener\">Marcas de Religiosidade Impressas na Topon\u00edmia Paranaense<\/a><\/td><td>Aparecida Negri Isquerdo<\/td><\/tr><tr><td><strong>F\u00e1bio Henrique Rosa Senefonte<\/strong><\/td><td><a href=\"http:\/\/lattes.cnpq.br\/1897476249005659\"><strong>1897476249005659<\/strong><\/a><\/td><td><a href=\"https:\/\/repositorio.uel.br\/items\/65833065-6d59-4f79-81dc-c0ca6684a6f0\" target=\"_blank\" rel=\"noreferrer noopener\">Informal English: Learning, Teaching and Teacher Education<\/a><\/td><td>Simone Reis<\/td><\/tr><\/tbody><\/table><\/figure>\n\n\n\n<div class=\"wp-block-buttons is-content-justification-right is-layout-flex wp-container-core-buttons-is-layout-765c4724 wp-block-buttons-is-layout-flex\">\n<div class=\"wp-block-button\"><a class=\"wp-block-button__link has-primary-accent-background-color has-background wp-element-button\" href=\"https:\/\/pos.uel.br\/ppgel\/egressos\/\">Voltar<\/a><\/div>\n<\/div>\n\n\n\n<p><\/p>\n","protected":false},"excerpt":{"rendered":"<p>Vera Maria Ramos Pinto 6534215359492275 Por Uma Educa\u00e7\u00e3o Sociolingu\u00edstica Consciente nos Cursos de Letras Joyce Elaine de Almeida Baronas Taisa Pinetti Passoni 1682918727882586 O Programa Ingl\u00eas sem Fronteiras como pol\u00edtica lingu\u00edstica: um estudo sobre as ideologias da l\u00edngua inglesa no \u00e2mbito da internacionaliza\u00e7\u00e3o do ensino superior brasileiro Telma Nunes Gimenez Taciane Marcelle Marques 3394975521025115 Pedagogia [&hellip;]<\/p>\n","protected":false},"author":10,"featured_media":0,"parent":0,"menu_order":0,"comment_status":"closed","ping_status":"closed","template":"","meta":{"footnotes":""},"class_list":["post-1143","page","type-page","status-publish","hentry"],"_links":{"self":[{"href":"https:\/\/pos.uel.br\/ppgel\/wp-json\/wp\/v2\/pages\/1143","targetHints":{"allow":["GET"]}}],"collection":[{"href":"https:\/\/pos.uel.br\/ppgel\/wp-json\/wp\/v2\/pages"}],"about":[{"href":"https:\/\/pos.uel.br\/ppgel\/wp-json\/wp\/v2\/types\/page"}],"author":[{"embeddable":true,"href":"https:\/\/pos.uel.br\/ppgel\/wp-json\/wp\/v2\/users\/10"}],"replies":[{"embeddable":true,"href":"https:\/\/pos.uel.br\/ppgel\/wp-json\/wp\/v2\/comments?post=1143"}],"version-history":[{"count":5,"href":"https:\/\/pos.uel.br\/ppgel\/wp-json\/wp\/v2\/pages\/1143\/revisions"}],"predecessor-version":[{"id":1290,"href":"https:\/\/pos.uel.br\/ppgel\/wp-json\/wp\/v2\/pages\/1143\/revisions\/1290"}],"wp:attachment":[{"href":"https:\/\/pos.uel.br\/ppgel\/wp-json\/wp\/v2\/media?parent=1143"}],"curies":[{"name":"wp","href":"https:\/\/api.w.org\/{rel}","templated":true}]}}