{"id":1141,"date":"2025-05-07T15:27:26","date_gmt":"2025-05-07T18:27:26","guid":{"rendered":"https:\/\/pos.uel.br\/ppgel\/?page_id=1141"},"modified":"2025-07-09T11:51:11","modified_gmt":"2025-07-09T14:51:11","slug":"mestrado-2024","status":"publish","type":"page","link":"https:\/\/pos.uel.br\/ppgel\/en\/mestrado-2024\/","title":{"rendered":"MESTRADO 2024"},"content":{"rendered":"\n<div style=\"height:100px\" aria-hidden=\"true\" class=\"wp-block-spacer\"><\/div>\n\n\n\n<figure class=\"wp-block-table is-style-stripes\"><table class=\"has-fixed-layout\"><tbody><tr><td><strong>Samara Barbosa Carneiro Christov\u00e3o<\/strong><\/td><td><a href=\"http:\/\/lattes.cnpq.br\/3919087882193662\"><strong>3919087882193662<\/strong><\/a><\/td><td>A forma\u00e7\u00e3o de leitores liter\u00e1rios atravessada pelas Tecnologias Digitais da Informa\u00e7\u00e3o e Comunica\u00e7\u00e3o: Um estudo de caso (<em>trabalho ainda n\u00e3o disponibilizado pela biblioteca<\/em>)<\/td><td>Sheila Oliveira Lima<\/td><\/tr><tr><td><strong>Leticia Gabriele Zilli<\/strong><\/td><td><a href=\"http:\/\/lattes.cnpq.br\/1651516972793857\"><strong>1651516972793857<\/strong><\/a><\/td><td><a href=\"https:\/\/repositorio.uel.br\/items\/10ad09f1-1ff7-428d-ba1a-9872cf438aa5\" target=\"_blank\" rel=\"noreferrer noopener\">A Morfossintaxe da Nega\u00e7\u00e3o na L\u00edngua Kaingang: Uma An\u00e1lise Preliminar<\/a><\/td><td>Marcelo Silveira<\/td><\/tr><tr><td><strong>Josu\u00e9 Marques Ferreira<\/strong><\/td><td><a href=\"http:\/\/lattes.cnpq.br\/8432146508392467\"><strong>8432146508392467<\/strong><\/a><\/td><td><a href=\"https:\/\/repositorio.uel.br\/items\/11da9c34-68fe-42f9-a2ee-d84bdf33a178\">Varia\u00e7\u00e3o do objeto direto anaf\u00f3rico na fala da Regi\u00e3o Centro-Oeste do Brasil : um estudo com dados do Alib<\/a><\/td><td>Dircel Aparecida Kailer<\/td><\/tr><tr><td><strong>J\u00e9ssica Brandet Alves<\/strong><\/td><td><a href=\"http:\/\/lattes.cnpq.br\/4376430649777199\"><strong>4376430649777199<\/strong><\/a><\/td><td><a href=\"https:\/\/repositorio.uel.br\/items\/c9d0184d-faae-43a4-8675-fe462bfef80f\" target=\"_blank\" rel=\"noreferrer noopener\">Verbos Copulaticos em Kaingang<\/a><\/td><td>Marcelo Silveira<\/td><\/tr><tr><td><strong>Alisson Rodrigo Bertan Cominato<\/strong><\/td><td><a href=\"http:\/\/lattes.cnpq.br\/7659487321070278\"><strong>7659487321070278<\/strong><\/a><\/td><td><a href=\"https:\/\/repositorio.uel.br\/items\/b3a0a4b8-13db-4635-a66c-628793600e70\" target=\"_blank\" rel=\"noreferrer noopener\">Joana e a constru\u00e7\u00e3o do humor nas tiras da s\u00e9rie? Bichinhos de Jardim?: as rela\u00e7\u00f5es com a tecnologia<\/a><\/td><td>Maria Isabel Borges<\/td><\/tr><tr><td><strong>Renan William Silva De Deus<\/strong><\/td><td><a href=\"http:\/\/lattes.cnpq.br\/2299910125722885\"><strong>2299910125722885<\/strong><\/a><\/td><td><a href=\"https:\/\/repositorio.uel.br\/items\/60d5e4f1-08f9-4a3f-8ba1-d3b490f8a3a5\" target=\"_blank\" rel=\"noreferrer noopener\">Plataforma Ingl\u00eas Paran\u00e1: representa\u00e7\u00f5es, discursos e ideologias<\/a><\/td><td>Michele Sales El Kadri<\/td><\/tr><tr><td><strong>Leonardo Igor Rak<\/strong><\/td><td><a href=\"http:\/\/lattes.cnpq.br\/9107941093676497\"><strong>9107941093676497<\/strong><\/a><\/td><td><a href=\"https:\/\/repositorio.uel.br\/items\/99fea7c0-edf3-4cc8-ab21-ba8c169d3fbe\" target=\"_blank\" rel=\"noreferrer noopener\">A Imagem na (Res)Significa\u00e7\u00e3o de Sentidos: Leituras do N\u00e3o-Verbal Sobre Identidade Brasileira em Livros Paradid\u00e1ticos do PNLD Liter\u00e1rio 2020<\/a><\/td><td>Andr\u00e9ia da Cunha Malheiros Santana<\/td><\/tr><tr><td><strong>Laura Marques Sobrinho<\/strong><\/td><td><a href=\"http:\/\/lattes.cnpq.br\/0791482254158778\"><strong>0791482254158778<\/strong><\/a><\/td><td><a href=\"https:\/\/repositorio.uel.br\/items\/267fa058-1153-4384-b606-a4dcf8c16574\" target=\"_blank\" rel=\"noreferrer noopener\">Un Grano No Hace Granero, Pero Ayuda Al Compa\u00f1ero: Express\u00f5es Idiom\u00e1ticas em Tr\u00eas Volumes do Livro Clave Espa\u00f1ol Para El Mundo, Rumo Ao Desenvolvimento da Compet\u00eancia Comunicativa Intercultural<\/a><\/td><td>Cl\u00e1udia Cristina Ferreira<\/td><\/tr><tr><td><strong>Fabr\u00edcio Martins Balieiro<\/strong><\/td><td><a href=\"http:\/\/lattes.cnpq.br\/1769163638137142\"><strong>1769163638137142<\/strong><\/a><\/td><td><a href=\"https:\/\/repositorio.uel.br\/items\/f7da28c0-a33a-49df-ad63-56cf424928ca\" target=\"_blank\" rel=\"noreferrer noopener\">Proposta Lexicogr\u00e1fica Para um Vocabul\u00e1rio do A\u00e7a\u00ed em Libras<\/a><\/td><td>Ot\u00e1vio Goes de Andrade<\/td><\/tr><tr><td><strong>Areta Estefane Belo Cordeiro<\/strong><\/td><td><a href=\"http:\/\/lattes.cnpq.br\/5779207504347602\"><strong>5779207504347602<\/strong><\/a><\/td><td><a href=\"https:\/\/repositorio.uel.br\/items\/ef32787e-5563-47ff-906b-508fee98a86f\" target=\"_blank\" rel=\"noreferrer noopener\">Forma\u00e7\u00e3o continuada de professores em ensino de Ingl\u00eas para Fins Espec\u00edficos no \u00e2mbito do Programa Paran\u00e1 Fala Ingl\u00eas &#8211; UEL: uma trajet\u00f3ria autoetnogr\u00e1fica<\/a><\/td><td>Telma Nunes Gimenez<\/td><\/tr><tr><td><strong>Ana Beatriz Beraldo Elias<\/strong><\/td><td><a href=\"http:\/\/lattes.cnpq.br\/8390927414453290\"><strong>8390927414453290<\/strong><\/a><\/td><td><a href=\"https:\/\/repositorio.uel.br\/items\/b485f5ad-dcde-4e6c-b2be-5a9423df3295\" target=\"_blank\" rel=\"noreferrer noopener\">Entre &#8220;Isso \u00e9 Ut\u00f3pico!&#8221; E &#8220;There Are no Owners&#8221;: Modos de Agir e Interagir na Trajet\u00f3ria de Professores em Forma\u00e7\u00e3o em Rela\u00e7\u00e3o ao Ingl\u00eas como L\u00edngua Franca<\/a><\/td><td>Michele Salles El Kadri<\/td><\/tr><\/tbody><\/table><\/figure>\n\n\n\n<div class=\"wp-block-buttons is-content-justification-right is-layout-flex wp-container-core-buttons-is-layout-765c4724 wp-block-buttons-is-layout-flex\">\n<div class=\"wp-block-button\"><a class=\"wp-block-button__link has-primary-accent-background-color has-background wp-element-button\" href=\"https:\/\/pos.uel.br\/ppgel\/egressos\/\">Voltar<\/a><\/div>\n<\/div>\n\n\n\n<p><\/p>\n","protected":false},"excerpt":{"rendered":"<p>Samara Barbosa Carneiro Christov\u00e3o 3919087882193662 A forma\u00e7\u00e3o de leitores liter\u00e1rios atravessada pelas Tecnologias Digitais da Informa\u00e7\u00e3o e Comunica\u00e7\u00e3o: Um estudo de caso (trabalho ainda n\u00e3o disponibilizado pela biblioteca) Sheila Oliveira Lima Leticia Gabriele Zilli 1651516972793857 A Morfossintaxe da Nega\u00e7\u00e3o na L\u00edngua Kaingang: Uma An\u00e1lise Preliminar Marcelo Silveira Josu\u00e9 Marques Ferreira 8432146508392467 Varia\u00e7\u00e3o do objeto direto [&hellip;]<\/p>\n","protected":false},"author":10,"featured_media":0,"parent":0,"menu_order":0,"comment_status":"closed","ping_status":"closed","template":"","meta":{"footnotes":""},"class_list":["post-1141","page","type-page","status-publish","hentry"],"_links":{"self":[{"href":"https:\/\/pos.uel.br\/ppgel\/wp-json\/wp\/v2\/pages\/1141","targetHints":{"allow":["GET"]}}],"collection":[{"href":"https:\/\/pos.uel.br\/ppgel\/wp-json\/wp\/v2\/pages"}],"about":[{"href":"https:\/\/pos.uel.br\/ppgel\/wp-json\/wp\/v2\/types\/page"}],"author":[{"embeddable":true,"href":"https:\/\/pos.uel.br\/ppgel\/wp-json\/wp\/v2\/users\/10"}],"replies":[{"embeddable":true,"href":"https:\/\/pos.uel.br\/ppgel\/wp-json\/wp\/v2\/comments?post=1141"}],"version-history":[{"count":7,"href":"https:\/\/pos.uel.br\/ppgel\/wp-json\/wp\/v2\/pages\/1141\/revisions"}],"predecessor-version":[{"id":1720,"href":"https:\/\/pos.uel.br\/ppgel\/wp-json\/wp\/v2\/pages\/1141\/revisions\/1720"}],"wp:attachment":[{"href":"https:\/\/pos.uel.br\/ppgel\/wp-json\/wp\/v2\/media?parent=1141"}],"curies":[{"name":"wp","href":"https:\/\/api.w.org\/{rel}","templated":true}]}}