{"id":1139,"date":"2025-05-07T15:26:12","date_gmt":"2025-05-07T18:26:12","guid":{"rendered":"https:\/\/pos.uel.br\/ppgel\/?page_id=1139"},"modified":"2025-06-10T15:12:09","modified_gmt":"2025-06-10T18:12:09","slug":"mestrado-2022","status":"publish","type":"page","link":"https:\/\/pos.uel.br\/ppgel\/en\/mestrado-2022\/","title":{"rendered":"MESTRADO 2022"},"content":{"rendered":"\n<div style=\"height:100px\" aria-hidden=\"true\" class=\"wp-block-spacer\"><\/div>\n\n\n\n<figure class=\"wp-block-table is-style-stripes\"><table class=\"has-fixed-layout\"><tbody><tr><td><strong>Thaysa Gabriella Gon\u00e7alves<\/strong><\/td><td><a href=\"http:\/\/lattes.cnpq.br\/8998012256222565\"><strong>8998012256222565<\/strong><\/a><\/td><td><a href=\"https:\/\/repositorio.uel.br\/items\/ef0c55b1-b76e-4b57-9bed-2eab42be9881\" target=\"_blank\" rel=\"noreferrer noopener\">Estrat\u00e9gias de Referencia\u00e7\u00e3o na Constru\u00e7\u00e3o dos Sentidos: A Opera\u00e7\u00e3o Lava Jato na Perspectiva de O Globo e G1<\/a><\/td><td>Isabel Cristina Cordeiro<\/td><\/tr><tr><td><strong>Otto Henrique Silva Ferreira<\/strong><\/td><td><a href=\"http:\/\/lattes.cnpq.br\/0687686666539363\"><strong>0687686666539363<\/strong><\/a><\/td><td><strong>Mestrado interrompido<\/strong><\/td><td><strong>Mestrado interrompido<\/strong><\/td><\/tr><tr><td><strong>Ot\u00e1vio Felipe Carneiro<\/strong><\/td><td><a href=\"http:\/\/lattes.cnpq.br\/9171397894076212\"><strong>9171397894076212<\/strong><\/a><\/td><td><a href=\"https:\/\/repositorio.uel.br\/items\/b8ffa4f5-2187-4af5-82c3-1be44b12371c\" target=\"_blank\" rel=\"noreferrer noopener\">Como ler imagens na escola? Prot\u00f3tipos para a pr\u00e1tica de leitura visual<\/a><\/td><td>Sheila Oliveira Lima<\/td><\/tr><tr><td><strong>Leticia Vidotti Dos Santos<\/strong><\/td><td><a href=\"http:\/\/lattes.cnpq.br\/4951766065952410\"><strong>4951766065952410<\/strong><\/a><\/td><td><a href=\"https:\/\/repositorio.uel.br\/items\/5d884a0e-2282-4ddb-83c4-2823a15b46c1\" target=\"_blank\" rel=\"noreferrer noopener\">O Papel da Planifica\u00e7\u00e3o Coletiva do Dispositivo Sequ\u00eancia Did\u00e1tica na Forma\u00e7\u00e3o Inicial de Professoras de L\u00edngua Inglesa com Crian\u00e7as<\/a><\/td><td>Juliana Reichert Assun\u00e7\u00e3o Tonelli<\/td><\/tr><tr><td><strong>Giovanna Mollero Fernandes<\/strong><\/td><td><a href=\"http:\/\/lattes.cnpq.br\/7085608406732152\"><strong>7085608406732152<\/strong><\/a><\/td><td><a href=\"https:\/\/repositorio.uel.br\/items\/a69d8b3a-7228-4b62-a3fc-952dbb130d8b\" target=\"_blank\" rel=\"noreferrer noopener\">Letramento em avalia\u00e7\u00e3o orientada para a aprendizagem: um estudo de caso na forma\u00e7\u00e3o de professores de l\u00ednguas estrangeiras<\/a><\/td><td>Viviane Aparecida Bagio Furtoso<\/td><\/tr><tr><td><strong>Gabrielly Champi Duarte<\/strong><\/td><td><a href=\"http:\/\/lattes.cnpq.br\/8453603231384235\"><strong>8453603231384235<\/strong><\/a><\/td><td><a href=\"https:\/\/repositorio.uel.br\/items\/28c419bd-8b10-400f-81f5-cd7a6f1eb6c6\" target=\"_blank\" rel=\"noreferrer noopener\">Norma Culta Brasileira: A Coloca\u00e7\u00e3o Pronominal em Jornais Nacionais de Prest\u00edgio<\/a><\/td><td>Joyce Elaine De Almeida Baronas<\/td><\/tr><tr><td><strong>Damaris Kanins\u00e3nh Felisbino<\/strong><\/td><td><a href=\"http:\/\/lattes.cnpq.br\/3339006981680064\"><strong>3339006981680064<\/strong><\/a><\/td><td><a href=\"https:\/\/repositorio.uel.br\/items\/e860d991-0e4c-4dd7-ba66-567e6d28d9cc\" target=\"_blank\" rel=\"noreferrer noopener\">Formalidade x informalidade na l\u00edngua Kaingang: reflex\u00f5es a respeito da varia\u00e7\u00e3o diam\u00e9sica na T.I<\/a><\/td><td>Marcelo Silveira<\/td><\/tr><\/tbody><\/table><\/figure>\n\n\n\n<div class=\"wp-block-buttons is-content-justification-right is-layout-flex wp-container-core-buttons-is-layout-765c4724 wp-block-buttons-is-layout-flex\">\n<div class=\"wp-block-button\"><a class=\"wp-block-button__link has-primary-accent-background-color has-background wp-element-button\" href=\"https:\/\/pos.uel.br\/ppgel\/egressos\/\">Voltar<\/a><\/div>\n<\/div>\n","protected":false},"excerpt":{"rendered":"<p>Thaysa Gabriella Gon\u00e7alves 8998012256222565 Estrat\u00e9gias de Referencia\u00e7\u00e3o na Constru\u00e7\u00e3o dos Sentidos: A Opera\u00e7\u00e3o Lava Jato na Perspectiva de O Globo e G1 Isabel Cristina Cordeiro Otto Henrique Silva Ferreira 0687686666539363 Mestrado interrompido Mestrado interrompido Ot\u00e1vio Felipe Carneiro 9171397894076212 Como ler imagens na escola? Prot\u00f3tipos para a pr\u00e1tica de leitura visual Sheila Oliveira Lima Leticia Vidotti [&hellip;]<\/p>\n","protected":false},"author":10,"featured_media":0,"parent":0,"menu_order":0,"comment_status":"closed","ping_status":"closed","template":"","meta":{"footnotes":""},"class_list":["post-1139","page","type-page","status-publish","hentry"],"_links":{"self":[{"href":"https:\/\/pos.uel.br\/ppgel\/wp-json\/wp\/v2\/pages\/1139","targetHints":{"allow":["GET"]}}],"collection":[{"href":"https:\/\/pos.uel.br\/ppgel\/wp-json\/wp\/v2\/pages"}],"about":[{"href":"https:\/\/pos.uel.br\/ppgel\/wp-json\/wp\/v2\/types\/page"}],"author":[{"embeddable":true,"href":"https:\/\/pos.uel.br\/ppgel\/wp-json\/wp\/v2\/users\/10"}],"replies":[{"embeddable":true,"href":"https:\/\/pos.uel.br\/ppgel\/wp-json\/wp\/v2\/comments?post=1139"}],"version-history":[{"count":4,"href":"https:\/\/pos.uel.br\/ppgel\/wp-json\/wp\/v2\/pages\/1139\/revisions"}],"predecessor-version":[{"id":1282,"href":"https:\/\/pos.uel.br\/ppgel\/wp-json\/wp\/v2\/pages\/1139\/revisions\/1282"}],"wp:attachment":[{"href":"https:\/\/pos.uel.br\/ppgel\/wp-json\/wp\/v2\/media?parent=1139"}],"curies":[{"name":"wp","href":"https:\/\/api.w.org\/{rel}","templated":true}]}}