{"id":1137,"date":"2025-05-07T15:24:48","date_gmt":"2025-05-07T18:24:48","guid":{"rendered":"https:\/\/pos.uel.br\/ppgel\/?page_id=1137"},"modified":"2025-06-10T15:06:17","modified_gmt":"2025-06-10T18:06:17","slug":"mestrado-2020","status":"publish","type":"page","link":"https:\/\/pos.uel.br\/ppgel\/en\/mestrado-2020\/","title":{"rendered":"MESTRADO 2020"},"content":{"rendered":"\n<div style=\"height:100px\" aria-hidden=\"true\" class=\"wp-block-spacer\"><\/div>\n\n\n\n<figure class=\"wp-block-table is-style-stripes\"><table class=\"has-fixed-layout\"><tbody><tr><td><strong>Poliana Rosa Riedlinger Soares<\/strong><\/td><td><a href=\"http:\/\/lattes.cnpq.br\/2742101392978212\"><strong>2742101392978212<\/strong><\/a><\/td><td><a href=\"https:\/\/repositorio.uel.br\/items\/93002ee4-374f-4b29-b237-9ae235affc73\" target=\"_blank\" rel=\"noreferrer noopener\">Leitura e Conta\u00e7\u00e3o de Hist\u00f3ria na EJA: Um Di\u00e1logo Entre Diferentes Pr\u00e1ticas de Letramento<\/a><\/td><td>Ana L\u00facia de Campos Almeida<\/td><\/tr><tr><td><strong>Patricia Medeiros Da Silva Galv\u00e3o<\/strong><\/td><td><a href=\"http:\/\/lattes.cnpq.br\/6272171455479189\"><strong>6272171455479189<\/strong><\/a><\/td><td><a href=\"https:\/\/repositorio.uel.br\/items\/53e0e6f5-5108-4477-91c4-c9518ec2b9c9\" target=\"_blank\" rel=\"noreferrer noopener\">Do Sagrado ao Profano: Uma An\u00e1lise Sociolingu\u00edstica da B\u00edblia Freestyle<\/a><\/td><td>Fabiane Cristina Altino<\/td><\/tr><tr><td><strong>Nayara Maira Da Silva<\/strong><\/td><td><a href=\"http:\/\/lattes.cnpq.br\/7818999709514478\"><strong>7818999709514478<\/strong><\/a><\/td><td><a href=\"https:\/\/repositorio.uel.br\/items\/5ecb7e61-7659-4eba-b8e3-efd5f79ee7f7\" target=\"_blank\" rel=\"noreferrer noopener\">Cren\u00e7as e Atitudes Lingu\u00edsticas de Professores de Escolas P\u00fablicas de Rol\u00e2ndia-PR.<\/a><\/td><td>Joyce Elaine de Almeida Baronas<\/td><\/tr><tr><td><strong>Luiz Felipe Felisardo Cardoso<\/strong><\/td><td><a href=\"http:\/\/lattes.cnpq.br\/3450894976637658\"><strong>3450894976637658<\/strong><\/a><\/td><td><a href=\"https:\/\/repositorio.uel.br\/items\/69ebbd62-217b-405e-a413-4d261823e6c3\" target=\"_blank\" rel=\"noreferrer noopener\">Estudo Geossolingu\u00edstico dos Falares Passo-fundense e Londrinense<\/a><\/td><td>Fabiane Cristina Altino<\/td><\/tr><tr><td><strong>Everton Lima Camargo<\/strong><\/td><td><a href=\"http:\/\/lattes.cnpq.br\/6616102533112148\"><strong>6616102533112148<\/strong><\/a><\/td><td><a href=\"https:\/\/repositorio.uel.br\/items\/b30f9a45-1153-4f9e-8dc5-b41cfacc9f6c\" target=\"_blank\" rel=\"noreferrer noopener\">O imagin\u00e1rio discursivo sobre a reda\u00e7\u00e3o de vestibular<\/a><\/td><td>Eliana Maria Severino Donaio Ruiz<\/td><\/tr><tr><td><strong>Rodolfo Iglezia Palmieri<\/strong><\/td><td><a href=\"http:\/\/lattes.cnpq.br\/4611822778525084\"><strong>4611822778525084<\/strong><\/a><\/td><td><a href=\"https:\/\/repositorio.uel.br\/items\/95db9696-6816-44c2-8e81-ce21c90aacce\" target=\"_blank\" rel=\"noreferrer noopener\">As pr\u00e1ticas discursivas no sistema prisional brasileiro: &#8220;pipos&#8221;, sujei\u00e7\u00e3o e argumenta\u00e7\u00e3o<\/a><\/td><td>Isabel Cristina Cordeiro<\/td><\/tr><tr><td><strong>Susanah Yoshimi Watanabe Romero<\/strong><\/td><td><a href=\"http:\/\/lattes.cnpq.br\/6663250527178125\"><strong>6663250527178125<\/strong><\/a><\/td><td><a href=\"https:\/\/repositorio.uel.br\/items\/baf7cae5-0d8c-4649-ab03-fa3c4bdb8e63\" target=\"_blank\" rel=\"noreferrer noopener\">Met\u00e1fora Discursiva em Guimar\u00e3es Rosa: Uma An\u00e1lise Sem\u00e2nticoideol\u00f3gica de Aletria e Hermen\u00eautica<\/a><\/td><td>Mari\u00e2ngela Peccioli Galli Joanilho<\/td><\/tr><tr><td><strong>Kauana Scabori Dos Santos<\/strong><\/td><td><a href=\"http:\/\/lattes.cnpq.br\/5728293727879651\"><strong>5728293727879651<\/strong><\/a><\/td><td><a href=\"https:\/\/repositorio.uel.br\/items\/71045982-210b-4aea-b7fd-8098515b2f8a\" target=\"_blank\" rel=\"noreferrer noopener\">R\u00f3ticos em Ataque Sil\u00e1bico em Algumas Localidades Paranaenses: Dados do ATLAS Lingu\u00edstico do Brasil<\/a><\/td><td>Dircel Aparecida Kailer<\/td><\/tr><tr><td><strong>Karla Roberta Neumann<\/strong><\/td><td><a href=\"http:\/\/lattes.cnpq.br\/9154080486219267\"><strong>9154080486219267<\/strong><\/a><\/td><td><a href=\"https:\/\/repositorio.uel.br\/items\/ba762c38-b47e-42dc-b942-5274b57d675d\" target=\"_blank\" rel=\"noreferrer noopener\">Trabalho, educa\u00e7\u00e3o e oportunidade: a contradi\u00e7\u00e3o do discurso meritocr\u00e1tico da\/na aprendizagem profissional<\/a><\/td><td>Mari\u00e2ngela Peccioli Galli Joanilho<\/td><\/tr><tr><td><strong>Felipe Trevisan Ferreira<\/strong><\/td><td><a href=\"http:\/\/lattes.cnpq.br\/0089892202933401\"><strong>0089892202933401<\/strong><\/a><\/td><td><a href=\"https:\/\/repositorio.uel.br\/items\/3f499608-5a62-479d-ad36-19fe29daf391\" target=\"_blank\" rel=\"noreferrer noopener\">Diversidade Sexual e de G\u00eanero nas aulas de Ingl\u00eas: a forma\u00e7\u00e3o de cidad\u00e3os cr\u00edticos em contexto de vulnerabilidade social.<\/a><\/td><td>Vera L\u00facia Lopes Crist\u00f3v\u00e3o<\/td><\/tr><tr><td><strong>Emanuelle Cricia Oliveira Da Silva<\/strong><\/td><td><a href=\"http:\/\/lattes.cnpq.br\/0032437474923037\"><strong>0032437474923037<\/strong><\/a><\/td><td><a href=\"https:\/\/repositorio.uel.br\/items\/3870d611-b507-4873-893a-2e6e904afc90\" target=\"_blank\" rel=\"noreferrer noopener\">Modelo did\u00e1tico do g\u00eanero rimas de enigma para o ensino da l\u00edngua inglesa no fundamental I<\/a><\/td><td>Juliana Reichert Assun\u00e7\u00e3o Tonelli<\/td><\/tr><tr><td><strong>Elis\u00e2ngela Costa Consentino<\/strong><\/td><td><a href=\"http:\/\/lattes.cnpq.br\/3065613552022857\"><strong>3065613552022857<\/strong><\/a><\/td><td><a href=\"https:\/\/repositorio.uel.br\/items\/fcaf9af3-5378-45e8-83b6-19b605bfd1f8\" target=\"_blank\" rel=\"noreferrer noopener\">A Figura da Mulher P\u00f3s-Moderna: Uma An\u00e1lise Sem\u00e2ntico-Discursiva dos Contos de Fadas do S\u00e9culo XXI<\/a><\/td><td>Isabel Cristina Cordeiro<\/td><\/tr><tr><td><strong>Cibele Coradin Bail<\/strong><\/td><td><a href=\"http:\/\/lattes.cnpq.br\/7980364188512547\"><strong>7980364188512547<\/strong><\/a><\/td><td><a href=\"https:\/\/repositorio.uel.br\/items\/482d2303-6326-4380-99bd-45b2c2675db0\" target=\"_blank\" rel=\"noreferrer noopener\">Forma\u00e7\u00e3o de professores de ingl\u00eas para fins espec\u00edficos com vistas \u00e0 internacionaliza\u00e7\u00e3o do ensino superior<\/a><\/td><td>Telma Nunes Gimenez<\/td><\/tr><tr><td><strong>Aline Cristina Fernandes<\/strong><\/td><td><a href=\"http:\/\/lattes.cnpq.br\/8717454895458764\"><strong>8717454895458764<\/strong><\/a><\/td><td><a href=\"https:\/\/repositorio.uel.br\/items\/a85cf951-adc9-490d-9c90-9e65a6d45013\" target=\"_blank\" rel=\"noreferrer noopener\">O Ensino de L\u00edngua Inglesa com Base em G\u00eaneros de Texto: Um Repensar Sobre a Educa\u00e7\u00e3o Ambiental no Processo de Forma\u00e7\u00e3o Continuada<\/a><\/td><td>Vera Lucia Lopes Cristov\u00e3o<\/td><\/tr><\/tbody><\/table><\/figure>\n\n\n\n<div class=\"wp-block-buttons is-content-justification-right is-layout-flex wp-container-core-buttons-is-layout-765c4724 wp-block-buttons-is-layout-flex\">\n<div class=\"wp-block-button\"><a class=\"wp-block-button__link has-primary-accent-background-color has-background wp-element-button\" href=\"https:\/\/pos.uel.br\/ppgel\/egressos\/\">Voltar<\/a><\/div>\n<\/div>\n","protected":false},"excerpt":{"rendered":"<p>Poliana Rosa Riedlinger Soares 2742101392978212 Leitura e Conta\u00e7\u00e3o de Hist\u00f3ria na EJA: Um Di\u00e1logo Entre Diferentes Pr\u00e1ticas de Letramento Ana L\u00facia de Campos Almeida Patricia Medeiros Da Silva Galv\u00e3o 6272171455479189 Do Sagrado ao Profano: Uma An\u00e1lise Sociolingu\u00edstica da B\u00edblia Freestyle Fabiane Cristina Altino Nayara Maira Da Silva 7818999709514478 Cren\u00e7as e Atitudes Lingu\u00edsticas de Professores de [&hellip;]<\/p>\n","protected":false},"author":10,"featured_media":0,"parent":0,"menu_order":0,"comment_status":"closed","ping_status":"closed","template":"","meta":{"footnotes":""},"class_list":["post-1137","page","type-page","status-publish","hentry"],"_links":{"self":[{"href":"https:\/\/pos.uel.br\/ppgel\/wp-json\/wp\/v2\/pages\/1137","targetHints":{"allow":["GET"]}}],"collection":[{"href":"https:\/\/pos.uel.br\/ppgel\/wp-json\/wp\/v2\/pages"}],"about":[{"href":"https:\/\/pos.uel.br\/ppgel\/wp-json\/wp\/v2\/types\/page"}],"author":[{"embeddable":true,"href":"https:\/\/pos.uel.br\/ppgel\/wp-json\/wp\/v2\/users\/10"}],"replies":[{"embeddable":true,"href":"https:\/\/pos.uel.br\/ppgel\/wp-json\/wp\/v2\/comments?post=1137"}],"version-history":[{"count":4,"href":"https:\/\/pos.uel.br\/ppgel\/wp-json\/wp\/v2\/pages\/1137\/revisions"}],"predecessor-version":[{"id":1278,"href":"https:\/\/pos.uel.br\/ppgel\/wp-json\/wp\/v2\/pages\/1137\/revisions\/1278"}],"wp:attachment":[{"href":"https:\/\/pos.uel.br\/ppgel\/wp-json\/wp\/v2\/media?parent=1137"}],"curies":[{"name":"wp","href":"https:\/\/api.w.org\/{rel}","templated":true}]}}