{"id":1120,"date":"2025-05-05T16:46:02","date_gmt":"2025-05-05T19:46:02","guid":{"rendered":"https:\/\/pos.uel.br\/ppgel\/?page_id=1120"},"modified":"2025-05-28T22:31:02","modified_gmt":"2025-05-29T01:31:02","slug":"doutorado-2016","status":"publish","type":"page","link":"https:\/\/pos.uel.br\/ppgel\/en\/doutorado-2016\/","title":{"rendered":"DOUTORADO 2016"},"content":{"rendered":"\n<p><\/p>\n\n\n\n<figure class=\"wp-block-table is-style-stripes\"><table class=\"has-fixed-layout\"><tbody><tr><td>Egresso<\/td><td>Lattes<\/td><td>Tese<\/td><td>Orientador<\/td><\/tr><tr><td>Adriana Grade Fiori Souza<\/td><td><a href=\"http:\/\/lattes.cnpq.br\/9699030636969892\" data-type=\"link\" data-id=\"http:\/\/lattes.cnpq.br\/9699030636969892\">9699030636969892<\/a><\/td><td><a href=\"http:\/\/www.bibliotecadigital.uel.br\/document\/?code=vtls000213863\">Pr\u00e1xis de ensino colaborativo como l\u00f3cus de argumenta\u00e7\u00e3o, delibera\u00e7\u00e3o e aprendizagem expansiva<\/a><\/td><td>Elaine Fernandes Mateus<\/td><\/tr><tr><td>Ana Val\u00e9ria Bisetto Bork<\/td><td><a href=\"http:\/\/lattes.cnpq.br\/7730359117992986\">7730359117992986<\/a><\/td><td><a href=\"http:\/\/www.uel.br\/pos\/ppgel\/pages\/arquivos\/Ana%20Valeria%20Bisetto%20Bork_Tese(1).pdf\">Produ\u00e7\u00e3o escrita de g\u00eaneros profissionais em l\u00edngua inglesa: vozes entrela\u00e7adas no processo de escrita e reescrita textual<\/a>\u00a0<\/td><td>Vera Lucia Lopes Cristov\u00e3o<\/td><\/tr><tr><td>Edio Roberto Manfio<\/td><td><a href=\"http:\/\/lattes.cnpq.br\/6903515537838311\" data-type=\"link\" data-id=\"http:\/\/lattes.cnpq.br\/6903515537838311\">6903515537838311<\/a><\/td><td><a href=\"http:\/\/www.bibliotecadigital.uel.br\/document\/?code=vtls000205300\">Avalia\u00e7\u00e3o de dispositivos acionados por voz e texto para o portugu\u00eas brasileiro\u00a0<\/a><\/td><td>Vanderci de Andrade Aguilera<\/td><\/tr><tr><td>Eva Cristina Francisco<\/td><td><a href=\"http:\/\/lattes.cnpq.br\/1554458139116490\">1554458139116490<\/a><\/td><td><a href=\"http:\/\/www.bibliotecadigital.uel.br\/document\/?code=vtls000204535\">Tradu\u00e7\u00e3o como recria\u00e7\u00e3o: o texto cinematogr\u00e1fico\u00a0<\/a><\/td><td>Edina Regina Pugas Panichi<\/td><\/tr><tr><td>H\u00e9len Cristina da Silva<\/td><td><a href=\"http:\/\/lattes.cnpq.br\/2062040007370137\">2062040007370137<\/a><\/td><td><a href=\"http:\/\/www.bibliotecadigital.uel.br\/document\/?code=vtls000207233\">Pelas veredas do \/R\/ retroflexo\u00a0<\/a><\/td><td>Vanderci de Andrade Aguilera<\/td><\/tr><tr><td>Helena Ester Munari Nicolau Loureiro<\/td><td><a href=\"http:\/\/lattes.cnpq.br\/8376095594476238\">8376095594476238<\/a><\/td><td><a href=\"http:\/\/www.bibliotecadigital.uel.br\/document\/?code=vtls000205071\">A intera\u00e7\u00e3o entre m\u00fasica e poesia na constru\u00e7\u00e3o do sentido em can\u00e7\u00f5es para crian\u00e7as: contribui\u00e7\u00f5es para o processo de musicaliza\u00e7\u00e3o na perspectiva de letramento musical e inclus\u00e3o cultural<\/a><\/td><td>Loredana Limoli<\/td><\/tr><tr><td>Juliana Kiyosen Nakayama<\/td><td><a href=\"http:\/\/lattes.cnpq.br\/2731632097016588\">2731632097016588<\/a><\/td><td><a href=\"http:\/\/www.bibliotecadigital.uel.br\/document\/?code=vtls000208766\">An\u00e1lise do t\u00f3pico discursivo nas sustenta\u00e7\u00f5es orais do caso Cesare Battisti<\/a><\/td><td>Paulo de T. Galembeck<\/td><\/tr><tr><td>Juliane Dalmas<\/td><td><a href=\"http:\/\/lattes.cnpq.br\/3062487995158366\">3062487995158366<\/a><\/td><td><a href=\"http:\/\/www.bibliotecadigital.uel.br\/document\/?code=vtls000210565\">Da passividade \u00e0 ag\u00eancia: desenvolvimento de professoras como resultado de empoderamento\u00a0<\/a><\/td><td>Simone Reis<\/td><\/tr><tr><td>Karen Alves de Andrade<\/td><td><a href=\"http:\/\/lattes.cnpq.br\/9821175030990084\">9821175030990084<\/a><\/td><td><a href=\"http:\/\/www.bibliotecadigital.uel.br\/document\/?code=vtls000210521\">Os crit\u00e9rios de corre\u00e7\u00e3o na reda\u00e7\u00e3o do ENEM: a adequa\u00e7\u00e3o tem\u00e1tica e o texto dissertativo-argumentativo\u00a0<\/a><\/td><td>Esther Gomes de Oliveira<\/td><\/tr><tr><td>Lilian Kemmer Chiment\u00e3o<\/td><td><a href=\"http:\/\/lattes.cnpq.br\/3691050154641083\">3691050154641083<\/a><\/td><td><a href=\"http:\/\/www.bibliotecadigital.uel.br\/document\/?code=vtls000204591\">Entre quatro bin\u00e1rios: um estudo sobre desenvolvimento profissional docente\u00a0<\/a><\/td><td>Simone Reis<\/td><\/tr><tr><td>Luciana Mendes Pereira<\/td><td><a href=\"http:\/\/lattes.cnpq.br\/4156310592898210\">4156310592898210<\/a><\/td><td><a href=\"http:\/\/www.bibliotecadigital.uel.br\/document\/?code=vtls000210423\">Direito e an\u00e1lise de discurso: a constru\u00e7\u00e3o de sentidos no testamento vital\u00a0<\/a><\/td><td>Mari\u00e2ngela Peccioli Galli Joanilho<\/td><\/tr><tr><td>Silvana Salino Ramos<\/td><td><a href=\"http:\/\/lattes.cnpq.br\/7161158277473115\">7161158277473115<\/a><\/td><td><a href=\"http:\/\/www.bibliotecadigital.uel.br\/document\/?code=vtls000216114\">Relat\u00f3rio de Est\u00e1gio: texto e compet\u00eancia discursiva em espanhol como l\u00edngua estrangeira\u00a0<\/a><\/td><td>Mari\u00e2ngela Peccioli Galli Joanilho<\/td><\/tr><tr><td>Wagner Rosa<\/td><td><a href=\"http:\/\/lattes.cnpq.br\/9296820708687413\">9296820708687413<\/a><\/td><td><a href=\"http:\/\/www.bibliotecadigital.uel.br\/document\/?code=vtls000206233\">Nos rastros da linguagem da dan\u00e7a: convers\u00e3o de formas no espet\u00e1culo HQ<\/a><\/td><td>Edina Regina Pugas Panichi<\/td><\/tr><\/tbody><\/table><\/figure>\n\n\n\n<div class=\"wp-block-buttons is-content-justification-right is-layout-flex wp-container-core-buttons-is-layout-765c4724 wp-block-buttons-is-layout-flex\">\n<div class=\"wp-block-button\"><a class=\"wp-block-button__link has-primary-accent-background-color has-background wp-element-button\" href=\"https:\/\/pos.uel.br\/ppgel\/egressos\/\">Voltar<\/a><\/div>\n<\/div>\n\n\n\n<p><\/p>\n","protected":false},"excerpt":{"rendered":"<p>Egresso Lattes Tese Orientador Adriana Grade Fiori Souza 9699030636969892 Pr\u00e1xis de ensino colaborativo como l\u00f3cus de argumenta\u00e7\u00e3o, delibera\u00e7\u00e3o e aprendizagem expansiva Elaine Fernandes Mateus Ana Val\u00e9ria Bisetto Bork 7730359117992986 Produ\u00e7\u00e3o escrita de g\u00eaneros profissionais em l\u00edngua inglesa: vozes entrela\u00e7adas no processo de escrita e reescrita textual\u00a0 Vera Lucia Lopes Cristov\u00e3o Edio Roberto Manfio 6903515537838311 Avalia\u00e7\u00e3o [&hellip;]<\/p>\n","protected":false},"author":10,"featured_media":0,"parent":0,"menu_order":0,"comment_status":"closed","ping_status":"closed","template":"","meta":{"footnotes":""},"class_list":["post-1120","page","type-page","status-publish","hentry"],"_links":{"self":[{"href":"https:\/\/pos.uel.br\/ppgel\/wp-json\/wp\/v2\/pages\/1120","targetHints":{"allow":["GET"]}}],"collection":[{"href":"https:\/\/pos.uel.br\/ppgel\/wp-json\/wp\/v2\/pages"}],"about":[{"href":"https:\/\/pos.uel.br\/ppgel\/wp-json\/wp\/v2\/types\/page"}],"author":[{"embeddable":true,"href":"https:\/\/pos.uel.br\/ppgel\/wp-json\/wp\/v2\/users\/10"}],"replies":[{"embeddable":true,"href":"https:\/\/pos.uel.br\/ppgel\/wp-json\/wp\/v2\/comments?post=1120"}],"version-history":[{"count":5,"href":"https:\/\/pos.uel.br\/ppgel\/wp-json\/wp\/v2\/pages\/1120\/revisions"}],"predecessor-version":[{"id":1216,"href":"https:\/\/pos.uel.br\/ppgel\/wp-json\/wp\/v2\/pages\/1120\/revisions\/1216"}],"wp:attachment":[{"href":"https:\/\/pos.uel.br\/ppgel\/wp-json\/wp\/v2\/media?parent=1120"}],"curies":[{"name":"wp","href":"https:\/\/api.w.org\/{rel}","templated":true}]}}