{"id":1118,"date":"2025-05-05T16:42:41","date_gmt":"2025-05-05T19:42:41","guid":{"rendered":"https:\/\/pos.uel.br\/ppgel\/?page_id=1118"},"modified":"2025-06-10T14:33:52","modified_gmt":"2025-06-10T17:33:52","slug":"mestrado-2016","status":"publish","type":"page","link":"https:\/\/pos.uel.br\/ppgel\/en\/mestrado-2016\/","title":{"rendered":"MESTRADO 2016"},"content":{"rendered":"\n<p><\/p>\n\n\n\n<figure class=\"wp-block-table is-style-stripes\"><table class=\"has-fixed-layout\"><tbody><tr><td>Egresso<\/td><td>Lattes&nbsp;&nbsp;&nbsp;&nbsp;&nbsp;&nbsp;&nbsp;&nbsp;&nbsp;&nbsp;&nbsp;&nbsp;&nbsp;&nbsp;&nbsp;&nbsp;&nbsp;&nbsp;&nbsp;&nbsp;&nbsp;&nbsp;<\/td><td>Disserta\u00e7\u00e3o<\/td><td>Orientador<\/td><\/tr><tr><td>Ana Claudia Devara Bezerra<\/td><td><a href=\"http:\/\/lattes.cnpq.br\/5294218215067318\">5294218215067318<\/a><\/td><td><a href=\"https:\/\/repositorio.uel.br\/items\/5dd7154c-b2c3-4795-81b5-976f3e2c03d1\" target=\"_blank\" rel=\"noreferrer noopener\">Argumenta\u00e7\u00e3o na m\u00eddia impressa : a copa do mundo de 2014<\/a><\/td><td>Esther G. Oliveira<\/td><\/tr><tr><td>Andressa Cristina Molinari<\/td><td><a href=\"http:\/\/lattes.cnpq.br\/3463814737209164\">3463814737209164<\/a><\/td><td><a href=\"https:\/\/repositorio.uel.br\/items\/545efbbf-2d83-44c6-9580-3774371ce762\" data-type=\"link\" data-id=\"http:\/\/www.bibliotecadigital.uel.br\/document\/?code=vtls000208769\" target=\"_blank\" rel=\"noreferrer noopener\">Pedagogia deliberativa na forma\u00e7\u00e3o de professores de ingl\u00eas: uma experi\u00eancia no curso de Letras<\/a><a href=\"http:\/\/www.bibliotecadigital.uel.br\/document\/?code=vtls000208769\">\u00a0<\/a><\/td><td>Telma N. Gimenez<\/td><\/tr><tr><td>Alessandra Ferraz Tutida<\/td><td><a href=\"http:\/\/lattes.cnpq.br\/3463814737209164\">3463814737209164<\/a><\/td><td><a href=\"https:\/\/repositorio.uel.br\/items\/76bfac2c-7c52-4aaa-be31-47da2fc303df\" data-type=\"link\" data-id=\"http:\/\/www.bibliotecadigital.uel.br\/document\/?code=vtls000210730\" target=\"_blank\" rel=\"noreferrer noopener\">Ensino de L\u00edngua Inglesa para crian\u00e7as: quest\u00f5es sobre forma\u00e7\u00e3o de professores e os saberes da pr\u00e1tica<\/a><\/td><td>Juliana R. Assun\u00e7\u00e3o Tonelli<\/td><\/tr><tr><td>Eduardo Pimentel da Rocha<\/td><td><a href=\"http:\/\/lattes.cnpq.br\/5719656060372104\">5719656060372104<\/a><\/td><td><a href=\"https:\/\/repositorio.uel.br\/items\/5ea43f75-6741-4435-bfff-942486c9b8b5\" data-type=\"link\" data-id=\"https:\/\/repositorio.uel.br\/items\/5ea43f75-6741-4435-bfff-942486c9b8b5\" target=\"_blank\" rel=\"noreferrer noopener\">Possibilidades e Desafios na Forma\u00e7\u00e3o de Professores de L\u00edngua Inglesa a Indiv\u00edduos com a S\u00edndrome de Asperger<\/a><\/td><td>Juliana R. Assun\u00e7\u00e3o Tonelli<\/td><\/tr><tr><td>Euclides H\u00e9lio F. Campos Borges<\/td><td><a href=\"http:\/\/lattes.cnpq.br\/2726665013046565\">2726665013046565<\/a><\/td><td><a href=\"https:\/\/repositorio.uel.br\/items\/461fb46f-a2e0-461e-82fb-e5724eb1528e\" data-type=\"link\" data-id=\"https:\/\/repositorio.uel.br\/items\/461fb46f-a2e0-461e-82fb-e5724eb1528e\" target=\"_blank\" rel=\"noreferrer noopener\">Referencia\u00e7\u00e3o e Adjetiva\u00e7\u00e3o: uma an\u00e1lise ideol\u00f3gico-argumentativa do g\u00eanero reportagem<\/a><\/td><td>Esther G. Oliveira<\/td><\/tr><tr><td>Geovana Louren\u00e7o de Carvalho&nbsp;<\/td><td><a href=\"http:\/\/lattes.cnpq.br\/8040915705136463\">8040915705136463<\/a><\/td><td><a href=\"https:\/\/repositorio.uel.br\/items\/02bec8f3-42e4-4613-9ada-5e28efcb7a18\" data-type=\"link\" data-id=\"https:\/\/repositorio.uel.br\/items\/02bec8f3-42e4-4613-9ada-5e28efcb7a18\" target=\"_blank\" rel=\"noreferrer noopener\">Letramento digital em livros did\u00e1ticos de portugu\u00eas do ensino m\u00e9dio<\/a><\/td><td>N\u00fabio D. F. Mafra<\/td><\/tr><tr><td>Larissa Sigulo Freire<\/td><td><a href=\"http:\/\/lattes.cnpq.br\/0744169255170382\">0744169255170382<\/a><\/td><td><a href=\"https:\/\/repositorio.uel.br\/items\/3d8f5676-cd96-48f9-9a3a-3a71463ef049\" data-type=\"link\" data-id=\"https:\/\/repositorio.uel.br\/items\/3d8f5676-cd96-48f9-9a3a-3a71463ef049\">A constitui\u00e7\u00e3o discursiva da micronarrativa no ciberespa\u00e7o<\/a><\/td><td>Rosemeri P. B. Machado<\/td><\/tr><tr><td>Mayara Yukari Kato<\/td><td><a href=\"http:\/\/lattes.cnpq.br\/1982494136206399\">1982494136206399<\/a><\/td><td><a href=\"https:\/\/repositorio.uel.br\/items\/3d8f5676-cd96-48f9-9a3a-3a71463ef049\" data-type=\"link\" data-id=\"https:\/\/repositorio.uel.br\/items\/3d8f5676-cd96-48f9-9a3a-3a71463ef049\">(Des)constru\u00e7\u00e3o da cr\u00f4nica drummondiana: heterogeneidade enunciativa e efeitos de sentido<\/a><\/td><td>Rosemeri P. B. Machado<\/td><\/tr><tr><td>Mariana Guedes Seccato<\/td><td><a href=\"http:\/\/lattes.cnpq.br\/7930368889825482\">7930368889825482<\/a><\/td><td><a href=\"https:\/\/repositorio.uel.br\/items\/37c9e6aa-c2cd-4c6e-afe3-b8b81e46a1fe\" data-type=\"link\" data-id=\"https:\/\/repositorio.uel.br\/items\/37c9e6aa-c2cd-4c6e-afe3-b8b81e46a1fe\" target=\"_blank\" rel=\"noreferrer noopener\">Pol\u00edticas de Ensino de L\u00edngua Inglesa para crian\u00e7as: Reflex\u00f5es e Proposi\u00e7\u00f5es<\/a><\/td><td>Kleber Aparecido Silva<\/td><\/tr><tr><td>Rayane Isadora Lenharo<\/td><td><a href=\"http:\/\/lattes.cnpq.br\/0709518274917237\">0709518274917237<\/a><\/td><td><a href=\"https:\/\/repositorio.uel.br\/items\/6f3c3b38-c9dd-42d3-aa7f-83d46f995eb8\" data-type=\"link\" data-id=\"https:\/\/repositorio.uel.br\/items\/6f3c3b38-c9dd-42d3-aa7f-83d46f995eb8\" target=\"_blank\" rel=\"noreferrer noopener\">Participa\u00e7\u00e3o social por meio da m\u00fasica e da aprendizagem de l\u00edngua inglesa em um contexto de vulnerabilidade social<\/a><\/td><td>Vera L. L. Cristov\u00e3o<\/td><\/tr><\/tbody><\/table><\/figure>\n\n\n\n<div class=\"wp-block-buttons is-content-justification-right is-layout-flex wp-container-core-buttons-is-layout-765c4724 wp-block-buttons-is-layout-flex\">\n<div class=\"wp-block-button\"><a class=\"wp-block-button__link has-primary-accent-background-color has-background wp-element-button\" href=\"https:\/\/pos.uel.br\/ppgel\/egressos\/\">Voltar<\/a><\/div>\n<\/div>\n\n\n\n<p><\/p>\n","protected":false},"excerpt":{"rendered":"<p>Egresso Lattes&nbsp;&nbsp;&nbsp;&nbsp;&nbsp;&nbsp;&nbsp;&nbsp;&nbsp;&nbsp;&nbsp;&nbsp;&nbsp;&nbsp;&nbsp;&nbsp;&nbsp;&nbsp;&nbsp;&nbsp;&nbsp;&nbsp; Disserta\u00e7\u00e3o Orientador Ana Claudia Devara Bezerra 5294218215067318 Argumenta\u00e7\u00e3o na m\u00eddia impressa : a copa do mundo de 2014 Esther G. Oliveira Andressa Cristina Molinari 3463814737209164 Pedagogia deliberativa na forma\u00e7\u00e3o de professores de ingl\u00eas: uma experi\u00eancia no curso de Letras\u00a0 Telma N. Gimenez Alessandra Ferraz Tutida 3463814737209164 Ensino de L\u00edngua Inglesa para crian\u00e7as: quest\u00f5es [&hellip;]<\/p>\n","protected":false},"author":10,"featured_media":0,"parent":0,"menu_order":0,"comment_status":"closed","ping_status":"closed","template":"","meta":{"footnotes":""},"class_list":["post-1118","page","type-page","status-publish","hentry"],"_links":{"self":[{"href":"https:\/\/pos.uel.br\/ppgel\/wp-json\/wp\/v2\/pages\/1118","targetHints":{"allow":["GET"]}}],"collection":[{"href":"https:\/\/pos.uel.br\/ppgel\/wp-json\/wp\/v2\/pages"}],"about":[{"href":"https:\/\/pos.uel.br\/ppgel\/wp-json\/wp\/v2\/types\/page"}],"author":[{"embeddable":true,"href":"https:\/\/pos.uel.br\/ppgel\/wp-json\/wp\/v2\/users\/10"}],"replies":[{"embeddable":true,"href":"https:\/\/pos.uel.br\/ppgel\/wp-json\/wp\/v2\/comments?post=1118"}],"version-history":[{"count":6,"href":"https:\/\/pos.uel.br\/ppgel\/wp-json\/wp\/v2\/pages\/1118\/revisions"}],"predecessor-version":[{"id":1268,"href":"https:\/\/pos.uel.br\/ppgel\/wp-json\/wp\/v2\/pages\/1118\/revisions\/1268"}],"wp:attachment":[{"href":"https:\/\/pos.uel.br\/ppgel\/wp-json\/wp\/v2\/media?parent=1118"}],"curies":[{"name":"wp","href":"https:\/\/api.w.org\/{rel}","templated":true}]}}