{"id":11,"date":"2021-04-26T20:53:24","date_gmt":"2021-04-26T23:53:24","guid":{"rendered":"https:\/\/pos.uel.br\/ppgel\/?page_id=11"},"modified":"2025-07-01T15:02:45","modified_gmt":"2025-07-01T18:02:45","slug":"mestrado","status":"publish","type":"page","link":"https:\/\/pos.uel.br\/ppgel\/mestrado\/","title":{"rendered":"Mestrado \/ Doutorado"},"content":{"rendered":"\n<div class=\"wp-block-group is-vertical is-layout-flex wp-container-core-group-is-layout-8cf370e7 wp-block-group-is-layout-flex\">\n<h2 class=\"wp-block-heading\">Mestrado<\/h2>\n\n\n\n<p>O Mestrado tem a dura\u00e7\u00e3o de 24 meses- <strong>\u00e9 poss\u00edvel pedir prorroga\u00e7\u00e3o por 6 meses.<\/strong><\/p>\n\n\n\n<p>Para o n\u00edvel de Mestrado, o aluno precisa completar 58 (cinquenta e oito) cr\u00e9ditos, correspondentes a 870 (oitocentas e setenta) horas, assim distribu\u00eddos:<\/p>\n\n\n\n<p>a) 3 (tr\u00eas) cr\u00e9ditos da disciplina Metodologia de Pesquisa em Estudos da Linguagem (Obrigat\u00f3ria);<\/p>\n\n\n\n<p>b) 2 (dois) cr\u00e9ditos em Estudos Avan\u00e7ados;<\/p>\n\n\n\n<p>c) 5 (cinco) cr\u00e9ditos em Atividades Especiais;<\/p>\n\n\n\n<p>d) 12 (doze) cr\u00e9ditos em Disciplinas Optativas da \u00e1rea de concentra\u00e7\u00e3o do aluno;<\/p>\n\n\n\n<p>e) 6 (seis) cr\u00e9ditos em outras disciplinas do Programa, com exce\u00e7\u00e3o da disciplina de Est\u00e1gio de Doc\u00eancia na Gradua\u00e7\u00e3o;&nbsp;&nbsp;<\/p>\n\n\n\n<p>f) 30 (trinta) cr\u00e9ditos em Disserta\u00e7\u00e3o de Mestrado.<\/p>\n\n\n\n<div style=\"height:0px\" aria-hidden=\"true\" class=\"wp-block-spacer wp-container-content-b30579f5\"><\/div>\n<\/div>\n\n\n\n<h2 class=\"wp-block-heading\">Doutorado<\/h2>\n\n\n\n<div class=\"wp-block-group is-vertical is-layout-flex wp-container-core-group-is-layout-8cf370e7 wp-block-group-is-layout-flex\">\n<p>O Doutorado tem a dura\u00e7\u00e3o de 48 meses-<strong> \u00e9 poss\u00edvel pedir prorroga\u00e7\u00e3o por 6 meses.<\/strong><\/p>\n\n\n\n<p>Para o n\u00edvel de Doutorado, o aluno precisa completar no m\u00ednimo 159 (cento e cinquenta e nove) cr\u00e9ditos, correspondentes a 2.385 (duas mil, trezentas e oitenta e cinco) horas, assim distribu\u00eddos:<\/p>\n\n\n\n<p>a) 2 (dois) cr\u00e9ditos em Estudos Avan\u00e7ados;<\/p>\n\n\n\n<p>b) 7 (sete) cr\u00e9ditos em Atividades Especiais;<\/p>\n\n\n\n<p>c) 21 (vinte e um) cr\u00e9ditos em Disciplinas Optativas da \u00e1rea de concentra\u00e7\u00e3o do aluno;<\/p>\n\n\n\n<p>d) 9 (nove) cr\u00e9ditos em outras disciplinas do Programa, com exce\u00e7\u00e3o das disciplinas de Est\u00e1gio de Doc\u00eancia na Gradua\u00e7\u00e3o;&nbsp;&nbsp;<\/p>\n\n\n\n<p>e) 120 (cento e vinte) cr\u00e9ditos em Tese de Doutorado.<\/p>\n<\/div>\n\n\n\n<p><\/p>\n","protected":false},"excerpt":{"rendered":"<p>Mestrado O Mestrado tem a dura\u00e7\u00e3o de 24 meses- \u00e9 poss\u00edvel pedir prorroga\u00e7\u00e3o por 6 meses. Para o n\u00edvel de Mestrado, o aluno precisa completar 58 (cinquenta e oito) cr\u00e9ditos, correspondentes a 870 (oitocentas e setenta) horas, assim distribu\u00eddos: a) 3 (tr\u00eas) cr\u00e9ditos da disciplina Metodologia de Pesquisa em Estudos da Linguagem (Obrigat\u00f3ria); b) 2 [&hellip;]<\/p>\n","protected":false},"author":1,"featured_media":0,"parent":0,"menu_order":0,"comment_status":"closed","ping_status":"closed","template":"","meta":{"footnotes":""},"class_list":["post-11","page","type-page","status-publish","hentry"],"_links":{"self":[{"href":"https:\/\/pos.uel.br\/ppgel\/wp-json\/wp\/v2\/pages\/11","targetHints":{"allow":["GET"]}}],"collection":[{"href":"https:\/\/pos.uel.br\/ppgel\/wp-json\/wp\/v2\/pages"}],"about":[{"href":"https:\/\/pos.uel.br\/ppgel\/wp-json\/wp\/v2\/types\/page"}],"author":[{"embeddable":true,"href":"https:\/\/pos.uel.br\/ppgel\/wp-json\/wp\/v2\/users\/1"}],"replies":[{"embeddable":true,"href":"https:\/\/pos.uel.br\/ppgel\/wp-json\/wp\/v2\/comments?post=11"}],"version-history":[{"count":6,"href":"https:\/\/pos.uel.br\/ppgel\/wp-json\/wp\/v2\/pages\/11\/revisions"}],"predecessor-version":[{"id":1007,"href":"https:\/\/pos.uel.br\/ppgel\/wp-json\/wp\/v2\/pages\/11\/revisions\/1007"}],"wp:attachment":[{"href":"https:\/\/pos.uel.br\/ppgel\/wp-json\/wp\/v2\/media?parent=11"}],"curies":[{"name":"wp","href":"https:\/\/api.w.org\/{rel}","templated":true}]}}