{"id":3490,"date":"2025-08-04T15:31:36","date_gmt":"2025-08-04T18:31:36","guid":{"rendered":"https:\/\/pos.uel.br\/ppgeciv\/?page_id=3490"},"modified":"2025-08-04T15:46:13","modified_gmt":"2025-08-04T18:46:13","slug":"comissoes-do-ppgeciv","status":"publish","type":"page","link":"https:\/\/pos.uel.br\/ppgeciv\/comissoes-do-ppgeciv\/","title":{"rendered":"Comiss\u00f5es do PPGECiv"},"content":{"rendered":"\n<p><\/p>\n\n\n\n<p><\/p>\n\n\n\n<h2 class=\"wp-block-heading\">Comiss\u00e3o Coordenadora<\/h2>\n\n\n\n<figure class=\"wp-block-table is-style-stripes\"><table class=\"has-primary-accent-color has-text-color has-link-color has-fixed-layout\"><thead><tr><th>Fun\u00e7\u00e3o<\/th><th>Titular<\/th><th>Contato<\/th><\/tr><\/thead><tbody><tr><td>Coordenador<\/td><td><a href=\"https:\/\/pos.uel.br\/ppgeciv\/perfil-docente\/?docente_id=1588\">Hemerson D Pinheiro<\/a><\/td><td><a href=\"mailto:hemersonpinheiro@uel.br\">hemersonpinheiro@uel.br<\/a><\/td><\/tr><tr><td>Vice-Coordenadora<\/td><td><a href=\"https:\/\/pos.uel.br\/ppgeciv\/perfil-docente\/?docente_id=1628\">Em\u00edlia Kiyomi Kuroda<\/a><\/td><td><a href=\"mailto:ekkuroda@uel.br\">ekkuroda@uel.br<\/a><\/td><\/tr><tr><td>Terceiro-Membro<\/td><td><a href=\"https:\/\/pos.uel.br\/ppgeciv\/perfil-docente\/?docente_id=1589\">Berenice Martins Toralles<\/a><\/td><td><a href=\"mailto:toralles@uel.br\">toralles@uel.br<\/a><\/td><\/tr><tr><td>Representante Discente &#8211; Doutorado<\/td><td>Jonas Marques<\/td><td><\/td><\/tr><\/tbody><\/table><\/figure>\n\n\n\n<p><\/p>\n\n\n\n<p><\/p>\n\n\n\n<h2 class=\"wp-block-heading\">Comiss\u00e3o de Bolsas<\/h2>\n\n\n\n<p><\/p>\n\n\n\n<p><\/p>\n\n\n\n<h2 class=\"wp-block-heading\">Comiss\u00e3o de Credenciamento\/Descredenciamento<\/h2>\n\n\n\n<p><\/p>\n\n\n\n<p><\/p>\n\n\n\n<h2 class=\"wp-block-heading\">Comiss\u00e3o de Autoavalia\u00e7\u00e3o<\/h2>\n\n\n\n<p><\/p>\n\n\n\n<p><\/p>\n\n\n\n<h2 class=\"wp-block-heading\">Secretaria<\/h2>\n\n\n\n<p><\/p>\n\n\n\n<p><strong>E-mail da secretaria de p\u00f3s<\/strong>:\u00a0<a href=\"mailto:spgcce@uel.br\">spgctu@uel.br<\/a><\/p>\n\n\n\n<p><strong>Telefone:<\/strong> +55 43 3371-4455<\/p>\n\n\n\n<p>Rodovia Celso Garcia Cid | Pr 445 Km 380<br>Campus Universit\u00e1rio<br>Cx. Postal 6001 | CEP 86051-990<br>Londrina \u2013 PR<\/p>\n\n\n\n<p><\/p>\n","protected":false},"excerpt":{"rendered":"<p>Comiss\u00e3o Coordenadora Fun\u00e7\u00e3o Titular Contato Coordenador Hemerson D Pinheiro hemersonpinheiro@uel.br Vice-Coordenadora Em\u00edlia Kiyomi Kuroda ekkuroda@uel.br Terceiro-Membro Berenice Martins Toralles toralles@uel.br Representante Discente &#8211; Doutorado Jonas Marques Comiss\u00e3o de Bolsas Comiss\u00e3o de Credenciamento\/Descredenciamento Comiss\u00e3o de Autoavalia\u00e7\u00e3o Secretaria E-mail da secretaria de p\u00f3s:\u00a0spgctu@uel.br Telefone: +55 43 3371-4455 Rodovia Celso Garcia Cid | Pr 445 Km 380Campus Universit\u00e1rioCx. [&hellip;]<\/p>\n","protected":false},"author":7,"featured_media":0,"parent":0,"menu_order":0,"comment_status":"closed","ping_status":"closed","template":"","meta":{"_acf_changed":false,"footnotes":""},"class_list":["post-3490","page","type-page","status-publish","hentry"],"acf":[],"_links":{"self":[{"href":"https:\/\/pos.uel.br\/ppgeciv\/wp-json\/wp\/v2\/pages\/3490","targetHints":{"allow":["GET"]}}],"collection":[{"href":"https:\/\/pos.uel.br\/ppgeciv\/wp-json\/wp\/v2\/pages"}],"about":[{"href":"https:\/\/pos.uel.br\/ppgeciv\/wp-json\/wp\/v2\/types\/page"}],"author":[{"embeddable":true,"href":"https:\/\/pos.uel.br\/ppgeciv\/wp-json\/wp\/v2\/users\/7"}],"replies":[{"embeddable":true,"href":"https:\/\/pos.uel.br\/ppgeciv\/wp-json\/wp\/v2\/comments?post=3490"}],"version-history":[{"count":4,"href":"https:\/\/pos.uel.br\/ppgeciv\/wp-json\/wp\/v2\/pages\/3490\/revisions"}],"predecessor-version":[{"id":3496,"href":"https:\/\/pos.uel.br\/ppgeciv\/wp-json\/wp\/v2\/pages\/3490\/revisions\/3496"}],"wp:attachment":[{"href":"https:\/\/pos.uel.br\/ppgeciv\/wp-json\/wp\/v2\/media?parent=3490"}],"curies":[{"name":"wp","href":"https:\/\/api.w.org\/{rel}","templated":true}]}}