{"id":3368,"date":"2025-07-19T13:23:33","date_gmt":"2025-07-19T16:23:33","guid":{"rendered":"https:\/\/pos.uel.br\/ppgeciv\/pesquisa-2\/"},"modified":"2025-07-21T16:31:19","modified_gmt":"2025-07-21T19:31:19","slug":"pesquisa-2","status":"publish","type":"page","link":"https:\/\/pos.uel.br\/ppgeciv\/pesquisa-2\/","title":{"rendered":"Projetos de Pesquisa"},"content":{"rendered":"<form method=\"GET\" class=\"filtros-projetos\"><div class=\"filtros-grid\"><div class='filtro-item'><label for='linha_de_pesquisa'>Linha de Pesquisa<\/label><select id='linha_de_pesquisa' name='linha_de_pesquisa' class='filtro-select'><option value=''>Todos<\/option><option value='Geotecnia e Transportes' >Geotecnia e Transportes<\/option><option value='Gest\u00e3o e Tratamento de Res\u00edduos S\u00f3lidos e \u00c1guas Residu\u00e1rias - Linha Extinta' >Gest\u00e3o e Tratamento de Res\u00edduos S\u00f3lidos e \u00c1guas Residu\u00e1rias - Linha Extinta<\/option><option value='Saneamento e Recursos H\u00eddricos' >Saneamento e Recursos H\u00eddricos<\/option><option value='Sistemas Construtivos e Desempenho de Edifica\u00e7\u00f5es - Linha Extinta' >Sistemas Construtivos e Desempenho de Edifica\u00e7\u00f5es - Linha Extinta<\/option><option value='Tecnologia e Gest\u00e3o na Constru\u00e7\u00e3o Civil' >Tecnologia e Gest\u00e3o na Constru\u00e7\u00e3o Civil<\/option><\/select><\/div><div class='filtro-item'><label for='area_de_concentracao'>\u00c1rea de Concentra\u00e7\u00e3o<\/label><select id='area_de_concentracao' name='area_de_concentracao' class='filtro-select'><option value=''>Todos<\/option><option value='Constru\u00e7\u00e3o Civil' >Constru\u00e7\u00e3o Civil<\/option><option value='Engenharia de Edifica\u00e7\u00f5es e Saneamento - \u00c1rea Extinta' >Engenharia de Edifica\u00e7\u00f5es e Saneamento - \u00c1rea Extinta<\/option><option value='Saneamento e Recursos H\u00eddricos' >Saneamento e Recursos H\u00eddricos<\/option><\/select><\/div><div class='filtro-item'><label for='natureza_do_projeto'>Natureza do Projeto<\/label><select id='natureza_do_projeto' name='natureza_do_projeto' class='filtro-select'><option value=''>Todos<\/option><option value='Extens\u00e3o' >Extens\u00e3o<\/option><option value='Inova\u00e7\u00e3o' >Inova\u00e7\u00e3o<\/option><option value='Interestitucional' >Interestitucional<\/option><option value='Pesquisa' >Pesquisa<\/option><\/select><\/div><div class='filtro-item'><label for='situacao_do_projeto'>Situa\u00e7\u00e3o do Projeto<\/label><select id='situacao_do_projeto' name='situacao_do_projeto' class='filtro-select'><option value=''>Todos<\/option><option value='Em andamento' >Em andamento<\/option><option value='Finalizado' >Finalizado<\/option><\/select><\/div><div class='filtro-item'><label for='coordenador_filtro'>Coordenador<\/label><select id='coordenador_filtro' name='coordenador_filtro' class='filtro-select'><option value=''>Todos<\/option><optgroup label='Docentes Ativos'><option value='ativo|1598' >Altibano Ortenzi Junior<\/option><option value='ativo|1589' >Berenice Martins Toralles<\/option><option value='ativo|1599' >Caio Victor Louren\u00e7o Rodrigues<\/option><option value='ativo|1600' >Camila Greg\u00f3rio Atem<\/option><option value='ativo|1626' >Carlos Alberto Prado da Silva Junior<\/option><option value='ativo|1627' >Deize Dias Lopes<\/option><option value='ativo|1628' >Emilia Kiyomi Kuroda<\/option><option value='ativo|1629' >Fernando Fernandes<\/option><option value='ativo|1630' >Heliana Barbosa Fontenele<\/option><option value='ativo|1588' >Hemerson D Pinheiro<\/option><option value='ativo|1913' >Luiz Henrique Dall&#8217;Antonia<\/option><option value='ativo|1631' >Raquel Souza Teixeira<\/option><option value='ativo|1632' >Thalita Gorban Ferreira Giglio<\/option><option value='ativo|1911' >Tiago Viana Flor de Santana<\/option><option value='ativo|1633' >Wanessa Roberta Fazinga<\/option><\/optgroup><optgroup label='Docentes Aposentados'><option value='aposentado|Erc\u00edlia Hitomi Hirota' >Erc\u00edlia Hitomi Hirota<\/option><option value='aposentado|Fernanda Aranha Saffaro' >Fernanda Aranha Saffaro<\/option><option value='aposentado|Gilson Morales' >Gilson Morales<\/option><\/optgroup><\/select><\/div><\/div><div class=\"filtros-acoes\" style=\"margin-top: 10px; display: flex; justify-content: flex-end; gap: 10px;\"><button type=\"submit\" class=\"btn-aplicar-filtros\">Aplicar filtros<\/button><a href=\"https:\/\/pos.uel.br\/ppgeciv\/pesquisa-2\/\" class=\"btn-limpar-filtros\">Limpar filtros<\/a><\/div><\/form><p><strong>79<\/strong> projeto(s) encontrado(s)<\/p><ul class=\"lista-projetos\"><li><a href='https:\/\/pos.uel.br\/ppgeciv\/projeto-de-pesquisa?projeto_id=3332'>Abordagem s\u00f3cio t\u00e9cnica de organiza\u00e7\u00e3o do trabalho para processos produtivos na constru\u00e7\u00e3o civil<\/a><\/li><li><a href='https:\/\/pos.uel.br\/ppgeciv\/projeto-de-pesquisa?projeto_id=3327'>Adsor\u00e7\u00e3o e dessor\u00e7\u00e3o de contaminantes emergentes no tratamento de \u00e1guas<\/a><\/li><li><a href='https:\/\/pos.uel.br\/ppgeciv\/projeto-de-pesquisa?projeto_id=3351'>An\u00e1lise de extremos em precipita\u00e7\u00e3o e temperatura em bacias hidrogr\u00e1ficas Estado do Paran\u00e1<\/a><\/li><li><a href='https:\/\/pos.uel.br\/ppgeciv\/projeto-de-pesquisa?projeto_id=3345'>An\u00e1lise de sensibilidade das respostas de pavimentos flex\u00edveis: uma abordagem emp\u00edrico-mecan\u00edstica<\/a><\/li><li><a href='https:\/\/pos.uel.br\/ppgeciv\/projeto-de-pesquisa?projeto_id=3352'>An\u00e1lise de tend\u00eancia pluviom\u00e9trica no Estado do Paran\u00e1<\/a><\/li><li><a href='https:\/\/pos.uel.br\/ppgeciv\/projeto-de-pesquisa?projeto_id=3362'>An\u00e1lise do desempenho termoenerg\u00e9tico de sistemas construtivos leves para habita\u00e7\u00f5es de interesse social<\/a><\/li><li><a href='https:\/\/pos.uel.br\/ppgeciv\/projeto-de-pesquisa?projeto_id=3343'>An\u00e1lise espacial da acessibilidade urbana de idosos<\/a><\/li><li><a href='https:\/\/pos.uel.br\/ppgeciv\/projeto-de-pesquisa?projeto_id=3324'>Aplica\u00e7\u00e3o da adsor\u00e7\u00e3o e dessor\u00e7\u00e3o de contaminantes emergentes no tratamento de \u00e1guas<\/a><\/li><li><a href='https:\/\/pos.uel.br\/ppgeciv\/projeto-de-pesquisa?projeto_id=3287'>Aplica\u00e7\u00e3o de ferramentas computacionais no desenvolvimento integrado de produto<\/a><\/li><li><a href='https:\/\/pos.uel.br\/ppgeciv\/projeto-de-pesquisa?projeto_id=3331'>Aplica\u00e7\u00e3o dos conceitos de padr\u00e3o provenientes da manufatura \u00e0 constru\u00e7\u00e3o civil<\/a><\/li><li><a href='https:\/\/pos.uel.br\/ppgeciv\/projeto-de-pesquisa?projeto_id=3350'>Aprender matem\u00e1tica com engenharia<\/a><\/li><li><a href='https:\/\/pos.uel.br\/ppgeciv\/projeto-de-pesquisa?projeto_id=3346'>Aquisi\u00e7\u00e3o e uso de dados automatizados na ger\u00eancia de pavimentos<\/a><\/li><li><a href='https:\/\/pos.uel.br\/ppgeciv\/projeto-de-pesquisa?projeto_id=3295'>Autocicatriza\u00e7\u00e3o de comp\u00f3sitos ciment\u00edcios<\/a><\/li><li><a href='https:\/\/pos.uel.br\/ppgeciv\/projeto-de-pesquisa?projeto_id=3298'>Autocicatrizacao de materiais cimenticios com adi\u00e7\u00e3o de bact\u00e9rias<\/a><\/li><li><a href='https:\/\/pos.uel.br\/ppgeciv\/projeto-de-pesquisa?projeto_id=3353'>Avalia\u00e7\u00e3o da capacidade de carga de estacas executadas em solos tropicais e colaps\u00edveis.<\/a><\/li><li><a href='https:\/\/pos.uel.br\/ppgeciv\/projeto-de-pesquisa?projeto_id=3344'>Avalia\u00e7\u00e3o da condi\u00e7\u00e3o de pavimentos a partir de uma escala visual<\/a><\/li><li><a href='https:\/\/pos.uel.br\/ppgeciv\/projeto-de-pesquisa?projeto_id=3321'>Avalia\u00e7\u00e3o da forma\u00e7\u00e3o de subprodutos org\u00e2nicos halogenados mediante a aplica\u00e7\u00e3o de cloro e de oxidantes alternativos em \u00e1guas contendo microalgas e ou cianobact\u00e9rias<\/a><\/li><li><a href='https:\/\/pos.uel.br\/ppgeciv\/projeto-de-pesquisa?projeto_id=3355'>Avalia\u00e7\u00e3o das caracter\u00edsticas f\u00edsicas, qu\u00edmicas, mineral\u00f3gicas e mec\u00e2nicas de solos do norte e noroeste do estado de paran\u00e1: Fase III<\/a><\/li><li><a href='https:\/\/pos.uel.br\/ppgeciv\/projeto-de-pesquisa?projeto_id=3356'>Avalia\u00e7\u00e3o das caracter\u00edsticas f\u00edsicas, qu\u00edmicas, mineral\u00f3gicas e mec\u00e2nicas de solos do norte e oeste do Estado de Paran\u00e1<\/a><\/li><li><a href='https:\/\/pos.uel.br\/ppgeciv\/projeto-de-pesquisa?projeto_id=3338'>Avalia\u00e7\u00e3o dos limites de aplica\u00e7\u00e3o do lodo de eta em aterros sanit\u00e1rios considerando a lixivia\u00e7\u00e3o e capacidade de compacta\u00e7\u00e3o<\/a><\/li><li><a href='https:\/\/pos.uel.br\/ppgeciv\/projeto-de-pesquisa?projeto_id=3300'>Avalia\u00e7\u00e3o e caracteriza\u00e7\u00e3o das propriedades das camadas de base, sub-base e subleito de pavimentos de concreto perme\u00e1vel<\/a><\/li><li><a href='https:\/\/pos.uel.br\/ppgeciv\/projeto-de-pesquisa?projeto_id=3313'>Avalia\u00e7\u00e3o integrada de sistemas de reaproveitamento energ\u00e9tico a partir de subprodutos da ind\u00fastria de f\u00e9cula de mandioca<\/a><\/li><li><a href='https:\/\/pos.uel.br\/ppgeciv\/projeto-de-pesquisa?projeto_id=3288'>Being \u2013 grupo de bioengenharia<\/a><\/li><li><a href='https:\/\/pos.uel.br\/ppgeciv\/projeto-de-pesquisa?projeto_id=3301'>Biocimenta\u00e7\u00e3o para autocura de fissuras e redu\u00e7\u00e3o de porosidade em comp\u00f3sitos ciment\u00edcios com adi\u00e7\u00e3o de bact\u00e9rias<\/a><\/li><li><a href='https:\/\/pos.uel.br\/ppgeciv\/projeto-de-pesquisa?projeto_id=3322'>Biocontrole de cianobact\u00e9rias toxig\u00eanicas \/ biodegrada\u00e7\u00e3o de microcistinas e efeitos toxicol\u00f3gicos de microcistinas, aflatoxinas e glifosato em peixes<\/a><\/li><li><a href='https:\/\/pos.uel.br\/ppgeciv\/projeto-de-pesquisa?projeto_id=3319'>Caracteriza\u00e7\u00e3o microbiol\u00f3gica e fisico-qu\u00edmica dos res\u00edduos gerados no processo de potabiliza\u00e7\u00e3o da \u00e1gua, em duas esta\u00e7\u00f5es de tratamento de \u00e1gua (ETAS) em Londrina-PR<\/a><\/li><li><a href='https:\/\/pos.uel.br\/ppgeciv\/projeto-de-pesquisa?projeto_id=3360'>Centro de Tecnologia e Urbanismo-CTU: laborat\u00f3rio vivo para estudo da resili\u00eancia das a\u00e7\u00f5es de conserva\u00e7\u00e3o e gera\u00e7\u00e3o de energia no campus da UEL<\/a><\/li><li><a href='https:\/\/pos.uel.br\/ppgeciv\/projeto-de-pesquisa?projeto_id=3340'>Co-digest\u00e3o anaer\u00f3bia de res\u00edduos org\u00e2nicos visando a gera\u00e7\u00e3o de energia el\u00e9trica \u2013 da bancada \u00e0 escala real<\/a><\/li><li><a href='https:\/\/pos.uel.br\/ppgeciv\/projeto-de-pesquisa?projeto_id=3357'>Comportamento hidr\u00e1ulico de po\u00e7os de infiltra\u00e7\u00e3o em solo argiloso n\u00e3o saturado<\/a><\/li><li><a href='https:\/\/pos.uel.br\/ppgeciv\/projeto-de-pesquisa?projeto_id=3296'>Concreto com incorpora\u00e7\u00e3o de agregado sider\u00fargico (cas): avalia\u00e7\u00e3o do desempenho e da sustentabilidade<\/a><\/li><li><a href='https:\/\/pos.uel.br\/ppgeciv\/projeto-de-pesquisa?projeto_id=3306'>Desenvolvimento de aplicativo m\u00f3vel para identifica\u00e7\u00e3o e caracteriza\u00e7\u00e3o de locais potencialmente perigos a pedestres e ciclistas<\/a><\/li><li><a href='https:\/\/pos.uel.br\/ppgeciv\/projeto-de-pesquisa?projeto_id=3293'>Desenvolvimento de argamassa pesada para blindagem de radia\u00e7\u00e3o X e gama<\/a><\/li><li><a href='https:\/\/pos.uel.br\/ppgeciv\/projeto-de-pesquisa?projeto_id=3289'>Desenvolvimento de m\u00e9todo de diagn\u00f3stico de falha e propaga\u00e7\u00e3o do dano em alvenaria estrutural n\u00e3o-armada constitu\u00edda de blocos de concreto<\/a><\/li><li><a href='https:\/\/pos.uel.br\/ppgeciv\/projeto-de-pesquisa?projeto_id=3339'>Desenvolvimento de um sistema modular de gaseifica\u00e7\u00e3o de res\u00edduos s\u00f3lidos urbanos e vegetais, com produ\u00e7\u00e3o de energia el\u00e9trica com capacidade de 50 kva.<\/a><\/li><li><a href='https:\/\/pos.uel.br\/ppgeciv\/projeto-de-pesquisa?projeto_id=3290'>Desenvolvimento e avalia\u00e7\u00e3o de sistemas de moldes para produ\u00e7\u00e3o de componentes pr\u00e9-fabricados produzidos com biocomp\u00f3sitos<\/a><\/li><li><a href='https:\/\/pos.uel.br\/ppgeciv\/projeto-de-pesquisa?projeto_id=3330'>Diretrizes para gest\u00e3o integrada de projetos de edifica\u00e7\u00f5es<\/a><\/li><li><a href='https:\/\/pos.uel.br\/ppgeciv\/projeto-de-pesquisa?projeto_id=3328'>Diretrizes para implementa\u00e7\u00e3o da melhoria cont\u00ednua em empresas construtoras<\/a><\/li><li><a href='https:\/\/pos.uel.br\/ppgeciv\/projeto-de-pesquisa?projeto_id=3294'>Diretrizes para projeto e execu\u00e7\u00e3o de mobili\u00e1rio urbano para escolas p\u00fablicas.<\/a><\/li><li><a href='https:\/\/pos.uel.br\/ppgeciv\/projeto-de-pesquisa?projeto_id=3358'>Efeito da infiltra\u00e7\u00e3o de precipita\u00e7\u00e3o pluvial na an\u00e1lise de estabilidade de taludes em solos argilosos e arenosos<\/a><\/li><li><a href='https:\/\/pos.uel.br\/ppgeciv\/projeto-de-pesquisa?projeto_id=3363'>Efici\u00eancia energ\u00e9tica e energias renov\u00e1veis em edifica\u00e7\u00f5es.<\/a><\/li><li><a href='https:\/\/pos.uel.br\/ppgeciv\/projeto-de-pesquisa?projeto_id=3333'>Emprego da prototipagem para defini\u00e7\u00e3o e comunica\u00e7\u00e3o de padr\u00f5es do processo produtivo aos oper\u00e1rios da constru\u00e7\u00e3o civil (PROTOPAD)<\/a><\/li><li><a href='https:\/\/pos.uel.br\/ppgeciv\/projeto-de-pesquisa?projeto_id=3302'>Estudo de argamassas para assentamento de blocos de concreto de diferentes resist\u00eancias para alvenaria estrutural<\/a><\/li><li><a href='https:\/\/pos.uel.br\/ppgeciv\/projeto-de-pesquisa?projeto_id=3359'>Estudo do comportamento mec\u00e2nico dos solos da regi\u00e3o de Londrina com \u00eanfase em obras de terra<\/a><\/li><li><a href='https:\/\/pos.uel.br\/ppgeciv\/projeto-de-pesquisa?projeto_id=3354'>Estudos dos par\u00e2metros de resist\u00eancia dos solos da cidade de Londrina utilizando prensa de comprenss\u00e3o simples<\/a><\/li><li><a href='https:\/\/pos.uel.br\/ppgeciv\/projeto-de-pesquisa?projeto_id=3305'>Explorando metodologias de projeto no smart campus uel: a implementa\u00e7\u00e3o de um laborat\u00f3rio vivo, informacional e afetivo<\/a><\/li><li><a href='https:\/\/pos.uel.br\/ppgeciv\/projeto-de-pesquisa?projeto_id=3337'>Gera\u00e7\u00e3o de energia el\u00e9trica por metaniza\u00e7\u00e3o e gaseifica\u00e7\u00e3o a partir de res\u00edduos s\u00f3lidos org\u00e2nicos<\/a><\/li><li><a href='https:\/\/pos.uel.br\/ppgeciv\/projeto-de-pesquisa?projeto_id=3307'>Gera\u00e7\u00e3o de modelos de previs\u00e3o de riscos para ciclistas em \u00e1reas urbanas<\/a><\/li><li><a href='https:\/\/pos.uel.br\/ppgeciv\/projeto-de-pesquisa?projeto_id=3329'>Gest\u00e3o de opera\u00e7\u00f5es na constru\u00e7\u00e3o civil: constru\u00e7\u00e3o de um referencial te\u00f3rico e desenvolvimento de estrat\u00e9gias de implementa\u00e7\u00e3o para moderniza\u00e7\u00e3o industrial<\/a><\/li><li><a href='https:\/\/pos.uel.br\/ppgeciv\/projeto-de-pesquisa?projeto_id=3347'>Gest\u00e3o de pavimentos urbanos: desenvolvimento, uso e valida\u00e7\u00e3o de instrumentos de avalia\u00e7\u00e3o e prioriza\u00e7\u00e3o<\/a><\/li><li><a href='https:\/\/pos.uel.br\/ppgeciv\/projeto-de-pesquisa?projeto_id=3291'>Grupo de inova\u00e7\u00e3o em bioengenharia \u2013 being: desenvolvimento de dispositivos\/m\u00e9todos para controle de press\u00e3o e vaz\u00e3o do sistema cardio-vascular<\/a><\/li><li><a href='https:\/\/pos.uel.br\/ppgeciv\/projeto-de-pesquisa?projeto_id=3365'>Implementa\u00e7\u00e3o de padr\u00f5es para o processo de produ\u00e7\u00e3o na constru\u00e7\u00e3o civil<\/a><\/li><li><a href='https:\/\/pos.uel.br\/ppgeciv\/projeto-de-pesquisa?projeto_id=3348'>\u00cdndice para avalia\u00e7\u00e3o de desempenho ambiental dos servi\u00e7os de manuten\u00e7\u00e3o rodovi\u00e1ria<\/a><\/li><li><a href='https:\/\/pos.uel.br\/ppgeciv\/projeto-de-pesquisa?projeto_id=3349'>\u00cdndices de avalia\u00e7\u00e3o da sustentabilidade de planos, projetos e\/ou processos de gerenciamento de sistemas e infraestruturas de transportes<\/a><\/li><li><a href='https:\/\/pos.uel.br\/ppgeciv\/projeto-de-pesquisa?projeto_id=3303'>Influ\u00eancia da incorpora\u00e7\u00e3o de s\u00edlica ativa e nanopart\u00edculas de s\u00edlica em comp\u00f3sitos ciment\u00edcios<\/a><\/li><li><a href='https:\/\/pos.uel.br\/ppgeciv\/projeto-de-pesquisa?projeto_id=3304'>Inova\u00e7\u00e3o e sustentabilidade em sistemas de gest\u00e3o de res\u00edduos s\u00f3lidos no munic\u00edpio de Londrina e regi\u00e3o metropolitana<\/a><\/li><li><a href='https:\/\/pos.uel.br\/ppgeciv\/projeto-de-pesquisa?projeto_id=3361'>Inova\u00e7\u00e3o no desenvolvimento e constru\u00e7\u00e3o de habita\u00e7\u00f5es de interesse social multifamiliares para promo\u00e7\u00e3o da efici\u00eancia energ\u00e9tica e conforto ambiental<\/a><\/li><li><a href='https:\/\/pos.uel.br\/ppgeciv\/projeto-de-pesquisa?projeto_id=3292'>Lightweigh structures laboratory<\/a><\/li><li><a href='https:\/\/pos.uel.br\/ppgeciv\/projeto-de-pesquisa?projeto_id=3364'>Medi\u00e7\u00e3o e verifica\u00e7\u00e3o do desempenho energ\u00e9tico de sistemas de aquecimento solar em uso nas habita\u00e7\u00f5es de interesse social.<\/a><\/li><li><a href='https:\/\/pos.uel.br\/ppgeciv\/projeto-de-pesquisa?projeto_id=3314'>M\u00e9todos e planos de a\u00e7\u00f5es para a mitiga\u00e7\u00e3o de espuma gerada na produ\u00e7\u00e3o de biog\u00e1s em biodigestores industriais<\/a><\/li><li><a href='https:\/\/pos.uel.br\/ppgeciv\/projeto-de-pesquisa?projeto_id=3335'>Nanobiotecnologia aplicada a insumos estrat\u00e9gicos: t\u00e9cnicas avan\u00e7adas baseadas em qu\u00edmica, imunobiotecnologia e molecular visando seguran\u00e7a e qualidade em alimento, \u00e1gua e meio ambiente<\/a><\/li><li><a href='https:\/\/pos.uel.br\/ppgeciv\/projeto-de-pesquisa?projeto_id=3342'>O lan\u00e7amento clandestino de res\u00edduos s\u00f3lidos urbanos junto a regi\u00f5es perif\u00e9ricas e fundos de vales de Londrina: uma proposta de conscientiza\u00e7\u00e3o popular<\/a><\/li><li><a href='https:\/\/pos.uel.br\/ppgeciv\/projeto-de-pesquisa?projeto_id=3308'>PAS- planejamento de sistemas de transportes e mobilidade urbana: planmob; opera\u00e7\u00e3o; projeto de infraestrutura; e desenvolvimento social sustent\u00e1vel<\/a><\/li><li><a href='https:\/\/pos.uel.br\/ppgeciv\/projeto-de-pesquisa?projeto_id=3316'>P\u00f3s-tratamento f\u00edsico-qu\u00edmico de lixiviado de aterro sanit\u00e1rio com aplica\u00e7\u00e3o de reagente de fenton para a remo\u00e7\u00e3o da mat\u00e9ria org\u00e2nica de dif\u00edcil biodegrada\u00e7\u00e3o<\/a><\/li><li><a href='https:\/\/pos.uel.br\/ppgeciv\/projeto-de-pesquisa?projeto_id=3309'>Potencial de redu\u00e7\u00e3o de viagens por autom\u00f3veis em um campus universit\u00e1rio<\/a><\/li><li><a href='https:\/\/pos.uel.br\/ppgeciv\/projeto-de-pesquisa?projeto_id=3334'>Processos biol\u00f3gicos, f\u00edsicos e qu\u00edmicos de tratamento de lixiviados de aterros de res\u00edduos s\u00f3lidos urbanos<\/a><\/li><li><a href='https:\/\/pos.uel.br\/ppgeciv\/projeto-de-pesquisa?projeto_id=3323'>Processos espec\u00edficos de p\u00f3s-tratamento f\u00edsico-qu\u00edmico de lixiviado de aterro sanit\u00e1rio e avalia\u00e7\u00e3o ecotoxicol\u00f3gica<\/a><\/li><li><a href='https:\/\/pos.uel.br\/ppgeciv\/projeto-de-pesquisa?projeto_id=3325'>Processos espec\u00edficos\/alternativos para tratamento de \u00e1guas para abastecimento e m\u00e9todos para an\u00e1lise de microcistinas, agrot\u00f3xicos e subprodutos da oxida\u00e7\u00e3o<\/a><\/li><li><a href='https:\/\/pos.uel.br\/ppgeciv\/projeto-de-pesquisa?projeto_id=3317'>Produ\u00e7\u00e3o de biohidrog\u00eanio e biometano em sistemas combinados acidog\u00eanico-metanog\u00eanico a partir de \u00e1gua residu\u00e1ria de fecularia de mandioca<\/a><\/li><li><a href='https:\/\/pos.uel.br\/ppgeciv\/projeto-de-pesquisa?projeto_id=3299'>Proposta de moradia para pessoas em situa\u00e7\u00e3o de vulnerabilidade com o uso de tecnologia de impress\u00e3o 3d em materiais ciment\u00edcios: adequa\u00e7\u00e3o para obten\u00e7\u00e3o das condi\u00e7\u00f5es m\u00ednimas de desempenho t\u00e9rmico<\/a><\/li><li><a href='https:\/\/pos.uel.br\/ppgeciv\/projeto-de-pesquisa?projeto_id=3310'>Remo\u00e7\u00e3o biol\u00f3gica de nitrog\u00eanio de lixiviado de aterro sanit\u00e1rio associado a tratamento f\u00edsico-qu\u00edmico, para remo\u00e7\u00e3o de mat\u00e9ria org\u00e2nica recalcitrante<\/a><\/li><li><a href='https:\/\/pos.uel.br\/ppgeciv\/projeto-de-pesquisa?projeto_id=3312'>Remo\u00e7\u00e3o de mat\u00e9ria org\u00e2nica carbon\u00e1cea e nitrogenada de \u00e1guas residu\u00e1rias de ind\u00fastria de ra\u00e7\u00e3o animal<\/a><\/li><li><a href='https:\/\/pos.uel.br\/ppgeciv\/projeto-de-pesquisa?projeto_id=3311'>Remo\u00e7\u00e3o de nitrog\u00eanio de esgoto por processos biol\u00f3gicos<\/a><\/li><li><a href='https:\/\/pos.uel.br\/ppgeciv\/projeto-de-pesquisa?projeto_id=3297'>Sustentabilidade aplicada ao projeto de acampamentos planejados para atendimento \u00e0 popula\u00e7\u00e3o desabrigada: plataforma Infrashelter, impress\u00e3o 3d e materiais locais<\/a><\/li><li><a href='https:\/\/pos.uel.br\/ppgeciv\/projeto-de-pesquisa?projeto_id=3341'>Tratamento anaer\u00f3bio de esgoto sanit\u00e1rio conjugado com lixiviado de aterro sanit\u00e1rio bruto e pr\u00e9-tratado em reatores do tipo ralf<\/a><\/li><li><a href='https:\/\/pos.uel.br\/ppgeciv\/projeto-de-pesquisa?projeto_id=3326'>Tratamento complementar de \u00e1guas por adsor\u00e7\u00e3o e filtra\u00e7\u00e3o por membranas visando a remo\u00e7\u00e3o de contaminantes emergentes e obten\u00e7\u00e3o de par\u00e2metros t\u00e9cnicos de aplica\u00e7\u00e3o em sistemas de abastecimento em escala real<\/a><\/li><li><a href='https:\/\/pos.uel.br\/ppgeciv\/projeto-de-pesquisa?projeto_id=3320'>Tratamento de \u00e1guas residu\u00e1rias por coagula\u00e7\u00e3o qu\u00edmica, flocula\u00e7\u00e3o e sedimenta\u00e7\u00e3o seguida de adsor\u00e7\u00e3o em carv\u00e3o ativado granular como p\u00f3s-tratamento.<\/a><\/li><li><a href='https:\/\/pos.uel.br\/ppgeciv\/projeto-de-pesquisa?projeto_id=3318'>Tratamento de lixiviado de aterro sanit\u00e1rio por processo fenton convencional e com adapta\u00e7\u00f5es<\/a><\/li><li><a href='https:\/\/pos.uel.br\/ppgeciv\/projeto-de-pesquisa?projeto_id=3336'>Tratamento e p\u00f3s-tratamento de \u00e1guas residu\u00e1rias por processos f\u00edsicos, qu\u00edmicos e biol\u00f3gicos e avalia\u00e7\u00e3o de toxicidade.<\/a><\/li><li><a href='https:\/\/pos.uel.br\/ppgeciv\/projeto-de-pesquisa?projeto_id=3315'>Valoriza\u00e7\u00e3o dos res\u00edduos da ind\u00fastria de f\u00e9cula de mandioca em sistema anaer\u00f3bio de duas fases com imobiliza\u00e7\u00e3o celular em material lignocelul\u00f3sico<\/a><\/li><\/ul><style>\n        .lista-projetos {\n            list-style: none;\n            padding: 0;\n            margin-top: 20px;\n        }\n        .lista-projetos li {\n            padding: 12px 18px;\n            border-bottom: 1px solid #ccc;\n        }\n        .lista-projetos li:nth-child(odd) {\n            background-color: #f9f9f9;\n        }\n        .lista-projetos li:nth-child(even) {\n            background-color: #ffffff;\n        }\n        .lista-projetos li a {\n            color: #02754d;\n            text-decoration: none;\n            font-weight: 500;\n        }\n        .lista-projetos li a:hover {\n            text-decoration: underline;\n        }\n        .btn-limpar-filtros {\n            background-color: #ccc;\n            color: #000;\n            padding: 6px 12px;\n            border-radius: 4px;\n            text-decoration: none;\n            font-weight: bold;\n            border: 1px solid #999;\n            transition: background-color 0.3s ease;\n        }\n        .btn-limpar-filtros:hover {\n            background-color: #999;\n            color: #fff;\n        }\n        .btn-aplicar-filtros {\n            background-color: #0e6946;\n            color: white;\n            border: none;\n            padding: 6px 14px;\n            border-radius: 4px;\n            font-weight: bold;\n            cursor: pointer;\n        }\n        .btn-aplicar-filtros:hover {\n            background-color: #084d34;\n        }\n    <\/style>\n","protected":false},"excerpt":{"rendered":"","protected":false},"author":1,"featured_media":0,"parent":0,"menu_order":0,"comment_status":"close","ping_status":"close","template":"","meta":{"_acf_changed":false,"footnotes":""},"class_list":["post-3368","page","type-page","status-publish","hentry"],"acf":[],"_links":{"self":[{"href":"https:\/\/pos.uel.br\/ppgeciv\/wp-json\/wp\/v2\/pages\/3368","targetHints":{"allow":["GET"]}}],"collection":[{"href":"https:\/\/pos.uel.br\/ppgeciv\/wp-json\/wp\/v2\/pages"}],"about":[{"href":"https:\/\/pos.uel.br\/ppgeciv\/wp-json\/wp\/v2\/types\/page"}],"author":[{"embeddable":true,"href":"https:\/\/pos.uel.br\/ppgeciv\/wp-json\/wp\/v2\/users\/1"}],"replies":[{"embeddable":true,"href":"https:\/\/pos.uel.br\/ppgeciv\/wp-json\/wp\/v2\/comments?post=3368"}],"version-history":[{"count":1,"href":"https:\/\/pos.uel.br\/ppgeciv\/wp-json\/wp\/v2\/pages\/3368\/revisions"}],"predecessor-version":[{"id":3369,"href":"https:\/\/pos.uel.br\/ppgeciv\/wp-json\/wp\/v2\/pages\/3368\/revisions\/3369"}],"wp:attachment":[{"href":"https:\/\/pos.uel.br\/ppgeciv\/wp-json\/wp\/v2\/media?parent=3368"}],"curies":[{"name":"wp","href":"https:\/\/api.w.org\/{rel}","templated":true}]}}