{"id":244,"date":"2021-01-05T16:55:33","date_gmt":"2021-01-05T18:55:33","guid":{"rendered":"http:\/\/localhost\/posenges\/?page_id=244"},"modified":"2021-01-05T16:55:33","modified_gmt":"2021-01-05T18:55:33","slug":"internacionalizacao","status":"publish","type":"page","link":"https:\/\/pos.uel.br\/ppgeciv\/internacionalizacao\/","title":{"rendered":"Internacionaliza\u00e7\u00e3o"},"content":{"rendered":"\n<p>Com o objetivo de proporcionar e facilitar a troca de conhecimento entre o PPGeCiv e outras Institui\u00e7\u00f5es Internacionais, foram realizados conv\u00eanios de coopera\u00e7\u00e3o. Destaca-se que a partir desses conv\u00eanios ocorreram a\u00e7\u00f5es de mobilidade entre professores pesquisadores e discentes, participa\u00e7\u00e3o conjunta em artigos cient\u00edficos, bancas de defesa, treinamentos via web dentre outros. A seguir est\u00e3o descritas as coopera\u00e7\u00f5es que est\u00e3o vigorando em nosso Programa e que em 2019 tiveram miss\u00f5es\/a\u00e7\u00f5es realizadas.<\/p>\n\n\n\n<p>1) Conv\u00eanio com a Universidade de Braunschweig, na Alemanha<\/p>\n\n\n\n<p>2) Conv\u00eanio com a Universidade Boyaca , na Col\u00f4mbia<\/p>\n\n\n\n<p>3) Conv\u00eanio com a Universit\u00e0 degli Studi di Firenze \u2013 UNIFI, It\u00e1lia<\/p>\n\n\n\n<p>4) Conv\u00eanio com a Universidade Xi\u2019na Jiaotong-Liverpool University, na China<\/p>\n","protected":false},"excerpt":{"rendered":"<p>Com o objetivo de proporcionar e facilitar a troca de conhecimento entre o PPGeCiv e outras Institui\u00e7\u00f5es Internacionais, foram realizados conv\u00eanios de coopera\u00e7\u00e3o. Destaca-se que a partir desses conv\u00eanios ocorreram a\u00e7\u00f5es de mobilidade entre professores pesquisadores e discentes, participa\u00e7\u00e3o conjunta em artigos cient\u00edficos, bancas de defesa, treinamentos via web dentre outros. A seguir est\u00e3o descritas [&hellip;]<\/p>\n","protected":false},"author":7,"featured_media":0,"parent":0,"menu_order":0,"comment_status":"closed","ping_status":"closed","template":"","meta":{"_acf_changed":false,"footnotes":""},"class_list":["post-244","page","type-page","status-publish","hentry"],"acf":[],"_links":{"self":[{"href":"https:\/\/pos.uel.br\/ppgeciv\/wp-json\/wp\/v2\/pages\/244","targetHints":{"allow":["GET"]}}],"collection":[{"href":"https:\/\/pos.uel.br\/ppgeciv\/wp-json\/wp\/v2\/pages"}],"about":[{"href":"https:\/\/pos.uel.br\/ppgeciv\/wp-json\/wp\/v2\/types\/page"}],"author":[{"embeddable":true,"href":"https:\/\/pos.uel.br\/ppgeciv\/wp-json\/wp\/v2\/users\/7"}],"replies":[{"embeddable":true,"href":"https:\/\/pos.uel.br\/ppgeciv\/wp-json\/wp\/v2\/comments?post=244"}],"version-history":[{"count":0,"href":"https:\/\/pos.uel.br\/ppgeciv\/wp-json\/wp\/v2\/pages\/244\/revisions"}],"wp:attachment":[{"href":"https:\/\/pos.uel.br\/ppgeciv\/wp-json\/wp\/v2\/media?parent=244"}],"curies":[{"name":"wp","href":"https:\/\/api.w.org\/{rel}","templated":true}]}}