{"id":2244,"date":"2025-07-07T09:22:35","date_gmt":"2025-07-07T12:22:35","guid":{"rendered":"https:\/\/pos.uel.br\/ppgeciv\/?page_id=2244"},"modified":"2026-02-06T10:44:10","modified_gmt":"2026-02-06T13:44:10","slug":"horario","status":"publish","type":"page","link":"https:\/\/pos.uel.br\/ppgeciv\/horario\/","title":{"rendered":"Hor\u00e1rio"},"content":{"rendered":"\n<p><\/p>\n\n\n\n    <h2 style=\"text-align:center;\">Disciplinas Ofertadas em 2026\/1<\/h2>\n    <table id=\"tabela-horarios\" class=\"ppgeciv-tabela\">\n        <thead>\n            <tr>\n                <th onclick=\"sortTable(0)\">Disciplina<\/th>\n                <th onclick=\"sortTable(1)\">Docente<\/th>\n                <th onclick=\"sortTable(2)\">Dia<\/th>\n                <th onclick=\"sortTable(3)\">Hor\u00e1rio<\/th>\n                <th onclick=\"sortTable(4)\">Sala<\/th>\n                <th onclick=\"sortTable(5)\">Per\u00edodo<\/th>\n            <\/tr>\n        <\/thead>\n        <tbody><tr>\n                <td><a href=\"https:\/\/pos.uel.br\/ppgeciv\/detalhes-disciplina\/?disciplina_id=1640\">Desempenho T\u00e9rmico de Edifica\u00e7\u00f5es<\/a><\/td>\n                <td><a href=\"https:\/\/pos.uel.br\/ppgeciv\/perfil-docente\/?docente_id=1632\">Thalita Gorban Ferreira Giglio<\/a><\/td>\n                <td>Quinta<\/td>\n                <td>08h<\/td>\n                <td>MM9<\/td>\n                <td>19\/03\/2026 a 11\/06\/2026<\/td>\n            <\/tr><tr>\n                <td><a href=\"https:\/\/pos.uel.br\/ppgeciv\/detalhes-disciplina\/?disciplina_id=1655\">Metodologia de Pesquisa em Engenharia<\/a><\/td>\n                <td><a href=\"https:\/\/pos.uel.br\/ppgeciv\/perfil-docente\/?docente_id=1913\">Luiz Henrique Dall&#8217;Antonia<\/a><\/td>\n                <td>Ter\u00e7a<\/td>\n                <td>08h<\/td>\n                <td>MM9<\/td>\n                <td>17\/03\/2026 a 19\/06\/2026<\/td>\n            <\/tr><tr>\n                <td><a href=\"https:\/\/pos.uel.br\/ppgeciv\/detalhes-disciplina\/?disciplina_id=1657\">Planejamento de Experimentos em Engenharia<\/a><\/td>\n                <td><a href=\"https:\/\/pos.uel.br\/ppgeciv\/perfil-docente\/?docente_id=1911\">Tiago Viana Flor de Santana<\/a><\/td>\n                <td>Quarta<\/td>\n                <td>08h<\/td>\n                <td>MM9<\/td>\n                <td>18\/03\/2026 a 10\/06\/2026<\/td>\n            <\/tr><tr>\n                <td><a href=\"https:\/\/pos.uel.br\/ppgeciv\/detalhes-disciplina\/?disciplina_id=1661\">Qualidade de \u00c1guas<\/a><\/td>\n                <td><a href=\"https:\/\/pos.uel.br\/ppgeciv\/perfil-docente\/?docente_id=1628\">Emilia Kiyomi Kuroda<\/a><\/td>\n                <td>Ter\u00e7a<\/td>\n                <td>14h<\/td>\n                <td>MM9<\/td>\n                <td>17\/03\/2026 a 09\/06\/2026<\/td>\n            <\/tr><tr>\n                <td><a href=\"https:\/\/pos.uel.br\/ppgeciv\/detalhes-disciplina\/?disciplina_id=1663\">Semin\u00e1rios I<\/a><\/td>\n                <td><a href=\"https:\/\/pos.uel.br\/ppgeciv\/perfil-docente\/?docente_id=1589\">Berenice Martins Toralles<\/a><\/td>\n                <td>Quarta<\/td>\n                <td>08h<\/td>\n                <td>MM9 (confirmar)<\/td>\n                <td>10\/06\/2026 a 11\/11\/2026<\/td>\n            <\/tr><tr>\n                <td><a href=\"https:\/\/pos.uel.br\/ppgeciv\/detalhes-disciplina\/?disciplina_id=1668\">Sustentabilidade Ambiental Urbana<\/a><\/td>\n                <td><a href=\"https:\/\/pos.uel.br\/ppgeciv\/perfil-docente\/?docente_id=1599\">Caio Victor Louren\u00e7o Rodrigues<\/a><\/td>\n                <td>Quarta<\/td>\n                <td>14h<\/td>\n                <td>MM9<\/td>\n                <td>18\/03\/2026 a 25\/06\/2026<\/td>\n            <\/tr><tr>\n                <td><a href=\"https:\/\/pos.uel.br\/ppgeciv\/detalhes-disciplina\/?disciplina_id=1673\">T.E.C.C.: Desenvolvimento Integrado de Produto I<\/a><\/td>\n                <td><a href=\"https:\/\/pos.uel.br\/ppgeciv\/perfil-docente\/?docente_id=1598\">Altibano Ortenzi Junior<\/a><\/td>\n                <td>Quarta<\/td>\n                <td>14h<\/td>\n                <td>MM8<\/td>\n                <td>19\/03\/2026 a 21\/05\/2026<\/td>\n            <\/tr><tr>\n                <td><a href=\"https:\/\/pos.uel.br\/ppgeciv\/detalhes-disciplina\/?disciplina_id=1674\">T.E.C.C.: Desenvolvimento Integrado do Produto II<\/a><\/td>\n                <td><a href=\"https:\/\/pos.uel.br\/ppgeciv\/perfil-docente\/?docente_id=1598\">Altibano Ortenzi Junior<\/a><\/td>\n                <td>Quarta<\/td>\n                <td>14h<\/td>\n                <td>MM8<\/td>\n                <td>20\/05\/2026 a 15\/07\/2026<\/td>\n            <\/tr><tr>\n                <td><a href=\"https:\/\/pos.uel.br\/ppgeciv\/detalhes-disciplina\/?disciplina_id=1672\">T.E.C.C.: Conceitos e Aplica\u00e7\u00f5es de Mec\u00e2nica dos Solos em Obras Geot\u00e9cnicas<\/a><\/td>\n                <td><a href=\"https:\/\/pos.uel.br\/ppgeciv\/perfil-docente\/?docente_id=1631\">Raquel Souza Teixeira<\/a><\/td>\n                <td>Quinta<\/td>\n                <td>14h<\/td>\n                <td>MM9<\/td>\n                <td>19\/03\/2026 a 14\/06\/2026<\/td>\n            <\/tr><tr>\n                <td><a href=\"https:\/\/pos.uel.br\/ppgeciv\/detalhes-disciplina\/?disciplina_id=1699\">Tratameto de \u00c1guas Residu\u00e1rias<\/a><\/td>\n                <td><a href=\"https:\/\/pos.uel.br\/ppgeciv\/perfil-docente\/?docente_id=1627\">Deize Dias Lopes<\/a><\/td>\n                <td>Quinta<\/td>\n                <td>08h<\/td>\n                <td>MM9<\/td>\n                <td>14\/05\/2026 a 23\/07\/2026<\/td>\n            <\/tr><\/tbody><\/table>\n\n\n\n<p><\/p>\n\n\n\n    <h2 style=\"text-align:center;\">Disciplinas Ofertadas em 2025\/2<\/h2>\n    <table id=\"tabela-horarios\" class=\"ppgeciv-tabela\">\n        <thead>\n            <tr>\n                <th onclick=\"sortTable(0)\">Disciplina<\/th>\n                <th onclick=\"sortTable(1)\">Docente<\/th>\n                <th onclick=\"sortTable(2)\">Dia<\/th>\n                <th onclick=\"sortTable(3)\">Hor\u00e1rio<\/th>\n                <th onclick=\"sortTable(4)\">Sala<\/th>\n                <th onclick=\"sortTable(5)\">Per\u00edodo<\/th>\n            <\/tr>\n        <\/thead>\n        <tbody><tr>\n                <td><a href=\"https:\/\/pos.uel.br\/ppgeciv\/detalhes-disciplina\/?disciplina_id=1669\">T.E.C.C.: An\u00e1lise Computacional por Elementos Finitos<\/a><\/td>\n                <td><a href=\"https:\/\/pos.uel.br\/ppgeciv\/perfil-docente\/?docente_id=1598\">Altibano Ortenzi Junior<\/a><\/td>\n                <td>Ter\u00e7a<\/td>\n                <td>14h<\/td>\n                <td>a definir<\/td>\n                <td>19\/08\/2025 a 14\/10\/2025<\/td>\n            <\/tr><tr>\n                <td><a href=\"https:\/\/pos.uel.br\/ppgeciv\/detalhes-disciplina\/?disciplina_id=1683\">T.E.C.C.: Sustentabilidade na Constru\u00e7\u00e3o Civil<\/a><\/td>\n                <td><a href=\"https:\/\/pos.uel.br\/ppgeciv\/perfil-docente\/?docente_id=1600\">Camila Greg\u00f3rio Atem<\/a><\/td>\n                <td>Ter\u00e7a<\/td>\n                <td>08h<\/td>\n                <td>a definir<\/td>\n                <td>16\/09\/2025 a 11\/11\/2025<\/td>\n            <\/tr><tr>\n                <td><a href=\"https:\/\/pos.uel.br\/ppgeciv\/detalhes-disciplina\/?disciplina_id=1680\">T.E.C.C.: Introdu\u00e7\u00e3o aos Materiais Comp\u00f3sitos<\/a><\/td>\n                <td><a href=\"https:\/\/pos.uel.br\/ppgeciv\/perfil-docente\/?docente_id=1598\">Altibano Ortenzi Junior<\/a><\/td>\n                <td>Quarta<\/td>\n                <td>14h<\/td>\n                <td><\/td>\n                <td>20\/08\/2025 a 22\/10\/2025<\/td>\n            <\/tr><tr>\n                <td><a href=\"https:\/\/pos.uel.br\/ppgeciv\/detalhes-disciplina\/?disciplina_id=1645\">Efici\u00eancia Energ\u00e9tica em Edifica\u00e7\u00f5es<\/a><\/td>\n                <td><a href=\"https:\/\/pos.uel.br\/ppgeciv\/perfil-docente\/?docente_id=1632\">Thalita Gorban Ferreira Giglio<\/a><\/td>\n                <td>Quarta<\/td>\n                <td>08h<\/td>\n                <td>a definir<\/td>\n                <td>20\/08\/2025 a 22\/10\/2025<\/td>\n            <\/tr><tr>\n                <td><a href=\"https:\/\/pos.uel.br\/ppgeciv\/detalhes-disciplina\/?disciplina_id=1652\">Hidrologia<\/a><\/td>\n                <td><a href=\"https:\/\/pos.uel.br\/ppgeciv\/perfil-docente\/?docente_id=1588\">Hemerson D Pinheiro<\/a><\/td>\n                <td>Quarta<\/td>\n                <td>14h<\/td>\n                <td>a definir<\/td>\n                <td>20\/08\/2025 a 22\/10\/2025<\/td>\n            <\/tr><tr>\n                <td><a href=\"https:\/\/pos.uel.br\/ppgeciv\/detalhes-disciplina\/?disciplina_id=1622\">An\u00e1lise de Sistemas de Transporte<\/a><\/td>\n                <td><a href=\"https:\/\/pos.uel.br\/ppgeciv\/perfil-docente\/?docente_id=1626\">Carlos Alberto Prado da Silva Junior<\/a><\/td>\n                <td>Quinta<\/td>\n                <td>14h<\/td>\n                <td>a definir<\/td>\n                <td>21\/08\/2025 a 23\/10\/2025<\/td>\n            <\/tr><tr>\n                <td><a href=\"https:\/\/pos.uel.br\/ppgeciv\/detalhes-disciplina\/?disciplina_id=1653\">Manifesta\u00e7\u00f5es Patol\u00f3gicas em Edifica\u00e7\u00f5es<\/a><\/td>\n                <td><a href=\"https:\/\/pos.uel.br\/ppgeciv\/perfil-docente\/?docente_id=1589\">Berenice Martins Toralles<\/a><\/td>\n                <td>Quarta<\/td>\n                <td>08h<\/td>\n                <td>a definir<\/td>\n                <td>10\/09\/2025 a 05\/11\/2025<\/td>\n            <\/tr><tr>\n                <td><a href=\"https:\/\/pos.uel.br\/ppgeciv\/detalhes-disciplina\/?disciplina_id=1685\">T.E.S.R.H.: Processos de Tratamento de Lixiviados de Aterro Sanit\u00e1rio<\/a><\/td>\n                <td><a href=\"https:\/\/pos.uel.br\/ppgeciv\/perfil-docente\/?docente_id=1599\">Caio Victor Louren\u00e7o Rodrigues<\/a><\/td>\n                <td>Segunda<\/td>\n                <td>08h<\/td>\n                <td>a definir<\/td>\n                <td>16\/09\/2025 a 24\/11\/2025<\/td>\n            <\/tr><tr>\n                <td><a href=\"https:\/\/pos.uel.br\/ppgeciv\/detalhes-disciplina\/?disciplina_id=1676\">T.E.C.C.: Gest\u00e3o na Constru\u00e7\u00e3o de Edifica\u00e7\u00f5es<\/a><\/td>\n                <td><a href=\"https:\/\/pos.uel.br\/ppgeciv\/perfil-docente\/?docente_id=1633\">Wanessa Roberta Fazinga<\/a><\/td>\n                <td>Segunda<\/td>\n                <td>14h<\/td>\n                <td>a definir<\/td>\n                <td>18\/08\/2025 a 13\/10\/2025<\/td>\n            <\/tr><tr>\n                <td><a href=\"https:\/\/pos.uel.br\/ppgeciv\/detalhes-disciplina\/?disciplina_id=1650\">Gerenciamento e Reciclagem de Res\u00edduos S\u00f3lidos Urbanos<\/a><\/td>\n                <td><a href=\"https:\/\/pos.uel.br\/ppgeciv\/perfil-docente\/?docente_id=1599\">Caio Victor Louren\u00e7o Rodrigues<\/a><\/td>\n                <td>Segunda<\/td>\n                <td>08h<\/td>\n                <td>a definir<\/td>\n                <td>18\/08\/2025 a 13\/10\/2025<\/td>\n            <\/tr><tr>\n                <td><a href=\"https:\/\/pos.uel.br\/ppgeciv\/detalhes-disciplina\/?disciplina_id=1682\">T.E.C.C.: Solos n\u00e3o Saturados<\/a><\/td>\n                <td><a href=\"https:\/\/pos.uel.br\/ppgeciv\/perfil-docente\/?docente_id=1631\">Raquel Souza Teixeira<\/a><\/td>\n                <td>Segunda<\/td>\n                <td>14h<\/td>\n                <td>a definir<\/td>\n                <td>18\/08\/2025 a 13\/10\/2025<\/td>\n            <\/tr><tr>\n                <td><a href=\"https:\/\/pos.uel.br\/ppgeciv\/detalhes-disciplina\/?disciplina_id=2266\">T. E. C. C. \u2013 Projeto Geom\u00e9trico de Vias<\/a><\/td>\n                <td><a href=\"https:\/\/pos.uel.br\/ppgeciv\/perfil-docente\/?docente_id=1630\">Heliana Barbosa Fontenele<\/a><\/td>\n                <td>Quarta<\/td>\n                <td>08h<\/td>\n                <td>a definir<\/td>\n                <td>21\/08\/2025 a 13\/11\/2025<\/td>\n            <\/tr><tr>\n                <td><a href=\"https:\/\/pos.uel.br\/ppgeciv\/detalhes-disciplina\/?disciplina_id=2271\">Escrita Acad\u00eamica em L\u00edngua Inglesa I<\/a><\/td>\n                <td><a href=\"#\">Docente n\u00e3o informado<\/a><\/td>\n                <td>Sexta<\/td>\n                <td>14h<\/td>\n                <td>a definir<\/td>\n                <td>22\/08\/2025 a 14\/11\/2025<\/td>\n            <\/tr><tr>\n                <td><a href=\"https:\/\/pos.uel.br\/ppgeciv\/detalhes-disciplina\/?disciplina_id=1663\">Semin\u00e1rios I<\/a><\/td>\n                <td><a href=\"https:\/\/pos.uel.br\/ppgeciv\/perfil-docente\/?docente_id=1589\">Berenice Martins Toralles<\/a><\/td>\n                <td>Quarta<\/td>\n                <td>Hor\u00e1rio n\u00e3o definido<\/td>\n                <td>MM9 (confirmar)<\/td>\n                <td>13\/08\/2025 a 17\/09\/2025<\/td>\n            <\/tr><tr>\n                <td><a href=\"https:\/\/pos.uel.br\/ppgeciv\/detalhes-disciplina\/?disciplina_id=1664\">Semin\u00e1rios II<\/a><\/td>\n                <td><a href=\"https:\/\/pos.uel.br\/ppgeciv\/perfil-docente\/?docente_id=1628\">Emilia Kiyomi Kuroda<\/a><\/td>\n                <td>Sexta<\/td>\n                <td>Hor\u00e1rio n\u00e3o definido<\/td>\n                <td>MM9<\/td>\n                <td>03\/10\/2025 a 27\/02\/2026<\/td>\n            <\/tr><tr>\n                <td><a href=\"https:\/\/pos.uel.br\/ppgeciv\/detalhes-disciplina\/?disciplina_id=1665\">Semin\u00e1rios III<\/a><\/td>\n                <td><a href=\"https:\/\/pos.uel.br\/ppgeciv\/perfil-docente\/?docente_id=1627\">Deize Dias Lopes<\/a><\/td>\n                <td>Quinta<\/td>\n                <td>Hor\u00e1rio n\u00e3o definido<\/td>\n                <td>MM9<\/td>\n                <td>04\/09\/2025 a 12\/12\/2025<\/td>\n            <\/tr><tr>\n                <td><a href=\"https:\/\/pos.uel.br\/ppgeciv\/detalhes-disciplina\/?disciplina_id=1666\">Semin\u00e1rios IV<\/a><\/td>\n                <td><a href=\"https:\/\/pos.uel.br\/ppgeciv\/perfil-docente\/?docente_id=1589\">Berenice Martins Toralles<\/a><\/td>\n                <td>Sexta<\/td>\n                <td>Hor\u00e1rio n\u00e3o definido<\/td>\n                <td>MM10<\/td>\n                <td>12\/09\/2025 a 12\/12\/2025<\/td>\n            <\/tr><\/tbody><\/table>\n\n\n\n<p><\/p>\n\n\n\n<p><\/p>\n\n\n\n    <h2 style=\"text-align:center;\">Disciplinas Ofertadas em 2025\/1<\/h2>\n    <table id=\"tabela-horarios\" class=\"ppgeciv-tabela\">\n        <thead>\n            <tr>\n                <th onclick=\"sortTable(0)\">Disciplina<\/th>\n                <th onclick=\"sortTable(1)\">Docente<\/th>\n                <th onclick=\"sortTable(2)\">Dia<\/th>\n                <th onclick=\"sortTable(3)\">Hor\u00e1rio<\/th>\n                <th onclick=\"sortTable(4)\">Sala<\/th>\n                <th onclick=\"sortTable(5)\">Per\u00edodo<\/th>\n            <\/tr>\n        <\/thead>\n        <tbody><tr>\n                <td><a href=\"https:\/\/pos.uel.br\/ppgeciv\/detalhes-disciplina\/?disciplina_id=1654\">Mec\u00e2nica dos Solos Experimental<\/a><\/td>\n                <td><a href=\"https:\/\/pos.uel.br\/ppgeciv\/perfil-docente\/?docente_id=1631\">Raquel Souza Teixeira<\/a><\/td>\n                <td>Segunda<\/td>\n                <td>14h<\/td>\n                <td>CTU-MM9<\/td>\n                <td>10\/03\/2025 a 09\/06\/2025<\/td>\n            <\/tr><tr>\n                <td><a href=\"https:\/\/pos.uel.br\/ppgeciv\/detalhes-disciplina\/?disciplina_id=1655\">Metodologia de Pesquisa em Engenharia<\/a><\/td>\n                <td><a href=\"https:\/\/pos.uel.br\/ppgeciv\/perfil-docente\/?docente_id=1913\">Luiz Henrique Dall&#8217;Antonia<\/a><\/td>\n                <td>Quarta<\/td>\n                <td>14h<\/td>\n                <td>CTU-MM9<\/td>\n                <td>12\/03\/2025 a 11\/06\/2025<\/td>\n            <\/tr><tr>\n                <td><a href=\"https:\/\/pos.uel.br\/ppgeciv\/detalhes-disciplina\/?disciplina_id=1699\">Tratameto de \u00c1guas Residu\u00e1rias<\/a><\/td>\n                <td><a href=\"https:\/\/pos.uel.br\/ppgeciv\/perfil-docente\/?docente_id=1627\">Deize Dias Lopes<\/a><\/td>\n                <td>Quinta<\/td>\n                <td>08h<\/td>\n                <td>CTU-MM9<\/td>\n                <td>15\/05\/2025 a 30\/07\/2025<\/td>\n            <\/tr><tr>\n                <td><a href=\"https:\/\/pos.uel.br\/ppgeciv\/detalhes-disciplina\/?disciplina_id=1663\">Semin\u00e1rios I<\/a><\/td>\n                <td><a href=\"https:\/\/pos.uel.br\/ppgeciv\/perfil-docente\/?docente_id=1589\">Berenice Martins Toralles<\/a><\/td>\n                <td>Quarta<\/td>\n                <td>14h<\/td>\n                <td>CTU-MM8<\/td>\n                <td>13\/08\/2025 a 12\/11\/2025<\/td>\n            <\/tr><tr>\n                <td><a href=\"https:\/\/pos.uel.br\/ppgeciv\/detalhes-disciplina\/?disciplina_id=1681\">T.E.C.C.: Leitura Instrumental em L\u00edngua Inglesa<\/a><\/td>\n                <td><a href=\"#\">Docente n\u00e3o informado<\/a><\/td>\n                <td>Ter\u00e7a<\/td>\n                <td>14h<\/td>\n                <td>CTU-MM8<\/td>\n                <td>11\/03\/2025 a 10\/06\/2025<\/td>\n            <\/tr><tr>\n                <td><a href=\"https:\/\/pos.uel.br\/ppgeciv\/detalhes-disciplina\/?disciplina_id=1668\">Sustentabilidade Ambiental Urbana<\/a><\/td>\n                <td><a href=\"https:\/\/pos.uel.br\/ppgeciv\/perfil-docente\/?docente_id=1599\">Caio Victor Louren\u00e7o Rodrigues<\/a><\/td>\n                <td>Ter\u00e7a<\/td>\n                <td>08h<\/td>\n                <td>CTU-MM9<\/td>\n                <td>18\/03\/2025 a 15\/06\/2025<\/td>\n            <\/tr><tr>\n                <td><a href=\"https:\/\/pos.uel.br\/ppgeciv\/detalhes-disciplina\/?disciplina_id=1661\">Qualidade de \u00c1guas<\/a><\/td>\n                <td><a href=\"https:\/\/pos.uel.br\/ppgeciv\/perfil-docente\/?docente_id=1628\">Emilia Kiyomi Kuroda<\/a><\/td>\n                <td>Quinta<\/td>\n                <td>14h<\/td>\n                <td>CTU-MM9<\/td>\n                <td>13\/03\/2025 a 12\/06\/2025<\/td>\n            <\/tr><tr>\n                <td><a href=\"https:\/\/pos.uel.br\/ppgeciv\/detalhes-disciplina\/?disciplina_id=1657\">Planejamento de Experimentos em Engenharia<\/a><\/td>\n                <td><a href=\"https:\/\/pos.uel.br\/ppgeciv\/perfil-docente\/?docente_id=1911\">Tiago Viana Flor de Santana<\/a><\/td>\n                <td>Quarta<\/td>\n                <td>08h<\/td>\n                <td>CTU-MM9<\/td>\n                <td>12\/03\/2025 a 11\/06\/2025<\/td>\n            <\/tr><tr>\n                <td><a href=\"https:\/\/pos.uel.br\/ppgeciv\/detalhes-disciplina\/?disciplina_id=1640\">Desempenho T\u00e9rmico de Edifica\u00e7\u00f5es<\/a><\/td>\n                <td><a href=\"https:\/\/pos.uel.br\/ppgeciv\/perfil-docente\/?docente_id=1632\">Thalita Gorban Ferreira Giglio<\/a><\/td>\n                <td>Quinta<\/td>\n                <td>08h<\/td>\n                <td>CTU-MM9<\/td>\n                <td>27\/03\/2025 a 29\/05\/2025<\/td>\n            <\/tr><tr>\n                <td><a href=\"https:\/\/pos.uel.br\/ppgeciv\/detalhes-disciplina\/?disciplina_id=1667\">Sistema de Ger\u00eancia de Pavimentos<\/a><\/td>\n                <td><a href=\"https:\/\/pos.uel.br\/ppgeciv\/perfil-docente\/?docente_id=1630\">Heliana Barbosa Fontenele<\/a><\/td>\n                <td>Quinta<\/td>\n                <td>08h<\/td>\n                <td>CTU-MM8<\/td>\n                <td>27\/03\/2025 a 29\/05\/2025<\/td>\n            <\/tr><tr>\n                <td><a href=\"https:\/\/pos.uel.br\/ppgeciv\/detalhes-disciplina\/?disciplina_id=1658\">Planejamento Urbano, Transportes e Mobilidade<\/a><\/td>\n                <td><a href=\"https:\/\/pos.uel.br\/ppgeciv\/perfil-docente\/?docente_id=1626\">Carlos Alberto Prado da Silva Junior<\/a><\/td>\n                <td>Quinta<\/td>\n                <td>14h<\/td>\n                <td>CTU-MM8<\/td>\n                <td>27\/03\/2025 a 29\/05\/2025<\/td>\n            <\/tr><tr>\n                <td><a href=\"https:\/\/pos.uel.br\/ppgeciv\/detalhes-disciplina\/?disciplina_id=1673\">T.E.C.C.: Desenvolvimento Integrado de Produto I<\/a><\/td>\n                <td><a href=\"https:\/\/pos.uel.br\/ppgeciv\/perfil-docente\/?docente_id=1598\">Altibano Ortenzi Junior<\/a><\/td>\n                <td>Quinta<\/td>\n                <td>14h<\/td>\n                <td>CTU-MM8<\/td>\n                <td>13\/03\/2025 a 08\/05\/2025<\/td>\n            <\/tr><tr>\n                <td><a href=\"https:\/\/pos.uel.br\/ppgeciv\/detalhes-disciplina\/?disciplina_id=1674\">T.E.C.C.: Desenvolvimento Integrado do Produto II<\/a><\/td>\n                <td><a href=\"https:\/\/pos.uel.br\/ppgeciv\/perfil-docente\/?docente_id=1598\">Altibano Ortenzi Junior<\/a><\/td>\n                <td>Quarta<\/td>\n                <td>14h<\/td>\n                <td>CTU-MM8<\/td>\n                <td>07\/05\/2025 a 02\/07\/2025<\/td>\n            <\/tr><\/tbody><\/table>\n\n\n\n<p><\/p>\n","protected":false},"excerpt":{"rendered":"","protected":false},"author":7,"featured_media":0,"parent":0,"menu_order":0,"comment_status":"closed","ping_status":"closed","template":"","meta":{"_acf_changed":false,"footnotes":""},"class_list":["post-2244","page","type-page","status-publish","hentry"],"acf":[],"_links":{"self":[{"href":"https:\/\/pos.uel.br\/ppgeciv\/wp-json\/wp\/v2\/pages\/2244","targetHints":{"allow":["GET"]}}],"collection":[{"href":"https:\/\/pos.uel.br\/ppgeciv\/wp-json\/wp\/v2\/pages"}],"about":[{"href":"https:\/\/pos.uel.br\/ppgeciv\/wp-json\/wp\/v2\/types\/page"}],"author":[{"embeddable":true,"href":"https:\/\/pos.uel.br\/ppgeciv\/wp-json\/wp\/v2\/users\/7"}],"replies":[{"embeddable":true,"href":"https:\/\/pos.uel.br\/ppgeciv\/wp-json\/wp\/v2\/comments?post=2244"}],"version-history":[{"count":10,"href":"https:\/\/pos.uel.br\/ppgeciv\/wp-json\/wp\/v2\/pages\/2244\/revisions"}],"predecessor-version":[{"id":4117,"href":"https:\/\/pos.uel.br\/ppgeciv\/wp-json\/wp\/v2\/pages\/2244\/revisions\/4117"}],"wp:attachment":[{"href":"https:\/\/pos.uel.br\/ppgeciv\/wp-json\/wp\/v2\/media?parent=2244"}],"curies":[{"name":"wp","href":"https:\/\/api.w.org\/{rel}","templated":true}]}}