{"id":2177,"date":"2025-07-03T15:35:28","date_gmt":"2025-07-03T18:35:28","guid":{"rendered":"https:\/\/pos.uel.br\/ppgeciv\/?page_id=2177"},"modified":"2025-07-03T16:41:58","modified_gmt":"2025-07-03T19:41:58","slug":"defesas-2","status":"publish","type":"page","link":"https:\/\/pos.uel.br\/ppgeciv\/defesas-2\/","title":{"rendered":"Defesas"},"content":{"rendered":"<ul style=\"padding-left: 20px;\"><li style=\"margin-bottom: 20px;\"><a href=\"https:\/\/pos.uel.br\/ppgeciv\/visualizar-defesa\/?id=4126\" style=\"color: #006633; font-weight: bold;\">Defesa de Disserta\u00e7\u00e3o de Mestrado - Contribui\u00e7\u00e3o do sistema de pavimenta\u00e7\u00e3o perme\u00e1vel para o escoamento superficial em \u00e1reas urbanizadas: um estudo utilizando blocos de concreto perme\u00e1vel inertravados e po\u00e7os de infiltra\u00e7\u00e3o<\/a><div style=\"margin-top: 5px; font-size: 14px; color: #333;\"><strong>Candidato(a):<\/strong> Joel Rubens da Silva Filho<\/div><div style=\"margin-top: 3px; font-size: 14px; color: #333;\"><strong>Orientador(a):<\/strong> <a href=\"https:\/\/pos.uel.br\/ppgeciv\/perfil-docente\/?docente_id=1589\">Berenice Martins Toralles<\/a><\/div><div style=\"margin-top: 3px; font-size: 14px; color: #333;\"><strong>Data:<\/strong> 27\/02\/2026<\/div><\/li><li style=\"margin-bottom: 20px;\"><a href=\"https:\/\/pos.uel.br\/ppgeciv\/visualizar-defesa\/?id=4128\" style=\"color: #006633; font-weight: bold;\">Defesa de Disserta\u00e7\u00e3o de Mestrado - Utiliza\u00e7\u00e3o de modelos de deep learning para reconhecimento autom\u00e1tico de defeitos e seus n\u00edveis de severidade em pavimentos asf\u00e1lticos urbanos<\/a><div style=\"margin-top: 5px; font-size: 14px; color: #333;\"><strong>Candidato(a):<\/strong> \u00c1tila Marconcine de Souza<\/div><div style=\"margin-top: 3px; font-size: 14px; color: #333;\"><strong>Orientador(a):<\/strong> <a href=\"https:\/\/pos.uel.br\/ppgeciv\/perfil-docente\/?docente_id=1630\">Heliana Barbosa Fontenele<\/a><\/div><div style=\"margin-top: 3px; font-size: 14px; color: #333;\"><strong>Data:<\/strong> 25\/02\/2026<\/div><\/li><li style=\"margin-bottom: 20px;\"><a href=\"https:\/\/pos.uel.br\/ppgeciv\/visualizar-defesa\/?id=3813\" style=\"color: #006633; font-weight: bold;\">Defesa de Tese de Doutorado - Modelagem de cen\u00e1rios fabris de edifica\u00e7\u00f5es industrializadas pelos princ\u00edpios da ind\u00fastria 4.0 para pain\u00e9is modulares em biocomp\u00f3stos\r\n<\/a><div style=\"margin-top: 5px; font-size: 14px; color: #333;\"><strong>Candidato(a):<\/strong> Shandy Alexandra Morassi Francisco<\/div><div style=\"margin-top: 3px; font-size: 14px; color: #333;\"><strong>Orientador(a):<\/strong> <a href=\"https:\/\/pos.uel.br\/ppgeciv\/perfil-docente\/?docente_id=1598\">Altibano Ortenzi Junior<\/a><\/div><div style=\"margin-top: 3px; font-size: 14px; color: #333;\"><strong>Data:<\/strong> 10\/10\/2025<\/div><\/li><li style=\"margin-bottom: 20px;\"><a href=\"https:\/\/pos.uel.br\/ppgeciv\/visualizar-defesa\/?id=3814\" style=\"color: #006633; font-weight: bold;\">Defesa de Tese de Doutorado - Procedimento de Aquisi\u00e7\u00e3o de Imagens do Pavimento e Avalia\u00e7\u00e3o Semiautomatizada de Defeitos (PAIPA)3\r\n<\/a><div style=\"margin-top: 5px; font-size: 14px; color: #333;\"><strong>Candidato(a):<\/strong> Carolina Garcia<\/div><div style=\"margin-top: 3px; font-size: 14px; color: #333;\"><strong>Orientador(a):<\/strong> <a href=\"https:\/\/pos.uel.br\/ppgeciv\/perfil-docente\/?docente_id=1630\">Heliana Barbosa Fontenele<\/a><\/div><div style=\"margin-top: 3px; font-size: 14px; color: #333;\"><strong>Data:<\/strong> 04\/09\/2025<\/div><\/li><li style=\"margin-bottom: 20px;\"><a href=\"https:\/\/pos.uel.br\/ppgeciv\/visualizar-defesa\/?id=3812\" style=\"color: #006633; font-weight: bold;\">Defesa de Tese de Doutorado - Codigest\u00e3o Anaer\u00f3bia de Res\u00edduos de Frutas e Vegetais: Efeito da Adi\u00e7\u00e3o de Biomol\u00e9culas Puras e Derivadas de Res\u00edduos Agroindustriais<\/a><div style=\"margin-top: 5px; font-size: 14px; color: #333;\"><strong>Candidato(a):<\/strong> Maur\u00edcio Aparecideo Bortoloti<\/div><div style=\"margin-top: 3px; font-size: 14px; color: #333;\"><strong>Orientador(a):<\/strong> <a href=\"https:\/\/pos.uel.br\/ppgeciv\/perfil-docente\/?docente_id=1629\">Fernando Fernandes<\/a><\/div><div style=\"margin-top: 3px; font-size: 14px; color: #333;\"><strong>Data:<\/strong> 22\/08\/2025<\/div><\/li><li style=\"margin-bottom: 20px;\"><a href=\"https:\/\/pos.uel.br\/ppgeciv\/visualizar-defesa\/?id=2197\" style=\"color: #006633; font-weight: bold;\">Defesa de Tese de Doutorado -  Materiais aditivos magnetizados na codigest\u00e3o anaer\u00f3bia de res\u00edduos de frutas e vegetais e res\u00edduos de galinha de postura<\/a><div style=\"margin-top: 5px; font-size: 14px; color: #333;\"><strong>Candidato(a):<\/strong> Isabela Mangerino Bortoloti Sicchieri<\/div><div style=\"margin-top: 3px; font-size: 14px; color: #333;\"><strong>Orientador(a):<\/strong> <a href=\"https:\/\/pos.uel.br\/ppgeciv\/perfil-docente\/?docente_id=1628\">Emilia Kiyomi Kuroda<\/a><\/div><div style=\"margin-top: 3px; font-size: 14px; color: #333;\"><strong>Data:<\/strong> 20\/08\/2025<\/div><\/li><li style=\"margin-bottom: 20px;\"><a href=\"https:\/\/pos.uel.br\/ppgeciv\/visualizar-defesa\/?id=3806\" style=\"color: #006633; font-weight: bold;\">Defesa de Tese de Doutorado - Codigest\u00e3o de Res\u00edduos de Fecularia de Mandioca: Potencial da Produ\u00e7\u00e3o de Metano em Sistema Anaer\u00f3bio com Crescimento Aderido Suplementado com Biocarv\u00e3o<\/a><div style=\"margin-top: 5px; font-size: 14px; color: #333;\"><strong>Candidato(a):<\/strong> Lucas Pizzaia Falda<\/div><div style=\"margin-top: 3px; font-size: 14px; color: #333;\"><strong>Orientador(a):<\/strong> <a href=\"https:\/\/pos.uel.br\/ppgeciv\/perfil-docente\/?docente_id=1627\">Deize Dias Lopes<\/a><\/div><div style=\"margin-top: 3px; font-size: 14px; color: #333;\"><strong>Data:<\/strong> 15\/08\/2025<\/div><\/li><\/ul>\n","protected":false},"excerpt":{"rendered":"","protected":false},"author":7,"featured_media":0,"parent":0,"menu_order":0,"comment_status":"closed","ping_status":"closed","template":"","meta":{"_acf_changed":false,"footnotes":""},"class_list":["post-2177","page","type-page","status-publish","hentry"],"acf":[],"_links":{"self":[{"href":"https:\/\/pos.uel.br\/ppgeciv\/wp-json\/wp\/v2\/pages\/2177","targetHints":{"allow":["GET"]}}],"collection":[{"href":"https:\/\/pos.uel.br\/ppgeciv\/wp-json\/wp\/v2\/pages"}],"about":[{"href":"https:\/\/pos.uel.br\/ppgeciv\/wp-json\/wp\/v2\/types\/page"}],"author":[{"embeddable":true,"href":"https:\/\/pos.uel.br\/ppgeciv\/wp-json\/wp\/v2\/users\/7"}],"replies":[{"embeddable":true,"href":"https:\/\/pos.uel.br\/ppgeciv\/wp-json\/wp\/v2\/comments?post=2177"}],"version-history":[{"count":2,"href":"https:\/\/pos.uel.br\/ppgeciv\/wp-json\/wp\/v2\/pages\/2177\/revisions"}],"predecessor-version":[{"id":2208,"href":"https:\/\/pos.uel.br\/ppgeciv\/wp-json\/wp\/v2\/pages\/2177\/revisions\/2208"}],"wp:attachment":[{"href":"https:\/\/pos.uel.br\/ppgeciv\/wp-json\/wp\/v2\/media?parent=2177"}],"curies":[{"name":"wp","href":"https:\/\/api.w.org\/{rel}","templated":true}]}}