{"id":211,"date":"2021-01-05T16:36:30","date_gmt":"2021-01-05T18:36:30","guid":{"rendered":"http:\/\/localhost\/posenges\/?page_id=211"},"modified":"2021-01-05T16:36:30","modified_gmt":"2021-01-05T18:36:30","slug":"laboratorio-de-saneamento","status":"publish","type":"page","link":"https:\/\/pos.uel.br\/ppgeciv\/laboratorio-de-saneamento\/","title":{"rendered":"Laborat\u00f3rio de Saneamento"},"content":{"rendered":"\n<p>O Laborat\u00f3rio de Saneamento ocupa uma \u00e1rea de 250 m\u00b2 com setores destinados \u00e0s an\u00e1lises f\u00edsica, qu\u00edmica e microbiol\u00f3gica de res\u00edduos s\u00f3lidos, \u00e1guas residu\u00e1rias, \u00e1guas para abastecimento. A unidade de tratamento de \u00e1guas e res\u00edduos \u2013 LabTAR agregou ao laborat\u00f3rio uma \u00e1rea de 122 m2. Tamb\u00e9m em \u00e1rea anexa, h\u00e1 um galp\u00e3o de 120,00 m2 constru\u00eddo com recursos FINEP\/PETROBRAS que abriga um sistema piloto de gaseifica\u00e7\u00e3o e produ\u00e7\u00e3o de energia el\u00e9trica. O gaseificador piloto tem 8,0 m de altura e alimenta um grupo gerador adaptado para funcionar com g\u00e1s de s\u00edntese, com capacidade para 30 kvA de energia. Tamb\u00e9m em fun\u00e7\u00e3o dos projetos de fomento, foi viabilizada na Fazenda Escola da UEL, uma obra composta por \u00c1rea de recep\u00e7\u00e3o de res\u00edduos do restaurante universit\u00e1rio \u2013 RRU, da granja su\u00edna \u2013 RGS e de poda vegetal \u2013 RPV produzidos no Campus, Sistema de biodigest\u00e3o destes res\u00edduos com capacidade volum\u00e9trica de 40 m3, Sistema de armazenamento e tratamento do biog\u00e1s gerado, al\u00e9m do abrigo do Grupo gerador de energia el\u00e9trica a ser conectado \u00e0 rede da UEL. Os projetos conjuntos com os Programas de P\u00f3s-Gradua\u00e7\u00e3o do Centro de Ci\u00eancia de Alimentos CCA em Ci\u00eancia de Alimentos e Agronomia, do Centro de Ci\u00eancias Exatas &#8211; CCE em Biotecnologia e Qu\u00edmica, e do Centro de Ci\u00eancias Biol\u00f3gicas &#8211; CCB em Patologia Experimental possibilitaram a constru\u00e7\u00e3o de um Laborat\u00f3rio multidisciplinar denominado CENTRO DE TREINAMENTO E PESQUISA EM SEGURAN\u00c7A DE ALIMENTOS E \u00c1GUA, em janeiro de 2012 pela UGF SETI, Fundo Paran\u00e1. Neste laborat\u00f3rio, provido de linha estabilizada e gerador de energia, foram alocados equipamentos de qu\u00edmica instrumental sens\u00edveis j\u00e1 adquiridos e disponibilizados para pesquisas do grupo: LC-MS\/MS (Quattro micro API quadrupole mass spectrometer da Waters), Termociclador para PCR em tempo real (LightCycler 96 da Roche), Cuba completa p\/ eletroforese bidimensional, 02 Centr\u00edfugas refrigeradas (5804R e 5810R da Eppendorf), Leitora ELISA (Expert Plus da Asys), HPLC-PDA (Shimadzu), Freezer (-85\u00b0C) (CFC free da Sanyo), Estufa CO\u00b2 (3110 da Forma Scientific), Espectrofotr\u00f4metro de fluor\u00eanscencia (Cary Eclipse da VARIAN), Ultra sonicador (Ultracleaner 800 da UNIQUE), Microsc\u00f3pio Invertido Trinocular (Nikon), 02 Balan\u00e7as Anal\u00edticas (Mod.MS204S e Mod.XS205DU da Mettler Toledo), Leitora espectrofotom\u00e9trica (Zenyth 200 RT da Biochrom\/Anthos), entre outros. Fisicamente pr\u00f3ximo ao laborat\u00f3rio de saneamento, foi finalizada a constru\u00e7\u00e3o, em 2011, do Laborat\u00f3rio de Reciclagem de Res\u00edduos &#8211; RECICLA, com 200,00 m2 de \u00e1rea constru\u00edda. Este laborat\u00f3rio foi constru\u00eddo com recursos FINEP (Proinfra, MCT\/FINEP A\u00e7\u00e3o Transversal Proinfra 01\/2007) e tem como objetivo ser um laborat\u00f3rio multiusu\u00e1rio e abrigar pesquisas nas v\u00e1rias \u00e1reas do conhecimento voltadas para a reciclagem de res\u00edduos urbanos. Os res\u00edduos objeto desta pesquisa s\u00e3o as pilhas e baterias (Departamento de F\u00edsica), l\u00e2mpadas (Departamento de Qu\u00edmica) e lixiviados de aterros e res\u00edduos de constru\u00e7\u00e3o civil (Departamento de Constru\u00e7\u00e3o Civil). Com o apoio da Prefeitura do Campus, foi designado um grupo t\u00e9cnico para implantar um sistema de coleta de res\u00edduos de todos os laborat\u00f3rios da UEL. Esses res\u00edduos s\u00e3o separados, etiquetados e armazenados por grupos de classifica\u00e7\u00e3o. H\u00e1 ainda, outros laborat\u00f3rios usados para gradua\u00e7\u00e3o e com menos envolvimento nas atividades do curso, como o laborat\u00f3rio de Sistemas Hidr\u00e1ulicos Prediais, que ocupa uma \u00e1rea de 150 m2. Este laborat\u00f3rio tem infraestrutura de reservat\u00f3rios, bombas, bancadas e ferramentas de testes para equipamentos hidr\u00e1ulicos. No mesmo pr\u00e9dio funciona o laborat\u00f3rio de Hidr\u00e1ulica e Fen\u00f4menos de Transporte com equipamentos para medi\u00e7\u00e3o de viscosidade, perdas de carga, realiza\u00e7\u00e3o de experimentos com diferentes regimes de escoamento e um canal de 8,0 m de comprimento que permite a varia\u00e7\u00e3o da declividade para ensaios de escoamento em condutos livres, al\u00e9m de vertedores triangular e retangular de parede delgada e retangular de parede espessa. Estes equipamentos s\u00e3o usados no Curso de Gradua\u00e7\u00e3o em Engenharia Civil.<\/p>\n\n\n\n<hr class=\"wp-block-separator is-style-dots\" \/>\n\n\n\n<div class=\"wp-block-columns is-layout-flex wp-container-core-columns-is-layout-9d6595d7 wp-block-columns-is-layout-flex\">\n<div class=\"wp-block-column is-layout-flow wp-block-column-is-layout-flow\" style=\"flex-basis:33.33%\">\n<figure class=\"wp-block-image size-full is-resized\"><img loading=\"lazy\" decoding=\"async\" src=\"https:\/\/www.uel.br\/pos\/enges\/wp-content\/uploads\/2021\/01\/imagem_lab_saneamento_Deize.jpg\" alt=\"\" class=\"wp-image-212\" width=\"427\" height=\"320\" \/><\/figure>\n<\/div>\n\n\n\n<div class=\"wp-block-column is-layout-flow wp-block-column-is-layout-flow\" style=\"flex-basis:66.66%\">\n<div class=\"wp-block-image\"><figure class=\"aligncenter size-full is-resized\"><img loading=\"lazy\" decoding=\"async\" src=\"https:\/\/www.uel.br\/pos\/enges\/wp-content\/uploads\/2021\/01\/Lab_de_Saneamento_ensino_e_pesquisa.jpeg\" alt=\"\" class=\"wp-image-213\" width=\"570\" height=\"320\" \/><\/figure><\/div>\n<\/div>\n<\/div>\n","protected":false},"excerpt":{"rendered":"<p>O Laborat\u00f3rio de Saneamento ocupa uma \u00e1rea de 250 m\u00b2 com setores destinados \u00e0s an\u00e1lises f\u00edsica, qu\u00edmica e microbiol\u00f3gica de res\u00edduos s\u00f3lidos, \u00e1guas residu\u00e1rias, \u00e1guas para abastecimento. A unidade de tratamento de \u00e1guas e res\u00edduos \u2013 LabTAR agregou ao laborat\u00f3rio uma \u00e1rea de 122 m2. Tamb\u00e9m em \u00e1rea anexa, h\u00e1 um galp\u00e3o de 120,00 m2 [&hellip;]<\/p>\n","protected":false},"author":7,"featured_media":0,"parent":0,"menu_order":0,"comment_status":"closed","ping_status":"closed","template":"","meta":{"_acf_changed":false,"footnotes":""},"class_list":["post-211","page","type-page","status-publish","hentry"],"acf":[],"_links":{"self":[{"href":"https:\/\/pos.uel.br\/ppgeciv\/wp-json\/wp\/v2\/pages\/211","targetHints":{"allow":["GET"]}}],"collection":[{"href":"https:\/\/pos.uel.br\/ppgeciv\/wp-json\/wp\/v2\/pages"}],"about":[{"href":"https:\/\/pos.uel.br\/ppgeciv\/wp-json\/wp\/v2\/types\/page"}],"author":[{"embeddable":true,"href":"https:\/\/pos.uel.br\/ppgeciv\/wp-json\/wp\/v2\/users\/7"}],"replies":[{"embeddable":true,"href":"https:\/\/pos.uel.br\/ppgeciv\/wp-json\/wp\/v2\/comments?post=211"}],"version-history":[{"count":0,"href":"https:\/\/pos.uel.br\/ppgeciv\/wp-json\/wp\/v2\/pages\/211\/revisions"}],"wp:attachment":[{"href":"https:\/\/pos.uel.br\/ppgeciv\/wp-json\/wp\/v2\/media?parent=211"}],"curies":[{"name":"wp","href":"https:\/\/api.w.org\/{rel}","templated":true}]}}