{"id":200,"date":"2021-01-05T16:33:21","date_gmt":"2021-01-05T18:33:21","guid":{"rendered":"http:\/\/localhost\/posenges\/?page_id=200"},"modified":"2021-01-05T16:33:21","modified_gmt":"2021-01-05T18:33:21","slug":"laboratorio-de-materiais-de-construcao-civil-labmat","status":"publish","type":"page","link":"https:\/\/pos.uel.br\/ppgeciv\/laboratorio-de-materiais-de-construcao-civil-labmat\/","title":{"rendered":"Laborat\u00f3rio de Materiais de Constru\u00e7\u00e3o Civil (LabMat)"},"content":{"rendered":"\n<p><strong>Coordena\u00e7\u00e3o: Prof. Francisco Morato Leite<\/strong><\/p>\n\n\n\n<p><strong>Email: morato@uel<\/strong><\/p>\n\n\n\n<hr class=\"wp-block-separator is-style-wide\" \/>\n\n\n\n<p>O LabMat ocupa uma \u00e1rea 420 m\u00b2 e abrange o laborat\u00f3rio de aglomerantes e o N\u00facleo de Desempenho de Edifica\u00e7\u00f5es.<\/p>\n\n\n\n<p>O LabMat est\u00e1 equipado para o desenvolvimento de ensaios de caracteriza\u00e7\u00e3o geom\u00e9trica, f\u00edsica e mec\u00e2nica de materiais e componentes de constru\u00e7\u00e3o como: cer\u00e2micos, madeiras, rochas para revestimentos, metais, tintas, aglomerantes minerais e agregados, concretos e argamassas e materiais ciment\u00edcios avan\u00e7ados. Tamb\u00e9m este laborat\u00f3rio est\u00e1 apto para ensaios de avalia\u00e7\u00e3o de desempenho de elementos e sistemas construtivos, bem como para o desenvolvimento de novos materiais e de avalia\u00e7\u00e3o de materiais reciclados, dentre os quais os res\u00edduos de constru\u00e7\u00e3o civil (RCC).<\/p>\n\n\n\n<p>O laborat\u00f3rio de aglomerantes ocupa \u00e1rea de 100,00 m2, \u00e9 totalmente climatizado, permitindo a realiza\u00e7\u00e3o de ensaios com aglomerantes, avalia\u00e7\u00e3o de desempenho de adi\u00e7\u00f5es minerais reativas ao cimento, estudo da rea\u00e7\u00e3o \u00e1lcali-agregado, estudo do comportamento qu\u00edmico de novos materiais e desenvolvimento de matrizes ciment\u00edcias de alto desempenho.<\/p>\n\n\n\n<p>O N\u00facleo de Desempenho de Edifica\u00e7\u00f5es (NUDE): ocupa uma \u00e1rea de 100 m\u00b2 e destina-se \u00e0 avalia\u00e7\u00e3o de desempenho de materiais e componentes de constru\u00e7\u00e3o.<\/p>\n\n\n\n<hr class=\"wp-block-separator is-style-dots\" \/>\n\n\n\n<figure class=\"wp-block-image size-full\"><img decoding=\"async\" src=\"https:\/\/www.uel.br\/pos\/enges\/wp-content\/uploads\/2021\/01\/labmat4.jpg\" alt=\"\" class=\"wp-image-201\" \/><\/figure>\n\n\n\n<div class=\"wp-block-columns is-layout-flex wp-container-core-columns-is-layout-9d6595d7 wp-block-columns-is-layout-flex\">\n<div class=\"wp-block-column is-layout-flow wp-block-column-is-layout-flow\">\n<figure class=\"wp-block-image size-full is-resized\"><img loading=\"lazy\" decoding=\"async\" src=\"https:\/\/www.uel.br\/pos\/enges\/wp-content\/uploads\/2021\/01\/labmat2.jpg\" alt=\"\" class=\"wp-image-202\" width=\"525\" height=\"350\" \/><\/figure>\n<\/div>\n\n\n\n<div class=\"wp-block-column is-layout-flow wp-block-column-is-layout-flow\">\n<figure class=\"wp-block-image size-full is-resized\"><img loading=\"lazy\" decoding=\"async\" src=\"https:\/\/www.uel.br\/pos\/enges\/wp-content\/uploads\/2021\/01\/labmat1.jpg\" alt=\"\" class=\"wp-image-203\" width=\"525\" height=\"350\" \/><\/figure>\n<\/div>\n<\/div>\n","protected":false},"excerpt":{"rendered":"<p>Coordena\u00e7\u00e3o: Prof. Francisco Morato Leite Email: morato@uel O LabMat ocupa uma \u00e1rea 420 m\u00b2 e abrange o laborat\u00f3rio de aglomerantes e o N\u00facleo de Desempenho de Edifica\u00e7\u00f5es. O LabMat est\u00e1 equipado para o desenvolvimento de ensaios de caracteriza\u00e7\u00e3o geom\u00e9trica, f\u00edsica e mec\u00e2nica de materiais e componentes de constru\u00e7\u00e3o como: cer\u00e2micos, madeiras, rochas para revestimentos, metais, [&hellip;]<\/p>\n","protected":false},"author":7,"featured_media":0,"parent":0,"menu_order":0,"comment_status":"closed","ping_status":"closed","template":"","meta":{"_acf_changed":false,"footnotes":""},"class_list":["post-200","page","type-page","status-publish","hentry"],"acf":[],"_links":{"self":[{"href":"https:\/\/pos.uel.br\/ppgeciv\/wp-json\/wp\/v2\/pages\/200","targetHints":{"allow":["GET"]}}],"collection":[{"href":"https:\/\/pos.uel.br\/ppgeciv\/wp-json\/wp\/v2\/pages"}],"about":[{"href":"https:\/\/pos.uel.br\/ppgeciv\/wp-json\/wp\/v2\/types\/page"}],"author":[{"embeddable":true,"href":"https:\/\/pos.uel.br\/ppgeciv\/wp-json\/wp\/v2\/users\/7"}],"replies":[{"embeddable":true,"href":"https:\/\/pos.uel.br\/ppgeciv\/wp-json\/wp\/v2\/comments?post=200"}],"version-history":[{"count":0,"href":"https:\/\/pos.uel.br\/ppgeciv\/wp-json\/wp\/v2\/pages\/200\/revisions"}],"wp:attachment":[{"href":"https:\/\/pos.uel.br\/ppgeciv\/wp-json\/wp\/v2\/media?parent=200"}],"curies":[{"name":"wp","href":"https:\/\/api.w.org\/{rel}","templated":true}]}}