{"id":192,"date":"2021-01-05T16:31:12","date_gmt":"2021-01-05T18:31:12","guid":{"rendered":"http:\/\/localhost\/posenges\/?page_id=192"},"modified":"2021-01-05T16:31:12","modified_gmt":"2021-01-05T18:31:12","slug":"laboratorio-de-eficiencia-energetica-e-sustentabilidade-nas-edificacoes-e3slab","status":"publish","type":"page","link":"https:\/\/pos.uel.br\/ppgeciv\/laboratorio-de-eficiencia-energetica-e-sustentabilidade-nas-edificacoes-e3slab\/","title":{"rendered":"Laborat\u00f3rio de Efici\u00eancia Energ\u00e9tica e Sustentabilidade nas Edifica\u00e7\u00f5es (E3sLab)"},"content":{"rendered":"\n<p><strong>Coordena\u00e7\u00e3o: Prof\u00aa Thalita Giglio<\/strong><\/p>\n\n\n\n<p><strong>Email: thalita@uel.br<\/strong><\/p>\n\n\n\n<hr class=\"wp-block-separator is-style-wide\" \/>\n\n\n\n<p>O Laborat\u00f3rio de Efici\u00eancia Energ\u00e9tica e Sustentabilidade em Edifica\u00e7\u00f5es est\u00e1 instalado em um prot\u00f3tipo habitacional constru\u00eddo com a tecnologia em&nbsp;<em>wood frame<\/em>. O prot\u00f3tipo foi executado e doado pela empresa TecVerde para o estudo, dentre outros, do desempenho termoenerg\u00e9tico de sistemas construtivos em wood frame. O laborat\u00f3rio de efici\u00eancia energ\u00e9tica compreende estudos de consumo energ\u00e9tico de edifica\u00e7\u00f5es e de medidas para obten\u00e7\u00e3o de maiores n\u00edveis de efici\u00eancia e economia de energia, dentro do escopo do Programa Brasileiro de Etiquetagem (PBE Edifica). A linha d\u00e1 continuidade aos estudos de desempenho t\u00e9rmico existentes desde 1980 no departamento de Constru\u00e7\u00e3o Civil. Envolve tamb\u00e9m estudos dirigidos \u00e0s simula\u00e7\u00f5es termoenerg\u00e9ticas. Outros projetos importantes foram desenvolvidos na UEL na linha de desempenho t\u00e9rmico de edifica\u00e7\u00f5es. Dentre eles o projeto com fomento Finep o qual resultou na constru\u00e7\u00e3o de prot\u00f3tipos habitacionais no Campus com foco na formula\u00e7\u00e3o da primeira norma de desempenho t\u00e9rmico no Brasil. Assim, al\u00e9m do prot\u00f3tipo em wood frame, sede do Laborat\u00f3rio de Efici\u00eancia Energ\u00e9tica, no entorno do CTU, est\u00e3o constru\u00eddos tr\u00eas outros prot\u00f3tipos de habita\u00e7\u00e3o de interesse social. Os prot\u00f3tipos s\u00e3o monitorados em base de dados hor\u00e1rios de temperatura e umidade e apresentam varia\u00e7\u00f5es de materiais e aberturas e permitem o contato direto dos alunos no monitoramento e an\u00e1lises do desempenho termoenerg\u00e9tico. As medi\u00e7\u00f5es no interior e exterior dos prot\u00f3tipos j\u00e1 foram utilizadas em disserta\u00e7\u00f5es do programa.<\/p>\n\n\n\n<hr class=\"wp-block-separator is-style-dots\" \/>\n\n\n\n<div class=\"wp-block-columns is-layout-flex wp-container-core-columns-is-layout-9d6595d7 wp-block-columns-is-layout-flex\">\n<div class=\"wp-block-column is-layout-flow wp-block-column-is-layout-flow\">\n<figure class=\"wp-block-image size-full is-resized\"><img loading=\"lazy\" decoding=\"async\" src=\"https:\/\/www.uel.br\/pos\/enges\/wp-content\/uploads\/2021\/01\/PHOTO-2020-05-13-13-52-28.jpg\" alt=\"\" class=\"wp-image-193\" width=\"525\" height=\"390\" \/><\/figure>\n<\/div>\n\n\n\n<div class=\"wp-block-column is-layout-flow wp-block-column-is-layout-flow\">\n<figure class=\"wp-block-image size-large is-resized\"><img loading=\"lazy\" decoding=\"async\" src=\"https:\/\/www.uel.br\/pos\/enges\/wp-content\/uploads\/2021\/01\/FLIR0241-640x350.jpg\" alt=\"\" class=\"wp-image-194\" width=\"525\" height=\"390\" \/><\/figure>\n\n\n\n<p><\/p>\n<\/div>\n<\/div>\n\n\n\n<div class=\"wp-block-columns is-layout-flex wp-container-core-columns-is-layout-9d6595d7 wp-block-columns-is-layout-flex\">\n<div class=\"wp-block-column is-layout-flow wp-block-column-is-layout-flow\">\n<figure class=\"wp-block-image size-large\"><img decoding=\"async\" src=\"https:\/\/www.uel.br\/pos\/enges\/wp-content\/uploads\/2021\/01\/prototipos.png\" alt=\"\" class=\"wp-image-195\" \/><\/figure>\n<\/div>\n\n\n\n<div class=\"wp-block-column is-layout-flow wp-block-column-is-layout-flow\">\n<figure class=\"wp-block-image size-large is-resized\"><img loading=\"lazy\" decoding=\"async\" src=\"https:\/\/www.uel.br\/pos\/enges\/wp-content\/uploads\/2021\/01\/PHOTO-2020-05-13-08-23-30-1110x350.jpg\" alt=\"\" class=\"wp-image-196\" width=\"525\" height=\"295\" \/><\/figure>\n\n\n\n<p><\/p>\n<\/div>\n<\/div>\n","protected":false},"excerpt":{"rendered":"<p>Coordena\u00e7\u00e3o: Prof\u00aa Thalita Giglio Email: thalita@uel.br O Laborat\u00f3rio de Efici\u00eancia Energ\u00e9tica e Sustentabilidade em Edifica\u00e7\u00f5es est\u00e1 instalado em um prot\u00f3tipo habitacional constru\u00eddo com a tecnologia em&nbsp;wood frame. O prot\u00f3tipo foi executado e doado pela empresa TecVerde para o estudo, dentre outros, do desempenho termoenerg\u00e9tico de sistemas construtivos em wood frame. O laborat\u00f3rio de efici\u00eancia energ\u00e9tica [&hellip;]<\/p>\n","protected":false},"author":7,"featured_media":0,"parent":0,"menu_order":0,"comment_status":"closed","ping_status":"closed","template":"","meta":{"_acf_changed":false,"footnotes":""},"class_list":["post-192","page","type-page","status-publish","hentry"],"acf":[],"_links":{"self":[{"href":"https:\/\/pos.uel.br\/ppgeciv\/wp-json\/wp\/v2\/pages\/192","targetHints":{"allow":["GET"]}}],"collection":[{"href":"https:\/\/pos.uel.br\/ppgeciv\/wp-json\/wp\/v2\/pages"}],"about":[{"href":"https:\/\/pos.uel.br\/ppgeciv\/wp-json\/wp\/v2\/types\/page"}],"author":[{"embeddable":true,"href":"https:\/\/pos.uel.br\/ppgeciv\/wp-json\/wp\/v2\/users\/7"}],"replies":[{"embeddable":true,"href":"https:\/\/pos.uel.br\/ppgeciv\/wp-json\/wp\/v2\/comments?post=192"}],"version-history":[{"count":0,"href":"https:\/\/pos.uel.br\/ppgeciv\/wp-json\/wp\/v2\/pages\/192\/revisions"}],"wp:attachment":[{"href":"https:\/\/pos.uel.br\/ppgeciv\/wp-json\/wp\/v2\/media?parent=192"}],"curies":[{"name":"wp","href":"https:\/\/api.w.org\/{rel}","templated":true}]}}