{"id":1805,"date":"2025-03-07T23:43:34","date_gmt":"2025-03-08T02:43:34","guid":{"rendered":"https:\/\/pos.uel.br\/ppgeciv\/?page_id=1805"},"modified":"2025-03-07T23:52:53","modified_gmt":"2025-03-08T02:52:53","slug":"001-2","status":"publish","type":"page","link":"https:\/\/pos.uel.br\/ppgeciv\/001-2\/","title":{"rendered":"Disciplinas"},"content":{"rendered":"<style>\n        .disciplinas-container {\n            display: flex;\n            max-width: 1000px;\n            margin: 0 auto;\n            padding: 20px;\n        }\n        .filtro-coluna {\n            width: 25%;\n            padding: 20px;\n            text-align: left;\n            border-right: 2px solid #ddd;\n            position: sticky;\n            top: 20px;\n            height: 100vh;\n            background: white;\n        }\n        .conteudo-coluna {\n            width: 75%;\n            padding: 20px;\n        }\n        .disciplina-botoes {\n            display: flex;\n            flex-direction: column;\n            gap: 10px;\n        }\n        .disciplina-botoes button {\n            width: 100%;\n            padding: 10px;\n            font-size: 16px;\n            cursor: pointer;\n        }\n        .disciplinas-lista {\n            list-style: none;\n            padding: 0;\n            margin: 20px 0;\n            text-align: left;\n        }\n    <\/style><div class=\"disciplinas-container\">\n            <div class=\"filtro-coluna\">\n                <div class=\"disciplina-botoes\">\n                    <button onclick=\"filtrarDisciplinas('todas')\">Todas<\/button>\n                    <button onclick=\"filtrarDisciplinas('obrigatorias')\">Obrigat\u00f3rias<\/button>\n                    <button onclick=\"filtrarDisciplinas('optativas')\">Optativas<\/button>\n                <\/div>\n            <\/div>\n            <div class=\"conteudo-coluna\">\n                <div id=\"disciplinas-lista-container\"><div id=\"lista-todas\"><h2>Todas as Disciplinas<\/h2><ul class=\"disciplinas-lista\"><li class='disciplina-item'><a href='https:\/\/pos.uel.br\/ppgeciv\/detalhes-disciplina\/?disciplina_id=1622'>[2CIV-385] An\u00e1lise de Sistemas de Transporte<\/a><\/li><li class='disciplina-item'><a href='https:\/\/pos.uel.br\/ppgeciv\/detalhes-disciplina\/?disciplina_id=1637'>[2CIV-274] Concreto e Argamassas Produzidos com Res\u00edduos<\/a><\/li><li class='disciplina-item'><a href='https:\/\/pos.uel.br\/ppgeciv\/detalhes-disciplina\/?disciplina_id=1640'>[2CIV-375] Desempenho T\u00e9rmico de Edifica\u00e7\u00f5es<\/a><\/li><li class='disciplina-item'><a href='https:\/\/pos.uel.br\/ppgeciv\/detalhes-disciplina\/?disciplina_id=1641'>[2CIV-070] Disserta\u00e7\u00e3o I<\/a><\/li><li class='disciplina-item'><a href='https:\/\/pos.uel.br\/ppgeciv\/detalhes-disciplina\/?disciplina_id=1642'>[2CIV-071] Disserta\u00e7\u00e3o II<\/a><\/li><li class='disciplina-item'><a href='https:\/\/pos.uel.br\/ppgeciv\/detalhes-disciplina\/?disciplina_id=1643'>[2CIV-072] Disserta\u00e7\u00e3o III<\/a><\/li><li class='disciplina-item'><a href='https:\/\/pos.uel.br\/ppgeciv\/detalhes-disciplina\/?disciplina_id=1644'>[2CIV-073] Disserta\u00e7\u00e3o IV<\/a><\/li><li class='disciplina-item'><a href='https:\/\/pos.uel.br\/ppgeciv\/detalhes-disciplina\/?disciplina_id=1645'>[2CIV-378] Efici\u00eancia Energ\u00e9tica em Edifica\u00e7\u00f5es<\/a><\/li><li class='disciplina-item'><a href='https:\/\/pos.uel.br\/ppgeciv\/detalhes-disciplina\/?disciplina_id=2271'>[2CIV-299] Escrita Acad\u00eamica em L\u00edngua Inglesa I<\/a><\/li><li class='disciplina-item'><a href='https:\/\/pos.uel.br\/ppgeciv\/detalhes-disciplina\/?disciplina_id=1646'>[2CIV-069] Est\u00e1gio Doc\u00eancia na Gradua\u00e7\u00e3o I<\/a><\/li><li class='disciplina-item'><a href='https:\/\/pos.uel.br\/ppgeciv\/detalhes-disciplina\/?disciplina_id=1648'>[2CIV-358] Est\u00e1gio em Doc\u00eancia na Gradua\u00e7\u00e3o II<\/a><\/li><li class='disciplina-item'><a href='https:\/\/pos.uel.br\/ppgeciv\/detalhes-disciplina\/?disciplina_id=1706'>[2CIV-359] Est\u00e1gio em Doc\u00eancia na Gradua\u00e7\u00e3o III<\/a><\/li><li class='disciplina-item'><a href='https:\/\/pos.uel.br\/ppgeciv\/detalhes-disciplina\/?disciplina_id=1650'>[2CIV-271] Gerenciamento e Reciclagem de Res\u00edduos S\u00f3lidos Urbanos<\/a><\/li><li class='disciplina-item'><a href='https:\/\/pos.uel.br\/ppgeciv\/detalhes-disciplina\/?disciplina_id=1651'>[2CIV-283] Gerenciamento na Constru\u00e7\u00e3o Civil<\/a><\/li><li class='disciplina-item'><a href='https:\/\/pos.uel.br\/ppgeciv\/detalhes-disciplina\/?disciplina_id=1652'>[2CIV-286] Hidrologia<\/a><\/li><li class='disciplina-item'><a href='https:\/\/pos.uel.br\/ppgeciv\/detalhes-disciplina\/?disciplina_id=1653'>[2CIV-276] Manifesta\u00e7\u00f5es Patol\u00f3gicas em Edifica\u00e7\u00f5es<\/a><\/li><li class='disciplina-item'><a href='https:\/\/pos.uel.br\/ppgeciv\/detalhes-disciplina\/?disciplina_id=1654'>[2CIV-388] Mec\u00e2nica dos Solos Experimental<\/a><\/li><li class='disciplina-item'><a href='https:\/\/pos.uel.br\/ppgeciv\/detalhes-disciplina\/?disciplina_id=1655'>[2CIV-267] Metodologia de Pesquisa em Engenharia<\/a><\/li><li class='disciplina-item'><a href='https:\/\/pos.uel.br\/ppgeciv\/detalhes-disciplina\/?disciplina_id=1656'>[2CIV-280] M\u00e9todos Anal\u00edticos Aplicados a Engenharia Sanit\u00e1ria<\/a><\/li><li class='disciplina-item'><a href='https:\/\/pos.uel.br\/ppgeciv\/detalhes-disciplina\/?disciplina_id=1657'>[2CIV-083] Planejamento de Experimentos em Engenharia<\/a><\/li><li class='disciplina-item'><a href='https:\/\/pos.uel.br\/ppgeciv\/detalhes-disciplina\/?disciplina_id=1658'>[2CIV-384] Planejamento Urbano, Transportes e Mobilidade<\/a><\/li><li class='disciplina-item'><a href='https:\/\/pos.uel.br\/ppgeciv\/detalhes-disciplina\/?disciplina_id=1659'>[2CIV-386] Projeto de Pavimento Flex\u00edveis<\/a><\/li><li class='disciplina-item'><a href='https:\/\/pos.uel.br\/ppgeciv\/detalhes-disciplina\/?disciplina_id=1660'>[2CIV-282] Prototipagem do Processo de Produ\u00e7\u00e3o na Constru\u00e7\u00e3o Civil<\/a><\/li><li class='disciplina-item'><a href='https:\/\/pos.uel.br\/ppgeciv\/detalhes-disciplina\/?disciplina_id=1661'>[2CIV-278] Qualidade de \u00c1guas<\/a><\/li><li class='disciplina-item'><a href='https:\/\/pos.uel.br\/ppgeciv\/detalhes-disciplina\/?disciplina_id=1662'>[2CIV-281] Res\u00edduos Gerados nos Processos de Tratamento de \u00c1guas e Esgoto Sanit\u00e1rio<\/a><\/li><li class='disciplina-item'><a href='https:\/\/pos.uel.br\/ppgeciv\/detalhes-disciplina\/?disciplina_id=1663'>[2CIV-368] Semin\u00e1rios I<\/a><\/li><li class='disciplina-item'><a href='https:\/\/pos.uel.br\/ppgeciv\/detalhes-disciplina\/?disciplina_id=1664'>[2CIV-140] Semin\u00e1rios II<\/a><\/li><li class='disciplina-item'><a href='https:\/\/pos.uel.br\/ppgeciv\/detalhes-disciplina\/?disciplina_id=1665'>[2CIV-268] Semin\u00e1rios III<\/a><\/li><li class='disciplina-item'><a href='https:\/\/pos.uel.br\/ppgeciv\/detalhes-disciplina\/?disciplina_id=1666'>[2CIV-269] Semin\u00e1rios IV<\/a><\/li><li class='disciplina-item'><a href='https:\/\/pos.uel.br\/ppgeciv\/detalhes-disciplina\/?disciplina_id=1667'>[2CIV-284] Sistema de Ger\u00eancia de Pavimentos<\/a><\/li><li class='disciplina-item'><a href='https:\/\/pos.uel.br\/ppgeciv\/detalhes-disciplina\/?disciplina_id=1668'>[2CIV-270] Sustentabilidade Ambiental Urbana<\/a><\/li><li class='disciplina-item'><a href='https:\/\/pos.uel.br\/ppgeciv\/detalhes-disciplina\/?disciplina_id=2266'>[2CIV-395] T. E. C. C. \u2013 Projeto Geom\u00e9trico de Vias<\/a><\/li><li class='disciplina-item'><a href='https:\/\/pos.uel.br\/ppgeciv\/detalhes-disciplina\/?disciplina_id=1669'>[2CIV-292] T.E.C.C.: An\u00e1lise Computacional por Elementos Finitos<\/a><\/li><li class='disciplina-item'><a href='https:\/\/pos.uel.br\/ppgeciv\/detalhes-disciplina\/?disciplina_id=1672'>[2CIV-293] T.E.C.C.: Conceitos e Aplica\u00e7\u00f5es de Mec\u00e2nica dos Solos em Obras Geot\u00e9cnicas<\/a><\/li><li class='disciplina-item'><a href='https:\/\/pos.uel.br\/ppgeciv\/detalhes-disciplina\/?disciplina_id=1673'>[2CIV-290] T.E.C.C.: Desenvolvimento Integrado de Produto I<\/a><\/li><li class='disciplina-item'><a href='https:\/\/pos.uel.br\/ppgeciv\/detalhes-disciplina\/?disciplina_id=1674'>[2CIV-291] T.E.C.C.: Desenvolvimento Integrado do Produto II<\/a><\/li><li class='disciplina-item'><a href='https:\/\/pos.uel.br\/ppgeciv\/detalhes-disciplina\/?disciplina_id=1675'>[2CIV-300] T.E.C.C.: Estudo Orientado em Geotecnia<\/a><\/li><li class='disciplina-item'><a href='https:\/\/pos.uel.br\/ppgeciv\/detalhes-disciplina\/?disciplina_id=1676'>[2CIV-392] T.E.C.C.: Gest\u00e3o na Constru\u00e7\u00e3o de Edifica\u00e7\u00f5es<\/a><\/li><li class='disciplina-item'><a href='https:\/\/pos.uel.br\/ppgeciv\/detalhes-disciplina\/?disciplina_id=1678'>[2CIV-298] T.E.C.C.: Inova\u00e7\u00e3o em Materiais Ciment\u00edcios<\/a><\/li><li class='disciplina-item'><a href='https:\/\/pos.uel.br\/ppgeciv\/detalhes-disciplina\/?disciplina_id=1679'>[2CIV-394] T.E.C.C.: Inova\u00e7\u00e3o em Pesquisa e sua Rela\u00e7\u00e3o com a Sociedade<\/a><\/li><li class='disciplina-item'><a href='https:\/\/pos.uel.br\/ppgeciv\/detalhes-disciplina\/?disciplina_id=1680'>[2CIV-294] T.E.C.C.: Introdu\u00e7\u00e3o aos Materiais Comp\u00f3sitos<\/a><\/li><li class='disciplina-item'><a href='https:\/\/pos.uel.br\/ppgeciv\/detalhes-disciplina\/?disciplina_id=1681'>[2CIV-297] T.E.C.C.: Leitura Instrumental em L\u00edngua Inglesa<\/a><\/li><li class='disciplina-item'><a href='https:\/\/pos.uel.br\/ppgeciv\/detalhes-disciplina\/?disciplina_id=1682'>[2CIV-289] T.E.C.C.: Solos n\u00e3o Saturados<\/a><\/li><li class='disciplina-item'><a href='https:\/\/pos.uel.br\/ppgeciv\/detalhes-disciplina\/?disciplina_id=1683'>[2CIV-296] T.E.C.C.: Sustentabilidade na Constru\u00e7\u00e3o Civil<\/a><\/li><li class='disciplina-item'><a href='https:\/\/pos.uel.br\/ppgeciv\/detalhes-disciplina\/?disciplina_id=1684'>[2CIV-323] T.E.S.R.H.: Din\u00e2mica dos Fluidos Computacional (CFD) com ANSYS<\/a><\/li><li class='disciplina-item'><a href='https:\/\/pos.uel.br\/ppgeciv\/detalhes-disciplina\/?disciplina_id=1685'>[2CIV-322] T.E.S.R.H.: Processos de Tratamento de Lixiviados de Aterro Sanit\u00e1rio<\/a><\/li><li class='disciplina-item'><a href='https:\/\/pos.uel.br\/ppgeciv\/detalhes-disciplina\/?disciplina_id=1686'>[2CIV-321] T.E.S.R.H.: Valoriza\u00e7\u00e3o de Res\u00edduos Agroindustriais com \u00canfase na Produ\u00e7\u00e3o de Bioenergia<\/a><\/li><li class='disciplina-item'><a href='https:\/\/pos.uel.br\/ppgeciv\/detalhes-disciplina\/?disciplina_id=1687'>[2CIV-275] Tecnologia das Argamassas<\/a><\/li><li class='disciplina-item'><a href='https:\/\/pos.uel.br\/ppgeciv\/detalhes-disciplina\/?disciplina_id=1688'>[2CIV-273] Tecnologia e Dosagem dos Concretos Convencionais e Especiais<\/a><\/li><li class='disciplina-item'><a href='https:\/\/pos.uel.br\/ppgeciv\/detalhes-disciplina\/?disciplina_id=1689'>[2CIV-360] Tese I<\/a><\/li><li class='disciplina-item'><a href='https:\/\/pos.uel.br\/ppgeciv\/detalhes-disciplina\/?disciplina_id=1690'>[2CIV-361] Tese II<\/a><\/li><li class='disciplina-item'><a href='https:\/\/pos.uel.br\/ppgeciv\/detalhes-disciplina\/?disciplina_id=1691'>[2CIV-362] Tese III<\/a><\/li><li class='disciplina-item'><a href='https:\/\/pos.uel.br\/ppgeciv\/detalhes-disciplina\/?disciplina_id=1692'>[2CIV-363] Tese IV<\/a><\/li><li class='disciplina-item'><a href='https:\/\/pos.uel.br\/ppgeciv\/detalhes-disciplina\/?disciplina_id=1693'>[2CIV-364] Tese V<\/a><\/li><li class='disciplina-item'><a href='https:\/\/pos.uel.br\/ppgeciv\/detalhes-disciplina\/?disciplina_id=1694'>[2CIV-365] Tese VI<\/a><\/li><li class='disciplina-item'><a href='https:\/\/pos.uel.br\/ppgeciv\/detalhes-disciplina\/?disciplina_id=1695'>[2CIV-366] Tese VII<\/a><\/li><li class='disciplina-item'><a href='https:\/\/pos.uel.br\/ppgeciv\/detalhes-disciplina\/?disciplina_id=1696'>[2CIV-367] Tese VIII<\/a><\/li><li class='disciplina-item'><a href='https:\/\/pos.uel.br\/ppgeciv\/detalhes-disciplina\/?disciplina_id=1697'>[2CIV-277] Tratamento Avan\u00e7ado de \u00c1guas Residu\u00e1rias<\/a><\/li><li class='disciplina-item'><a href='https:\/\/pos.uel.br\/ppgeciv\/detalhes-disciplina\/?disciplina_id=1698'>[2CIV-279] Tratamento de \u00c1gua para Consumo Humano<\/a><\/li><li class='disciplina-item'><a href='https:\/\/pos.uel.br\/ppgeciv\/detalhes-disciplina\/?disciplina_id=1699'>[2CIV-272] Tratameto de \u00c1guas Residu\u00e1rias<\/a><\/li><\/ul><\/div><div id=\"lista-obrigatorias\" style=\"display:none;\"><h2>Obrigat\u00f3rias ao Mestrado e Doutorado<\/h2><ul class=\"disciplinas-lista\"><li class='disciplina-item'><a href='https:\/\/pos.uel.br\/ppgeciv\/detalhes-disciplina\/?disciplina_id=1657'>[2CIV-083] Planejamento de Experimentos em Engenharia<\/a><\/li><li class='disciplina-item'><a href='https:\/\/pos.uel.br\/ppgeciv\/detalhes-disciplina\/?disciplina_id=1668'>[2CIV-270] Sustentabilidade Ambiental Urbana<\/a><\/li><\/ul><h2>Obrigat\u00f3rias ao Mestrado<\/h2><ul class=\"disciplinas-lista\"><li class='disciplina-item'><a href='https:\/\/pos.uel.br\/ppgeciv\/detalhes-disciplina\/?disciplina_id=1641'>[2CIV-070] Disserta\u00e7\u00e3o I<\/a><\/li><li class='disciplina-item'><a href='https:\/\/pos.uel.br\/ppgeciv\/detalhes-disciplina\/?disciplina_id=1642'>[2CIV-071] Disserta\u00e7\u00e3o II<\/a><\/li><li class='disciplina-item'><a href='https:\/\/pos.uel.br\/ppgeciv\/detalhes-disciplina\/?disciplina_id=1643'>[2CIV-072] Disserta\u00e7\u00e3o III<\/a><\/li><li class='disciplina-item'><a href='https:\/\/pos.uel.br\/ppgeciv\/detalhes-disciplina\/?disciplina_id=1644'>[2CIV-073] Disserta\u00e7\u00e3o IV<\/a><\/li><li class='disciplina-item'><a href='https:\/\/pos.uel.br\/ppgeciv\/detalhes-disciplina\/?disciplina_id=1646'>[2CIV-069] Est\u00e1gio Doc\u00eancia na Gradua\u00e7\u00e3o I<\/a><\/li><li class='disciplina-item'><a href='https:\/\/pos.uel.br\/ppgeciv\/detalhes-disciplina\/?disciplina_id=1655'>[2CIV-267] Metodologia de Pesquisa em Engenharia<\/a><\/li><li class='disciplina-item'><a href='https:\/\/pos.uel.br\/ppgeciv\/detalhes-disciplina\/?disciplina_id=1663'>[2CIV-368] Semin\u00e1rios I<\/a><\/li><li class='disciplina-item'><a href='https:\/\/pos.uel.br\/ppgeciv\/detalhes-disciplina\/?disciplina_id=1664'>[2CIV-140] Semin\u00e1rios II<\/a><\/li><\/ul><h2>Obrigat\u00f3rias ao Doutorado<\/h2><ul class=\"disciplinas-lista\"><li class='disciplina-item'><a href='https:\/\/pos.uel.br\/ppgeciv\/detalhes-disciplina\/?disciplina_id=1648'>[2CIV-358] Est\u00e1gio em Doc\u00eancia na Gradua\u00e7\u00e3o II<\/a><\/li><li class='disciplina-item'><a href='https:\/\/pos.uel.br\/ppgeciv\/detalhes-disciplina\/?disciplina_id=1706'>[2CIV-359] Est\u00e1gio em Doc\u00eancia na Gradua\u00e7\u00e3o III<\/a><\/li><li class='disciplina-item'><a href='https:\/\/pos.uel.br\/ppgeciv\/detalhes-disciplina\/?disciplina_id=1665'>[2CIV-268] Semin\u00e1rios III<\/a><\/li><li class='disciplina-item'><a href='https:\/\/pos.uel.br\/ppgeciv\/detalhes-disciplina\/?disciplina_id=1666'>[2CIV-269] Semin\u00e1rios IV<\/a><\/li><li class='disciplina-item'><a href='https:\/\/pos.uel.br\/ppgeciv\/detalhes-disciplina\/?disciplina_id=1689'>[2CIV-360] Tese I<\/a><\/li><li class='disciplina-item'><a href='https:\/\/pos.uel.br\/ppgeciv\/detalhes-disciplina\/?disciplina_id=1690'>[2CIV-361] Tese II<\/a><\/li><li class='disciplina-item'><a href='https:\/\/pos.uel.br\/ppgeciv\/detalhes-disciplina\/?disciplina_id=1691'>[2CIV-362] Tese III<\/a><\/li><li class='disciplina-item'><a href='https:\/\/pos.uel.br\/ppgeciv\/detalhes-disciplina\/?disciplina_id=1692'>[2CIV-363] Tese IV<\/a><\/li><li class='disciplina-item'><a href='https:\/\/pos.uel.br\/ppgeciv\/detalhes-disciplina\/?disciplina_id=1693'>[2CIV-364] Tese V<\/a><\/li><li class='disciplina-item'><a href='https:\/\/pos.uel.br\/ppgeciv\/detalhes-disciplina\/?disciplina_id=1694'>[2CIV-365] Tese VI<\/a><\/li><li class='disciplina-item'><a href='https:\/\/pos.uel.br\/ppgeciv\/detalhes-disciplina\/?disciplina_id=1695'>[2CIV-366] Tese VII<\/a><\/li><li class='disciplina-item'><a href='https:\/\/pos.uel.br\/ppgeciv\/detalhes-disciplina\/?disciplina_id=1696'>[2CIV-367] Tese VIII<\/a><\/li><\/ul><\/div><div id=\"lista-optativas\" style=\"display:none;\"><h2>\u00c1rea de Concentra\u00e7\u00e3o: <strong>Constru\u00e7\u00e3o Civil<\/strong><\/h2><ul class=\"disciplinas-lista\"><li class='disciplina-item'><a href='https:\/\/pos.uel.br\/ppgeciv\/detalhes-disciplina\/?disciplina_id=1622'>[2CIV-385] An\u00e1lise de Sistemas de Transporte<\/a><\/li><li class='disciplina-item'><a href='https:\/\/pos.uel.br\/ppgeciv\/detalhes-disciplina\/?disciplina_id=1637'>[2CIV-274] Concreto e Argamassas Produzidos com Res\u00edduos<\/a><\/li><li class='disciplina-item'><a href='https:\/\/pos.uel.br\/ppgeciv\/detalhes-disciplina\/?disciplina_id=1640'>[2CIV-375] Desempenho T\u00e9rmico de Edifica\u00e7\u00f5es<\/a><\/li><li class='disciplina-item'><a href='https:\/\/pos.uel.br\/ppgeciv\/detalhes-disciplina\/?disciplina_id=1645'>[2CIV-378] Efici\u00eancia Energ\u00e9tica em Edifica\u00e7\u00f5es<\/a><\/li><li class='disciplina-item'><a href='https:\/\/pos.uel.br\/ppgeciv\/detalhes-disciplina\/?disciplina_id=1646'>[2CIV-069] Est\u00e1gio Doc\u00eancia na Gradua\u00e7\u00e3o I<\/a><\/li><li class='disciplina-item'><a href='https:\/\/pos.uel.br\/ppgeciv\/detalhes-disciplina\/?disciplina_id=1650'>[2CIV-271] Gerenciamento e Reciclagem de Res\u00edduos S\u00f3lidos Urbanos<\/a><\/li><li class='disciplina-item'><a href='https:\/\/pos.uel.br\/ppgeciv\/detalhes-disciplina\/?disciplina_id=1651'>[2CIV-283] Gerenciamento na Constru\u00e7\u00e3o Civil<\/a><\/li><li class='disciplina-item'><a href='https:\/\/pos.uel.br\/ppgeciv\/detalhes-disciplina\/?disciplina_id=1653'>[2CIV-276] Manifesta\u00e7\u00f5es Patol\u00f3gicas em Edifica\u00e7\u00f5es<\/a><\/li><li class='disciplina-item'><a href='https:\/\/pos.uel.br\/ppgeciv\/detalhes-disciplina\/?disciplina_id=1654'>[2CIV-388] Mec\u00e2nica dos Solos Experimental<\/a><\/li><li class='disciplina-item'><a href='https:\/\/pos.uel.br\/ppgeciv\/detalhes-disciplina\/?disciplina_id=1658'>[2CIV-384] Planejamento Urbano, Transportes e Mobilidade<\/a><\/li><li class='disciplina-item'><a href='https:\/\/pos.uel.br\/ppgeciv\/detalhes-disciplina\/?disciplina_id=1659'>[2CIV-386] Projeto de Pavimento Flex\u00edveis<\/a><\/li><li class='disciplina-item'><a href='https:\/\/pos.uel.br\/ppgeciv\/detalhes-disciplina\/?disciplina_id=1660'>[2CIV-282] Prototipagem do Processo de Produ\u00e7\u00e3o na Constru\u00e7\u00e3o Civil<\/a><\/li><li class='disciplina-item'><a href='https:\/\/pos.uel.br\/ppgeciv\/detalhes-disciplina\/?disciplina_id=1667'>[2CIV-284] Sistema de Ger\u00eancia de Pavimentos<\/a><\/li><li class='disciplina-item'><a href='https:\/\/pos.uel.br\/ppgeciv\/detalhes-disciplina\/?disciplina_id=2266'>[2CIV-395] T. E. C. C. \u2013 Projeto Geom\u00e9trico de Vias<\/a><\/li><li class='disciplina-item'><a href='https:\/\/pos.uel.br\/ppgeciv\/detalhes-disciplina\/?disciplina_id=1669'>[2CIV-292] T.E.C.C.: An\u00e1lise Computacional por Elementos Finitos<\/a><\/li><li class='disciplina-item'><a href='https:\/\/pos.uel.br\/ppgeciv\/detalhes-disciplina\/?disciplina_id=1672'>[2CIV-293] T.E.C.C.: Conceitos e Aplica\u00e7\u00f5es de Mec\u00e2nica dos Solos em Obras Geot\u00e9cnicas<\/a><\/li><li class='disciplina-item'><a href='https:\/\/pos.uel.br\/ppgeciv\/detalhes-disciplina\/?disciplina_id=1673'>[2CIV-290] T.E.C.C.: Desenvolvimento Integrado de Produto I<\/a><\/li><li class='disciplina-item'><a href='https:\/\/pos.uel.br\/ppgeciv\/detalhes-disciplina\/?disciplina_id=1674'>[2CIV-291] T.E.C.C.: Desenvolvimento Integrado do Produto II<\/a><\/li><li class='disciplina-item'><a href='https:\/\/pos.uel.br\/ppgeciv\/detalhes-disciplina\/?disciplina_id=1675'>[2CIV-300] T.E.C.C.: Estudo Orientado em Geotecnia<\/a><\/li><li class='disciplina-item'><a href='https:\/\/pos.uel.br\/ppgeciv\/detalhes-disciplina\/?disciplina_id=1676'>[2CIV-392] T.E.C.C.: Gest\u00e3o na Constru\u00e7\u00e3o de Edifica\u00e7\u00f5es<\/a><\/li><li class='disciplina-item'><a href='https:\/\/pos.uel.br\/ppgeciv\/detalhes-disciplina\/?disciplina_id=1678'>[2CIV-298] T.E.C.C.: Inova\u00e7\u00e3o em Materiais Ciment\u00edcios<\/a><\/li><li class='disciplina-item'><a href='https:\/\/pos.uel.br\/ppgeciv\/detalhes-disciplina\/?disciplina_id=1679'>[2CIV-394] T.E.C.C.: Inova\u00e7\u00e3o em Pesquisa e sua Rela\u00e7\u00e3o com a Sociedade<\/a><\/li><li class='disciplina-item'><a href='https:\/\/pos.uel.br\/ppgeciv\/detalhes-disciplina\/?disciplina_id=1680'>[2CIV-294] T.E.C.C.: Introdu\u00e7\u00e3o aos Materiais Comp\u00f3sitos<\/a><\/li><li class='disciplina-item'><a href='https:\/\/pos.uel.br\/ppgeciv\/detalhes-disciplina\/?disciplina_id=1681'>[2CIV-297] T.E.C.C.: Leitura Instrumental em L\u00edngua Inglesa<\/a><\/li><li class='disciplina-item'><a href='https:\/\/pos.uel.br\/ppgeciv\/detalhes-disciplina\/?disciplina_id=1682'>[2CIV-289] T.E.C.C.: Solos n\u00e3o Saturados<\/a><\/li><li class='disciplina-item'><a href='https:\/\/pos.uel.br\/ppgeciv\/detalhes-disciplina\/?disciplina_id=1683'>[2CIV-296] T.E.C.C.: Sustentabilidade na Constru\u00e7\u00e3o Civil<\/a><\/li><li class='disciplina-item'><a href='https:\/\/pos.uel.br\/ppgeciv\/detalhes-disciplina\/?disciplina_id=1687'>[2CIV-275] Tecnologia das Argamassas<\/a><\/li><li class='disciplina-item'><a href='https:\/\/pos.uel.br\/ppgeciv\/detalhes-disciplina\/?disciplina_id=1688'>[2CIV-273] Tecnologia e Dosagem dos Concretos Convencionais e Especiais<\/a><\/li><\/ul><h2>\u00c1rea de Concentra\u00e7\u00e3o: <strong>Saneamento e Recursos H\u00eddricos<\/strong><\/h2><ul class=\"disciplinas-lista\"><li class='disciplina-item'><a href='https:\/\/pos.uel.br\/ppgeciv\/detalhes-disciplina\/?disciplina_id=1646'>[2CIV-069] Est\u00e1gio Doc\u00eancia na Gradua\u00e7\u00e3o I<\/a><\/li><li class='disciplina-item'><a href='https:\/\/pos.uel.br\/ppgeciv\/detalhes-disciplina\/?disciplina_id=1652'>[2CIV-286] Hidrologia<\/a><\/li><li class='disciplina-item'><a href='https:\/\/pos.uel.br\/ppgeciv\/detalhes-disciplina\/?disciplina_id=1656'>[2CIV-280] M\u00e9todos Anal\u00edticos Aplicados a Engenharia Sanit\u00e1ria<\/a><\/li><li class='disciplina-item'><a href='https:\/\/pos.uel.br\/ppgeciv\/detalhes-disciplina\/?disciplina_id=1661'>[2CIV-278] Qualidade de \u00c1guas<\/a><\/li><li class='disciplina-item'><a href='https:\/\/pos.uel.br\/ppgeciv\/detalhes-disciplina\/?disciplina_id=1662'>[2CIV-281] Res\u00edduos Gerados nos Processos de Tratamento de \u00c1guas e Esgoto Sanit\u00e1rio<\/a><\/li><li class='disciplina-item'><a href='https:\/\/pos.uel.br\/ppgeciv\/detalhes-disciplina\/?disciplina_id=1679'>[2CIV-394] T.E.C.C.: Inova\u00e7\u00e3o em Pesquisa e sua Rela\u00e7\u00e3o com a Sociedade<\/a><\/li><li class='disciplina-item'><a href='https:\/\/pos.uel.br\/ppgeciv\/detalhes-disciplina\/?disciplina_id=1681'>[2CIV-297] T.E.C.C.: Leitura Instrumental em L\u00edngua Inglesa<\/a><\/li><li class='disciplina-item'><a href='https:\/\/pos.uel.br\/ppgeciv\/detalhes-disciplina\/?disciplina_id=1684'>[2CIV-323] T.E.S.R.H.: Din\u00e2mica dos Fluidos Computacional (CFD) com ANSYS<\/a><\/li><li class='disciplina-item'><a href='https:\/\/pos.uel.br\/ppgeciv\/detalhes-disciplina\/?disciplina_id=1685'>[2CIV-322] T.E.S.R.H.: Processos de Tratamento de Lixiviados de Aterro Sanit\u00e1rio<\/a><\/li><li class='disciplina-item'><a href='https:\/\/pos.uel.br\/ppgeciv\/detalhes-disciplina\/?disciplina_id=1686'>[2CIV-321] T.E.S.R.H.: Valoriza\u00e7\u00e3o de Res\u00edduos Agroindustriais com \u00canfase na Produ\u00e7\u00e3o de Bioenergia<\/a><\/li><li class='disciplina-item'><a href='https:\/\/pos.uel.br\/ppgeciv\/detalhes-disciplina\/?disciplina_id=1697'>[2CIV-277] Tratamento Avan\u00e7ado de \u00c1guas Residu\u00e1rias<\/a><\/li><li class='disciplina-item'><a href='https:\/\/pos.uel.br\/ppgeciv\/detalhes-disciplina\/?disciplina_id=1698'>[2CIV-279] Tratamento de \u00c1gua para Consumo Humano<\/a><\/li><li class='disciplina-item'><a href='https:\/\/pos.uel.br\/ppgeciv\/detalhes-disciplina\/?disciplina_id=1699'>[2CIV-272] Tratameto de \u00c1guas Residu\u00e1rias<\/a><\/li><\/ul><\/div><\/div><\/div><\/div><script>\n        function filtrarDisciplinas(tipo) {\n            document.querySelectorAll(\"#disciplinas-lista-container > div\").forEach(e => e.style.display = \"none\");\n            document.getElementById(\"lista-\" + tipo.toLowerCase()).style.display = \"block\";\n        }\n    <\/script>\n\n\n\n<p><\/p>\n","protected":false},"excerpt":{"rendered":"","protected":false},"author":7,"featured_media":0,"parent":0,"menu_order":0,"comment_status":"closed","ping_status":"closed","template":"","meta":{"_acf_changed":false,"footnotes":""},"class_list":["post-1805","page","type-page","status-publish","hentry"],"acf":[],"_links":{"self":[{"href":"https:\/\/pos.uel.br\/ppgeciv\/wp-json\/wp\/v2\/pages\/1805","targetHints":{"allow":["GET"]}}],"collection":[{"href":"https:\/\/pos.uel.br\/ppgeciv\/wp-json\/wp\/v2\/pages"}],"about":[{"href":"https:\/\/pos.uel.br\/ppgeciv\/wp-json\/wp\/v2\/types\/page"}],"author":[{"embeddable":true,"href":"https:\/\/pos.uel.br\/ppgeciv\/wp-json\/wp\/v2\/users\/7"}],"replies":[{"embeddable":true,"href":"https:\/\/pos.uel.br\/ppgeciv\/wp-json\/wp\/v2\/comments?post=1805"}],"version-history":[{"count":2,"href":"https:\/\/pos.uel.br\/ppgeciv\/wp-json\/wp\/v2\/pages\/1805\/revisions"}],"predecessor-version":[{"id":1809,"href":"https:\/\/pos.uel.br\/ppgeciv\/wp-json\/wp\/v2\/pages\/1805\/revisions\/1809"}],"wp:attachment":[{"href":"https:\/\/pos.uel.br\/ppgeciv\/wp-json\/wp\/v2\/media?parent=1805"}],"curies":[{"name":"wp","href":"https:\/\/api.w.org\/{rel}","templated":true}]}}