{"id":170,"date":"2021-01-05T16:09:30","date_gmt":"2021-01-05T18:09:30","guid":{"rendered":"http:\/\/localhost\/posenges\/?page_id=166"},"modified":"2025-05-08T14:50:01","modified_gmt":"2025-05-08T17:50:01","slug":"proficiencia","status":"publish","type":"page","link":"https:\/\/pos.uel.br\/ppgeciv\/proficiencia\/","title":{"rendered":"Profici\u00eancia"},"content":{"rendered":"\n<p>O exame de profici\u00eancia em l\u00edngua estrangeira \u2014 ingl\u00eas \u2014 \u00e9 obrigat\u00f3rio para todos os alunos dos cursos de Mestrado e Doutorado do PPGECiv. A lista dos exames aceitos, bem como as pontua\u00e7\u00f5es m\u00ednimas exigidas, foi estabelecida pelo Ato Normativo PPGECiv n\u00ba 001\/2016. A seguir, apresenta-se o texto integral do referido ato.<\/p>\n\n\n\n<p><\/p>\n\n\n\n<p>Tendo em vista a proposta encaminhada pela Comiss\u00e3o Coordenadora do Programa de P\u00f3s-gradua\u00e7\u00e3o em Engenharia Civil em rela\u00e7\u00e3o ao exame de Profici\u00eancia em l\u00edngua estrangeira &#8211; ingl\u00eas, o colegiado do referido curso, em reuni\u00e3o ordin\u00e1ria (reuni\u00e3o ordin\u00e1ria No55 do ENGES\/PPGEC) realizada em 19 de setembro de 2016, aprovou a lista de testes e pontua\u00e7\u00f5es m\u00ednimas, conforme Tabela 1, a serem aceitos para comprovar profici\u00eancia em l\u00edngua estrangeira \u2013 ingl\u00eas para os Mestrandos e Doutorandos do PPGEC.<\/p>\n\n\n\n<p><strong>Tabela 1 \u2013 Certificados de profici\u00eancia em l\u00edngua inglesa \u2013 pontua\u00e7\u00e3o m\u00ednima<\/strong><\/p>\n\n\n\n<table id=\"proficiencia\" class=\"table table-hover table-striped table-bordered text-center\">\n    <thead class=\"thead-custom thead-dark\">\n        <tr>\n            <th colspan=\"2\">Exame<\/th>\n            <th colspan=\"2\">Pontua\u00e7\u00e3o m\u00ednima<\/th>\n        <\/tr>\n        <tr>\n            <th>Nome<\/th>\n            <th>Escala de pontua\u00e7\u00e3o<\/th>\n            <th>Mestrado<\/th>\n            <th>Doutorado<\/th>\n        <\/tr>\n    <\/thead>\n    <tbody>\n        <tr>\n            <td>TEAP (Test of English for Academic Purposes)<\/td>\n            <td>0 &#8211; 100<\/td>\n            <td>70<\/td>\n            <td>85<\/td>\n        <\/tr>\n        <tr>\n            <td>TOEIC (Test of English for International Communication)<\/td>\n            <td>10 &#8211; 990<\/td>\n            <td>550<\/td>\n            <td>650<\/td>\n        <\/tr>\n        <tr>\n            <td>TOEFL  IBT (Test of English as a Foreign Language &#8211; Internet-Based Test)<\/td>\n            <td>0 &#8211; 120<\/td>\n            <td>46<\/td>\n            <td>70<\/td>\n        <\/tr>\n        <tr>\n            <td>TOEFL IPT (Test of English as a Foreign Language &#8211; Computer-based test)<\/td>\n            <td>310 &#8211; 677<\/td>\n            <td>460<\/td>\n            <td>480<\/td>\n        <\/tr>\n        <tr>\n            <td>IELTS-International English Language Testing System<\/td>\n            <td>0 \u2013 9,0<\/td>\n            <td>4,0<\/td>\n            <td>5,0<\/td>\n        <\/tr>\n        <tr>\n            <td>Profici\u00eancia realizada pelo departamento de Letras UEM (TEPLE)<\/td>\n            <td>A, B e C<\/td>\n            <td>B<\/td>\n            <td>N\u00e3o aceito<\/td>\n        <\/tr>\n        <tr>\n            <td>Cambridge FCE (First Certificate in English)<\/td>\n            <td>A, B e C<\/td>\n            <td>C<\/td>\n            <td>B<\/td>\n        <\/tr>\n        <tr>\n            <td>Cambridge CAE (Certificate in Advanced English)<\/td>\n            <td>A, B e C<\/td>\n            <td>Aprova\u00e7\u00e3o<\/td>\n            <td>Aprova\u00e7\u00e3o<\/td>\n        <\/tr>\n        <tr>\n            <td>Cambridge CPE (Certificate of Proficiency in English)<\/td>\n            <td>A, B e C<\/td>\n            <td>Aprova\u00e7\u00e3o<\/td>\n            <td>Aprova\u00e7\u00e3o<\/td>\n        <\/tr>\n    <\/tbody>\n<\/table>\n\n\n\n<p><strong>Ser\u00e3o aceitos os certificados listados na Tabela 1, com pontua\u00e7\u00e3o maior ou igual a m\u00ednima, obtidos nos \u00faltimos 3 anos a partir da data de expedi\u00e7\u00e3o do certificado.<\/strong><\/p>\n\n\n\n<p><\/p>\n\n\n\n<div class=\"wp-block-columns is-layout-flex wp-container-core-columns-is-layout-9d6595d7 wp-block-columns-is-layout-flex\">\n<div class=\"wp-block-column is-layout-flow wp-block-column-is-layout-flow\"><\/div>\n<\/div>\n","protected":false},"excerpt":{"rendered":"<p>O exame de profici\u00eancia em l\u00edngua estrangeira \u2014 ingl\u00eas \u2014 \u00e9 obrigat\u00f3rio para todos os alunos dos cursos de Mestrado e Doutorado do PPGECiv. A lista dos exames aceitos, bem como as pontua\u00e7\u00f5es m\u00ednimas exigidas, foi estabelecida pelo Ato Normativo PPGECiv n\u00ba 001\/2016. A seguir, apresenta-se o texto integral do referido ato. Tendo em vista [&hellip;]<\/p>\n","protected":false},"author":7,"featured_media":0,"parent":0,"menu_order":0,"comment_status":"closed","ping_status":"closed","template":"","meta":{"_acf_changed":false,"footnotes":""},"class_list":["post-170","page","type-page","status-publish","hentry"],"acf":[],"_links":{"self":[{"href":"https:\/\/pos.uel.br\/ppgeciv\/wp-json\/wp\/v2\/pages\/170","targetHints":{"allow":["GET"]}}],"collection":[{"href":"https:\/\/pos.uel.br\/ppgeciv\/wp-json\/wp\/v2\/pages"}],"about":[{"href":"https:\/\/pos.uel.br\/ppgeciv\/wp-json\/wp\/v2\/types\/page"}],"author":[{"embeddable":true,"href":"https:\/\/pos.uel.br\/ppgeciv\/wp-json\/wp\/v2\/users\/7"}],"replies":[{"embeddable":true,"href":"https:\/\/pos.uel.br\/ppgeciv\/wp-json\/wp\/v2\/comments?post=170"}],"version-history":[{"count":2,"href":"https:\/\/pos.uel.br\/ppgeciv\/wp-json\/wp\/v2\/pages\/170\/revisions"}],"predecessor-version":[{"id":2096,"href":"https:\/\/pos.uel.br\/ppgeciv\/wp-json\/wp\/v2\/pages\/170\/revisions\/2096"}],"wp:attachment":[{"href":"https:\/\/pos.uel.br\/ppgeciv\/wp-json\/wp\/v2\/media?parent=170"}],"curies":[{"name":"wp","href":"https:\/\/api.w.org\/{rel}","templated":true}]}}