{"id":161,"date":"2021-01-05T01:10:18","date_gmt":"2021-01-05T03:10:18","guid":{"rendered":"http:\/\/localhost\/posenges\/?page_id=2"},"modified":"2025-08-04T16:07:07","modified_gmt":"2025-08-04T19:07:07","slug":"ingresso_estudante_especial","status":"publish","type":"page","link":"https:\/\/pos.uel.br\/ppgeciv\/ingresso_estudante_especial\/","title":{"rendered":"Ingresso como Estudante Especial"},"content":{"rendered":"\n<p>Al\u00e9m da possibilidade de ingresso como\u00a0<strong>aluno regular<\/strong>\u00a0nos cursos de\u00a0<strong>Mestrado<\/strong>\u00a0e\u00a0<strong>Doutorado<\/strong>, o PPGECiv oferece a op\u00e7\u00e3o de participa\u00e7\u00e3o como\u00a0<strong>Estudante Especial<\/strong>, por meio da matr\u00edcula em disciplinas isoladas do programa. Esta modalidade \u00e9 destinada a interessados em cursar disciplinas espec\u00edficas, seja com a inten\u00e7\u00e3o de futuramente ingressar no programa, seja para fins de complementa\u00e7\u00e3o acad\u00eamica.<\/p>\n\n\n\n<p>Geralmente, s\u00e3o publicados&nbsp;<strong>dois editais por ano<\/strong>: um no in\u00edcio do ano letivo e outro pr\u00f3ximo ao in\u00edcio do segundo semestre. Cada processo seletivo \u00e9 regido por edital pr\u00f3prio, que traz as orienta\u00e7\u00f5es, prazos e requisitos para inscri\u00e7\u00e3o.<\/p>\n\n\n\n<p>Abaixo est\u00e3o dispon\u00edveis os editais vigentes e anteriores para consulta:<\/p>\n\n\n\n<h2 class=\"wp-block-heading\">Edital de Oferta de vagas para Estudante Especial para o 2<sup>o<\/sup> Semestre de 2025<\/h2>\n\n\n\n<div class=\"wp-block-file\"><a id=\"wp-block-file--media-ce7467da-88bf-4e70-97f4-d1ebe0000c45\" href=\"https:\/\/pos.uel.br\/ppgeciv\/wp-content\/uploads\/2025\/07\/Oferta_Especial_2025-2.pdf\">Edital<\/a><a href=\"https:\/\/pos.uel.br\/ppgeciv\/wp-content\/uploads\/2025\/07\/Oferta_Especial_2025-2.pdf\" class=\"wp-block-file__button wp-element-button\" download aria-describedby=\"wp-block-file--media-ce7467da-88bf-4e70-97f4-d1ebe0000c45\">Baixar<\/a><\/div>\n\n\n\n<h2 class=\"wp-block-heading\">Oferta Estudante Especial para o 1<sup>o<\/sup> Semestre de 2025 <\/h2>\n\n\n\n<div class=\"wp-block-file\"><a href=\"https:\/\/www.uel.br\/pos\/enges\/\/wp-content\/uploads\/2025\/02\/Oferta_Especial_2025-1_Eng.Civil_.pdf\">Edital<\/a><a href=\"https:\/\/www.uel.br\/pos\/enges\/\/wp-content\/uploads\/2025\/02\/Oferta_Especial_2025-1_Eng.Civil_.pdf\" class=\"wp-block-file__button wp-element-button\" download>Baixar<\/a><\/div>\n\n\n\n<h2 class=\"wp-block-heading\">Hor\u00e1rio do Primeiro Semestre de 2025<\/h2>\n\n\n\n<p><\/p>\n\n\n\n<div class=\"wp-block-file\"><a href=\"https:\/\/www.uel.br\/pos\/enges\/\/wp-content\/uploads\/2024\/12\/HORARIO-1_SEM_2025.pdf\">Hor\u00e1rio 1\/2025<\/a><a href=\"https:\/\/www.uel.br\/pos\/enges\/\/wp-content\/uploads\/2024\/12\/HORARIO-1_SEM_2025.pdf\" class=\"wp-block-file__button wp-element-button\" download>Baixar<\/a><\/div>\n\n\n\n<h2 class=\"wp-block-heading\">Processo Seletivo 2025<\/h2>\n\n\n\n<h2 class=\"wp-block-heading\">Resultado Final (11\/12\/2024)<\/h2>\n\n\n\n<div class=\"wp-block-file\"><a href=\"https:\/\/www.uel.br\/pos\/enges\/\/wp-content\/uploads\/2024\/12\/Edital_152024-Resultado.pdf\">Edital n.15\/2024- Resultado Final<\/a><a href=\"https:\/\/www.uel.br\/pos\/enges\/\/wp-content\/uploads\/2024\/12\/Edital_152024-Resultado.pdf\" class=\"wp-block-file__button wp-element-button\" download>Baixar<\/a><\/div>\n\n\n\n<h2 class=\"wp-block-heading\">Retifica\u00e7\u00e3o do Resultado Preliminar <\/h2>\n\n\n\n<div class=\"wp-block-file\"><a href=\"https:\/\/www.uel.br\/pos\/enges\/\/wp-content\/uploads\/2024\/12\/Edital-14-2024.pdf\">Edital n.14\/2024 &#8211; Retifica o Edital n.13\/2024<\/a><a href=\"https:\/\/www.uel.br\/pos\/enges\/\/wp-content\/uploads\/2024\/12\/Edital-14-2024.pdf\" class=\"wp-block-file__button wp-element-button\" download>Baixar<\/a><\/div>\n\n\n\n<h2 class=\"wp-block-heading\">Resultado Preliminar (02\/12\/2024)<\/h2>\n\n\n\n<p>O resultado preliminar do Processo Seletivo para Mestrado e Doutorado 2025 est\u00e1 dispon\u00edvel no Edital n.13\/2024 do PPGECiv.<\/p>\n\n\n\n<div class=\"wp-block-file\"><a href=\"https:\/\/www.uel.br\/pos\/enges\/\/wp-content\/uploads\/2024\/12\/PRELIMINAR2025.pdf\">Edital n.13\/2024-Resultado Preliminar<\/a><a href=\"https:\/\/www.uel.br\/pos\/enges\/\/wp-content\/uploads\/2024\/12\/PRELIMINAR2025.pdf\" class=\"wp-block-file__button wp-element-button\" download>Baixar<\/a><\/div>\n\n\n\n<p><\/p>\n\n\n\n<h2 class=\"wp-block-heading page-header\">Abertura do Processo Seletivo 2025<\/h2>\n\n\n\n<p>O processo seletivo para Mestrado e Doutorado do PPGECiv est\u00e1 com inscri\u00e7\u00f5es abertas no per\u00edodo de 19\/09\/2024 a 30\/10\/2024. Confira nosso edital clicando no link abaixo ou no logo na lateral.<\/p>\n\n\n\n<p><a href=\"https:\/\/www.uel.br\/pos\/enges\/?page_id=1004\">Edital N.7\/2024 Processo Seletivo 2025<\/a><\/p>\n\n\n\n<p><\/p>\n\n\n\n<p><\/p>\n\n\n\n<h2 class=\"wp-block-heading\"><strong>Visite nossas redes sociais<\/strong><\/h2>\n\n\n\n<figure class=\"wp-block-image size-large is-resized\"><a href=\"https:\/\/www.instagram.com\/ppgecivil.uel\/\"><img decoding=\"async\" src=\"https:\/\/www.uel.br\/pos\/enges\/\/wp-content\/uploads\/2024\/09\/Captura-de-Tela-2024-09-19-as-12.04.11.png\" alt=\"\" class=\"wp-image-1028\" style=\"width:69px;height:66px\" \/><\/a><\/figure>\n\n\n\n<p><\/p>\n\n\n\n<h2 class=\"wp-block-heading\"><\/h2>\n","protected":false},"excerpt":{"rendered":"<p>Al\u00e9m da possibilidade de ingresso como\u00a0aluno regular\u00a0nos cursos de\u00a0Mestrado\u00a0e\u00a0Doutorado, o PPGECiv oferece a op\u00e7\u00e3o de participa\u00e7\u00e3o como\u00a0Estudante Especial, por meio da matr\u00edcula em disciplinas isoladas do programa. Esta modalidade \u00e9 destinada a interessados em cursar disciplinas espec\u00edficas, seja com a inten\u00e7\u00e3o de futuramente ingressar no programa, seja para fins de complementa\u00e7\u00e3o acad\u00eamica. Geralmente, s\u00e3o publicados&nbsp;dois [&hellip;]<\/p>\n","protected":false},"author":7,"featured_media":0,"parent":0,"menu_order":0,"comment_status":"closed","ping_status":"open","template":"","meta":{"_acf_changed":false,"footnotes":""},"class_list":["post-161","page","type-page","status-publish","hentry"],"acf":[],"_links":{"self":[{"href":"https:\/\/pos.uel.br\/ppgeciv\/wp-json\/wp\/v2\/pages\/161","targetHints":{"allow":["GET"]}}],"collection":[{"href":"https:\/\/pos.uel.br\/ppgeciv\/wp-json\/wp\/v2\/pages"}],"about":[{"href":"https:\/\/pos.uel.br\/ppgeciv\/wp-json\/wp\/v2\/types\/page"}],"author":[{"embeddable":true,"href":"https:\/\/pos.uel.br\/ppgeciv\/wp-json\/wp\/v2\/users\/7"}],"replies":[{"embeddable":true,"href":"https:\/\/pos.uel.br\/ppgeciv\/wp-json\/wp\/v2\/comments?post=161"}],"version-history":[{"count":6,"href":"https:\/\/pos.uel.br\/ppgeciv\/wp-json\/wp\/v2\/pages\/161\/revisions"}],"predecessor-version":[{"id":2113,"href":"https:\/\/pos.uel.br\/ppgeciv\/wp-json\/wp\/v2\/pages\/161\/revisions\/2113"}],"wp:attachment":[{"href":"https:\/\/pos.uel.br\/ppgeciv\/wp-json\/wp\/v2\/media?parent=161"}],"curies":[{"name":"wp","href":"https:\/\/api.w.org\/{rel}","templated":true}]}}