{"id":157,"date":"2021-01-05T15:56:55","date_gmt":"2021-01-05T17:56:55","guid":{"rendered":"http:\/\/localhost\/posenges\/?page_id=157"},"modified":"2025-09-04T09:55:28","modified_gmt":"2025-09-04T12:55:28","slug":"geotecnia-e-transportes","status":"publish","type":"page","link":"https:\/\/pos.uel.br\/ppgeciv\/geotecnia-e-transportes\/","title":{"rendered":"Geotecnia e Transportes"},"content":{"rendered":"\n<p>Foca na defini\u00e7\u00e3o de par\u00e2metros de comportamento do solo, misturas de solo e cimento para pavimentos, mec\u00e2nica e gerenciamento de pavimentos, planejamento de transportes e mobilidade urbana.<\/p>\n\n\n\n<h3 class=\"wp-block-heading\">Professores Orientadores:<\/h3>\n\n\n\n    <style>\n      .docentes-container { display:flex; flex-wrap:wrap; gap:30px; justify-content:center; max-width:1200px; margin:0 auto; padding:20px; }\n      .docente-card { width:280px; text-align:center; transition:transform .3s ease-in-out; background:#fff; }\n      .docente-card:hover { transform: translateY(-5px); }\n      .docente-foto { width: 200px; height: 200px; border-radius: 50%; object-fit: cover; filter: sepia(100%) hue-rotate(90deg) saturate(200%); transition: filter .3s ease-in-out; }\n      .docente-card:hover .docente-foto { filter: sepia(0%) hue-rotate(0deg) saturate(100%); }\n      .docente-nome { font-size: 18px; font-weight: 700; margin-top: 10px; color: #222; }\n      .docente-cargo, .docente-linha { font-size: 14px; color: #666; margin: 2px 0; }\n      .docente-link { text-decoration: none; color: #006400; }\n      .docente-link:hover { text-decoration: underline; }\n\n      \/* Barra de filtros (p\u00edlulas) *\/\n      .docentes-filtros { max-width:1200px; margin:0 auto 10px; padding:0 20px; display:flex; flex-wrap:wrap; gap:8px; align-items:center; justify-content:center; }\n      .docentes-filtros .f-label { margin-right:6px; color:#444; font-weight:600; }\n      .f-pill { display:inline-block; padding:7px 12px; border:1px solid #0e6946; color:#0e6946; border-radius:999px; text-decoration:none; font-size:14px; }\n      .f-pill:hover { background:#0e6946; color:#fff; }\n      .f-pill.active { background:#0e6946; color:#fff; }\n    <\/style>\n\n    <div class=\"docentes-filtros\">\n      <span class=\"f-label\">Linha de pesquisa:<\/span>\n      <a class=\"f-pill \" href=\"https:\/\/pos.uel.br\/ppgeciv\/\">Todas<\/a><a class=\"f-pill active\" href=\"https:\/\/pos.uel.br\/ppgeciv\/?linha=geotecnia-e-transportes\">Geotecnia e Transportes<\/a><a class=\"f-pill \" href=\"https:\/\/pos.uel.br\/ppgeciv\/?linha=saneamento-e-recursos-hidricos\">Saneamento e Recursos H\u00eddricos<\/a><a class=\"f-pill \" href=\"https:\/\/pos.uel.br\/ppgeciv\/?linha=tecnologia-e-gestao-na-construcao-civil\">Tecnologia e Gest\u00e3o na Constru\u00e7\u00e3o Civil<\/a>    <\/div>\n\n    <div class=\"docentes-container\"><div class=\"docente-card\"><a href=\"https:\/\/pos.uel.br\/ppgeciv\/perfil-docente\/?docente_id=1626\"><img decoding=\"async\" src=\"https:\/\/pos.uel.br\/ppgeciv\/wp-content\/uploads\/2025\/02\/Carlos-210x210-1.jpg\" alt=\"Carlos Alberto Prado da Silva Junior\" class=\"docente-foto\"><\/a><p class=\"docente-nome\"><a href=\"https:\/\/pos.uel.br\/ppgeciv\/perfil-docente\/?docente_id=1626\" class=\"docente-link\">Carlos Alberto Prado da Silva Junior<\/a><\/p><p class=\"docente-linha\">Geotecnia e Transportes<\/p><\/div><div class=\"docente-card\"><a href=\"https:\/\/pos.uel.br\/ppgeciv\/perfil-docente\/?docente_id=1630\"><img decoding=\"async\" src=\"https:\/\/pos.uel.br\/ppgeciv\/wp-content\/uploads\/2025\/02\/Heliana-210x210-1.jpg\" alt=\"Heliana Barbosa Fontenele\" class=\"docente-foto\"><\/a><p class=\"docente-nome\"><a href=\"https:\/\/pos.uel.br\/ppgeciv\/perfil-docente\/?docente_id=1630\" class=\"docente-link\">Heliana Barbosa Fontenele<\/a><\/p><p class=\"docente-linha\">Geotecnia e Transportes<\/p><\/div><div class=\"docente-card\"><a href=\"https:\/\/pos.uel.br\/ppgeciv\/perfil-docente\/?docente_id=1631\"><img decoding=\"async\" src=\"https:\/\/pos.uel.br\/ppgeciv\/wp-content\/uploads\/2025\/02\/Raquel-210x210-1.jpg\" alt=\"Raquel Souza Teixeira\" class=\"docente-foto\"><\/a><p class=\"docente-nome\"><a href=\"https:\/\/pos.uel.br\/ppgeciv\/perfil-docente\/?docente_id=1631\" class=\"docente-link\">Raquel Souza Teixeira<\/a><\/p><p class=\"docente-linha\">Geotecnia e Transportes<\/p><\/div><\/div>\n","protected":false},"excerpt":{"rendered":"<p>Foca na defini\u00e7\u00e3o de par\u00e2metros de comportamento do solo, misturas de solo e cimento para pavimentos, mec\u00e2nica e gerenciamento de pavimentos, planejamento de transportes e mobilidade urbana. Professores Orientadores:<\/p>\n","protected":false},"author":7,"featured_media":0,"parent":0,"menu_order":0,"comment_status":"closed","ping_status":"closed","template":"","meta":{"_acf_changed":false,"footnotes":""},"class_list":["post-157","page","type-page","status-publish","hentry"],"acf":[],"_links":{"self":[{"href":"https:\/\/pos.uel.br\/ppgeciv\/wp-json\/wp\/v2\/pages\/157","targetHints":{"allow":["GET"]}}],"collection":[{"href":"https:\/\/pos.uel.br\/ppgeciv\/wp-json\/wp\/v2\/pages"}],"about":[{"href":"https:\/\/pos.uel.br\/ppgeciv\/wp-json\/wp\/v2\/types\/page"}],"author":[{"embeddable":true,"href":"https:\/\/pos.uel.br\/ppgeciv\/wp-json\/wp\/v2\/users\/7"}],"replies":[{"embeddable":true,"href":"https:\/\/pos.uel.br\/ppgeciv\/wp-json\/wp\/v2\/comments?post=157"}],"version-history":[{"count":3,"href":"https:\/\/pos.uel.br\/ppgeciv\/wp-json\/wp\/v2\/pages\/157\/revisions"}],"predecessor-version":[{"id":3872,"href":"https:\/\/pos.uel.br\/ppgeciv\/wp-json\/wp\/v2\/pages\/157\/revisions\/3872"}],"wp:attachment":[{"href":"https:\/\/pos.uel.br\/ppgeciv\/wp-json\/wp\/v2\/media?parent=157"}],"curies":[{"name":"wp","href":"https:\/\/api.w.org\/{rel}","templated":true}]}}