{"id":1467,"date":"2025-02-13T16:04:10","date_gmt":"2025-02-13T19:04:10","guid":{"rendered":"https:\/\/pos.uel.br\/ppgeciv\/?page_id=1467"},"modified":"2025-07-03T15:49:25","modified_gmt":"2025-07-03T18:49:25","slug":"docentes","status":"publish","type":"page","link":"https:\/\/pos.uel.br\/ppgeciv\/docentes\/","title":{"rendered":"Docentes"},"content":{"rendered":"\n    <style>\n      .docentes-container { display:flex; flex-wrap:wrap; gap:30px; justify-content:center; max-width:1200px; margin:0 auto; padding:20px; }\n      .docente-card { width:280px; text-align:center; transition:transform .3s ease-in-out; background:#fff; }\n      .docente-card:hover { transform: translateY(-5px); }\n      .docente-foto { width: 200px; height: 200px; border-radius: 50%; object-fit: cover; filter: sepia(100%) hue-rotate(90deg) saturate(200%); transition: filter .3s ease-in-out; }\n      .docente-card:hover .docente-foto { filter: sepia(0%) hue-rotate(0deg) saturate(100%); }\n      .docente-nome { font-size: 18px; font-weight: 700; margin-top: 10px; color: #222; }\n      .docente-cargo, .docente-linha { font-size: 14px; color: #666; margin: 2px 0; }\n      .docente-link { text-decoration: none; color: #006400; }\n      .docente-link:hover { text-decoration: underline; }\n\n      \/* Barra de filtros (p\u00edlulas) *\/\n      .docentes-filtros { max-width:1200px; margin:0 auto 10px; padding:0 20px; display:flex; flex-wrap:wrap; gap:8px; align-items:center; justify-content:center; }\n      .docentes-filtros .f-label { margin-right:6px; color:#444; font-weight:600; }\n      .f-pill { display:inline-block; padding:7px 12px; border:1px solid #0e6946; color:#0e6946; border-radius:999px; text-decoration:none; font-size:14px; }\n      .f-pill:hover { background:#0e6946; color:#fff; }\n      .f-pill.active { background:#0e6946; color:#fff; }\n    <\/style>\n\n    <div class=\"docentes-filtros\">\n      <span class=\"f-label\">Linha de pesquisa:<\/span>\n      <a class=\"f-pill active\" href=\"https:\/\/pos.uel.br\/ppgeciv\/\">Todas<\/a><a class=\"f-pill \" href=\"https:\/\/pos.uel.br\/ppgeciv\/?linha=geotecnia-e-transportes\">Geotecnia e Transportes<\/a><a class=\"f-pill \" href=\"https:\/\/pos.uel.br\/ppgeciv\/?linha=saneamento-e-recursos-hidricos\">Saneamento e Recursos H\u00eddricos<\/a><a class=\"f-pill \" href=\"https:\/\/pos.uel.br\/ppgeciv\/?linha=tecnologia-e-gestao-na-construcao-civil\">Tecnologia e Gest\u00e3o na Constru\u00e7\u00e3o Civil<\/a>    <\/div>\n\n    <div class=\"docentes-container\"><div class=\"docente-card\"><a href=\"https:\/\/pos.uel.br\/ppgeciv\/perfil-docente\/?docente_id=1598\"><img decoding=\"async\" src=\"https:\/\/pos.uel.br\/ppgeciv\/wp-content\/uploads\/2025\/02\/Altibano-210x210-1.png\" alt=\"Altibano Ortenzi Junior\" class=\"docente-foto\"><\/a><p class=\"docente-nome\"><a href=\"https:\/\/pos.uel.br\/ppgeciv\/perfil-docente\/?docente_id=1598\" class=\"docente-link\">Altibano Ortenzi Junior<\/a><\/p><p class=\"docente-linha\">Tecnologia e Gest\u00e3o na Constru\u00e7\u00e3o Civil<\/p><\/div><div class=\"docente-card\"><a href=\"https:\/\/pos.uel.br\/ppgeciv\/perfil-docente\/?docente_id=1589\"><img decoding=\"async\" src=\"https:\/\/pos.uel.br\/ppgeciv\/wp-content\/uploads\/2025\/02\/Berenice_1-210x210-1.jpg\" alt=\"Berenice Martins Toralles\" class=\"docente-foto\"><\/a><p class=\"docente-nome\"><a href=\"https:\/\/pos.uel.br\/ppgeciv\/perfil-docente\/?docente_id=1589\" class=\"docente-link\">Berenice Martins Toralles<\/a><\/p><p class=\"docente-linha\">Tecnologia e Gest\u00e3o na Constru\u00e7\u00e3o Civil<\/p><\/div><div class=\"docente-card\"><a href=\"https:\/\/pos.uel.br\/ppgeciv\/perfil-docente\/?docente_id=1599\"><img decoding=\"async\" src=\"https:\/\/pos.uel.br\/ppgeciv\/wp-content\/uploads\/2025\/03\/caio_lattes.jpg\" alt=\"Caio Victor Louren\u00e7o Rodrigues\" class=\"docente-foto\"><\/a><p class=\"docente-nome\"><a href=\"https:\/\/pos.uel.br\/ppgeciv\/perfil-docente\/?docente_id=1599\" class=\"docente-link\">Caio Victor Louren\u00e7o Rodrigues<\/a><\/p><p class=\"docente-linha\">Saneamento e Recursos H\u00eddricos<\/p><\/div><div class=\"docente-card\"><a href=\"https:\/\/pos.uel.br\/ppgeciv\/perfil-docente\/?docente_id=1600\"><img decoding=\"async\" src=\"https:\/\/pos.uel.br\/ppgeciv\/wp-content\/uploads\/2025\/02\/Camila_Atem-210x210-1.jpg\" alt=\"Camila Greg\u00f3rio Atem\" class=\"docente-foto\"><\/a><p class=\"docente-nome\"><a href=\"https:\/\/pos.uel.br\/ppgeciv\/perfil-docente\/?docente_id=1600\" class=\"docente-link\">Camila Greg\u00f3rio Atem<\/a><\/p><p class=\"docente-linha\">Tecnologia e Gest\u00e3o na Constru\u00e7\u00e3o Civil<\/p><\/div><div class=\"docente-card\"><a href=\"https:\/\/pos.uel.br\/ppgeciv\/perfil-docente\/?docente_id=1626\"><img decoding=\"async\" src=\"https:\/\/pos.uel.br\/ppgeciv\/wp-content\/uploads\/2025\/02\/Carlos-210x210-1.jpg\" alt=\"Carlos Alberto Prado da Silva Junior\" class=\"docente-foto\"><\/a><p class=\"docente-nome\"><a href=\"https:\/\/pos.uel.br\/ppgeciv\/perfil-docente\/?docente_id=1626\" class=\"docente-link\">Carlos Alberto Prado da Silva Junior<\/a><\/p><p class=\"docente-linha\">Geotecnia e Transportes<\/p><\/div><div class=\"docente-card\"><a href=\"https:\/\/pos.uel.br\/ppgeciv\/perfil-docente\/?docente_id=1627\"><img decoding=\"async\" src=\"https:\/\/pos.uel.br\/ppgeciv\/wp-content\/uploads\/2025\/02\/Deize-210x210-1.jpg\" alt=\"Deize Dias Lopes\" class=\"docente-foto\"><\/a><p class=\"docente-nome\"><a href=\"https:\/\/pos.uel.br\/ppgeciv\/perfil-docente\/?docente_id=1627\" class=\"docente-link\">Deize Dias Lopes<\/a><\/p><p class=\"docente-linha\">Saneamento e Recursos H\u00eddricos<\/p><\/div><div class=\"docente-card\"><a href=\"https:\/\/pos.uel.br\/ppgeciv\/perfil-docente\/?docente_id=1628\"><img decoding=\"async\" src=\"https:\/\/pos.uel.br\/ppgeciv\/wp-content\/uploads\/2025\/02\/Emilia-210x210-1.jpg\" alt=\"Emilia Kiyomi Kuroda\" class=\"docente-foto\"><\/a><p class=\"docente-nome\"><a href=\"https:\/\/pos.uel.br\/ppgeciv\/perfil-docente\/?docente_id=1628\" class=\"docente-link\">Emilia Kiyomi Kuroda<\/a><\/p><p class=\"docente-linha\">Saneamento e Recursos H\u00eddricos<\/p><\/div><div class=\"docente-card\"><a href=\"https:\/\/pos.uel.br\/ppgeciv\/perfil-docente\/?docente_id=1629\"><img decoding=\"async\" src=\"https:\/\/pos.uel.br\/ppgeciv\/wp-content\/uploads\/2025\/03\/fernando_fernandes.jpg\" alt=\"Fernando Fernandes\" class=\"docente-foto\"><\/a><p class=\"docente-nome\"><a href=\"https:\/\/pos.uel.br\/ppgeciv\/perfil-docente\/?docente_id=1629\" class=\"docente-link\">Fernando Fernandes<\/a><\/p><p class=\"docente-linha\">Saneamento e Recursos H\u00eddricos<\/p><\/div><div class=\"docente-card\"><a href=\"https:\/\/pos.uel.br\/ppgeciv\/perfil-docente\/?docente_id=1630\"><img decoding=\"async\" src=\"https:\/\/pos.uel.br\/ppgeciv\/wp-content\/uploads\/2025\/02\/Heliana-210x210-1.jpg\" alt=\"Heliana Barbosa Fontenele\" class=\"docente-foto\"><\/a><p class=\"docente-nome\"><a href=\"https:\/\/pos.uel.br\/ppgeciv\/perfil-docente\/?docente_id=1630\" class=\"docente-link\">Heliana Barbosa Fontenele<\/a><\/p><p class=\"docente-linha\">Geotecnia e Transportes<\/p><\/div><div class=\"docente-card\"><a href=\"https:\/\/pos.uel.br\/ppgeciv\/perfil-docente\/?docente_id=1588\"><img decoding=\"async\" src=\"https:\/\/pos.uel.br\/ppgeciv\/wp-content\/uploads\/2025\/03\/IMG_2641.jpg\" alt=\"Hemerson D Pinheiro\" class=\"docente-foto\"><\/a><p class=\"docente-nome\"><a href=\"https:\/\/pos.uel.br\/ppgeciv\/perfil-docente\/?docente_id=1588\" class=\"docente-link\">Hemerson D Pinheiro<\/a><\/p><p class=\"docente-linha\">Saneamento e Recursos H\u00eddricos<\/p><\/div><div class=\"docente-card\"><a href=\"https:\/\/pos.uel.br\/ppgeciv\/perfil-docente\/?docente_id=1913\"><img decoding=\"async\" src=\"https:\/\/pos.uel.br\/ppgeciv\/wp-content\/uploads\/2025\/03\/servletrecuperafoto-2.jpeg\" alt=\"Luiz Henrique Dall&#8217;Antonia\" class=\"docente-foto\"><\/a><p class=\"docente-nome\"><a href=\"https:\/\/pos.uel.br\/ppgeciv\/perfil-docente\/?docente_id=1913\" class=\"docente-link\">Luiz Henrique Dall&#8217;Antonia<\/a><\/p><p class=\"docente-linha\">Colaborador<\/p><\/div><div class=\"docente-card\"><a href=\"https:\/\/pos.uel.br\/ppgeciv\/perfil-docente\/?docente_id=1631\"><img decoding=\"async\" src=\"https:\/\/pos.uel.br\/ppgeciv\/wp-content\/uploads\/2025\/02\/Raquel-210x210-1.jpg\" alt=\"Raquel Souza Teixeira\" class=\"docente-foto\"><\/a><p class=\"docente-nome\"><a href=\"https:\/\/pos.uel.br\/ppgeciv\/perfil-docente\/?docente_id=1631\" class=\"docente-link\">Raquel Souza Teixeira<\/a><\/p><p class=\"docente-linha\">Geotecnia e Transportes<\/p><\/div><div class=\"docente-card\"><a href=\"https:\/\/pos.uel.br\/ppgeciv\/perfil-docente\/?docente_id=1632\"><img decoding=\"async\" src=\"https:\/\/pos.uel.br\/ppgeciv\/wp-content\/uploads\/2025\/02\/Thalita-210x210-1.jpg\" alt=\"Thalita Gorban Ferreira Giglio\" class=\"docente-foto\"><\/a><p class=\"docente-nome\"><a href=\"https:\/\/pos.uel.br\/ppgeciv\/perfil-docente\/?docente_id=1632\" class=\"docente-link\">Thalita Gorban Ferreira Giglio<\/a><\/p><p class=\"docente-linha\">Tecnologia e Gest\u00e3o na Constru\u00e7\u00e3o Civil<\/p><\/div><div class=\"docente-card\"><a href=\"https:\/\/pos.uel.br\/ppgeciv\/perfil-docente\/?docente_id=1911\"><img decoding=\"async\" src=\"https:\/\/pos.uel.br\/ppgeciv\/wp-content\/uploads\/2025\/03\/servletrecuperafoto.jpeg\" alt=\"Tiago Viana Flor de Santana\" class=\"docente-foto\"><\/a><p class=\"docente-nome\"><a href=\"https:\/\/pos.uel.br\/ppgeciv\/perfil-docente\/?docente_id=1911\" class=\"docente-link\">Tiago Viana Flor de Santana<\/a><\/p><p class=\"docente-linha\">Colaborador<\/p><\/div><div class=\"docente-card\"><a href=\"https:\/\/pos.uel.br\/ppgeciv\/perfil-docente\/?docente_id=1633\"><img decoding=\"async\" src=\"https:\/\/pos.uel.br\/ppgeciv\/wp-content\/uploads\/2025\/03\/servletrecuperafoto-4-scaled.jpeg\" alt=\"Wanessa Roberta Fazinga\" class=\"docente-foto\"><\/a><p class=\"docente-nome\"><a href=\"https:\/\/pos.uel.br\/ppgeciv\/perfil-docente\/?docente_id=1633\" class=\"docente-link\">Wanessa Roberta Fazinga<\/a><\/p><p class=\"docente-linha\">Tecnologia e Gest\u00e3o na Constru\u00e7\u00e3o Civil<\/p><\/div><\/div>\n","protected":false},"excerpt":{"rendered":"","protected":false},"author":7,"featured_media":0,"parent":0,"menu_order":0,"comment_status":"closed","ping_status":"closed","template":"","meta":{"_acf_changed":false,"footnotes":""},"class_list":["post-1467","page","type-page","status-publish","hentry"],"acf":[],"_links":{"self":[{"href":"https:\/\/pos.uel.br\/ppgeciv\/wp-json\/wp\/v2\/pages\/1467","targetHints":{"allow":["GET"]}}],"collection":[{"href":"https:\/\/pos.uel.br\/ppgeciv\/wp-json\/wp\/v2\/pages"}],"about":[{"href":"https:\/\/pos.uel.br\/ppgeciv\/wp-json\/wp\/v2\/types\/page"}],"author":[{"embeddable":true,"href":"https:\/\/pos.uel.br\/ppgeciv\/wp-json\/wp\/v2\/users\/7"}],"replies":[{"embeddable":true,"href":"https:\/\/pos.uel.br\/ppgeciv\/wp-json\/wp\/v2\/comments?post=1467"}],"version-history":[{"count":20,"href":"https:\/\/pos.uel.br\/ppgeciv\/wp-json\/wp\/v2\/pages\/1467\/revisions"}],"predecessor-version":[{"id":1603,"href":"https:\/\/pos.uel.br\/ppgeciv\/wp-json\/wp\/v2\/pages\/1467\/revisions\/1603"}],"wp:attachment":[{"href":"https:\/\/pos.uel.br\/ppgeciv\/wp-json\/wp\/v2\/media?parent=1467"}],"curies":[{"name":"wp","href":"https:\/\/api.w.org\/{rel}","templated":true}]}}