{"id":1279,"date":"2025-02-11T21:38:54","date_gmt":"2025-02-12T00:38:54","guid":{"rendered":"https:\/\/pos.uel.br\/ppgeciv\/?page_id=1279"},"modified":"2026-03-25T11:46:34","modified_gmt":"2026-03-25T14:46:34","slug":"bolsas-do-programa","status":"publish","type":"page","link":"https:\/\/pos.uel.br\/ppgeciv\/bolsas-do-programa\/","title":{"rendered":"Bolsas do Programa"},"content":{"rendered":"\n<p><\/p>\n\n\n\n<p>O&nbsp;<strong>Programa de P\u00f3s-Gradua\u00e7\u00e3o em Engenharia Civil (PPGECiv)<\/strong>&nbsp;disp\u00f5e atualmente de:<\/p>\n\n\n\n<ul class=\"wp-block-list\">\n<li><strong>Doutorado<\/strong>: 10 bolsas da&nbsp;<strong>CAPES<\/strong>.<\/li>\n\n\n\n<li><strong>Mestrado<\/strong>: 8 bolsas da&nbsp;<strong>CAPES<\/strong>.<\/li>\n<\/ul>\n\n\n\n<p>Os crit\u00e9rios para classifica\u00e7\u00e3o, atribui\u00e7\u00e3o e manuten\u00e7\u00e3o de bolsas s\u00e3o regidos por editais do programa, publicados no site, e pela <a href=\"https:\/\/pos.uel.br\/ppgeciv\/editais-ppgeciv\/edital-ppgeciv-no-02-2026\/resolucao-n_12026-ppgeciv\/\">Resolu\u00e7\u00e3o PPGECiv n.1\/2026<\/a>.<\/p>\n\n\n\n<p><\/p>\n","protected":false},"excerpt":{"rendered":"<p>O&nbsp;Programa de P\u00f3s-Gradua\u00e7\u00e3o em Engenharia Civil (PPGECiv)&nbsp;disp\u00f5e atualmente de: Os crit\u00e9rios para classifica\u00e7\u00e3o, atribui\u00e7\u00e3o e manuten\u00e7\u00e3o de bolsas s\u00e3o regidos por editais do programa, publicados no site, e pela Resolu\u00e7\u00e3o PPGECiv n.1\/2026.<\/p>\n","protected":false},"author":7,"featured_media":0,"parent":0,"menu_order":0,"comment_status":"closed","ping_status":"closed","template":"","meta":{"_acf_changed":false,"footnotes":""},"class_list":["post-1279","page","type-page","status-publish","hentry"],"acf":[],"_links":{"self":[{"href":"https:\/\/pos.uel.br\/ppgeciv\/wp-json\/wp\/v2\/pages\/1279","targetHints":{"allow":["GET"]}}],"collection":[{"href":"https:\/\/pos.uel.br\/ppgeciv\/wp-json\/wp\/v2\/pages"}],"about":[{"href":"https:\/\/pos.uel.br\/ppgeciv\/wp-json\/wp\/v2\/types\/page"}],"author":[{"embeddable":true,"href":"https:\/\/pos.uel.br\/ppgeciv\/wp-json\/wp\/v2\/users\/7"}],"replies":[{"embeddable":true,"href":"https:\/\/pos.uel.br\/ppgeciv\/wp-json\/wp\/v2\/comments?post=1279"}],"version-history":[{"count":3,"href":"https:\/\/pos.uel.br\/ppgeciv\/wp-json\/wp\/v2\/pages\/1279\/revisions"}],"predecessor-version":[{"id":4140,"href":"https:\/\/pos.uel.br\/ppgeciv\/wp-json\/wp\/v2\/pages\/1279\/revisions\/4140"}],"wp:attachment":[{"href":"https:\/\/pos.uel.br\/ppgeciv\/wp-json\/wp\/v2\/media?parent=1279"}],"curies":[{"name":"wp","href":"https:\/\/api.w.org\/{rel}","templated":true}]}}