{"id":1276,"date":"2025-02-11T21:24:02","date_gmt":"2025-02-12T00:24:02","guid":{"rendered":"https:\/\/pos.uel.br\/ppgeciv\/?page_id=1276"},"modified":"2025-02-11T21:24:03","modified_gmt":"2025-02-12T00:24:03","slug":"laboratorios","status":"publish","type":"page","link":"https:\/\/pos.uel.br\/ppgeciv\/laboratorios\/","title":{"rendered":"Laborat\u00f3rios"},"content":{"rendered":"\n<p><\/p>\n\n\n\n<p><\/p>\n\n\n\n<ul class=\"wp-block-list\">\n<li><a href=\"https:\/\/pos.uel.br\/ppgeciv\/laboratorio-de-eficiencia-energetica-e-sustentabilidade-nas-edificacoes-e3slab\/\" data-type=\"page\" data-id=\"192\">Laborat\u00f3rio de Efici\u00eancia Energ\u00e9tica e Sustentabilidade nas Edifica\u00e7\u00f5es (E3sLab)<\/a><\/li>\n\n\n\n<li><a href=\"https:\/\/pos.uel.br\/ppgeciv\/laboratorio-de-engenharia-de-transportes-let\/\" data-type=\"page\" data-id=\"198\">Laborat\u00f3rio de Engenharia de Transportes (LET)<\/a><\/li>\n\n\n\n<li><a href=\"https:\/\/pos.uel.br\/ppgeciv\/laboratorio-de-materiais-de-construcao-civil-labmat\/\" data-type=\"page\" data-id=\"200\">Laborat\u00f3rio de Materiais de Constru\u00e7\u00e3o Civil (LabMat)<\/a><\/li>\n\n\n\n<li><a href=\"https:\/\/pos.uel.br\/ppgeciv\/laboratorio-de-geotecnia\/\" data-type=\"page\" data-id=\"205\">Laborat\u00f3rio de Geotecnia<\/a><\/li>\n\n\n\n<li><a href=\"https:\/\/pos.uel.br\/ppgeciv\/laboratorio-de-saneamento\/\" data-type=\"page\" data-id=\"211\">Laborat\u00f3rio de Saneamento<\/a><\/li>\n\n\n\n<li><a href=\"https:\/\/pos.uel.br\/ppgeciv\/labesc-laboratorio-escola-de-pos-graduacao\/\" data-type=\"page\" data-id=\"189\">Laborat\u00f3rio Escola de P\u00f3s-Gradua\u00e7\u00e3o (LABESC)<\/a><\/li>\n<\/ul>\n\n\n\n<ol class=\"wp-block-list\"><\/ol>\n\n\n\n<p><\/p>\n","protected":false},"excerpt":{"rendered":"","protected":false},"author":7,"featured_media":0,"parent":0,"menu_order":0,"comment_status":"closed","ping_status":"closed","template":"","meta":{"_acf_changed":false,"footnotes":""},"class_list":["post-1276","page","type-page","status-publish","hentry"],"acf":[],"_links":{"self":[{"href":"https:\/\/pos.uel.br\/ppgeciv\/wp-json\/wp\/v2\/pages\/1276","targetHints":{"allow":["GET"]}}],"collection":[{"href":"https:\/\/pos.uel.br\/ppgeciv\/wp-json\/wp\/v2\/pages"}],"about":[{"href":"https:\/\/pos.uel.br\/ppgeciv\/wp-json\/wp\/v2\/types\/page"}],"author":[{"embeddable":true,"href":"https:\/\/pos.uel.br\/ppgeciv\/wp-json\/wp\/v2\/users\/7"}],"replies":[{"embeddable":true,"href":"https:\/\/pos.uel.br\/ppgeciv\/wp-json\/wp\/v2\/comments?post=1276"}],"version-history":[{"count":1,"href":"https:\/\/pos.uel.br\/ppgeciv\/wp-json\/wp\/v2\/pages\/1276\/revisions"}],"predecessor-version":[{"id":1277,"href":"https:\/\/pos.uel.br\/ppgeciv\/wp-json\/wp\/v2\/pages\/1276\/revisions\/1277"}],"wp:attachment":[{"href":"https:\/\/pos.uel.br\/ppgeciv\/wp-json\/wp\/v2\/media?parent=1276"}],"curies":[{"name":"wp","href":"https:\/\/api.w.org\/{rel}","templated":true}]}}