{"id":1274,"date":"2025-02-11T21:15:20","date_gmt":"2025-02-12T00:15:20","guid":{"rendered":"https:\/\/pos.uel.br\/ppgeciv\/?page_id=1274"},"modified":"2025-05-08T14:51:03","modified_gmt":"2025-05-08T17:51:03","slug":"orientacoes-gerais","status":"publish","type":"page","link":"https:\/\/pos.uel.br\/ppgeciv\/orientacoes-gerais\/","title":{"rendered":"Orienta\u00e7\u00f5es Gerais"},"content":{"rendered":"\n<p>Para obten\u00e7\u00e3o do grau de&nbsp;<strong>Mestre&nbsp;<\/strong>\u00e9 necess\u00e1rio o cumprimento dos seguintes requisitos: <\/p>\n\n\n\n<ul class=\"wp-block-list\">\n<li>Ter cursado <strong>24 cr\u00e9ditos<\/strong> em disciplinas obrigat\u00f3rias e optativas<\/li>\n\n\n\n<li>Comprovar <strong><a href=\"https:\/\/pos.uel.br\/ppgeciv\/proficiencia\/\" data-type=\"page\" data-id=\"170\">Profici\u00eancia em L\u00edngua Inglesa<\/a><\/strong><\/li>\n\n\n\n<li><strong>Aprova\u00e7\u00e3o no Exame de Qualifica\u00e7\u00e3o<\/strong>&nbsp;<\/li>\n\n\n\n<li><strong>Aprova\u00e7\u00e3o na Banca Examinadora na defesa da Disserta\u00e7\u00e3o<\/strong><\/li>\n<\/ul>\n\n\n\n<p><\/p>\n\n\n\n<p>Para obten\u00e7\u00e3o do grau de&nbsp;<strong>Doutor&nbsp;<\/strong>\u00e9 necess\u00e1rio o cumprimento dos seguintes requisitos:<\/p>\n\n\n\n<ul class=\"wp-block-list\">\n<li>Ter cursado&nbsp;<strong>36 cr\u00e9ditos<\/strong> em disciplinas obrigat\u00f3rias e optativas<\/li>\n\n\n\n<li>Comprovar  <strong>Profici\u00eancia em L\u00edngua Inglesa<\/strong>, segundo crit\u00e9rios estabelecidos pelo PPGECiv &nbsp;<\/li>\n\n\n\n<li><strong>Aprova\u00e7\u00e3o no Exame de Qualifica\u00e7\u00e3o<\/strong>&nbsp;<\/li>\n\n\n\n<li><strong>Aprova\u00e7\u00e3o da Banca Examinadora na defesa da Tese<\/strong>.<\/li>\n\n\n\n<li><\/li>\n<\/ul>\n\n\n\n<p><\/p>\n\n\n\n<p>A conclus\u00e3o do&nbsp;<strong>Mestrado&nbsp;<\/strong>ou do&nbsp;<strong>Doutorado&nbsp;<\/strong>ser\u00e1 formalizada atrav\u00e9s de defesa p\u00fablica de disserta\u00e7\u00e3o e tese, respectivamente, com a presen\u00e7a obrigat\u00f3ria da banca examinadora.<\/p>\n\n\n\n<p><\/p>\n\n\n\n<h3 class=\"wp-block-heading\"><strong>Solicita\u00e7\u00f5es Acad\u00eamicas<\/strong><\/h3>\n\n\n\n<p>Os seguintes pedidos devem ser encaminhados pelo&nbsp;<a href=\"https:\/\/sistemas.uel.br\/portaldepos\/index\"><strong>Portal do Estudante<\/strong>:<\/a><\/p>\n\n\n\n<ul class=\"wp-block-list\">\n<li>Inclus\u00e3o e exclus\u00e3o de matr\u00edcula em disciplinas;<\/li>\n\n\n\n<li>Solicita\u00e7\u00e3o de matr\u00edcula e rematr\u00edcula;<\/li>\n\n\n\n<li>Pedidos de equival\u00eancia e convalida\u00e7\u00e3o de cr\u00e9ditos;<\/li>\n\n\n\n<li>Solicita\u00e7\u00e3o de prorroga\u00e7\u00e3o de prazos;<\/li>\n\n\n\n<li>Justificativa de faltas;<\/li>\n\n\n\n<li>Licen\u00e7a-maternidade;<\/li>\n\n\n\n<li>Pedidos fora de prazo;<\/li>\n\n\n\n<li>Trancamento de matr\u00edcula;<\/li>\n\n\n\n<li>Recursos.<\/li>\n<\/ul>\n\n\n\n<p><\/p>\n\n\n\n<p><\/p>\n\n\n\n<h3 class=\"wp-block-heading\"><strong>Indica\u00e7\u00e3o de Banca Examinadora<\/strong><\/h3>\n\n\n\n<p><\/p>\n\n\n\n<h4 class=\"wp-block-heading\">Banca de <strong>Qualifica\u00e7\u00e3o (Disserta\u00e7\u00e3o ou Tese)<\/strong><\/h4>\n\n\n\n<p>O estudante deve encaminhar os exemplares \u00e0 Banca Examinadora com pelo menos&nbsp;<strong>30 dias de anteced\u00eancia<\/strong>. O documento de indica\u00e7\u00e3o da banca tamb\u00e9m deve ser enviado \u00e0 Secretaria de P\u00f3s-Gradua\u00e7\u00e3o do CTU dentro do mesmo prazo, garantindo tempo h\u00e1bil para os procedimentos administrativos. Al\u00e9m disso, os docentes indicados devem confirmar previamente sua participa\u00e7\u00e3o e estar com o&nbsp;<strong>Cadastro de Participante em Banca Examinadora<\/strong> devidamente regularizado junto \u00e0 PROPPG.<\/p>\n\n\n\n<p>A indica\u00e7\u00e3o deve ser realizada por meio de&nbsp;<strong>Formul\u00e1rio Espec\u00edfico<\/strong>:<\/p>\n\n\n\n<ul class=\"wp-block-list\">\n<li><a href=\"https:\/\/pos.uel.br\/ppgeciv\/wp-content\/uploads\/2025\/02\/BANCA-QUALIFICACAO-MESTRADO.docx\" data-type=\"attachment\" data-id=\"1334\"><strong>Formul\u00e1rio para Indica\u00e7\u00e3o de Banca para Qualifica\u00e7\u00e3o da Disserta\u00e7\u00e3o de Mestrado<\/strong><\/a><\/li>\n\n\n\n<li><a href=\"https:\/\/pos.uel.br\/ppgeciv\/wp-content\/uploads\/2025\/02\/BANCA-QUALIFICACAO-DOUTORADO.docx\" data-type=\"attachment\" data-id=\"1335\"><strong>Formul\u00e1rio para Indica\u00e7\u00e3o de Banca para Qualifica\u00e7\u00e3o da Tese de Doutorado<\/strong><\/a><\/li>\n<\/ul>\n\n\n\n<p><\/p>\n\n\n\n<h4 class=\"wp-block-heading\">Banca de <strong>Defesa de Disserta\u00e7\u00e3o ou Tese<\/strong><\/h4>\n\n\n\n<p>O estudante deve enviar os exemplares para defesa \u00e0 Banca Examinadora com&nbsp;<strong>30 dias de anteced\u00eancia<\/strong>. O documento de indica\u00e7\u00e3o da banca deve ser enviado \u00e0 Secretaria de P\u00f3s-Gradua\u00e7\u00e3o do CTU dentro do mesmo prazo, para viabilizar os tr\u00e2mites administrativos. Assim como na qualifica\u00e7\u00e3o, os docentes indicados devem confirmar sua participa\u00e7\u00e3o e possuir o&nbsp;<strong>Cadastro de Participante em Banca Examinadora<\/strong>&nbsp;regularizado junto \u00e0 PROPPG.<\/p>\n\n\n\n<p>A indica\u00e7\u00e3o deve ser realizada por meio do&nbsp;<strong>Formul\u00e1rio Espec\u00edfico<\/strong>:<\/p>\n\n\n\n<ul class=\"wp-block-list\">\n<li><a href=\"https:\/\/pos.uel.br\/ppgeciv\/wp-content\/uploads\/2025\/02\/BANCA-DEFESA-MESTRADO.docx\" data-type=\"attachment\" data-id=\"1336\"><strong>Formul\u00e1rio para Indica\u00e7\u00e3o de Banca para Defesa da Disserta\u00e7\u00e3o de Mestrado<\/strong><\/a><\/li>\n\n\n\n<li><a href=\"https:\/\/pos.uel.br\/ppgeciv\/wp-content\/uploads\/2025\/02\/BANCA-DEFESA-DOUTORADO.docx\" data-type=\"attachment\" data-id=\"1337\"><strong>Formul\u00e1rio para Indica\u00e7\u00e3o de Banca para Defesa da Tese de Doutorado<\/strong><\/a><\/li>\n<\/ul>\n\n\n\n<p><\/p>\n\n\n\n<p><\/p>\n","protected":false},"excerpt":{"rendered":"<p>Para obten\u00e7\u00e3o do grau de&nbsp;Mestre&nbsp;\u00e9 necess\u00e1rio o cumprimento dos seguintes requisitos: Para obten\u00e7\u00e3o do grau de&nbsp;Doutor&nbsp;\u00e9 necess\u00e1rio o cumprimento dos seguintes requisitos: A conclus\u00e3o do&nbsp;Mestrado&nbsp;ou do&nbsp;Doutorado&nbsp;ser\u00e1 formalizada atrav\u00e9s de defesa p\u00fablica de disserta\u00e7\u00e3o e tese, respectivamente, com a presen\u00e7a obrigat\u00f3ria da banca examinadora. Solicita\u00e7\u00f5es Acad\u00eamicas Os seguintes pedidos devem ser encaminhados pelo&nbsp;Portal do Estudante: Indica\u00e7\u00e3o [&hellip;]<\/p>\n","protected":false},"author":7,"featured_media":0,"parent":0,"menu_order":0,"comment_status":"closed","ping_status":"closed","template":"","meta":{"_acf_changed":false,"footnotes":""},"class_list":["post-1274","page","type-page","status-publish","hentry"],"acf":[],"_links":{"self":[{"href":"https:\/\/pos.uel.br\/ppgeciv\/wp-json\/wp\/v2\/pages\/1274","targetHints":{"allow":["GET"]}}],"collection":[{"href":"https:\/\/pos.uel.br\/ppgeciv\/wp-json\/wp\/v2\/pages"}],"about":[{"href":"https:\/\/pos.uel.br\/ppgeciv\/wp-json\/wp\/v2\/types\/page"}],"author":[{"embeddable":true,"href":"https:\/\/pos.uel.br\/ppgeciv\/wp-json\/wp\/v2\/users\/7"}],"replies":[{"embeddable":true,"href":"https:\/\/pos.uel.br\/ppgeciv\/wp-json\/wp\/v2\/comments?post=1274"}],"version-history":[{"count":7,"href":"https:\/\/pos.uel.br\/ppgeciv\/wp-json\/wp\/v2\/pages\/1274\/revisions"}],"predecessor-version":[{"id":2097,"href":"https:\/\/pos.uel.br\/ppgeciv\/wp-json\/wp\/v2\/pages\/1274\/revisions\/2097"}],"wp:attachment":[{"href":"https:\/\/pos.uel.br\/ppgeciv\/wp-json\/wp\/v2\/media?parent=1274"}],"curies":[{"name":"wp","href":"https:\/\/api.w.org\/{rel}","templated":true}]}}